{"id":38450,"date":"2025-12-15T08:34:32","date_gmt":"2025-12-15T08:34:32","guid":{"rendered":"https:\/\/collectin.eu\/?post_type=product&#038;p=38450"},"modified":"2026-04-08T10:28:47","modified_gmt":"2026-04-08T10:28:47","slug":"journey-together-booster","status":"publish","type":"product","link":"https:\/\/collectin.eu\/en\/product\/journey-together-booster\/","title":{"rendered":"Journey Together Booster"},"content":{"rendered":"<p>Kiekviename \u201eJourney Together\u201c booster pakelyje rasite atsitiktinai parinkt\u0173 korteli\u0173, tarp kuri\u0173 gali pasitaikyti retos, ypa\u010d retos ar kolekcin\u0117s vert\u0117s kortos, \u012fskaitant galingus \u201ePok\u00e9mon ex\u201c bei i\u0161skirtini\u0173 iliustracij\u0173 kortas. Vizualinis stilius pasi\u017eymi \u0161iltesn\u0117mis spalvomis, emocingomis scenomis ir pasakojimo jausmu, kuris perteikia \u201ePok\u00e9mon\u201c kelion\u0117s dvasi\u0105 ir nuotyki\u0173 atmosfer\u0105. \u201eJourney Together\u201c Booster puikiai tinka tiek pradedantiesiems, norintiems prad\u0117ti ar papildyti savo \u201ePok\u00e9mon TCG\u201c kolekcij\u0105, tiek patyrusiems \u017eaid\u0117jams, ie\u0161kantiems nauj\u0173 kort\u0173 derini\u0173 ir strategini\u0173 galimybi\u0173. Tai taip pat puikus pasirinkimas dovanai, suteikiantis atidarymo d\u017eiaugsm\u0105, netik\u0117tumo jausm\u0105 ir galimyb\u0119 dar labiau pasinerti \u012f \u201ePok\u00e9mon\u201c pasaul\u012f.<\/p>","protected":false},"excerpt":{"rendered":"<p>Kiekviename \u201eJourney Together\u201c booster pakelyje rasite atsitiktinai parinkt\u0173 korteli\u0173, tarp kuri\u0173 gali pasitaikyti retos, ypa\u010d retos ar kolekcin\u0117s vert\u0117s kortos,<\/p>","protected":false},"featured_media":38454,"comment_status":"open","ping_status":"closed","template":"","meta":[],"product_brand":[430],"product_cat":[679,407,500],"product_tag":[],"class_list":{"0":"post-38450","1":"product","2":"type-product","3":"status-publish","4":"has-post-thumbnail","6":"product_brand-pokemon","7":"product_cat-kolekcines-korteles","8":"product_cat-pokemon","9":"product_cat-pokemon-boosters","11":"first","12":"instock","13":"taxable","14":"shipping-taxable","15":"purchasable","16":"product-type-simple"},"yoast_head":"<!-- This site is optimized with the Yoast SEO plugin v25.9 - https:\/\/yoast.com\/wordpress\/plugins\/seo\/ -->\n<title>Journey Together Booster - Collectin.eu<\/title>\n<meta name=\"description\" content=\"\u201eJourney Together\u201c Booster \u2013 tai \u201ePok\u00e9mon Trading Card Game\u201c papildymo pakuot\u0117, akcentuojanti draugyst\u0119, bendradarbiavim\u0105 ir stipr\u0173 ry\u0161\u012f tarp \u201ePok\u00e9mon\u201c ir treneri\u0173.\" \/>\n<meta name=\"robots\" content=\"index, follow, max-snippet:-1, max-image-preview:large, max-video-preview:-1\" \/>\n<link rel=\"canonical\" href=\"https:\/\/collectin.eu\/en\/product\/journey-together-booster\/\" \/>\n<meta property=\"og:locale\" content=\"en_US\" \/>\n<meta property=\"og:type\" content=\"article\" \/>\n<meta property=\"og:title\" content=\"Journey Together Booster - Collectin.eu\" \/>\n<meta property=\"og:description\" content=\"\u201eJourney Together\u201c Booster \u2013 tai \u201ePok\u00e9mon Trading Card Game\u201c papildymo pakuot\u0117, akcentuojanti draugyst\u0119, bendradarbiavim\u0105 ir stipr\u0173 ry\u0161\u012f tarp \u201ePok\u00e9mon\u201c ir treneri\u0173.\" \/>\n<meta property=\"og:url\" content=\"https:\/\/collectin.eu\/en\/product\/journey-together-booster\/\" \/>\n<meta property=\"og:site_name\" content=\"Collectin.eu\" \/>\n<meta property=\"article:modified_time\" content=\"2026-04-08T10:28:47+00:00\" \/>\n<meta property=\"og:image\" content=\"http:\/\/collectin.eu\/wp-content\/uploads\/2025\/12\/Untitled-design-2-2.png\" \/>\n\t<meta property=\"og:image:width\" content=\"1080\" \/>\n\t<meta property=\"og:image:height\" content=\"1080\" \/>\n\t<meta property=\"og:image:type\" content=\"image\/png\" \/>\n<meta name=\"twitter:card\" content=\"summary_large_image\" \/>\n<meta name=\"twitter:label1\" content=\"Est. reading time\" \/>\n\t<meta name=\"twitter:data1\" content=\"1 minute\" \/>\n<script type=\"application\/ld+json\" class=\"yoast-schema-graph\">{\"@context\":\"https:\/\/schema.org\",\"@graph\":[{\"@type\":\"WebPage\",\"@id\":\"https:\/\/collectin.eu\/produktas\/journey-together-booster\/\",\"url\":\"https:\/\/collectin.eu\/produktas\/journey-together-booster\/\",\"name\":\"Journey Together Booster - Collectin.eu\",\"isPartOf\":{\"@id\":\"https:\/\/collectin.eu\/#website\"},\"primaryImageOfPage\":{\"@id\":\"https:\/\/collectin.eu\/produktas\/journey-together-booster\/#primaryimage\"},\"image\":{\"@id\":\"https:\/\/collectin.eu\/produktas\/journey-together-booster\/#primaryimage\"},\"thumbnailUrl\":\"https:\/\/collectin.eu\/wp-content\/uploads\/2025\/12\/Untitled-design-2-2.png\",\"datePublished\":\"2025-12-15T08:34:32+00:00\",\"dateModified\":\"2026-04-08T10:28:47+00:00\",\"description\":\"\u201eJourney Together\u201c Booster \u2013 tai \u201ePok\u00e9mon Trading Card Game\u201c papildymo pakuot\u0117, akcentuojanti draugyst\u0119, bendradarbiavim\u0105 ir stipr\u0173 ry\u0161\u012f tarp \u201ePok\u00e9mon\u201c ir treneri\u0173.\",\"breadcrumb\":{\"@id\":\"https:\/\/collectin.eu\/produktas\/journey-together-booster\/#breadcrumb\"},\"inLanguage\":\"en-US\",\"potentialAction\":[{\"@type\":\"ReadAction\",\"target\":[\"https:\/\/collectin.eu\/produktas\/journey-together-booster\/\"]}]},{\"@type\":\"ImageObject\",\"inLanguage\":\"en-US\",\"@id\":\"https:\/\/collectin.eu\/produktas\/journey-together-booster\/#primaryimage\",\"url\":\"https:\/\/collectin.eu\/wp-content\/uploads\/2025\/12\/Untitled-design-2-2.png\",\"contentUrl\":\"https:\/\/collectin.eu\/wp-content\/uploads\/2025\/12\/Untitled-design-2-2.png\",\"width\":1080,\"height\":1080},{\"@type\":\"BreadcrumbList\",\"@id\":\"https:\/\/collectin.eu\/produktas\/journey-together-booster\/#breadcrumb\",\"itemListElement\":[{\"@type\":\"ListItem\",\"position\":1,\"name\":\"Home\",\"item\":\"https:\/\/collectin.eu\/\"},{\"@type\":\"ListItem\",\"position\":2,\"name\":\"Parduotuv\u0117\",\"item\":\"https:\/\/collectin.eu\/parduotuve\/\"},{\"@type\":\"ListItem\",\"position\":3,\"name\":\"Journey Together Booster\"}]},{\"@type\":\"WebSite\",\"@id\":\"https:\/\/collectin.eu\/#website\",\"url\":\"https:\/\/collectin.eu\/\",\"name\":\"Collectin.eu\",\"description\":\"\",\"potentialAction\":[{\"@type\":\"SearchAction\",\"target\":{\"@type\":\"EntryPoint\",\"urlTemplate\":\"https:\/\/collectin.eu\/?s={search_term_string}\"},\"query-input\":{\"@type\":\"PropertyValueSpecification\",\"valueRequired\":true,\"valueName\":\"search_term_string\"}}],\"inLanguage\":\"en-US\"}]}<\/script>\n<!-- \/ Yoast SEO plugin. -->","yoast_head_json":{"title":"Journey Together Booster - Collectin.eu","description":"\u201eJourney Together\u201c Booster \u2013 tai \u201ePok\u00e9mon Trading Card Game\u201c papildymo pakuot\u0117, akcentuojanti draugyst\u0119, bendradarbiavim\u0105 ir stipr\u0173 ry\u0161\u012f tarp \u201ePok\u00e9mon\u201c ir treneri\u0173.","robots":{"index":"index","follow":"follow","max-snippet":"max-snippet:-1","max-image-preview":"max-image-preview:large","max-video-preview":"max-video-preview:-1"},"canonical":"https:\/\/collectin.eu\/en\/product\/journey-together-booster\/","og_locale":"en_US","og_type":"article","og_title":"Journey Together Booster - Collectin.eu","og_description":"\u201eJourney Together\u201c Booster \u2013 tai \u201ePok\u00e9mon Trading Card Game\u201c papildymo pakuot\u0117, akcentuojanti draugyst\u0119, bendradarbiavim\u0105 ir stipr\u0173 ry\u0161\u012f tarp \u201ePok\u00e9mon\u201c ir treneri\u0173.","og_url":"https:\/\/collectin.eu\/en\/product\/journey-together-booster\/","og_site_name":"Collectin.eu","article_modified_time":"2026-04-08T10:28:47+00:00","og_image":[{"width":1080,"height":1080,"url":"http:\/\/collectin.eu\/wp-content\/uploads\/2025\/12\/Untitled-design-2-2.png","type":"image\/png"}],"twitter_card":"summary_large_image","twitter_misc":{"Est. reading time":"1 minute"},"schema":{"@context":"https:\/\/schema.org","@graph":[{"@type":"WebPage","@id":"https:\/\/collectin.eu\/produktas\/journey-together-booster\/","url":"https:\/\/collectin.eu\/produktas\/journey-together-booster\/","name":"Journey Together Booster - Collectin.eu","isPartOf":{"@id":"https:\/\/collectin.eu\/#website"},"primaryImageOfPage":{"@id":"https:\/\/collectin.eu\/produktas\/journey-together-booster\/#primaryimage"},"image":{"@id":"https:\/\/collectin.eu\/produktas\/journey-together-booster\/#primaryimage"},"thumbnailUrl":"https:\/\/collectin.eu\/wp-content\/uploads\/2025\/12\/Untitled-design-2-2.png","datePublished":"2025-12-15T08:34:32+00:00","dateModified":"2026-04-08T10:28:47+00:00","description":"\u201eJourney Together\u201c Booster \u2013 tai \u201ePok\u00e9mon Trading Card Game\u201c papildymo pakuot\u0117, akcentuojanti draugyst\u0119, bendradarbiavim\u0105 ir stipr\u0173 ry\u0161\u012f tarp \u201ePok\u00e9mon\u201c ir treneri\u0173.","breadcrumb":{"@id":"https:\/\/collectin.eu\/produktas\/journey-together-booster\/#breadcrumb"},"inLanguage":"en-US","potentialAction":[{"@type":"ReadAction","target":["https:\/\/collectin.eu\/produktas\/journey-together-booster\/"]}]},{"@type":"ImageObject","inLanguage":"en-US","@id":"https:\/\/collectin.eu\/produktas\/journey-together-booster\/#primaryimage","url":"https:\/\/collectin.eu\/wp-content\/uploads\/2025\/12\/Untitled-design-2-2.png","contentUrl":"https:\/\/collectin.eu\/wp-content\/uploads\/2025\/12\/Untitled-design-2-2.png","width":1080,"height":1080},{"@type":"BreadcrumbList","@id":"https:\/\/collectin.eu\/produktas\/journey-together-booster\/#breadcrumb","itemListElement":[{"@type":"ListItem","position":1,"name":"Home","item":"https:\/\/collectin.eu\/"},{"@type":"ListItem","position":2,"name":"Parduotuv\u0117","item":"https:\/\/collectin.eu\/parduotuve\/"},{"@type":"ListItem","position":3,"name":"Journey Together Booster"}]},{"@type":"WebSite","@id":"https:\/\/collectin.eu\/#website","url":"https:\/\/collectin.eu\/","name":"Collectin.eu","description":"","potentialAction":[{"@type":"SearchAction","target":{"@type":"EntryPoint","urlTemplate":"https:\/\/collectin.eu\/?s={search_term_string}"},"query-input":{"@type":"PropertyValueSpecification","valueRequired":true,"valueName":"search_term_string"}}],"inLanguage":"en-US"}]}},"jetpack_sharing_enabled":true,"_links":{"self":[{"href":"https:\/\/collectin.eu\/en\/wp-json\/wp\/v2\/product\/38450","targetHints":{"allow":["GET"]}}],"collection":[{"href":"https:\/\/collectin.eu\/en\/wp-json\/wp\/v2\/product"}],"about":[{"href":"https:\/\/collectin.eu\/en\/wp-json\/wp\/v2\/types\/product"}],"replies":[{"embeddable":true,"href":"https:\/\/collectin.eu\/en\/wp-json\/wp\/v2\/comments?post=38450"}],"version-history":[{"count":3,"href":"https:\/\/collectin.eu\/en\/wp-json\/wp\/v2\/product\/38450\/revisions"}],"predecessor-version":[{"id":40254,"href":"https:\/\/collectin.eu\/en\/wp-json\/wp\/v2\/product\/38450\/revisions\/40254"}],"wp:featuredmedia":[{"embeddable":true,"href":"https:\/\/collectin.eu\/en\/wp-json\/wp\/v2\/media\/38454"}],"wp:attachment":[{"href":"https:\/\/collectin.eu\/en\/wp-json\/wp\/v2\/media?parent=38450"}],"wp:term":[{"taxonomy":"product_brand","embeddable":true,"href":"https:\/\/collectin.eu\/en\/wp-json\/wp\/v2\/product_brand?post=38450"},{"taxonomy":"product_cat","embeddable":true,"href":"https:\/\/collectin.eu\/en\/wp-json\/wp\/v2\/product_cat?post=38450"},{"taxonomy":"product_tag","embeddable":true,"href":"https:\/\/collectin.eu\/en\/wp-json\/wp\/v2\/product_tag?post=38450"}],"curies":[{"name":"wp","href":"https:\/\/api.w.org\/{rel}","templated":true}]}}