{"id":38455,"date":"2025-12-15T08:40:29","date_gmt":"2025-12-15T08:40:29","guid":{"rendered":"https:\/\/collectin.eu\/?post_type=product&#038;p=38455"},"modified":"2026-04-08T10:28:47","modified_gmt":"2026-04-08T10:28:47","slug":"destined-rivals-booster","status":"publish","type":"product","link":"https:\/\/collectin.eu\/en\/product\/destined-rivals-booster\/","title":{"rendered":"Destined Rivals Booster"},"content":{"rendered":"<p>Kiekviename \u201eDestined Rivals\u201c booster pakelyje yra atsitiktinai parinkt\u0173 korteli\u0173, tarp kuri\u0173 gali b\u016bti retos ir itin retos kortos, tokios kaip galingi \u201ePok\u00e9mon ex\u201c, speciali\u0173 iliustracij\u0173 ar kolekcin\u0117s vert\u0117s kortos. \u0160ios kortos leid\u017eia kurti stiprias kalades, paremtas puolimu, kontrol\u0117s elementais ir netik\u0117tais sprendimais, galin\u010diais pakeisti m\u016b\u0161io eig\u0105. Vizualinis \u201eDestined Rivals\u201c stilius pasi\u017eymi dramati\u0161komis iliustracijomis, kontrastingomis spalvomis ir \u012ftempt\u0105 kovos atmosfer\u0105 perteikian\u010diais vaizdais, kurie pabr\u0117\u017eia var\u017eov\u0173 tarpusavio konflikt\u0105. \u0160is booster yra puikus pasirinkimas tiek patyrusiems \u017eaid\u0117jams, ie\u0161kantiems nauj\u0173 strategini\u0173 galimybi\u0173, tiek kolekcininkams, vertinantiems teminius leidimus ir \u012fsp\u016bding\u0105 kort\u0173 dizain\u0105. Tai taip pat puiki dovana \u201ePok\u00e9mon TCG\u201c gerb\u0117jams, m\u0117gstantiems intensyvias kovas ir kort\u0173 atidarymo azart\u0105.<\/p>","protected":false},"excerpt":{"rendered":"<p>Kiekviename \u201eDestined Rivals\u201c booster pakelyje yra atsitiktinai parinkt\u0173 korteli\u0173, tarp kuri\u0173 gali b\u016bti retos ir itin retos kortos, tokios kaip<\/p>","protected":false},"featured_media":38456,"comment_status":"open","ping_status":"closed","template":"","meta":[],"product_brand":[430],"product_cat":[679,407,500],"product_tag":[],"class_list":{"0":"post-38455","1":"product","2":"type-product","3":"status-publish","4":"has-post-thumbnail","6":"product_brand-pokemon","7":"product_cat-kolekcines-korteles","8":"product_cat-pokemon","9":"product_cat-pokemon-boosters","11":"first","12":"instock","13":"taxable","14":"shipping-taxable","15":"purchasable","16":"product-type-simple"},"yoast_head":"<!-- This site is optimized with the Yoast SEO plugin v25.9 - https:\/\/yoast.com\/wordpress\/plugins\/seo\/ -->\n<title>Destined Rivals Booster - Collectin.eu<\/title>\n<meta name=\"description\" content=\"\u201eDestined Rivals\u201c Booster \u2013 tai \u201ePok\u00e9mon Trading Card Game\u201c papildymo pakuot\u0117, sutelkta \u012f legendines prie\u0161prie\u0161as, likimo nulemtas kovas ir stipri\u0105 konkurencij\u0105 tarp galing\u0173 \u201ePok\u00e9mon\u201c bei j\u0173 treneri\u0173.\" \/>\n<meta name=\"robots\" content=\"index, follow, max-snippet:-1, max-image-preview:large, max-video-preview:-1\" \/>\n<link rel=\"canonical\" href=\"https:\/\/collectin.eu\/en\/product\/destined-rivals-booster\/\" \/>\n<meta property=\"og:locale\" content=\"en_US\" \/>\n<meta property=\"og:type\" content=\"article\" \/>\n<meta property=\"og:title\" content=\"Destined Rivals Booster - Collectin.eu\" \/>\n<meta property=\"og:description\" content=\"\u201eDestined Rivals\u201c Booster \u2013 tai \u201ePok\u00e9mon Trading Card Game\u201c papildymo pakuot\u0117, sutelkta \u012f legendines prie\u0161prie\u0161as, likimo nulemtas kovas ir stipri\u0105 konkurencij\u0105 tarp galing\u0173 \u201ePok\u00e9mon\u201c bei j\u0173 treneri\u0173.\" \/>\n<meta property=\"og:url\" content=\"https:\/\/collectin.eu\/en\/product\/destined-rivals-booster\/\" \/>\n<meta property=\"og:site_name\" content=\"Collectin.eu\" \/>\n<meta property=\"article:modified_time\" content=\"2026-04-08T10:28:47+00:00\" \/>\n<meta property=\"og:image\" content=\"http:\/\/collectin.eu\/wp-content\/uploads\/2025\/12\/Untitled-design-3-2.png\" \/>\n\t<meta property=\"og:image:width\" content=\"1080\" \/>\n\t<meta property=\"og:image:height\" content=\"1080\" \/>\n\t<meta property=\"og:image:type\" content=\"image\/png\" \/>\n<meta name=\"twitter:card\" content=\"summary_large_image\" \/>\n<meta name=\"twitter:label1\" content=\"Est. reading time\" \/>\n\t<meta name=\"twitter:data1\" content=\"1 minute\" \/>\n<script type=\"application\/ld+json\" class=\"yoast-schema-graph\">{\"@context\":\"https:\/\/schema.org\",\"@graph\":[{\"@type\":\"WebPage\",\"@id\":\"https:\/\/collectin.eu\/produktas\/destined-rivals-booster\/\",\"url\":\"https:\/\/collectin.eu\/produktas\/destined-rivals-booster\/\",\"name\":\"Destined Rivals Booster - Collectin.eu\",\"isPartOf\":{\"@id\":\"https:\/\/collectin.eu\/#website\"},\"primaryImageOfPage\":{\"@id\":\"https:\/\/collectin.eu\/produktas\/destined-rivals-booster\/#primaryimage\"},\"image\":{\"@id\":\"https:\/\/collectin.eu\/produktas\/destined-rivals-booster\/#primaryimage\"},\"thumbnailUrl\":\"https:\/\/collectin.eu\/wp-content\/uploads\/2025\/12\/Untitled-design-3-2.png\",\"datePublished\":\"2025-12-15T08:40:29+00:00\",\"dateModified\":\"2026-04-08T10:28:47+00:00\",\"description\":\"\u201eDestined Rivals\u201c Booster \u2013 tai \u201ePok\u00e9mon Trading Card Game\u201c papildymo pakuot\u0117, sutelkta \u012f legendines prie\u0161prie\u0161as, likimo nulemtas kovas ir stipri\u0105 konkurencij\u0105 tarp galing\u0173 \u201ePok\u00e9mon\u201c bei j\u0173 treneri\u0173.\",\"breadcrumb\":{\"@id\":\"https:\/\/collectin.eu\/produktas\/destined-rivals-booster\/#breadcrumb\"},\"inLanguage\":\"en-US\",\"potentialAction\":[{\"@type\":\"ReadAction\",\"target\":[\"https:\/\/collectin.eu\/produktas\/destined-rivals-booster\/\"]}]},{\"@type\":\"ImageObject\",\"inLanguage\":\"en-US\",\"@id\":\"https:\/\/collectin.eu\/produktas\/destined-rivals-booster\/#primaryimage\",\"url\":\"https:\/\/collectin.eu\/wp-content\/uploads\/2025\/12\/Untitled-design-3-2.png\",\"contentUrl\":\"https:\/\/collectin.eu\/wp-content\/uploads\/2025\/12\/Untitled-design-3-2.png\",\"width\":1080,\"height\":1080},{\"@type\":\"BreadcrumbList\",\"@id\":\"https:\/\/collectin.eu\/produktas\/destined-rivals-booster\/#breadcrumb\",\"itemListElement\":[{\"@type\":\"ListItem\",\"position\":1,\"name\":\"Home\",\"item\":\"https:\/\/collectin.eu\/\"},{\"@type\":\"ListItem\",\"position\":2,\"name\":\"Parduotuv\u0117\",\"item\":\"https:\/\/collectin.eu\/parduotuve\/\"},{\"@type\":\"ListItem\",\"position\":3,\"name\":\"Destined Rivals Booster\"}]},{\"@type\":\"WebSite\",\"@id\":\"https:\/\/collectin.eu\/#website\",\"url\":\"https:\/\/collectin.eu\/\",\"name\":\"Collectin.eu\",\"description\":\"\",\"potentialAction\":[{\"@type\":\"SearchAction\",\"target\":{\"@type\":\"EntryPoint\",\"urlTemplate\":\"https:\/\/collectin.eu\/?s={search_term_string}\"},\"query-input\":{\"@type\":\"PropertyValueSpecification\",\"valueRequired\":true,\"valueName\":\"search_term_string\"}}],\"inLanguage\":\"en-US\"}]}<\/script>\n<!-- \/ Yoast SEO plugin. -->","yoast_head_json":{"title":"Destined Rivals Booster - Collectin.eu","description":"\u201eDestined Rivals\u201c Booster \u2013 tai \u201ePok\u00e9mon Trading Card Game\u201c papildymo pakuot\u0117, sutelkta \u012f legendines prie\u0161prie\u0161as, likimo nulemtas kovas ir stipri\u0105 konkurencij\u0105 tarp galing\u0173 \u201ePok\u00e9mon\u201c bei j\u0173 treneri\u0173.","robots":{"index":"index","follow":"follow","max-snippet":"max-snippet:-1","max-image-preview":"max-image-preview:large","max-video-preview":"max-video-preview:-1"},"canonical":"https:\/\/collectin.eu\/en\/product\/destined-rivals-booster\/","og_locale":"en_US","og_type":"article","og_title":"Destined Rivals Booster - Collectin.eu","og_description":"\u201eDestined Rivals\u201c Booster \u2013 tai \u201ePok\u00e9mon Trading Card Game\u201c papildymo pakuot\u0117, sutelkta \u012f legendines prie\u0161prie\u0161as, likimo nulemtas kovas ir stipri\u0105 konkurencij\u0105 tarp galing\u0173 \u201ePok\u00e9mon\u201c bei j\u0173 treneri\u0173.","og_url":"https:\/\/collectin.eu\/en\/product\/destined-rivals-booster\/","og_site_name":"Collectin.eu","article_modified_time":"2026-04-08T10:28:47+00:00","og_image":[{"width":1080,"height":1080,"url":"http:\/\/collectin.eu\/wp-content\/uploads\/2025\/12\/Untitled-design-3-2.png","type":"image\/png"}],"twitter_card":"summary_large_image","twitter_misc":{"Est. reading time":"1 minute"},"schema":{"@context":"https:\/\/schema.org","@graph":[{"@type":"WebPage","@id":"https:\/\/collectin.eu\/produktas\/destined-rivals-booster\/","url":"https:\/\/collectin.eu\/produktas\/destined-rivals-booster\/","name":"Destined Rivals Booster - Collectin.eu","isPartOf":{"@id":"https:\/\/collectin.eu\/#website"},"primaryImageOfPage":{"@id":"https:\/\/collectin.eu\/produktas\/destined-rivals-booster\/#primaryimage"},"image":{"@id":"https:\/\/collectin.eu\/produktas\/destined-rivals-booster\/#primaryimage"},"thumbnailUrl":"https:\/\/collectin.eu\/wp-content\/uploads\/2025\/12\/Untitled-design-3-2.png","datePublished":"2025-12-15T08:40:29+00:00","dateModified":"2026-04-08T10:28:47+00:00","description":"\u201eDestined Rivals\u201c Booster \u2013 tai \u201ePok\u00e9mon Trading Card Game\u201c papildymo pakuot\u0117, sutelkta \u012f legendines prie\u0161prie\u0161as, likimo nulemtas kovas ir stipri\u0105 konkurencij\u0105 tarp galing\u0173 \u201ePok\u00e9mon\u201c bei j\u0173 treneri\u0173.","breadcrumb":{"@id":"https:\/\/collectin.eu\/produktas\/destined-rivals-booster\/#breadcrumb"},"inLanguage":"en-US","potentialAction":[{"@type":"ReadAction","target":["https:\/\/collectin.eu\/produktas\/destined-rivals-booster\/"]}]},{"@type":"ImageObject","inLanguage":"en-US","@id":"https:\/\/collectin.eu\/produktas\/destined-rivals-booster\/#primaryimage","url":"https:\/\/collectin.eu\/wp-content\/uploads\/2025\/12\/Untitled-design-3-2.png","contentUrl":"https:\/\/collectin.eu\/wp-content\/uploads\/2025\/12\/Untitled-design-3-2.png","width":1080,"height":1080},{"@type":"BreadcrumbList","@id":"https:\/\/collectin.eu\/produktas\/destined-rivals-booster\/#breadcrumb","itemListElement":[{"@type":"ListItem","position":1,"name":"Home","item":"https:\/\/collectin.eu\/"},{"@type":"ListItem","position":2,"name":"Parduotuv\u0117","item":"https:\/\/collectin.eu\/parduotuve\/"},{"@type":"ListItem","position":3,"name":"Destined Rivals Booster"}]},{"@type":"WebSite","@id":"https:\/\/collectin.eu\/#website","url":"https:\/\/collectin.eu\/","name":"Collectin.eu","description":"","potentialAction":[{"@type":"SearchAction","target":{"@type":"EntryPoint","urlTemplate":"https:\/\/collectin.eu\/?s={search_term_string}"},"query-input":{"@type":"PropertyValueSpecification","valueRequired":true,"valueName":"search_term_string"}}],"inLanguage":"en-US"}]}},"jetpack_sharing_enabled":true,"_links":{"self":[{"href":"https:\/\/collectin.eu\/en\/wp-json\/wp\/v2\/product\/38455","targetHints":{"allow":["GET"]}}],"collection":[{"href":"https:\/\/collectin.eu\/en\/wp-json\/wp\/v2\/product"}],"about":[{"href":"https:\/\/collectin.eu\/en\/wp-json\/wp\/v2\/types\/product"}],"replies":[{"embeddable":true,"href":"https:\/\/collectin.eu\/en\/wp-json\/wp\/v2\/comments?post=38455"}],"version-history":[{"count":2,"href":"https:\/\/collectin.eu\/en\/wp-json\/wp\/v2\/product\/38455\/revisions"}],"predecessor-version":[{"id":40255,"href":"https:\/\/collectin.eu\/en\/wp-json\/wp\/v2\/product\/38455\/revisions\/40255"}],"wp:featuredmedia":[{"embeddable":true,"href":"https:\/\/collectin.eu\/en\/wp-json\/wp\/v2\/media\/38456"}],"wp:attachment":[{"href":"https:\/\/collectin.eu\/en\/wp-json\/wp\/v2\/media?parent=38455"}],"wp:term":[{"taxonomy":"product_brand","embeddable":true,"href":"https:\/\/collectin.eu\/en\/wp-json\/wp\/v2\/product_brand?post=38455"},{"taxonomy":"product_cat","embeddable":true,"href":"https:\/\/collectin.eu\/en\/wp-json\/wp\/v2\/product_cat?post=38455"},{"taxonomy":"product_tag","embeddable":true,"href":"https:\/\/collectin.eu\/en\/wp-json\/wp\/v2\/product_tag?post=38455"}],"curies":[{"name":"wp","href":"https:\/\/api.w.org\/{rel}","templated":true}]}}