{"id":38459,"date":"2025-12-15T08:44:20","date_gmt":"2025-12-15T08:44:20","guid":{"rendered":"https:\/\/collectin.eu\/?post_type=product&#038;p=38459"},"modified":"2026-04-08T10:28:46","modified_gmt":"2026-04-08T10:28:46","slug":"phantasmal-flames-booster","status":"publish","type":"product","link":"https:\/\/collectin.eu\/en\/product\/phantasmal-flames-booster\/","title":{"rendered":"Phantasmal Flames Booster"},"content":{"rendered":"<p>\u201ePhantasmal Flames\u201c Booster \u2013 tai \u201ePok\u00e9mon Trading Card Game\u201c papildymo pakuot\u0117, pasi\u017eyminti paslaptinga, mistine nuotaika, kurioje susilieja ugnies stichija, fantomin\u0117 energija ir iliuzij\u0173 kupinas pasaulis. \u0160is leidimas orientuotas \u012f galingus, nenusp\u0117jamus \u201ePok\u00e9mon\u201c, kuri\u0173 geb\u0117jimai gali netik\u0117tai pakeisti kovos eig\u0105, tod\u0117l jis ypa\u010d patrauklus \u017eaid\u0117jams, m\u0117gstantiems taktin\u012f gyl\u012f ir netradicinius sprendimus. \u201ePhantasmal Flames\u201c suteikia galimyb\u0119 kurti kalades, paremtas statuso efektais, energijos valdymu ir staigiais puolimo prover\u017eiais. Kiekviename \u201ePhantasmal Flames\u201c booster pakelyje yra atsitiktinai parinktas korteli\u0173 rinkinys, kuriame galima rasti \u012fprastas, ne\u012fprastas ir retas kortas, taip pat itin vertingus \u201ePok\u00e9mon ex\u201c, speciali\u0173 iliustracij\u0173 ar kitas kolekcin\u0117s vert\u0117s kortas. Tai ne tik stiprina \u017eaidimo strategines galimybes, bet ir suteikia azarto kolekcininkams, siekiantiems retesni\u0173 bei vizualiai i\u0161skirtini\u0173 kort\u0173. Vizualinis \u0161io leidimo stilius i\u0161siskiria sodriomis spalvomis, liepsn\u0173 ir \u0161e\u0161\u0117li\u0173 kontrastais bei detaliomis, atmosferi\u0161komis iliustracijomis, kurios perteikia magi\u0161k\u0105 ir \u0161iek tiek tamsesn\u0119 \u201ePok\u00e9mon\u201c pasaulio pus\u0119. Kortos atrodo \u012fsp\u016bdingai tiek \u017eaid\u017eiant, tiek laikant kolekcijoje ar eksponuojant albumuose.<\/p>","protected":false},"excerpt":{"rendered":"<p>\u201ePhantasmal Flames\u201c Booster \u2013 tai \u201ePok\u00e9mon Trading Card Game\u201c papildymo pakuot\u0117, pasi\u017eyminti paslaptinga, mistine nuotaika, kurioje susilieja ugnies stichija, fantomin\u0117<\/p>","protected":false},"featured_media":38460,"comment_status":"open","ping_status":"closed","template":"","meta":[],"product_brand":[430],"product_cat":[679,407,500],"product_tag":[],"class_list":{"0":"post-38459","1":"product","2":"type-product","3":"status-publish","4":"has-post-thumbnail","6":"product_brand-pokemon","7":"product_cat-kolekcines-korteles","8":"product_cat-pokemon","9":"product_cat-pokemon-boosters","11":"first","12":"instock","13":"taxable","14":"shipping-taxable","15":"purchasable","16":"product-type-simple"},"yoast_head":"<!-- This site is optimized with the Yoast SEO plugin v25.9 - https:\/\/yoast.com\/wordpress\/plugins\/seo\/ -->\n<title>Phantasmal Flames Booster - Collectin.eu<\/title>\n<meta name=\"description\" content=\"\u201ePhantasmal Flames\u201c Booster \u2013 tai \u201ePok\u00e9mon Trading Card Game\u201c papildymo pakuot\u0117, kurioje susipina mistika, ugnies galia ir paslaptingos fantomin\u0117s energijos.\" \/>\n<meta name=\"robots\" content=\"index, follow, max-snippet:-1, max-image-preview:large, max-video-preview:-1\" \/>\n<link rel=\"canonical\" href=\"https:\/\/collectin.eu\/en\/product\/phantasmal-flames-booster\/\" \/>\n<meta property=\"og:locale\" content=\"en_US\" \/>\n<meta property=\"og:type\" content=\"article\" \/>\n<meta property=\"og:title\" content=\"Phantasmal Flames Booster - Collectin.eu\" \/>\n<meta property=\"og:description\" content=\"\u201ePhantasmal Flames\u201c Booster \u2013 tai \u201ePok\u00e9mon Trading Card Game\u201c papildymo pakuot\u0117, kurioje susipina mistika, ugnies galia ir paslaptingos fantomin\u0117s energijos.\" \/>\n<meta property=\"og:url\" content=\"https:\/\/collectin.eu\/en\/product\/phantasmal-flames-booster\/\" \/>\n<meta property=\"og:site_name\" content=\"Collectin.eu\" \/>\n<meta property=\"article:modified_time\" content=\"2026-04-08T10:28:46+00:00\" \/>\n<meta property=\"og:image\" content=\"http:\/\/collectin.eu\/wp-content\/uploads\/2025\/12\/Untitled-design-4-2.png\" \/>\n\t<meta property=\"og:image:width\" content=\"1080\" \/>\n\t<meta property=\"og:image:height\" content=\"1080\" \/>\n\t<meta property=\"og:image:type\" content=\"image\/png\" \/>\n<meta name=\"twitter:card\" content=\"summary_large_image\" \/>\n<meta name=\"twitter:label1\" content=\"Est. reading time\" \/>\n\t<meta name=\"twitter:data1\" content=\"2 minutes\" \/>\n<script type=\"application\/ld+json\" class=\"yoast-schema-graph\">{\"@context\":\"https:\/\/schema.org\",\"@graph\":[{\"@type\":\"WebPage\",\"@id\":\"https:\/\/collectin.eu\/produktas\/phantasmal-flames-booster\/\",\"url\":\"https:\/\/collectin.eu\/produktas\/phantasmal-flames-booster\/\",\"name\":\"Phantasmal Flames Booster - Collectin.eu\",\"isPartOf\":{\"@id\":\"https:\/\/collectin.eu\/#website\"},\"primaryImageOfPage\":{\"@id\":\"https:\/\/collectin.eu\/produktas\/phantasmal-flames-booster\/#primaryimage\"},\"image\":{\"@id\":\"https:\/\/collectin.eu\/produktas\/phantasmal-flames-booster\/#primaryimage\"},\"thumbnailUrl\":\"https:\/\/collectin.eu\/wp-content\/uploads\/2025\/12\/Untitled-design-4-2.png\",\"datePublished\":\"2025-12-15T08:44:20+00:00\",\"dateModified\":\"2026-04-08T10:28:46+00:00\",\"description\":\"\u201ePhantasmal Flames\u201c Booster \u2013 tai \u201ePok\u00e9mon Trading Card Game\u201c papildymo pakuot\u0117, kurioje susipina mistika, ugnies galia ir paslaptingos fantomin\u0117s energijos.\",\"breadcrumb\":{\"@id\":\"https:\/\/collectin.eu\/produktas\/phantasmal-flames-booster\/#breadcrumb\"},\"inLanguage\":\"en-US\",\"potentialAction\":[{\"@type\":\"ReadAction\",\"target\":[\"https:\/\/collectin.eu\/produktas\/phantasmal-flames-booster\/\"]}]},{\"@type\":\"ImageObject\",\"inLanguage\":\"en-US\",\"@id\":\"https:\/\/collectin.eu\/produktas\/phantasmal-flames-booster\/#primaryimage\",\"url\":\"https:\/\/collectin.eu\/wp-content\/uploads\/2025\/12\/Untitled-design-4-2.png\",\"contentUrl\":\"https:\/\/collectin.eu\/wp-content\/uploads\/2025\/12\/Untitled-design-4-2.png\",\"width\":1080,\"height\":1080},{\"@type\":\"BreadcrumbList\",\"@id\":\"https:\/\/collectin.eu\/produktas\/phantasmal-flames-booster\/#breadcrumb\",\"itemListElement\":[{\"@type\":\"ListItem\",\"position\":1,\"name\":\"Home\",\"item\":\"https:\/\/collectin.eu\/\"},{\"@type\":\"ListItem\",\"position\":2,\"name\":\"Parduotuv\u0117\",\"item\":\"https:\/\/collectin.eu\/parduotuve\/\"},{\"@type\":\"ListItem\",\"position\":3,\"name\":\"Phantasmal Flames Booster\"}]},{\"@type\":\"WebSite\",\"@id\":\"https:\/\/collectin.eu\/#website\",\"url\":\"https:\/\/collectin.eu\/\",\"name\":\"Collectin.eu\",\"description\":\"\",\"potentialAction\":[{\"@type\":\"SearchAction\",\"target\":{\"@type\":\"EntryPoint\",\"urlTemplate\":\"https:\/\/collectin.eu\/?s={search_term_string}\"},\"query-input\":{\"@type\":\"PropertyValueSpecification\",\"valueRequired\":true,\"valueName\":\"search_term_string\"}}],\"inLanguage\":\"en-US\"}]}<\/script>\n<!-- \/ Yoast SEO plugin. -->","yoast_head_json":{"title":"Phantasmal Flames Booster - Collectin.eu","description":"\u201ePhantasmal Flames\u201c Booster \u2013 tai \u201ePok\u00e9mon Trading Card Game\u201c papildymo pakuot\u0117, kurioje susipina mistika, ugnies galia ir paslaptingos fantomin\u0117s energijos.","robots":{"index":"index","follow":"follow","max-snippet":"max-snippet:-1","max-image-preview":"max-image-preview:large","max-video-preview":"max-video-preview:-1"},"canonical":"https:\/\/collectin.eu\/en\/product\/phantasmal-flames-booster\/","og_locale":"en_US","og_type":"article","og_title":"Phantasmal Flames Booster - Collectin.eu","og_description":"\u201ePhantasmal Flames\u201c Booster \u2013 tai \u201ePok\u00e9mon Trading Card Game\u201c papildymo pakuot\u0117, kurioje susipina mistika, ugnies galia ir paslaptingos fantomin\u0117s energijos.","og_url":"https:\/\/collectin.eu\/en\/product\/phantasmal-flames-booster\/","og_site_name":"Collectin.eu","article_modified_time":"2026-04-08T10:28:46+00:00","og_image":[{"width":1080,"height":1080,"url":"http:\/\/collectin.eu\/wp-content\/uploads\/2025\/12\/Untitled-design-4-2.png","type":"image\/png"}],"twitter_card":"summary_large_image","twitter_misc":{"Est. reading time":"2 minutes"},"schema":{"@context":"https:\/\/schema.org","@graph":[{"@type":"WebPage","@id":"https:\/\/collectin.eu\/produktas\/phantasmal-flames-booster\/","url":"https:\/\/collectin.eu\/produktas\/phantasmal-flames-booster\/","name":"Phantasmal Flames Booster - Collectin.eu","isPartOf":{"@id":"https:\/\/collectin.eu\/#website"},"primaryImageOfPage":{"@id":"https:\/\/collectin.eu\/produktas\/phantasmal-flames-booster\/#primaryimage"},"image":{"@id":"https:\/\/collectin.eu\/produktas\/phantasmal-flames-booster\/#primaryimage"},"thumbnailUrl":"https:\/\/collectin.eu\/wp-content\/uploads\/2025\/12\/Untitled-design-4-2.png","datePublished":"2025-12-15T08:44:20+00:00","dateModified":"2026-04-08T10:28:46+00:00","description":"\u201ePhantasmal Flames\u201c Booster \u2013 tai \u201ePok\u00e9mon Trading Card Game\u201c papildymo pakuot\u0117, kurioje susipina mistika, ugnies galia ir paslaptingos fantomin\u0117s energijos.","breadcrumb":{"@id":"https:\/\/collectin.eu\/produktas\/phantasmal-flames-booster\/#breadcrumb"},"inLanguage":"en-US","potentialAction":[{"@type":"ReadAction","target":["https:\/\/collectin.eu\/produktas\/phantasmal-flames-booster\/"]}]},{"@type":"ImageObject","inLanguage":"en-US","@id":"https:\/\/collectin.eu\/produktas\/phantasmal-flames-booster\/#primaryimage","url":"https:\/\/collectin.eu\/wp-content\/uploads\/2025\/12\/Untitled-design-4-2.png","contentUrl":"https:\/\/collectin.eu\/wp-content\/uploads\/2025\/12\/Untitled-design-4-2.png","width":1080,"height":1080},{"@type":"BreadcrumbList","@id":"https:\/\/collectin.eu\/produktas\/phantasmal-flames-booster\/#breadcrumb","itemListElement":[{"@type":"ListItem","position":1,"name":"Home","item":"https:\/\/collectin.eu\/"},{"@type":"ListItem","position":2,"name":"Parduotuv\u0117","item":"https:\/\/collectin.eu\/parduotuve\/"},{"@type":"ListItem","position":3,"name":"Phantasmal Flames Booster"}]},{"@type":"WebSite","@id":"https:\/\/collectin.eu\/#website","url":"https:\/\/collectin.eu\/","name":"Collectin.eu","description":"","potentialAction":[{"@type":"SearchAction","target":{"@type":"EntryPoint","urlTemplate":"https:\/\/collectin.eu\/?s={search_term_string}"},"query-input":{"@type":"PropertyValueSpecification","valueRequired":true,"valueName":"search_term_string"}}],"inLanguage":"en-US"}]}},"jetpack_sharing_enabled":true,"_links":{"self":[{"href":"https:\/\/collectin.eu\/en\/wp-json\/wp\/v2\/product\/38459","targetHints":{"allow":["GET"]}}],"collection":[{"href":"https:\/\/collectin.eu\/en\/wp-json\/wp\/v2\/product"}],"about":[{"href":"https:\/\/collectin.eu\/en\/wp-json\/wp\/v2\/types\/product"}],"replies":[{"embeddable":true,"href":"https:\/\/collectin.eu\/en\/wp-json\/wp\/v2\/comments?post=38459"}],"version-history":[{"count":2,"href":"https:\/\/collectin.eu\/en\/wp-json\/wp\/v2\/product\/38459\/revisions"}],"predecessor-version":[{"id":40256,"href":"https:\/\/collectin.eu\/en\/wp-json\/wp\/v2\/product\/38459\/revisions\/40256"}],"wp:featuredmedia":[{"embeddable":true,"href":"https:\/\/collectin.eu\/en\/wp-json\/wp\/v2\/media\/38460"}],"wp:attachment":[{"href":"https:\/\/collectin.eu\/en\/wp-json\/wp\/v2\/media?parent=38459"}],"wp:term":[{"taxonomy":"product_brand","embeddable":true,"href":"https:\/\/collectin.eu\/en\/wp-json\/wp\/v2\/product_brand?post=38459"},{"taxonomy":"product_cat","embeddable":true,"href":"https:\/\/collectin.eu\/en\/wp-json\/wp\/v2\/product_cat?post=38459"},{"taxonomy":"product_tag","embeddable":true,"href":"https:\/\/collectin.eu\/en\/wp-json\/wp\/v2\/product_tag?post=38459"}],"curies":[{"name":"wp","href":"https:\/\/api.w.org\/{rel}","templated":true}]}}