{"id":38487,"date":"2025-12-18T20:40:13","date_gmt":"2025-12-18T20:40:13","guid":{"rendered":"https:\/\/collectin.eu\/?post_type=product&#038;p=38487"},"modified":"2026-04-08T10:28:46","modified_gmt":"2026-04-08T10:28:46","slug":"paradigm-trigger-booster","status":"publish","type":"product","link":"https:\/\/collectin.eu\/en\/product\/paradigm-trigger-booster\/","title":{"rendered":"Paradigm Trigger Booster"},"content":{"rendered":"<p>Paradigm Trigger Booster yra \u201ePok\u00e9mon\u201c kolekcini\u0173 kort\u0173 \u017eaidimo (TCG) pakelis i\u0161 \u201eSword &amp; Shield\u201c eros rinkinio \u201eParadigm Trigger\u201c, kuris skirtas tiek aktyviems \u017eaid\u0117jams, tiek kort\u0173 kolekcionieriams. Viename booster pakelyje yra 5 atsitiktin\u0117s kortos, tarp kuri\u0173 gali pasitaikyti skirtingo retumo kortos \u2013 nuo \u012fprast\u0173 (Common) ir ne\u012fprast\u0173 (Uncommon) iki ret\u0173, \u201eUltra Rare\u201c ar net itin vertinam\u0173 \u201eSecret Rare\u201c kort\u0173. \u0160is rinkinys yra ypa\u010d \u017einomas d\u0117l stipri\u0173 ir vizualiai \u012fsp\u016bding\u0173 kort\u0173, toki\u0173 kaip \u201eLugia V\u201c, \u201eLugia VSTAR\u201c, \u201eRegidrago VSTAR\u201c, \u201eRegieleki VMAX\u201c bei speciali\u0173 \u201eAlternate Art\u201c iliustracij\u0173, kurios yra labai vertinamos kolekcionieri\u0173. Paradigm Trigger boosteriai leid\u017eia papildyti kalad\u0119 galingomis kortomis, kurios naudojamos var\u017eybiniame \u017eaidime, taip pat suteikia galimyb\u0119 rinkti esteti\u0161kai i\u0161skirtines kortas kolekcijai. Da\u017eniausiai \u0161ie boosteriai leid\u017eiami japon\u0173 kalba, tod\u0117l kort\u0173 dizainas, i\u0161d\u0117stymas ir traukimo tikimyb\u0117s gali skirtis nuo tarptautini\u0173 (angli\u0161k\u0173) leidim\u0173, o pats rinkinys laikomas vienu \u012fdomesni\u0173 pasirinkim\u0173 norintiems patirti atidarymo d\u017eiaugsm\u0105 ir galimyb\u0119 rasti itin ret\u0173 kort\u0173.<\/p>","protected":false},"excerpt":{"rendered":"<p>Paradigm Trigger Booster yra \u201ePok\u00e9mon\u201c kolekcini\u0173 kort\u0173 \u017eaidimo (TCG) pakelis i\u0161 \u201eSword &amp; Shield\u201c eros rinkinio \u201eParadigm Trigger\u201c, kuris skirtas<\/p>","protected":false},"featured_media":38488,"comment_status":"open","ping_status":"closed","template":"","meta":[],"product_brand":[430],"product_cat":[679,407,500],"product_tag":[],"class_list":{"0":"post-38487","1":"product","2":"type-product","3":"status-publish","4":"has-post-thumbnail","6":"product_brand-pokemon","7":"product_cat-kolekcines-korteles","8":"product_cat-pokemon","9":"product_cat-pokemon-boosters","11":"first","12":"instock","13":"taxable","14":"shipping-taxable","15":"purchasable","16":"product-type-simple"},"yoast_head":"<!-- This site is optimized with the Yoast SEO plugin v25.9 - https:\/\/yoast.com\/wordpress\/plugins\/seo\/ -->\n<title>Paradigm Trigger Booster - Collectin.eu<\/title>\n<meta name=\"description\" content=\"Paradigm Trigger Booster yra \u201ePok\u00e9mon\u201c kolekcini\u0173 kort\u0173 \u017eaidimo (TCG) pakelis i\u0161 \u201eSword &amp; Shield\u201c eros rinkinio \u201eParadigm Trigger\u201c, kuris skirtas tiek aktyviems \u017eaid\u0117jams, tiek kort\u0173 kolekcionieriams.\" \/>\n<meta name=\"robots\" content=\"index, follow, max-snippet:-1, max-image-preview:large, max-video-preview:-1\" \/>\n<link rel=\"canonical\" href=\"https:\/\/collectin.eu\/en\/product\/paradigm-trigger-booster\/\" \/>\n<meta property=\"og:locale\" content=\"en_US\" \/>\n<meta property=\"og:type\" content=\"article\" \/>\n<meta property=\"og:title\" content=\"Paradigm Trigger Booster - Collectin.eu\" \/>\n<meta property=\"og:description\" content=\"Paradigm Trigger Booster yra \u201ePok\u00e9mon\u201c kolekcini\u0173 kort\u0173 \u017eaidimo (TCG) pakelis i\u0161 \u201eSword &amp; Shield\u201c eros rinkinio \u201eParadigm Trigger\u201c, kuris skirtas tiek aktyviems \u017eaid\u0117jams, tiek kort\u0173 kolekcionieriams.\" \/>\n<meta property=\"og:url\" content=\"https:\/\/collectin.eu\/en\/product\/paradigm-trigger-booster\/\" \/>\n<meta property=\"og:site_name\" content=\"Collectin.eu\" \/>\n<meta property=\"article:modified_time\" content=\"2026-04-08T10:28:46+00:00\" \/>\n<meta property=\"og:image\" content=\"http:\/\/collectin.eu\/wp-content\/uploads\/2025\/12\/Untitled-design-29-1.png\" \/>\n\t<meta property=\"og:image:width\" content=\"1080\" \/>\n\t<meta property=\"og:image:height\" content=\"1080\" \/>\n\t<meta property=\"og:image:type\" content=\"image\/png\" \/>\n<meta name=\"twitter:card\" content=\"summary_large_image\" \/>\n<meta name=\"twitter:label1\" content=\"Est. reading time\" \/>\n\t<meta name=\"twitter:data1\" content=\"1 minute\" \/>\n<script type=\"application\/ld+json\" class=\"yoast-schema-graph\">{\"@context\":\"https:\/\/schema.org\",\"@graph\":[{\"@type\":\"WebPage\",\"@id\":\"https:\/\/collectin.eu\/produktas\/paradigm-trigger-booster\/\",\"url\":\"https:\/\/collectin.eu\/produktas\/paradigm-trigger-booster\/\",\"name\":\"Paradigm Trigger Booster - Collectin.eu\",\"isPartOf\":{\"@id\":\"https:\/\/collectin.eu\/#website\"},\"primaryImageOfPage\":{\"@id\":\"https:\/\/collectin.eu\/produktas\/paradigm-trigger-booster\/#primaryimage\"},\"image\":{\"@id\":\"https:\/\/collectin.eu\/produktas\/paradigm-trigger-booster\/#primaryimage\"},\"thumbnailUrl\":\"https:\/\/collectin.eu\/wp-content\/uploads\/2025\/12\/Untitled-design-29-1.png\",\"datePublished\":\"2025-12-18T20:40:13+00:00\",\"dateModified\":\"2026-04-08T10:28:46+00:00\",\"description\":\"Paradigm Trigger Booster yra \u201ePok\u00e9mon\u201c kolekcini\u0173 kort\u0173 \u017eaidimo (TCG) pakelis i\u0161 \u201eSword & Shield\u201c eros rinkinio \u201eParadigm Trigger\u201c, kuris skirtas tiek aktyviems \u017eaid\u0117jams, tiek kort\u0173 kolekcionieriams.\",\"breadcrumb\":{\"@id\":\"https:\/\/collectin.eu\/produktas\/paradigm-trigger-booster\/#breadcrumb\"},\"inLanguage\":\"en-US\",\"potentialAction\":[{\"@type\":\"ReadAction\",\"target\":[\"https:\/\/collectin.eu\/produktas\/paradigm-trigger-booster\/\"]}]},{\"@type\":\"ImageObject\",\"inLanguage\":\"en-US\",\"@id\":\"https:\/\/collectin.eu\/produktas\/paradigm-trigger-booster\/#primaryimage\",\"url\":\"https:\/\/collectin.eu\/wp-content\/uploads\/2025\/12\/Untitled-design-29-1.png\",\"contentUrl\":\"https:\/\/collectin.eu\/wp-content\/uploads\/2025\/12\/Untitled-design-29-1.png\",\"width\":1080,\"height\":1080},{\"@type\":\"BreadcrumbList\",\"@id\":\"https:\/\/collectin.eu\/produktas\/paradigm-trigger-booster\/#breadcrumb\",\"itemListElement\":[{\"@type\":\"ListItem\",\"position\":1,\"name\":\"Home\",\"item\":\"https:\/\/collectin.eu\/\"},{\"@type\":\"ListItem\",\"position\":2,\"name\":\"Parduotuv\u0117\",\"item\":\"https:\/\/collectin.eu\/parduotuve\/\"},{\"@type\":\"ListItem\",\"position\":3,\"name\":\"Paradigm Trigger Booster\"}]},{\"@type\":\"WebSite\",\"@id\":\"https:\/\/collectin.eu\/#website\",\"url\":\"https:\/\/collectin.eu\/\",\"name\":\"Collectin.eu\",\"description\":\"\",\"potentialAction\":[{\"@type\":\"SearchAction\",\"target\":{\"@type\":\"EntryPoint\",\"urlTemplate\":\"https:\/\/collectin.eu\/?s={search_term_string}\"},\"query-input\":{\"@type\":\"PropertyValueSpecification\",\"valueRequired\":true,\"valueName\":\"search_term_string\"}}],\"inLanguage\":\"en-US\"}]}<\/script>\n<!-- \/ Yoast SEO plugin. -->","yoast_head_json":{"title":"Paradigm Trigger Booster - Collectin.eu","description":"Paradigm Trigger Booster yra \u201ePok\u00e9mon\u201c kolekcini\u0173 kort\u0173 \u017eaidimo (TCG) pakelis i\u0161 \u201eSword & Shield\u201c eros rinkinio \u201eParadigm Trigger\u201c, kuris skirtas tiek aktyviems \u017eaid\u0117jams, tiek kort\u0173 kolekcionieriams.","robots":{"index":"index","follow":"follow","max-snippet":"max-snippet:-1","max-image-preview":"max-image-preview:large","max-video-preview":"max-video-preview:-1"},"canonical":"https:\/\/collectin.eu\/en\/product\/paradigm-trigger-booster\/","og_locale":"en_US","og_type":"article","og_title":"Paradigm Trigger Booster - Collectin.eu","og_description":"Paradigm Trigger Booster yra \u201ePok\u00e9mon\u201c kolekcini\u0173 kort\u0173 \u017eaidimo (TCG) pakelis i\u0161 \u201eSword & Shield\u201c eros rinkinio \u201eParadigm Trigger\u201c, kuris skirtas tiek aktyviems \u017eaid\u0117jams, tiek kort\u0173 kolekcionieriams.","og_url":"https:\/\/collectin.eu\/en\/product\/paradigm-trigger-booster\/","og_site_name":"Collectin.eu","article_modified_time":"2026-04-08T10:28:46+00:00","og_image":[{"width":1080,"height":1080,"url":"http:\/\/collectin.eu\/wp-content\/uploads\/2025\/12\/Untitled-design-29-1.png","type":"image\/png"}],"twitter_card":"summary_large_image","twitter_misc":{"Est. reading time":"1 minute"},"schema":{"@context":"https:\/\/schema.org","@graph":[{"@type":"WebPage","@id":"https:\/\/collectin.eu\/produktas\/paradigm-trigger-booster\/","url":"https:\/\/collectin.eu\/produktas\/paradigm-trigger-booster\/","name":"Paradigm Trigger Booster - Collectin.eu","isPartOf":{"@id":"https:\/\/collectin.eu\/#website"},"primaryImageOfPage":{"@id":"https:\/\/collectin.eu\/produktas\/paradigm-trigger-booster\/#primaryimage"},"image":{"@id":"https:\/\/collectin.eu\/produktas\/paradigm-trigger-booster\/#primaryimage"},"thumbnailUrl":"https:\/\/collectin.eu\/wp-content\/uploads\/2025\/12\/Untitled-design-29-1.png","datePublished":"2025-12-18T20:40:13+00:00","dateModified":"2026-04-08T10:28:46+00:00","description":"Paradigm Trigger Booster yra \u201ePok\u00e9mon\u201c kolekcini\u0173 kort\u0173 \u017eaidimo (TCG) pakelis i\u0161 \u201eSword & Shield\u201c eros rinkinio \u201eParadigm Trigger\u201c, kuris skirtas tiek aktyviems \u017eaid\u0117jams, tiek kort\u0173 kolekcionieriams.","breadcrumb":{"@id":"https:\/\/collectin.eu\/produktas\/paradigm-trigger-booster\/#breadcrumb"},"inLanguage":"en-US","potentialAction":[{"@type":"ReadAction","target":["https:\/\/collectin.eu\/produktas\/paradigm-trigger-booster\/"]}]},{"@type":"ImageObject","inLanguage":"en-US","@id":"https:\/\/collectin.eu\/produktas\/paradigm-trigger-booster\/#primaryimage","url":"https:\/\/collectin.eu\/wp-content\/uploads\/2025\/12\/Untitled-design-29-1.png","contentUrl":"https:\/\/collectin.eu\/wp-content\/uploads\/2025\/12\/Untitled-design-29-1.png","width":1080,"height":1080},{"@type":"BreadcrumbList","@id":"https:\/\/collectin.eu\/produktas\/paradigm-trigger-booster\/#breadcrumb","itemListElement":[{"@type":"ListItem","position":1,"name":"Home","item":"https:\/\/collectin.eu\/"},{"@type":"ListItem","position":2,"name":"Parduotuv\u0117","item":"https:\/\/collectin.eu\/parduotuve\/"},{"@type":"ListItem","position":3,"name":"Paradigm Trigger Booster"}]},{"@type":"WebSite","@id":"https:\/\/collectin.eu\/#website","url":"https:\/\/collectin.eu\/","name":"Collectin.eu","description":"","potentialAction":[{"@type":"SearchAction","target":{"@type":"EntryPoint","urlTemplate":"https:\/\/collectin.eu\/?s={search_term_string}"},"query-input":{"@type":"PropertyValueSpecification","valueRequired":true,"valueName":"search_term_string"}}],"inLanguage":"en-US"}]}},"jetpack_sharing_enabled":true,"_links":{"self":[{"href":"https:\/\/collectin.eu\/en\/wp-json\/wp\/v2\/product\/38487","targetHints":{"allow":["GET"]}}],"collection":[{"href":"https:\/\/collectin.eu\/en\/wp-json\/wp\/v2\/product"}],"about":[{"href":"https:\/\/collectin.eu\/en\/wp-json\/wp\/v2\/types\/product"}],"replies":[{"embeddable":true,"href":"https:\/\/collectin.eu\/en\/wp-json\/wp\/v2\/comments?post=38487"}],"version-history":[{"count":3,"href":"https:\/\/collectin.eu\/en\/wp-json\/wp\/v2\/product\/38487\/revisions"}],"predecessor-version":[{"id":40257,"href":"https:\/\/collectin.eu\/en\/wp-json\/wp\/v2\/product\/38487\/revisions\/40257"}],"wp:featuredmedia":[{"embeddable":true,"href":"https:\/\/collectin.eu\/en\/wp-json\/wp\/v2\/media\/38488"}],"wp:attachment":[{"href":"https:\/\/collectin.eu\/en\/wp-json\/wp\/v2\/media?parent=38487"}],"wp:term":[{"taxonomy":"product_brand","embeddable":true,"href":"https:\/\/collectin.eu\/en\/wp-json\/wp\/v2\/product_brand?post=38487"},{"taxonomy":"product_cat","embeddable":true,"href":"https:\/\/collectin.eu\/en\/wp-json\/wp\/v2\/product_cat?post=38487"},{"taxonomy":"product_tag","embeddable":true,"href":"https:\/\/collectin.eu\/en\/wp-json\/wp\/v2\/product_tag?post=38487"}],"curies":[{"name":"wp","href":"https:\/\/api.w.org\/{rel}","templated":true}]}}