{"id":38491,"date":"2025-12-18T20:44:10","date_gmt":"2025-12-18T20:44:10","guid":{"rendered":"https:\/\/collectin.eu\/?post_type=product&#038;p=38491"},"modified":"2026-04-08T10:28:46","modified_gmt":"2026-04-08T10:28:46","slug":"scarlet-ex-booster","status":"publish","type":"product","link":"https:\/\/collectin.eu\/en\/product\/scarlet-ex-booster\/","title":{"rendered":"Scarlet ex Booster"},"content":{"rendered":"<p>Pok\u00e9mon TCG Scarlet ex Booster yra originalus japoni\u0161kas \u201ePok\u00e9mon\u201c kolekcini\u0173 kort\u0173 \u017eaidimo booster pakelis i\u0161 pirmojo Scarlet &amp; Violet eros rinkinio \u201eScarlet ex\u201c (SV1S), \u017eymin\u010dio visi\u0161kai naujo \u017eaidimo etapo prad\u017ei\u0105. \u0160is rinkinys supa\u017eindina su Paldea regiono Pok\u00e9monais ir sugr\u0105\u017eina atnaujintas, stipresnes Pok\u00e9mon ex kortas, kurios pasi\u017eymi didesniu HP, galingesniais puolimais ir didesne strategine reik\u0161me var\u017eybiniame \u017eaidime. Kiekviename japoni\u0161kame booster pakelyje yra 5 atsitiktin\u0117s kortos, atspausdintos japon\u0173 kalba, su auk\u0161tos kokyb\u0117s spauda ir ry\u0161kiomis, detaliomis iliustracijomis, kurios da\u017enai vertinamos labiau nei tarptautiniai leidimai. \u201eScarlet ex\u201c rinkinyje galima rasti \u012fvairaus retumo kort\u0173 \u2013 nuo \u012fprast\u0173 ir ne\u012fprast\u0173 iki Art Rare (AR), Super Art Rare (SAR), Ultra Rare (UR) bei itin pageidaujam\u0173 \u201eex\u201c kort\u0173, vaizduojan\u010di\u0173 tokius Pok\u00e9monus kaip Koraidon ex ir kitus Paldea regiono veik\u0117jus. \u0160is boosteris yra populiarus tiek tarp kolekcionieri\u0173, ie\u0161kan\u010di\u0173 esteti\u0161kai i\u0161skirtini\u0173 ir verting\u0173 kort\u0173, tiek tarp \u017eaid\u0117j\u0173, norin\u010di\u0173 atnaujinti savo kalades naujos eros mechanikomis, tod\u0117l \u201eScarlet ex\u201c japoni\u0161kas booster pakelis laikomas patraukliu pasirinkimu tiek kolekcijai, tiek \u017eaidimui.<\/p>","protected":false},"excerpt":{"rendered":"<p>Pok\u00e9mon TCG Scarlet ex Booster yra originalus japoni\u0161kas \u201ePok\u00e9mon\u201c kolekcini\u0173 kort\u0173 \u017eaidimo booster pakelis i\u0161 pirmojo Scarlet &amp; Violet eros<\/p>","protected":false},"featured_media":38492,"comment_status":"open","ping_status":"closed","template":"","meta":[],"product_brand":[430],"product_cat":[679,407,500],"product_tag":[],"class_list":{"0":"post-38491","1":"product","2":"type-product","3":"status-publish","4":"has-post-thumbnail","6":"product_brand-pokemon","7":"product_cat-kolekcines-korteles","8":"product_cat-pokemon","9":"product_cat-pokemon-boosters","11":"first","12":"instock","13":"taxable","14":"shipping-taxable","15":"purchasable","16":"product-type-simple"},"yoast_head":"<!-- This site is optimized with the Yoast SEO plugin v25.9 - https:\/\/yoast.com\/wordpress\/plugins\/seo\/ -->\n<title>Scarlet ex Booster - Collectin.eu<\/title>\n<meta name=\"description\" content=\"Pok\u00e9mon TCG Scarlet ex Booster yra originalus japon\u0173 leidimo \u201ePok\u00e9mon\u201c kolekcini\u0173 kort\u0173 \u017eaidimo (TCG) booster pakelis i\u0161 pirmojo Scarlet &amp; Violet serijos papildymo \u201eScarlet ex\u201c (set SV1S)\" \/>\n<meta name=\"robots\" content=\"index, follow, max-snippet:-1, max-image-preview:large, max-video-preview:-1\" \/>\n<link rel=\"canonical\" href=\"https:\/\/collectin.eu\/en\/product\/scarlet-ex-booster\/\" \/>\n<meta property=\"og:locale\" content=\"en_US\" \/>\n<meta property=\"og:type\" content=\"article\" \/>\n<meta property=\"og:title\" content=\"Scarlet ex Booster - Collectin.eu\" \/>\n<meta property=\"og:description\" content=\"Pok\u00e9mon TCG Scarlet ex Booster yra originalus japon\u0173 leidimo \u201ePok\u00e9mon\u201c kolekcini\u0173 kort\u0173 \u017eaidimo (TCG) booster pakelis i\u0161 pirmojo Scarlet &amp; Violet serijos papildymo \u201eScarlet ex\u201c (set SV1S)\" \/>\n<meta property=\"og:url\" content=\"https:\/\/collectin.eu\/en\/product\/scarlet-ex-booster\/\" \/>\n<meta property=\"og:site_name\" content=\"Collectin.eu\" \/>\n<meta property=\"article:modified_time\" content=\"2026-04-08T10:28:46+00:00\" \/>\n<meta property=\"og:image\" content=\"http:\/\/collectin.eu\/wp-content\/uploads\/2025\/12\/Untitled-design-30-1.png\" \/>\n\t<meta property=\"og:image:width\" content=\"1080\" \/>\n\t<meta property=\"og:image:height\" content=\"1080\" \/>\n\t<meta property=\"og:image:type\" content=\"image\/png\" \/>\n<meta name=\"twitter:card\" content=\"summary_large_image\" \/>\n<meta name=\"twitter:label1\" content=\"Est. reading time\" \/>\n\t<meta name=\"twitter:data1\" content=\"2 minutes\" \/>\n<script type=\"application\/ld+json\" class=\"yoast-schema-graph\">{\"@context\":\"https:\/\/schema.org\",\"@graph\":[{\"@type\":\"WebPage\",\"@id\":\"https:\/\/collectin.eu\/produktas\/scarlet-ex-booster\/\",\"url\":\"https:\/\/collectin.eu\/produktas\/scarlet-ex-booster\/\",\"name\":\"Scarlet ex Booster - Collectin.eu\",\"isPartOf\":{\"@id\":\"https:\/\/collectin.eu\/#website\"},\"primaryImageOfPage\":{\"@id\":\"https:\/\/collectin.eu\/produktas\/scarlet-ex-booster\/#primaryimage\"},\"image\":{\"@id\":\"https:\/\/collectin.eu\/produktas\/scarlet-ex-booster\/#primaryimage\"},\"thumbnailUrl\":\"https:\/\/collectin.eu\/wp-content\/uploads\/2025\/12\/Untitled-design-30-1.png\",\"datePublished\":\"2025-12-18T20:44:10+00:00\",\"dateModified\":\"2026-04-08T10:28:46+00:00\",\"description\":\"Pok\u00e9mon TCG Scarlet ex Booster yra originalus japon\u0173 leidimo \u201ePok\u00e9mon\u201c kolekcini\u0173 kort\u0173 \u017eaidimo (TCG) booster pakelis i\u0161 pirmojo Scarlet & Violet serijos papildymo \u201eScarlet ex\u201c (set SV1S)\",\"breadcrumb\":{\"@id\":\"https:\/\/collectin.eu\/produktas\/scarlet-ex-booster\/#breadcrumb\"},\"inLanguage\":\"en-US\",\"potentialAction\":[{\"@type\":\"ReadAction\",\"target\":[\"https:\/\/collectin.eu\/produktas\/scarlet-ex-booster\/\"]}]},{\"@type\":\"ImageObject\",\"inLanguage\":\"en-US\",\"@id\":\"https:\/\/collectin.eu\/produktas\/scarlet-ex-booster\/#primaryimage\",\"url\":\"https:\/\/collectin.eu\/wp-content\/uploads\/2025\/12\/Untitled-design-30-1.png\",\"contentUrl\":\"https:\/\/collectin.eu\/wp-content\/uploads\/2025\/12\/Untitled-design-30-1.png\",\"width\":1080,\"height\":1080},{\"@type\":\"BreadcrumbList\",\"@id\":\"https:\/\/collectin.eu\/produktas\/scarlet-ex-booster\/#breadcrumb\",\"itemListElement\":[{\"@type\":\"ListItem\",\"position\":1,\"name\":\"Home\",\"item\":\"https:\/\/collectin.eu\/\"},{\"@type\":\"ListItem\",\"position\":2,\"name\":\"Parduotuv\u0117\",\"item\":\"https:\/\/collectin.eu\/parduotuve\/\"},{\"@type\":\"ListItem\",\"position\":3,\"name\":\"Scarlet ex Booster\"}]},{\"@type\":\"WebSite\",\"@id\":\"https:\/\/collectin.eu\/#website\",\"url\":\"https:\/\/collectin.eu\/\",\"name\":\"Collectin.eu\",\"description\":\"\",\"potentialAction\":[{\"@type\":\"SearchAction\",\"target\":{\"@type\":\"EntryPoint\",\"urlTemplate\":\"https:\/\/collectin.eu\/?s={search_term_string}\"},\"query-input\":{\"@type\":\"PropertyValueSpecification\",\"valueRequired\":true,\"valueName\":\"search_term_string\"}}],\"inLanguage\":\"en-US\"}]}<\/script>\n<!-- \/ Yoast SEO plugin. -->","yoast_head_json":{"title":"Scarlet ex Booster - Collectin.eu","description":"Pok\u00e9mon TCG Scarlet ex Booster yra originalus japon\u0173 leidimo \u201ePok\u00e9mon\u201c kolekcini\u0173 kort\u0173 \u017eaidimo (TCG) booster pakelis i\u0161 pirmojo Scarlet & Violet serijos papildymo \u201eScarlet ex\u201c (set SV1S)","robots":{"index":"index","follow":"follow","max-snippet":"max-snippet:-1","max-image-preview":"max-image-preview:large","max-video-preview":"max-video-preview:-1"},"canonical":"https:\/\/collectin.eu\/en\/product\/scarlet-ex-booster\/","og_locale":"en_US","og_type":"article","og_title":"Scarlet ex Booster - Collectin.eu","og_description":"Pok\u00e9mon TCG Scarlet ex Booster yra originalus japon\u0173 leidimo \u201ePok\u00e9mon\u201c kolekcini\u0173 kort\u0173 \u017eaidimo (TCG) booster pakelis i\u0161 pirmojo Scarlet & Violet serijos papildymo \u201eScarlet ex\u201c (set SV1S)","og_url":"https:\/\/collectin.eu\/en\/product\/scarlet-ex-booster\/","og_site_name":"Collectin.eu","article_modified_time":"2026-04-08T10:28:46+00:00","og_image":[{"width":1080,"height":1080,"url":"http:\/\/collectin.eu\/wp-content\/uploads\/2025\/12\/Untitled-design-30-1.png","type":"image\/png"}],"twitter_card":"summary_large_image","twitter_misc":{"Est. reading time":"2 minutes"},"schema":{"@context":"https:\/\/schema.org","@graph":[{"@type":"WebPage","@id":"https:\/\/collectin.eu\/produktas\/scarlet-ex-booster\/","url":"https:\/\/collectin.eu\/produktas\/scarlet-ex-booster\/","name":"Scarlet ex Booster - Collectin.eu","isPartOf":{"@id":"https:\/\/collectin.eu\/#website"},"primaryImageOfPage":{"@id":"https:\/\/collectin.eu\/produktas\/scarlet-ex-booster\/#primaryimage"},"image":{"@id":"https:\/\/collectin.eu\/produktas\/scarlet-ex-booster\/#primaryimage"},"thumbnailUrl":"https:\/\/collectin.eu\/wp-content\/uploads\/2025\/12\/Untitled-design-30-1.png","datePublished":"2025-12-18T20:44:10+00:00","dateModified":"2026-04-08T10:28:46+00:00","description":"Pok\u00e9mon TCG Scarlet ex Booster yra originalus japon\u0173 leidimo \u201ePok\u00e9mon\u201c kolekcini\u0173 kort\u0173 \u017eaidimo (TCG) booster pakelis i\u0161 pirmojo Scarlet & Violet serijos papildymo \u201eScarlet ex\u201c (set SV1S)","breadcrumb":{"@id":"https:\/\/collectin.eu\/produktas\/scarlet-ex-booster\/#breadcrumb"},"inLanguage":"en-US","potentialAction":[{"@type":"ReadAction","target":["https:\/\/collectin.eu\/produktas\/scarlet-ex-booster\/"]}]},{"@type":"ImageObject","inLanguage":"en-US","@id":"https:\/\/collectin.eu\/produktas\/scarlet-ex-booster\/#primaryimage","url":"https:\/\/collectin.eu\/wp-content\/uploads\/2025\/12\/Untitled-design-30-1.png","contentUrl":"https:\/\/collectin.eu\/wp-content\/uploads\/2025\/12\/Untitled-design-30-1.png","width":1080,"height":1080},{"@type":"BreadcrumbList","@id":"https:\/\/collectin.eu\/produktas\/scarlet-ex-booster\/#breadcrumb","itemListElement":[{"@type":"ListItem","position":1,"name":"Home","item":"https:\/\/collectin.eu\/"},{"@type":"ListItem","position":2,"name":"Parduotuv\u0117","item":"https:\/\/collectin.eu\/parduotuve\/"},{"@type":"ListItem","position":3,"name":"Scarlet ex Booster"}]},{"@type":"WebSite","@id":"https:\/\/collectin.eu\/#website","url":"https:\/\/collectin.eu\/","name":"Collectin.eu","description":"","potentialAction":[{"@type":"SearchAction","target":{"@type":"EntryPoint","urlTemplate":"https:\/\/collectin.eu\/?s={search_term_string}"},"query-input":{"@type":"PropertyValueSpecification","valueRequired":true,"valueName":"search_term_string"}}],"inLanguage":"en-US"}]}},"jetpack_sharing_enabled":true,"_links":{"self":[{"href":"https:\/\/collectin.eu\/en\/wp-json\/wp\/v2\/product\/38491","targetHints":{"allow":["GET"]}}],"collection":[{"href":"https:\/\/collectin.eu\/en\/wp-json\/wp\/v2\/product"}],"about":[{"href":"https:\/\/collectin.eu\/en\/wp-json\/wp\/v2\/types\/product"}],"replies":[{"embeddable":true,"href":"https:\/\/collectin.eu\/en\/wp-json\/wp\/v2\/comments?post=38491"}],"version-history":[{"count":3,"href":"https:\/\/collectin.eu\/en\/wp-json\/wp\/v2\/product\/38491\/revisions"}],"predecessor-version":[{"id":40258,"href":"https:\/\/collectin.eu\/en\/wp-json\/wp\/v2\/product\/38491\/revisions\/40258"}],"wp:featuredmedia":[{"embeddable":true,"href":"https:\/\/collectin.eu\/en\/wp-json\/wp\/v2\/media\/38492"}],"wp:attachment":[{"href":"https:\/\/collectin.eu\/en\/wp-json\/wp\/v2\/media?parent=38491"}],"wp:term":[{"taxonomy":"product_brand","embeddable":true,"href":"https:\/\/collectin.eu\/en\/wp-json\/wp\/v2\/product_brand?post=38491"},{"taxonomy":"product_cat","embeddable":true,"href":"https:\/\/collectin.eu\/en\/wp-json\/wp\/v2\/product_cat?post=38491"},{"taxonomy":"product_tag","embeddable":true,"href":"https:\/\/collectin.eu\/en\/wp-json\/wp\/v2\/product_tag?post=38491"}],"curies":[{"name":"wp","href":"https:\/\/api.w.org\/{rel}","templated":true}]}}