{"id":38495,"date":"2025-12-18T20:47:18","date_gmt":"2025-12-18T20:47:18","guid":{"rendered":"https:\/\/collectin.eu\/?post_type=product&#038;p=38495"},"modified":"2026-04-08T10:28:46","modified_gmt":"2026-04-08T10:28:46","slug":"violet-ex-booster","status":"publish","type":"product","link":"https:\/\/collectin.eu\/en\/product\/violet-ex-booster\/","title":{"rendered":"Violet ex Booster"},"content":{"rendered":"<p>Pok\u00e9mon TCG Violet ex Booster yra originalus japoni\u0161kas \u201ePok\u00e9mon\u201c kolekcini\u0173 kort\u0173 \u017eaidimo booster pakelis i\u0161 \u201eScarlet &amp; Violet\u201c eros pagrindinio rinkinio \u201eViolet ex\u201c (SV1V), kuris \u017eymi naujos \u017eaidimo eros prad\u017ei\u0105. \u0160is boosteris yra skirtas tiek kolekcionieriams, tiek \u017eaid\u0117jams, norintiems papildyti savo kolekcij\u0105 Paldea regiono Pok\u00e9mon\u0173 kortomis ir i\u0161bandyti atnaujint\u0105 Pok\u00e9mon ex mechanik\u0105, pasi\u017eymin\u010di\u0105 didesniu gyvybi\u0173 kiekiu, galingesniais puolimais ir didesne strategine verte \u017eaidime. Kiekviename japoni\u0161kame Violet ex booster pakelyje yra 5 atsitiktin\u0117s kortos, atspausdintos japon\u0173 kalba, su auk\u0161tos kokyb\u0117s spauda ir ry\u0161kiomis, detaliomis iliustracijomis, kurios da\u017enai vertinamos labiau nei tarptautiniuose leidimuose. Rinkinyje galima rasti \u012fvairaus retumo kort\u0173 \u2013 nuo \u012fprast\u0173 ir ne\u012fprast\u0173 iki Art Rare, Super Art Rare, Ultra Rare bei itin pageidaujam\u0173 \u201eex\u201c kort\u0173, toki\u0173 kaip Miraidon ex, kurios yra labai vertinamos kolekcionieri\u0173.<\/p>","protected":false},"excerpt":{"rendered":"<p>Pok\u00e9mon TCG Violet ex Booster yra originalus japoni\u0161kas \u201ePok\u00e9mon\u201c kolekcini\u0173 kort\u0173 \u017eaidimo booster pakelis i\u0161 \u201eScarlet &amp; Violet\u201c eros pagrindinio<\/p>","protected":false},"featured_media":38496,"comment_status":"open","ping_status":"closed","template":"","meta":[],"product_brand":[430],"product_cat":[679,407,500],"product_tag":[],"class_list":{"0":"post-38495","1":"product","2":"type-product","3":"status-publish","4":"has-post-thumbnail","6":"product_brand-pokemon","7":"product_cat-kolekcines-korteles","8":"product_cat-pokemon","9":"product_cat-pokemon-boosters","11":"first","12":"instock","13":"taxable","14":"shipping-taxable","15":"purchasable","16":"product-type-simple"},"yoast_head":"<!-- This site is optimized with the Yoast SEO plugin v25.9 - https:\/\/yoast.com\/wordpress\/plugins\/seo\/ -->\n<title>Violet ex Booster - Collectin.eu<\/title>\n<meta name=\"robots\" content=\"index, follow, max-snippet:-1, max-image-preview:large, max-video-preview:-1\" \/>\n<link rel=\"canonical\" href=\"https:\/\/collectin.eu\/en\/product\/violet-ex-booster\/\" \/>\n<meta property=\"og:locale\" content=\"en_US\" \/>\n<meta property=\"og:type\" content=\"article\" \/>\n<meta property=\"og:title\" content=\"Violet ex Booster - Collectin.eu\" \/>\n<meta property=\"og:description\" content=\"Pok\u00e9mon TCG Violet ex Booster yra originalus japoni\u0161kas \u201ePok\u00e9mon\u201c kolekcini\u0173 kort\u0173 \u017eaidimo booster pakelis i\u0161 \u201eScarlet &amp; Violet\u201c eros pagrindinio\" \/>\n<meta property=\"og:url\" content=\"https:\/\/collectin.eu\/en\/product\/violet-ex-booster\/\" \/>\n<meta property=\"og:site_name\" content=\"Collectin.eu\" \/>\n<meta property=\"article:modified_time\" content=\"2026-04-08T10:28:46+00:00\" \/>\n<meta property=\"og:image\" content=\"http:\/\/collectin.eu\/wp-content\/uploads\/2025\/12\/Untitled-design-31-1.png\" \/>\n\t<meta property=\"og:image:width\" content=\"1080\" \/>\n\t<meta property=\"og:image:height\" content=\"1080\" \/>\n\t<meta property=\"og:image:type\" content=\"image\/png\" \/>\n<meta name=\"twitter:card\" content=\"summary_large_image\" \/>\n<meta name=\"twitter:label1\" content=\"Est. reading time\" \/>\n\t<meta name=\"twitter:data1\" content=\"1 minute\" \/>\n<script type=\"application\/ld+json\" class=\"yoast-schema-graph\">{\"@context\":\"https:\/\/schema.org\",\"@graph\":[{\"@type\":\"WebPage\",\"@id\":\"https:\/\/collectin.eu\/produktas\/violet-ex-booster\/\",\"url\":\"https:\/\/collectin.eu\/produktas\/violet-ex-booster\/\",\"name\":\"Violet ex Booster - Collectin.eu\",\"isPartOf\":{\"@id\":\"https:\/\/collectin.eu\/#website\"},\"primaryImageOfPage\":{\"@id\":\"https:\/\/collectin.eu\/produktas\/violet-ex-booster\/#primaryimage\"},\"image\":{\"@id\":\"https:\/\/collectin.eu\/produktas\/violet-ex-booster\/#primaryimage\"},\"thumbnailUrl\":\"https:\/\/collectin.eu\/wp-content\/uploads\/2025\/12\/Untitled-design-31-1.png\",\"datePublished\":\"2025-12-18T20:47:18+00:00\",\"dateModified\":\"2026-04-08T10:28:46+00:00\",\"breadcrumb\":{\"@id\":\"https:\/\/collectin.eu\/produktas\/violet-ex-booster\/#breadcrumb\"},\"inLanguage\":\"en-US\",\"potentialAction\":[{\"@type\":\"ReadAction\",\"target\":[\"https:\/\/collectin.eu\/produktas\/violet-ex-booster\/\"]}]},{\"@type\":\"ImageObject\",\"inLanguage\":\"en-US\",\"@id\":\"https:\/\/collectin.eu\/produktas\/violet-ex-booster\/#primaryimage\",\"url\":\"https:\/\/collectin.eu\/wp-content\/uploads\/2025\/12\/Untitled-design-31-1.png\",\"contentUrl\":\"https:\/\/collectin.eu\/wp-content\/uploads\/2025\/12\/Untitled-design-31-1.png\",\"width\":1080,\"height\":1080},{\"@type\":\"BreadcrumbList\",\"@id\":\"https:\/\/collectin.eu\/produktas\/violet-ex-booster\/#breadcrumb\",\"itemListElement\":[{\"@type\":\"ListItem\",\"position\":1,\"name\":\"Home\",\"item\":\"https:\/\/collectin.eu\/\"},{\"@type\":\"ListItem\",\"position\":2,\"name\":\"Parduotuv\u0117\",\"item\":\"https:\/\/collectin.eu\/parduotuve\/\"},{\"@type\":\"ListItem\",\"position\":3,\"name\":\"Violet ex Booster\"}]},{\"@type\":\"WebSite\",\"@id\":\"https:\/\/collectin.eu\/#website\",\"url\":\"https:\/\/collectin.eu\/\",\"name\":\"Collectin.eu\",\"description\":\"\",\"potentialAction\":[{\"@type\":\"SearchAction\",\"target\":{\"@type\":\"EntryPoint\",\"urlTemplate\":\"https:\/\/collectin.eu\/?s={search_term_string}\"},\"query-input\":{\"@type\":\"PropertyValueSpecification\",\"valueRequired\":true,\"valueName\":\"search_term_string\"}}],\"inLanguage\":\"en-US\"}]}<\/script>\n<!-- \/ Yoast SEO plugin. -->","yoast_head_json":{"title":"Violet ex Booster - Collectin.eu","robots":{"index":"index","follow":"follow","max-snippet":"max-snippet:-1","max-image-preview":"max-image-preview:large","max-video-preview":"max-video-preview:-1"},"canonical":"https:\/\/collectin.eu\/en\/product\/violet-ex-booster\/","og_locale":"en_US","og_type":"article","og_title":"Violet ex Booster - Collectin.eu","og_description":"Pok\u00e9mon TCG Violet ex Booster yra originalus japoni\u0161kas \u201ePok\u00e9mon\u201c kolekcini\u0173 kort\u0173 \u017eaidimo booster pakelis i\u0161 \u201eScarlet &amp; Violet\u201c eros pagrindinio","og_url":"https:\/\/collectin.eu\/en\/product\/violet-ex-booster\/","og_site_name":"Collectin.eu","article_modified_time":"2026-04-08T10:28:46+00:00","og_image":[{"width":1080,"height":1080,"url":"http:\/\/collectin.eu\/wp-content\/uploads\/2025\/12\/Untitled-design-31-1.png","type":"image\/png"}],"twitter_card":"summary_large_image","twitter_misc":{"Est. reading time":"1 minute"},"schema":{"@context":"https:\/\/schema.org","@graph":[{"@type":"WebPage","@id":"https:\/\/collectin.eu\/produktas\/violet-ex-booster\/","url":"https:\/\/collectin.eu\/produktas\/violet-ex-booster\/","name":"Violet ex Booster - Collectin.eu","isPartOf":{"@id":"https:\/\/collectin.eu\/#website"},"primaryImageOfPage":{"@id":"https:\/\/collectin.eu\/produktas\/violet-ex-booster\/#primaryimage"},"image":{"@id":"https:\/\/collectin.eu\/produktas\/violet-ex-booster\/#primaryimage"},"thumbnailUrl":"https:\/\/collectin.eu\/wp-content\/uploads\/2025\/12\/Untitled-design-31-1.png","datePublished":"2025-12-18T20:47:18+00:00","dateModified":"2026-04-08T10:28:46+00:00","breadcrumb":{"@id":"https:\/\/collectin.eu\/produktas\/violet-ex-booster\/#breadcrumb"},"inLanguage":"en-US","potentialAction":[{"@type":"ReadAction","target":["https:\/\/collectin.eu\/produktas\/violet-ex-booster\/"]}]},{"@type":"ImageObject","inLanguage":"en-US","@id":"https:\/\/collectin.eu\/produktas\/violet-ex-booster\/#primaryimage","url":"https:\/\/collectin.eu\/wp-content\/uploads\/2025\/12\/Untitled-design-31-1.png","contentUrl":"https:\/\/collectin.eu\/wp-content\/uploads\/2025\/12\/Untitled-design-31-1.png","width":1080,"height":1080},{"@type":"BreadcrumbList","@id":"https:\/\/collectin.eu\/produktas\/violet-ex-booster\/#breadcrumb","itemListElement":[{"@type":"ListItem","position":1,"name":"Home","item":"https:\/\/collectin.eu\/"},{"@type":"ListItem","position":2,"name":"Parduotuv\u0117","item":"https:\/\/collectin.eu\/parduotuve\/"},{"@type":"ListItem","position":3,"name":"Violet ex Booster"}]},{"@type":"WebSite","@id":"https:\/\/collectin.eu\/#website","url":"https:\/\/collectin.eu\/","name":"Collectin.eu","description":"","potentialAction":[{"@type":"SearchAction","target":{"@type":"EntryPoint","urlTemplate":"https:\/\/collectin.eu\/?s={search_term_string}"},"query-input":{"@type":"PropertyValueSpecification","valueRequired":true,"valueName":"search_term_string"}}],"inLanguage":"en-US"}]}},"jetpack_sharing_enabled":true,"_links":{"self":[{"href":"https:\/\/collectin.eu\/en\/wp-json\/wp\/v2\/product\/38495","targetHints":{"allow":["GET"]}}],"collection":[{"href":"https:\/\/collectin.eu\/en\/wp-json\/wp\/v2\/product"}],"about":[{"href":"https:\/\/collectin.eu\/en\/wp-json\/wp\/v2\/types\/product"}],"replies":[{"embeddable":true,"href":"https:\/\/collectin.eu\/en\/wp-json\/wp\/v2\/comments?post=38495"}],"version-history":[{"count":3,"href":"https:\/\/collectin.eu\/en\/wp-json\/wp\/v2\/product\/38495\/revisions"}],"predecessor-version":[{"id":40259,"href":"https:\/\/collectin.eu\/en\/wp-json\/wp\/v2\/product\/38495\/revisions\/40259"}],"wp:featuredmedia":[{"embeddable":true,"href":"https:\/\/collectin.eu\/en\/wp-json\/wp\/v2\/media\/38496"}],"wp:attachment":[{"href":"https:\/\/collectin.eu\/en\/wp-json\/wp\/v2\/media?parent=38495"}],"wp:term":[{"taxonomy":"product_brand","embeddable":true,"href":"https:\/\/collectin.eu\/en\/wp-json\/wp\/v2\/product_brand?post=38495"},{"taxonomy":"product_cat","embeddable":true,"href":"https:\/\/collectin.eu\/en\/wp-json\/wp\/v2\/product_cat?post=38495"},{"taxonomy":"product_tag","embeddable":true,"href":"https:\/\/collectin.eu\/en\/wp-json\/wp\/v2\/product_tag?post=38495"}],"curies":[{"name":"wp","href":"https:\/\/api.w.org\/{rel}","templated":true}]}}