{"id":38499,"date":"2025-12-18T20:55:02","date_gmt":"2025-12-18T20:55:02","guid":{"rendered":"https:\/\/collectin.eu\/?post_type=product&#038;p=38499"},"modified":"2026-04-08T10:28:45","modified_gmt":"2026-04-08T10:28:45","slug":"triplet-beat-booster","status":"publish","type":"product","link":"https:\/\/collectin.eu\/en\/product\/triplet-beat-booster\/","title":{"rendered":"Triplet Beat Booster"},"content":{"rendered":"<p>Triplet Beat Booster yra japoni\u0161ko \u201ePok\u00e9mon TCG: Scarlet &amp; Violet\u201c serijos papildomas booster pakas (sv1a), skirtas kort\u0173 kolekcionavimui ir \u017eaidimui. Kiekviename pakelyje rasite penkias atsitiktines \u201ePok\u00e9mon\u201c kortas, tarp kuri\u0173 gali pasitaikyti ret\u0173, holografini\u0173 ar kit\u0173 ypating\u0173 kort\u0173, \u012fskaitant trimis startiniais Pok\u00e9mon \u2013 Meowscarada ex, Skeledirge ex ir Quaquaval ex \u2013 susijusias kortas. \u0160is booster pakas leid\u017eia \u017eaid\u0117jams pl\u0117sti savo kolekcij\u0105, kurti strategines kort\u0173 kombinacijas \u017eaidimui arba tiesiog kaupti retas ir gra\u017eiai iliustruotas kortas. Triplet Beat Booster yra ypatingai populiarus tarp \u017eaid\u0117j\u0173 ir kolekcionieri\u0173, norin\u010di\u0173 prapl\u0117sti savo kolekcij\u0105 su unikaliomis japoni\u0161ko leidimo kortomis ir tur\u0117ti galimyb\u0119 atrasti ret\u0173 kort\u0173, kurios skiriasi nuo vakarie\u010di\u0173 leidim\u0173. Booster pakai parduodami individualiai arba d\u0117\u017eut\u0117se po 30 pakeli\u0173, suteikian\u010di\u0173 dar daugiau galimybi\u0173 atrasti ypatingas kortas ir praturtinti savo Pok\u00e9mon TCG kolekcij\u0105.<\/p>","protected":false},"excerpt":{"rendered":"<p>Triplet Beat Booster yra japoni\u0161ko \u201ePok\u00e9mon TCG: Scarlet &amp; Violet\u201c serijos papildomas booster pakas (sv1a), skirtas kort\u0173 kolekcionavimui ir \u017eaidimui.<\/p>","protected":false},"featured_media":38500,"comment_status":"open","ping_status":"closed","template":"","meta":[],"product_brand":[430],"product_cat":[679,407,500],"product_tag":[],"class_list":{"0":"post-38499","1":"product","2":"type-product","3":"status-publish","4":"has-post-thumbnail","6":"product_brand-pokemon","7":"product_cat-kolekcines-korteles","8":"product_cat-pokemon","9":"product_cat-pokemon-boosters","11":"first","12":"instock","13":"taxable","14":"shipping-taxable","15":"purchasable","16":"product-type-simple"},"yoast_head":"<!-- This site is optimized with the Yoast SEO plugin v25.9 - https:\/\/yoast.com\/wordpress\/plugins\/seo\/ -->\n<title>Triplet Beat Booster - Collectin.eu<\/title>\n<meta name=\"robots\" content=\"index, follow, max-snippet:-1, max-image-preview:large, max-video-preview:-1\" \/>\n<link rel=\"canonical\" href=\"https:\/\/collectin.eu\/en\/product\/triplet-beat-booster\/\" \/>\n<meta property=\"og:locale\" content=\"en_US\" \/>\n<meta property=\"og:type\" content=\"article\" \/>\n<meta property=\"og:title\" content=\"Triplet Beat Booster - Collectin.eu\" \/>\n<meta property=\"og:description\" content=\"Triplet Beat Booster yra japoni\u0161ko \u201ePok\u00e9mon TCG: Scarlet &amp; Violet\u201c serijos papildomas booster pakas (sv1a), skirtas kort\u0173 kolekcionavimui ir \u017eaidimui.\" \/>\n<meta property=\"og:url\" content=\"https:\/\/collectin.eu\/en\/product\/triplet-beat-booster\/\" \/>\n<meta property=\"og:site_name\" content=\"Collectin.eu\" \/>\n<meta property=\"article:modified_time\" content=\"2026-04-08T10:28:45+00:00\" \/>\n<meta property=\"og:image\" content=\"http:\/\/collectin.eu\/wp-content\/uploads\/2025\/12\/Untitled-design-32-1.png\" \/>\n\t<meta property=\"og:image:width\" content=\"1080\" \/>\n\t<meta property=\"og:image:height\" content=\"1080\" \/>\n\t<meta property=\"og:image:type\" content=\"image\/png\" \/>\n<meta name=\"twitter:card\" content=\"summary_large_image\" \/>\n<meta name=\"twitter:label1\" content=\"Est. reading time\" \/>\n\t<meta name=\"twitter:data1\" content=\"1 minute\" \/>\n<script type=\"application\/ld+json\" class=\"yoast-schema-graph\">{\"@context\":\"https:\/\/schema.org\",\"@graph\":[{\"@type\":\"WebPage\",\"@id\":\"https:\/\/collectin.eu\/produktas\/triplet-beat-booster\/\",\"url\":\"https:\/\/collectin.eu\/produktas\/triplet-beat-booster\/\",\"name\":\"Triplet Beat Booster - Collectin.eu\",\"isPartOf\":{\"@id\":\"https:\/\/collectin.eu\/#website\"},\"primaryImageOfPage\":{\"@id\":\"https:\/\/collectin.eu\/produktas\/triplet-beat-booster\/#primaryimage\"},\"image\":{\"@id\":\"https:\/\/collectin.eu\/produktas\/triplet-beat-booster\/#primaryimage\"},\"thumbnailUrl\":\"https:\/\/collectin.eu\/wp-content\/uploads\/2025\/12\/Untitled-design-32-1.png\",\"datePublished\":\"2025-12-18T20:55:02+00:00\",\"dateModified\":\"2026-04-08T10:28:45+00:00\",\"breadcrumb\":{\"@id\":\"https:\/\/collectin.eu\/produktas\/triplet-beat-booster\/#breadcrumb\"},\"inLanguage\":\"en-US\",\"potentialAction\":[{\"@type\":\"ReadAction\",\"target\":[\"https:\/\/collectin.eu\/produktas\/triplet-beat-booster\/\"]}]},{\"@type\":\"ImageObject\",\"inLanguage\":\"en-US\",\"@id\":\"https:\/\/collectin.eu\/produktas\/triplet-beat-booster\/#primaryimage\",\"url\":\"https:\/\/collectin.eu\/wp-content\/uploads\/2025\/12\/Untitled-design-32-1.png\",\"contentUrl\":\"https:\/\/collectin.eu\/wp-content\/uploads\/2025\/12\/Untitled-design-32-1.png\",\"width\":1080,\"height\":1080},{\"@type\":\"BreadcrumbList\",\"@id\":\"https:\/\/collectin.eu\/produktas\/triplet-beat-booster\/#breadcrumb\",\"itemListElement\":[{\"@type\":\"ListItem\",\"position\":1,\"name\":\"Home\",\"item\":\"https:\/\/collectin.eu\/\"},{\"@type\":\"ListItem\",\"position\":2,\"name\":\"Parduotuv\u0117\",\"item\":\"https:\/\/collectin.eu\/parduotuve\/\"},{\"@type\":\"ListItem\",\"position\":3,\"name\":\"Triplet Beat Booster\"}]},{\"@type\":\"WebSite\",\"@id\":\"https:\/\/collectin.eu\/#website\",\"url\":\"https:\/\/collectin.eu\/\",\"name\":\"Collectin.eu\",\"description\":\"\",\"potentialAction\":[{\"@type\":\"SearchAction\",\"target\":{\"@type\":\"EntryPoint\",\"urlTemplate\":\"https:\/\/collectin.eu\/?s={search_term_string}\"},\"query-input\":{\"@type\":\"PropertyValueSpecification\",\"valueRequired\":true,\"valueName\":\"search_term_string\"}}],\"inLanguage\":\"en-US\"}]}<\/script>\n<!-- \/ Yoast SEO plugin. -->","yoast_head_json":{"title":"Triplet Beat Booster - Collectin.eu","robots":{"index":"index","follow":"follow","max-snippet":"max-snippet:-1","max-image-preview":"max-image-preview:large","max-video-preview":"max-video-preview:-1"},"canonical":"https:\/\/collectin.eu\/en\/product\/triplet-beat-booster\/","og_locale":"en_US","og_type":"article","og_title":"Triplet Beat Booster - Collectin.eu","og_description":"Triplet Beat Booster yra japoni\u0161ko \u201ePok\u00e9mon TCG: Scarlet &amp; Violet\u201c serijos papildomas booster pakas (sv1a), skirtas kort\u0173 kolekcionavimui ir \u017eaidimui.","og_url":"https:\/\/collectin.eu\/en\/product\/triplet-beat-booster\/","og_site_name":"Collectin.eu","article_modified_time":"2026-04-08T10:28:45+00:00","og_image":[{"width":1080,"height":1080,"url":"http:\/\/collectin.eu\/wp-content\/uploads\/2025\/12\/Untitled-design-32-1.png","type":"image\/png"}],"twitter_card":"summary_large_image","twitter_misc":{"Est. reading time":"1 minute"},"schema":{"@context":"https:\/\/schema.org","@graph":[{"@type":"WebPage","@id":"https:\/\/collectin.eu\/produktas\/triplet-beat-booster\/","url":"https:\/\/collectin.eu\/produktas\/triplet-beat-booster\/","name":"Triplet Beat Booster - Collectin.eu","isPartOf":{"@id":"https:\/\/collectin.eu\/#website"},"primaryImageOfPage":{"@id":"https:\/\/collectin.eu\/produktas\/triplet-beat-booster\/#primaryimage"},"image":{"@id":"https:\/\/collectin.eu\/produktas\/triplet-beat-booster\/#primaryimage"},"thumbnailUrl":"https:\/\/collectin.eu\/wp-content\/uploads\/2025\/12\/Untitled-design-32-1.png","datePublished":"2025-12-18T20:55:02+00:00","dateModified":"2026-04-08T10:28:45+00:00","breadcrumb":{"@id":"https:\/\/collectin.eu\/produktas\/triplet-beat-booster\/#breadcrumb"},"inLanguage":"en-US","potentialAction":[{"@type":"ReadAction","target":["https:\/\/collectin.eu\/produktas\/triplet-beat-booster\/"]}]},{"@type":"ImageObject","inLanguage":"en-US","@id":"https:\/\/collectin.eu\/produktas\/triplet-beat-booster\/#primaryimage","url":"https:\/\/collectin.eu\/wp-content\/uploads\/2025\/12\/Untitled-design-32-1.png","contentUrl":"https:\/\/collectin.eu\/wp-content\/uploads\/2025\/12\/Untitled-design-32-1.png","width":1080,"height":1080},{"@type":"BreadcrumbList","@id":"https:\/\/collectin.eu\/produktas\/triplet-beat-booster\/#breadcrumb","itemListElement":[{"@type":"ListItem","position":1,"name":"Home","item":"https:\/\/collectin.eu\/"},{"@type":"ListItem","position":2,"name":"Parduotuv\u0117","item":"https:\/\/collectin.eu\/parduotuve\/"},{"@type":"ListItem","position":3,"name":"Triplet Beat Booster"}]},{"@type":"WebSite","@id":"https:\/\/collectin.eu\/#website","url":"https:\/\/collectin.eu\/","name":"Collectin.eu","description":"","potentialAction":[{"@type":"SearchAction","target":{"@type":"EntryPoint","urlTemplate":"https:\/\/collectin.eu\/?s={search_term_string}"},"query-input":{"@type":"PropertyValueSpecification","valueRequired":true,"valueName":"search_term_string"}}],"inLanguage":"en-US"}]}},"jetpack_sharing_enabled":true,"_links":{"self":[{"href":"https:\/\/collectin.eu\/en\/wp-json\/wp\/v2\/product\/38499","targetHints":{"allow":["GET"]}}],"collection":[{"href":"https:\/\/collectin.eu\/en\/wp-json\/wp\/v2\/product"}],"about":[{"href":"https:\/\/collectin.eu\/en\/wp-json\/wp\/v2\/types\/product"}],"replies":[{"embeddable":true,"href":"https:\/\/collectin.eu\/en\/wp-json\/wp\/v2\/comments?post=38499"}],"version-history":[{"count":3,"href":"https:\/\/collectin.eu\/en\/wp-json\/wp\/v2\/product\/38499\/revisions"}],"predecessor-version":[{"id":40260,"href":"https:\/\/collectin.eu\/en\/wp-json\/wp\/v2\/product\/38499\/revisions\/40260"}],"wp:featuredmedia":[{"embeddable":true,"href":"https:\/\/collectin.eu\/en\/wp-json\/wp\/v2\/media\/38500"}],"wp:attachment":[{"href":"https:\/\/collectin.eu\/en\/wp-json\/wp\/v2\/media?parent=38499"}],"wp:term":[{"taxonomy":"product_brand","embeddable":true,"href":"https:\/\/collectin.eu\/en\/wp-json\/wp\/v2\/product_brand?post=38499"},{"taxonomy":"product_cat","embeddable":true,"href":"https:\/\/collectin.eu\/en\/wp-json\/wp\/v2\/product_cat?post=38499"},{"taxonomy":"product_tag","embeddable":true,"href":"https:\/\/collectin.eu\/en\/wp-json\/wp\/v2\/product_tag?post=38499"}],"curies":[{"name":"wp","href":"https:\/\/api.w.org\/{rel}","templated":true}]}}