{"id":38503,"date":"2025-12-18T20:58:01","date_gmt":"2025-12-18T20:58:01","guid":{"rendered":"https:\/\/collectin.eu\/?post_type=product&#038;p=38503"},"modified":"2026-04-08T10:28:45","modified_gmt":"2026-04-08T10:28:45","slug":"snow-hazard-booster","status":"publish","type":"product","link":"https:\/\/collectin.eu\/en\/product\/snow-hazard-booster\/","title":{"rendered":"Snow Hazard Booster"},"content":{"rendered":"<p>Snow Hazard Booster yra japoni\u0161ko \u201ePok\u00e9mon TCG: Scarlet &amp; Violet\u201c serijos (\u201eSV2P\u201c) papildomas booster pakas, skirtas tiek kort\u0173 kolekcionieriams, tiek aktyviems \u017eaid\u0117jams, norintiems prapl\u0117sti savo kort\u0173 rinkin\u012f ir atrasti retas bei ypatingas kortas. Kiekviename pakelyje yra penkios atsitiktin\u0117s \u201ePok\u00e9mon\u201c kortos i\u0161 Snow Hazard serijos, kurios i\u0161siskiria ledo ir sniego tematika bei dizainu, atspindin\u010diu Paldea regiono Pok\u00e9monus. \u0160i serija ypatingai akcentuoja stipri\u0173 ir populiari\u0173 Pok\u00e9mon kort\u0173, toki\u0173 kaip Chien\u2011Pao ex, \u012ftraukim\u0105, ta\u010diau taip pat galima rasti \u012fvairi\u0173 retum\u0173 kortas, \u012fskaitant holografines, art rare, secret rare ir kitas i\u0161skirtines versijas, tod\u0117l kiekvieno pakelio atidarymas suteikia papildom\u0105 azarto element\u0105 kolekcionuojant.<\/p>","protected":false},"excerpt":{"rendered":"<p>Snow Hazard Booster yra japoni\u0161ko \u201ePok\u00e9mon TCG: Scarlet &amp; Violet\u201c serijos (\u201eSV2P\u201c) papildomas booster pakas, skirtas tiek kort\u0173 kolekcionieriams, tiek<\/p>","protected":false},"featured_media":38504,"comment_status":"open","ping_status":"closed","template":"","meta":[],"product_brand":[430],"product_cat":[679,407,500],"product_tag":[],"class_list":{"0":"post-38503","1":"product","2":"type-product","3":"status-publish","4":"has-post-thumbnail","6":"product_brand-pokemon","7":"product_cat-kolekcines-korteles","8":"product_cat-pokemon","9":"product_cat-pokemon-boosters","11":"first","12":"instock","13":"taxable","14":"shipping-taxable","15":"purchasable","16":"product-type-simple"},"yoast_head":"<!-- This site is optimized with the Yoast SEO plugin v25.9 - https:\/\/yoast.com\/wordpress\/plugins\/seo\/ -->\n<title>Snow Hazard Booster - Collectin.eu<\/title>\n<meta name=\"description\" content=\"Snow Hazard Booster yra japoni\u0161ko \u201ePok\u00e9mon TCG: Scarlet &amp; Violet\u201c serijos (\u201eSV2P\u201c) papildomas booster pakas, skirtas kort\u0173 kolekcionavimui ir \u017eaidimui.\" \/>\n<meta name=\"robots\" content=\"index, follow, max-snippet:-1, max-image-preview:large, max-video-preview:-1\" \/>\n<link rel=\"canonical\" href=\"https:\/\/collectin.eu\/en\/product\/snow-hazard-booster\/\" \/>\n<meta property=\"og:locale\" content=\"en_US\" \/>\n<meta property=\"og:type\" content=\"article\" \/>\n<meta property=\"og:title\" content=\"Snow Hazard Booster - Collectin.eu\" \/>\n<meta property=\"og:description\" content=\"Snow Hazard Booster yra japoni\u0161ko \u201ePok\u00e9mon TCG: Scarlet &amp; Violet\u201c serijos (\u201eSV2P\u201c) papildomas booster pakas, skirtas kort\u0173 kolekcionavimui ir \u017eaidimui.\" \/>\n<meta property=\"og:url\" content=\"https:\/\/collectin.eu\/en\/product\/snow-hazard-booster\/\" \/>\n<meta property=\"og:site_name\" content=\"Collectin.eu\" \/>\n<meta property=\"article:modified_time\" content=\"2026-04-08T10:28:45+00:00\" \/>\n<meta property=\"og:image\" content=\"http:\/\/collectin.eu\/wp-content\/uploads\/2025\/12\/Untitled-design-33-1.png\" \/>\n\t<meta property=\"og:image:width\" content=\"1080\" \/>\n\t<meta property=\"og:image:height\" content=\"1080\" \/>\n\t<meta property=\"og:image:type\" content=\"image\/png\" \/>\n<meta name=\"twitter:card\" content=\"summary_large_image\" \/>\n<meta name=\"twitter:label1\" content=\"Est. reading time\" \/>\n\t<meta name=\"twitter:data1\" content=\"1 minute\" \/>\n<script type=\"application\/ld+json\" class=\"yoast-schema-graph\">{\"@context\":\"https:\/\/schema.org\",\"@graph\":[{\"@type\":\"WebPage\",\"@id\":\"https:\/\/collectin.eu\/produktas\/snow-hazard-booster\/\",\"url\":\"https:\/\/collectin.eu\/produktas\/snow-hazard-booster\/\",\"name\":\"Snow Hazard Booster - Collectin.eu\",\"isPartOf\":{\"@id\":\"https:\/\/collectin.eu\/#website\"},\"primaryImageOfPage\":{\"@id\":\"https:\/\/collectin.eu\/produktas\/snow-hazard-booster\/#primaryimage\"},\"image\":{\"@id\":\"https:\/\/collectin.eu\/produktas\/snow-hazard-booster\/#primaryimage\"},\"thumbnailUrl\":\"https:\/\/collectin.eu\/wp-content\/uploads\/2025\/12\/Untitled-design-33-1.png\",\"datePublished\":\"2025-12-18T20:58:01+00:00\",\"dateModified\":\"2026-04-08T10:28:45+00:00\",\"description\":\"Snow Hazard Booster yra japoni\u0161ko \u201ePok\u00e9mon TCG: Scarlet & Violet\u201c serijos (\u201eSV2P\u201c) papildomas booster pakas, skirtas kort\u0173 kolekcionavimui ir \u017eaidimui.\",\"breadcrumb\":{\"@id\":\"https:\/\/collectin.eu\/produktas\/snow-hazard-booster\/#breadcrumb\"},\"inLanguage\":\"en-US\",\"potentialAction\":[{\"@type\":\"ReadAction\",\"target\":[\"https:\/\/collectin.eu\/produktas\/snow-hazard-booster\/\"]}]},{\"@type\":\"ImageObject\",\"inLanguage\":\"en-US\",\"@id\":\"https:\/\/collectin.eu\/produktas\/snow-hazard-booster\/#primaryimage\",\"url\":\"https:\/\/collectin.eu\/wp-content\/uploads\/2025\/12\/Untitled-design-33-1.png\",\"contentUrl\":\"https:\/\/collectin.eu\/wp-content\/uploads\/2025\/12\/Untitled-design-33-1.png\",\"width\":1080,\"height\":1080},{\"@type\":\"BreadcrumbList\",\"@id\":\"https:\/\/collectin.eu\/produktas\/snow-hazard-booster\/#breadcrumb\",\"itemListElement\":[{\"@type\":\"ListItem\",\"position\":1,\"name\":\"Home\",\"item\":\"https:\/\/collectin.eu\/\"},{\"@type\":\"ListItem\",\"position\":2,\"name\":\"Parduotuv\u0117\",\"item\":\"https:\/\/collectin.eu\/parduotuve\/\"},{\"@type\":\"ListItem\",\"position\":3,\"name\":\"Snow Hazard Booster\"}]},{\"@type\":\"WebSite\",\"@id\":\"https:\/\/collectin.eu\/#website\",\"url\":\"https:\/\/collectin.eu\/\",\"name\":\"Collectin.eu\",\"description\":\"\",\"potentialAction\":[{\"@type\":\"SearchAction\",\"target\":{\"@type\":\"EntryPoint\",\"urlTemplate\":\"https:\/\/collectin.eu\/?s={search_term_string}\"},\"query-input\":{\"@type\":\"PropertyValueSpecification\",\"valueRequired\":true,\"valueName\":\"search_term_string\"}}],\"inLanguage\":\"en-US\"}]}<\/script>\n<!-- \/ Yoast SEO plugin. -->","yoast_head_json":{"title":"Snow Hazard Booster - Collectin.eu","description":"Snow Hazard Booster yra japoni\u0161ko \u201ePok\u00e9mon TCG: Scarlet & Violet\u201c serijos (\u201eSV2P\u201c) papildomas booster pakas, skirtas kort\u0173 kolekcionavimui ir \u017eaidimui.","robots":{"index":"index","follow":"follow","max-snippet":"max-snippet:-1","max-image-preview":"max-image-preview:large","max-video-preview":"max-video-preview:-1"},"canonical":"https:\/\/collectin.eu\/en\/product\/snow-hazard-booster\/","og_locale":"en_US","og_type":"article","og_title":"Snow Hazard Booster - Collectin.eu","og_description":"Snow Hazard Booster yra japoni\u0161ko \u201ePok\u00e9mon TCG: Scarlet & Violet\u201c serijos (\u201eSV2P\u201c) papildomas booster pakas, skirtas kort\u0173 kolekcionavimui ir \u017eaidimui.","og_url":"https:\/\/collectin.eu\/en\/product\/snow-hazard-booster\/","og_site_name":"Collectin.eu","article_modified_time":"2026-04-08T10:28:45+00:00","og_image":[{"width":1080,"height":1080,"url":"http:\/\/collectin.eu\/wp-content\/uploads\/2025\/12\/Untitled-design-33-1.png","type":"image\/png"}],"twitter_card":"summary_large_image","twitter_misc":{"Est. reading time":"1 minute"},"schema":{"@context":"https:\/\/schema.org","@graph":[{"@type":"WebPage","@id":"https:\/\/collectin.eu\/produktas\/snow-hazard-booster\/","url":"https:\/\/collectin.eu\/produktas\/snow-hazard-booster\/","name":"Snow Hazard Booster - Collectin.eu","isPartOf":{"@id":"https:\/\/collectin.eu\/#website"},"primaryImageOfPage":{"@id":"https:\/\/collectin.eu\/produktas\/snow-hazard-booster\/#primaryimage"},"image":{"@id":"https:\/\/collectin.eu\/produktas\/snow-hazard-booster\/#primaryimage"},"thumbnailUrl":"https:\/\/collectin.eu\/wp-content\/uploads\/2025\/12\/Untitled-design-33-1.png","datePublished":"2025-12-18T20:58:01+00:00","dateModified":"2026-04-08T10:28:45+00:00","description":"Snow Hazard Booster yra japoni\u0161ko \u201ePok\u00e9mon TCG: Scarlet & Violet\u201c serijos (\u201eSV2P\u201c) papildomas booster pakas, skirtas kort\u0173 kolekcionavimui ir \u017eaidimui.","breadcrumb":{"@id":"https:\/\/collectin.eu\/produktas\/snow-hazard-booster\/#breadcrumb"},"inLanguage":"en-US","potentialAction":[{"@type":"ReadAction","target":["https:\/\/collectin.eu\/produktas\/snow-hazard-booster\/"]}]},{"@type":"ImageObject","inLanguage":"en-US","@id":"https:\/\/collectin.eu\/produktas\/snow-hazard-booster\/#primaryimage","url":"https:\/\/collectin.eu\/wp-content\/uploads\/2025\/12\/Untitled-design-33-1.png","contentUrl":"https:\/\/collectin.eu\/wp-content\/uploads\/2025\/12\/Untitled-design-33-1.png","width":1080,"height":1080},{"@type":"BreadcrumbList","@id":"https:\/\/collectin.eu\/produktas\/snow-hazard-booster\/#breadcrumb","itemListElement":[{"@type":"ListItem","position":1,"name":"Home","item":"https:\/\/collectin.eu\/"},{"@type":"ListItem","position":2,"name":"Parduotuv\u0117","item":"https:\/\/collectin.eu\/parduotuve\/"},{"@type":"ListItem","position":3,"name":"Snow Hazard Booster"}]},{"@type":"WebSite","@id":"https:\/\/collectin.eu\/#website","url":"https:\/\/collectin.eu\/","name":"Collectin.eu","description":"","potentialAction":[{"@type":"SearchAction","target":{"@type":"EntryPoint","urlTemplate":"https:\/\/collectin.eu\/?s={search_term_string}"},"query-input":{"@type":"PropertyValueSpecification","valueRequired":true,"valueName":"search_term_string"}}],"inLanguage":"en-US"}]}},"jetpack_sharing_enabled":true,"_links":{"self":[{"href":"https:\/\/collectin.eu\/en\/wp-json\/wp\/v2\/product\/38503","targetHints":{"allow":["GET"]}}],"collection":[{"href":"https:\/\/collectin.eu\/en\/wp-json\/wp\/v2\/product"}],"about":[{"href":"https:\/\/collectin.eu\/en\/wp-json\/wp\/v2\/types\/product"}],"replies":[{"embeddable":true,"href":"https:\/\/collectin.eu\/en\/wp-json\/wp\/v2\/comments?post=38503"}],"version-history":[{"count":3,"href":"https:\/\/collectin.eu\/en\/wp-json\/wp\/v2\/product\/38503\/revisions"}],"predecessor-version":[{"id":40261,"href":"https:\/\/collectin.eu\/en\/wp-json\/wp\/v2\/product\/38503\/revisions\/40261"}],"wp:featuredmedia":[{"embeddable":true,"href":"https:\/\/collectin.eu\/en\/wp-json\/wp\/v2\/media\/38504"}],"wp:attachment":[{"href":"https:\/\/collectin.eu\/en\/wp-json\/wp\/v2\/media?parent=38503"}],"wp:term":[{"taxonomy":"product_brand","embeddable":true,"href":"https:\/\/collectin.eu\/en\/wp-json\/wp\/v2\/product_brand?post=38503"},{"taxonomy":"product_cat","embeddable":true,"href":"https:\/\/collectin.eu\/en\/wp-json\/wp\/v2\/product_cat?post=38503"},{"taxonomy":"product_tag","embeddable":true,"href":"https:\/\/collectin.eu\/en\/wp-json\/wp\/v2\/product_tag?post=38503"}],"curies":[{"name":"wp","href":"https:\/\/api.w.org\/{rel}","templated":true}]}}