{"id":38511,"date":"2025-12-18T21:04:20","date_gmt":"2025-12-18T21:04:20","guid":{"rendered":"https:\/\/collectin.eu\/?post_type=product&#038;p=38511"},"modified":"2026-04-08T10:28:44","modified_gmt":"2026-04-08T10:28:44","slug":"ancient-roar-booster","status":"publish","type":"product","link":"https:\/\/collectin.eu\/en\/product\/ancient-roar-booster\/","title":{"rendered":"Ancient Roar Booster"},"content":{"rendered":"<p>Ancient Roar Booster yra japoni\u0161ko \u201ePok\u00e9mon TCG: Scarlet &amp; Violet\u201c serijos papildomas booster pakas, skirtas tiek kort\u0173 kolekcionieriams, tiek \u017eaid\u0117jams, norintiems prapl\u0117sti savo Pok\u00e9mon kort\u0173 rinkin\u012f su unikaliais Japonijos leidimo leidiniais. Kiekviename pakelyje yra penkios atsitiktin\u0117s kortos, kurios gali b\u016bti \u012fvairi\u0173 retum\u0173 \u2013 nuo bendr\u0173 ir ne\u012fprast\u0173 iki ret\u0173 EX, Art Rare ar Secret Rare kort\u0173 su i\u0161skirtin\u0117mis iliustracijomis, \u012fskaitant populiarius Pok\u00e9monus, tokius kaip Roaring Moon ex ir kitus senovinius bei galingus Pok\u00e9monus. Booster pakai suteikia galimyb\u0119 \u017eaid\u0117jams atrasti retas kortas, kurti naujas strategines kort\u0173 kombinacijas, eksperimentuoti su \u012fvairiomis \u017eaidimo taktikomis ir praturtinti savo kolekcij\u0105.<\/p>","protected":false},"excerpt":{"rendered":"<p>Ancient Roar Booster yra japoni\u0161ko \u201ePok\u00e9mon TCG: Scarlet &amp; Violet\u201c serijos papildomas booster pakas, skirtas tiek kort\u0173 kolekcionieriams, tiek \u017eaid\u0117jams,<\/p>","protected":false},"featured_media":38512,"comment_status":"open","ping_status":"closed","template":"","meta":[],"product_brand":[430],"product_cat":[679,407,500],"product_tag":[],"class_list":{"0":"post-38511","1":"product","2":"type-product","3":"status-publish","4":"has-post-thumbnail","6":"product_brand-pokemon","7":"product_cat-kolekcines-korteles","8":"product_cat-pokemon","9":"product_cat-pokemon-boosters","11":"first","12":"instock","13":"taxable","14":"shipping-taxable","15":"purchasable","16":"product-type-simple"},"yoast_head":"<!-- This site is optimized with the Yoast SEO plugin v25.9 - https:\/\/yoast.com\/wordpress\/plugins\/seo\/ -->\n<title>Ancient Roar Booster - Collectin.eu<\/title>\n<meta name=\"description\" content=\"Ancient Roar Booster yra japoni\u0161ko \u201ePok\u00e9mon TCG: Scarlet &amp; Violet\u201c serijos papildomas booster pakas, skirtas tiek kort\u0173 kolekcionieriams, tiek \u017eaid\u0117jams, norintiems prapl\u0117sti savo Pok\u00e9mon kort\u0173 rinkin\u012f su unikaliais Japonijos leidimo leidiniais.\" \/>\n<meta name=\"robots\" content=\"index, follow, max-snippet:-1, max-image-preview:large, max-video-preview:-1\" \/>\n<link rel=\"canonical\" href=\"https:\/\/collectin.eu\/en\/product\/ancient-roar-booster\/\" \/>\n<meta property=\"og:locale\" content=\"en_US\" \/>\n<meta property=\"og:type\" content=\"article\" \/>\n<meta property=\"og:title\" content=\"Ancient Roar Booster - Collectin.eu\" \/>\n<meta property=\"og:description\" content=\"Ancient Roar Booster yra japoni\u0161ko \u201ePok\u00e9mon TCG: Scarlet &amp; Violet\u201c serijos papildomas booster pakas, skirtas tiek kort\u0173 kolekcionieriams, tiek \u017eaid\u0117jams, norintiems prapl\u0117sti savo Pok\u00e9mon kort\u0173 rinkin\u012f su unikaliais Japonijos leidimo leidiniais.\" \/>\n<meta property=\"og:url\" content=\"https:\/\/collectin.eu\/en\/product\/ancient-roar-booster\/\" \/>\n<meta property=\"og:site_name\" content=\"Collectin.eu\" \/>\n<meta property=\"article:modified_time\" content=\"2026-04-08T10:28:44+00:00\" \/>\n<meta property=\"og:image\" content=\"http:\/\/collectin.eu\/wp-content\/uploads\/2025\/12\/Untitled-design-35-1.png\" \/>\n\t<meta property=\"og:image:width\" content=\"1080\" \/>\n\t<meta property=\"og:image:height\" content=\"1080\" \/>\n\t<meta property=\"og:image:type\" content=\"image\/png\" \/>\n<meta name=\"twitter:card\" content=\"summary_large_image\" \/>\n<meta name=\"twitter:label1\" content=\"Est. reading time\" \/>\n\t<meta name=\"twitter:data1\" content=\"1 minute\" \/>\n<script type=\"application\/ld+json\" class=\"yoast-schema-graph\">{\"@context\":\"https:\/\/schema.org\",\"@graph\":[{\"@type\":\"WebPage\",\"@id\":\"https:\/\/collectin.eu\/produktas\/ancient-roar-booster\/\",\"url\":\"https:\/\/collectin.eu\/produktas\/ancient-roar-booster\/\",\"name\":\"Ancient Roar Booster - Collectin.eu\",\"isPartOf\":{\"@id\":\"https:\/\/collectin.eu\/#website\"},\"primaryImageOfPage\":{\"@id\":\"https:\/\/collectin.eu\/produktas\/ancient-roar-booster\/#primaryimage\"},\"image\":{\"@id\":\"https:\/\/collectin.eu\/produktas\/ancient-roar-booster\/#primaryimage\"},\"thumbnailUrl\":\"https:\/\/collectin.eu\/wp-content\/uploads\/2025\/12\/Untitled-design-35-1.png\",\"datePublished\":\"2025-12-18T21:04:20+00:00\",\"dateModified\":\"2026-04-08T10:28:44+00:00\",\"description\":\"Ancient Roar Booster yra japoni\u0161ko \u201ePok\u00e9mon TCG: Scarlet & Violet\u201c serijos papildomas booster pakas, skirtas tiek kort\u0173 kolekcionieriams, tiek \u017eaid\u0117jams, norintiems prapl\u0117sti savo Pok\u00e9mon kort\u0173 rinkin\u012f su unikaliais Japonijos leidimo leidiniais.\",\"breadcrumb\":{\"@id\":\"https:\/\/collectin.eu\/produktas\/ancient-roar-booster\/#breadcrumb\"},\"inLanguage\":\"en-US\",\"potentialAction\":[{\"@type\":\"ReadAction\",\"target\":[\"https:\/\/collectin.eu\/produktas\/ancient-roar-booster\/\"]}]},{\"@type\":\"ImageObject\",\"inLanguage\":\"en-US\",\"@id\":\"https:\/\/collectin.eu\/produktas\/ancient-roar-booster\/#primaryimage\",\"url\":\"https:\/\/collectin.eu\/wp-content\/uploads\/2025\/12\/Untitled-design-35-1.png\",\"contentUrl\":\"https:\/\/collectin.eu\/wp-content\/uploads\/2025\/12\/Untitled-design-35-1.png\",\"width\":1080,\"height\":1080},{\"@type\":\"BreadcrumbList\",\"@id\":\"https:\/\/collectin.eu\/produktas\/ancient-roar-booster\/#breadcrumb\",\"itemListElement\":[{\"@type\":\"ListItem\",\"position\":1,\"name\":\"Home\",\"item\":\"https:\/\/collectin.eu\/\"},{\"@type\":\"ListItem\",\"position\":2,\"name\":\"Parduotuv\u0117\",\"item\":\"https:\/\/collectin.eu\/parduotuve\/\"},{\"@type\":\"ListItem\",\"position\":3,\"name\":\"Ancient Roar Booster\"}]},{\"@type\":\"WebSite\",\"@id\":\"https:\/\/collectin.eu\/#website\",\"url\":\"https:\/\/collectin.eu\/\",\"name\":\"Collectin.eu\",\"description\":\"\",\"potentialAction\":[{\"@type\":\"SearchAction\",\"target\":{\"@type\":\"EntryPoint\",\"urlTemplate\":\"https:\/\/collectin.eu\/?s={search_term_string}\"},\"query-input\":{\"@type\":\"PropertyValueSpecification\",\"valueRequired\":true,\"valueName\":\"search_term_string\"}}],\"inLanguage\":\"en-US\"}]}<\/script>\n<!-- \/ Yoast SEO plugin. -->","yoast_head_json":{"title":"Ancient Roar Booster - Collectin.eu","description":"Ancient Roar Booster yra japoni\u0161ko \u201ePok\u00e9mon TCG: Scarlet & Violet\u201c serijos papildomas booster pakas, skirtas tiek kort\u0173 kolekcionieriams, tiek \u017eaid\u0117jams, norintiems prapl\u0117sti savo Pok\u00e9mon kort\u0173 rinkin\u012f su unikaliais Japonijos leidimo leidiniais.","robots":{"index":"index","follow":"follow","max-snippet":"max-snippet:-1","max-image-preview":"max-image-preview:large","max-video-preview":"max-video-preview:-1"},"canonical":"https:\/\/collectin.eu\/en\/product\/ancient-roar-booster\/","og_locale":"en_US","og_type":"article","og_title":"Ancient Roar Booster - Collectin.eu","og_description":"Ancient Roar Booster yra japoni\u0161ko \u201ePok\u00e9mon TCG: Scarlet & Violet\u201c serijos papildomas booster pakas, skirtas tiek kort\u0173 kolekcionieriams, tiek \u017eaid\u0117jams, norintiems prapl\u0117sti savo Pok\u00e9mon kort\u0173 rinkin\u012f su unikaliais Japonijos leidimo leidiniais.","og_url":"https:\/\/collectin.eu\/en\/product\/ancient-roar-booster\/","og_site_name":"Collectin.eu","article_modified_time":"2026-04-08T10:28:44+00:00","og_image":[{"width":1080,"height":1080,"url":"http:\/\/collectin.eu\/wp-content\/uploads\/2025\/12\/Untitled-design-35-1.png","type":"image\/png"}],"twitter_card":"summary_large_image","twitter_misc":{"Est. reading time":"1 minute"},"schema":{"@context":"https:\/\/schema.org","@graph":[{"@type":"WebPage","@id":"https:\/\/collectin.eu\/produktas\/ancient-roar-booster\/","url":"https:\/\/collectin.eu\/produktas\/ancient-roar-booster\/","name":"Ancient Roar Booster - Collectin.eu","isPartOf":{"@id":"https:\/\/collectin.eu\/#website"},"primaryImageOfPage":{"@id":"https:\/\/collectin.eu\/produktas\/ancient-roar-booster\/#primaryimage"},"image":{"@id":"https:\/\/collectin.eu\/produktas\/ancient-roar-booster\/#primaryimage"},"thumbnailUrl":"https:\/\/collectin.eu\/wp-content\/uploads\/2025\/12\/Untitled-design-35-1.png","datePublished":"2025-12-18T21:04:20+00:00","dateModified":"2026-04-08T10:28:44+00:00","description":"Ancient Roar Booster yra japoni\u0161ko \u201ePok\u00e9mon TCG: Scarlet & Violet\u201c serijos papildomas booster pakas, skirtas tiek kort\u0173 kolekcionieriams, tiek \u017eaid\u0117jams, norintiems prapl\u0117sti savo Pok\u00e9mon kort\u0173 rinkin\u012f su unikaliais Japonijos leidimo leidiniais.","breadcrumb":{"@id":"https:\/\/collectin.eu\/produktas\/ancient-roar-booster\/#breadcrumb"},"inLanguage":"en-US","potentialAction":[{"@type":"ReadAction","target":["https:\/\/collectin.eu\/produktas\/ancient-roar-booster\/"]}]},{"@type":"ImageObject","inLanguage":"en-US","@id":"https:\/\/collectin.eu\/produktas\/ancient-roar-booster\/#primaryimage","url":"https:\/\/collectin.eu\/wp-content\/uploads\/2025\/12\/Untitled-design-35-1.png","contentUrl":"https:\/\/collectin.eu\/wp-content\/uploads\/2025\/12\/Untitled-design-35-1.png","width":1080,"height":1080},{"@type":"BreadcrumbList","@id":"https:\/\/collectin.eu\/produktas\/ancient-roar-booster\/#breadcrumb","itemListElement":[{"@type":"ListItem","position":1,"name":"Home","item":"https:\/\/collectin.eu\/"},{"@type":"ListItem","position":2,"name":"Parduotuv\u0117","item":"https:\/\/collectin.eu\/parduotuve\/"},{"@type":"ListItem","position":3,"name":"Ancient Roar Booster"}]},{"@type":"WebSite","@id":"https:\/\/collectin.eu\/#website","url":"https:\/\/collectin.eu\/","name":"Collectin.eu","description":"","potentialAction":[{"@type":"SearchAction","target":{"@type":"EntryPoint","urlTemplate":"https:\/\/collectin.eu\/?s={search_term_string}"},"query-input":{"@type":"PropertyValueSpecification","valueRequired":true,"valueName":"search_term_string"}}],"inLanguage":"en-US"}]}},"jetpack_sharing_enabled":true,"_links":{"self":[{"href":"https:\/\/collectin.eu\/en\/wp-json\/wp\/v2\/product\/38511","targetHints":{"allow":["GET"]}}],"collection":[{"href":"https:\/\/collectin.eu\/en\/wp-json\/wp\/v2\/product"}],"about":[{"href":"https:\/\/collectin.eu\/en\/wp-json\/wp\/v2\/types\/product"}],"replies":[{"embeddable":true,"href":"https:\/\/collectin.eu\/en\/wp-json\/wp\/v2\/comments?post=38511"}],"version-history":[{"count":3,"href":"https:\/\/collectin.eu\/en\/wp-json\/wp\/v2\/product\/38511\/revisions"}],"predecessor-version":[{"id":40263,"href":"https:\/\/collectin.eu\/en\/wp-json\/wp\/v2\/product\/38511\/revisions\/40263"}],"wp:featuredmedia":[{"embeddable":true,"href":"https:\/\/collectin.eu\/en\/wp-json\/wp\/v2\/media\/38512"}],"wp:attachment":[{"href":"https:\/\/collectin.eu\/en\/wp-json\/wp\/v2\/media?parent=38511"}],"wp:term":[{"taxonomy":"product_brand","embeddable":true,"href":"https:\/\/collectin.eu\/en\/wp-json\/wp\/v2\/product_brand?post=38511"},{"taxonomy":"product_cat","embeddable":true,"href":"https:\/\/collectin.eu\/en\/wp-json\/wp\/v2\/product_cat?post=38511"},{"taxonomy":"product_tag","embeddable":true,"href":"https:\/\/collectin.eu\/en\/wp-json\/wp\/v2\/product_tag?post=38511"}],"curies":[{"name":"wp","href":"https:\/\/api.w.org\/{rel}","templated":true}]}}