{"id":38519,"date":"2025-12-18T21:10:43","date_gmt":"2025-12-18T21:10:43","guid":{"rendered":"https:\/\/collectin.eu\/?post_type=product&#038;p=38519"},"modified":"2026-04-08T10:28:44","modified_gmt":"2026-04-08T10:28:44","slug":"wild-force-booster","status":"publish","type":"product","link":"https:\/\/collectin.eu\/en\/product\/wild-force-booster\/","title":{"rendered":"Wild Force Booster"},"content":{"rendered":"<p>Wild Force Booster yra japoni\u0161ko \u201ePok\u00e9mon TCG: Scarlet &amp; Violet\u201c serijos (\u201eSV5K\u201c) papildomas booster pakas, sukurtas tiek kort\u0173 kolekcionieriams, tiek aktyviems \u017eaid\u0117jams, norintiems prapl\u0117sti savo Pok\u00e9mon kort\u0173 rinkin\u012f su unikaliais Japonijos leidimo leidiniais. \u0160i serija yra orientuota \u012f primityvi\u0105 gali\u0105, laukin\u0119 gamt\u0105 ir senovinius Pok\u00e9monus, suteikian\u010dius \u017eaidimui nauj\u0105 strategin\u012f sluoksn\u012f ir vizualin\u012f \u012fsp\u016bd\u012f. Kiekviename pakelyje yra penkios atsitiktin\u0117s kortos, kurios gali b\u016bti \u012fvairi\u0173 retum\u0173 \u2013 nuo \u012fprast\u0173 ir ne\u012fprast\u0173 iki holografini\u0173, Art Rare (AR), Special Art Rare (SAR) ir kit\u0173 verting\u0173 kort\u0173. Tarp \u0161i\u0173 kort\u0173 gali b\u016bti Ancient Paradox Pok\u00e9mon, EX tipo Pok\u00e9monai bei stiprios treniruo\u010di\u0173 kortos, kurios suteikia \u017eaid\u0117jams galimyb\u0119 kurti galingas talijas ir eksperimentuoti su \u012fvairiomis \u017eaidimo strategijomis. Populiarios kortos \u0161ioje serijoje apima Raging Bolt ex, Walking Wake ex, Gouging Fire ex ir kitus Pok\u00e9monus, kurie ne tik papildo \u017eaidimo mechanik\u0105, bet ir prideda estetin\u0117s vert\u0117s kolekcijai.<\/p>","protected":false},"excerpt":{"rendered":"<p>Wild Force Booster yra japoni\u0161ko \u201ePok\u00e9mon TCG: Scarlet &amp; Violet\u201c serijos (\u201eSV5K\u201c) papildomas booster pakas, sukurtas tiek kort\u0173 kolekcionieriams, tiek<\/p>","protected":false},"featured_media":38520,"comment_status":"open","ping_status":"closed","template":"","meta":[],"product_brand":[430],"product_cat":[679,407,500],"product_tag":[],"class_list":{"0":"post-38519","1":"product","2":"type-product","3":"status-publish","4":"has-post-thumbnail","6":"product_brand-pokemon","7":"product_cat-kolekcines-korteles","8":"product_cat-pokemon","9":"product_cat-pokemon-boosters","11":"first","12":"instock","13":"taxable","14":"shipping-taxable","15":"purchasable","16":"product-type-simple"},"yoast_head":"<!-- This site is optimized with the Yoast SEO plugin v25.9 - https:\/\/yoast.com\/wordpress\/plugins\/seo\/ -->\n<title>Wild Force Booster - Collectin.eu<\/title>\n<meta name=\"description\" content=\"Wild Force Booster yra japoni\u0161ko \u201ePok\u00e9mon TCG: Scarlet &amp; Violet\u201c serijos (\u201eSV5K\u201c) papildomas booster pakas, skirtas tiek kort\u0173 kolekcionieriams, tiek \u017eaid\u0117jams.\" \/>\n<meta name=\"robots\" content=\"index, follow, max-snippet:-1, max-image-preview:large, max-video-preview:-1\" \/>\n<link rel=\"canonical\" href=\"https:\/\/collectin.eu\/en\/product\/wild-force-booster\/\" \/>\n<meta property=\"og:locale\" content=\"en_US\" \/>\n<meta property=\"og:type\" content=\"article\" \/>\n<meta property=\"og:title\" content=\"Wild Force Booster - Collectin.eu\" \/>\n<meta property=\"og:description\" content=\"Wild Force Booster yra japoni\u0161ko \u201ePok\u00e9mon TCG: Scarlet &amp; Violet\u201c serijos (\u201eSV5K\u201c) papildomas booster pakas, skirtas tiek kort\u0173 kolekcionieriams, tiek \u017eaid\u0117jams.\" \/>\n<meta property=\"og:url\" content=\"https:\/\/collectin.eu\/en\/product\/wild-force-booster\/\" \/>\n<meta property=\"og:site_name\" content=\"Collectin.eu\" \/>\n<meta property=\"article:modified_time\" content=\"2026-04-08T10:28:44+00:00\" \/>\n<meta property=\"og:image\" content=\"http:\/\/collectin.eu\/wp-content\/uploads\/2025\/12\/Untitled-design-37-1.png\" \/>\n\t<meta property=\"og:image:width\" content=\"1080\" \/>\n\t<meta property=\"og:image:height\" content=\"1080\" \/>\n\t<meta property=\"og:image:type\" content=\"image\/png\" \/>\n<meta name=\"twitter:card\" content=\"summary_large_image\" \/>\n<meta name=\"twitter:label1\" content=\"Est. reading time\" \/>\n\t<meta name=\"twitter:data1\" content=\"1 minute\" \/>\n<script type=\"application\/ld+json\" class=\"yoast-schema-graph\">{\"@context\":\"https:\/\/schema.org\",\"@graph\":[{\"@type\":\"WebPage\",\"@id\":\"https:\/\/collectin.eu\/produktas\/wild-force-booster\/\",\"url\":\"https:\/\/collectin.eu\/produktas\/wild-force-booster\/\",\"name\":\"Wild Force Booster - Collectin.eu\",\"isPartOf\":{\"@id\":\"https:\/\/collectin.eu\/#website\"},\"primaryImageOfPage\":{\"@id\":\"https:\/\/collectin.eu\/produktas\/wild-force-booster\/#primaryimage\"},\"image\":{\"@id\":\"https:\/\/collectin.eu\/produktas\/wild-force-booster\/#primaryimage\"},\"thumbnailUrl\":\"https:\/\/collectin.eu\/wp-content\/uploads\/2025\/12\/Untitled-design-37-1.png\",\"datePublished\":\"2025-12-18T21:10:43+00:00\",\"dateModified\":\"2026-04-08T10:28:44+00:00\",\"description\":\"Wild Force Booster yra japoni\u0161ko \u201ePok\u00e9mon TCG: Scarlet & Violet\u201c serijos (\u201eSV5K\u201c) papildomas booster pakas, skirtas tiek kort\u0173 kolekcionieriams, tiek \u017eaid\u0117jams.\",\"breadcrumb\":{\"@id\":\"https:\/\/collectin.eu\/produktas\/wild-force-booster\/#breadcrumb\"},\"inLanguage\":\"en-US\",\"potentialAction\":[{\"@type\":\"ReadAction\",\"target\":[\"https:\/\/collectin.eu\/produktas\/wild-force-booster\/\"]}]},{\"@type\":\"ImageObject\",\"inLanguage\":\"en-US\",\"@id\":\"https:\/\/collectin.eu\/produktas\/wild-force-booster\/#primaryimage\",\"url\":\"https:\/\/collectin.eu\/wp-content\/uploads\/2025\/12\/Untitled-design-37-1.png\",\"contentUrl\":\"https:\/\/collectin.eu\/wp-content\/uploads\/2025\/12\/Untitled-design-37-1.png\",\"width\":1080,\"height\":1080},{\"@type\":\"BreadcrumbList\",\"@id\":\"https:\/\/collectin.eu\/produktas\/wild-force-booster\/#breadcrumb\",\"itemListElement\":[{\"@type\":\"ListItem\",\"position\":1,\"name\":\"Home\",\"item\":\"https:\/\/collectin.eu\/\"},{\"@type\":\"ListItem\",\"position\":2,\"name\":\"Parduotuv\u0117\",\"item\":\"https:\/\/collectin.eu\/parduotuve\/\"},{\"@type\":\"ListItem\",\"position\":3,\"name\":\"Wild Force Booster\"}]},{\"@type\":\"WebSite\",\"@id\":\"https:\/\/collectin.eu\/#website\",\"url\":\"https:\/\/collectin.eu\/\",\"name\":\"Collectin.eu\",\"description\":\"\",\"potentialAction\":[{\"@type\":\"SearchAction\",\"target\":{\"@type\":\"EntryPoint\",\"urlTemplate\":\"https:\/\/collectin.eu\/?s={search_term_string}\"},\"query-input\":{\"@type\":\"PropertyValueSpecification\",\"valueRequired\":true,\"valueName\":\"search_term_string\"}}],\"inLanguage\":\"en-US\"}]}<\/script>\n<!-- \/ Yoast SEO plugin. -->","yoast_head_json":{"title":"Wild Force Booster - Collectin.eu","description":"Wild Force Booster yra japoni\u0161ko \u201ePok\u00e9mon TCG: Scarlet & Violet\u201c serijos (\u201eSV5K\u201c) papildomas booster pakas, skirtas tiek kort\u0173 kolekcionieriams, tiek \u017eaid\u0117jams.","robots":{"index":"index","follow":"follow","max-snippet":"max-snippet:-1","max-image-preview":"max-image-preview:large","max-video-preview":"max-video-preview:-1"},"canonical":"https:\/\/collectin.eu\/en\/product\/wild-force-booster\/","og_locale":"en_US","og_type":"article","og_title":"Wild Force Booster - Collectin.eu","og_description":"Wild Force Booster yra japoni\u0161ko \u201ePok\u00e9mon TCG: Scarlet & Violet\u201c serijos (\u201eSV5K\u201c) papildomas booster pakas, skirtas tiek kort\u0173 kolekcionieriams, tiek \u017eaid\u0117jams.","og_url":"https:\/\/collectin.eu\/en\/product\/wild-force-booster\/","og_site_name":"Collectin.eu","article_modified_time":"2026-04-08T10:28:44+00:00","og_image":[{"width":1080,"height":1080,"url":"http:\/\/collectin.eu\/wp-content\/uploads\/2025\/12\/Untitled-design-37-1.png","type":"image\/png"}],"twitter_card":"summary_large_image","twitter_misc":{"Est. reading time":"1 minute"},"schema":{"@context":"https:\/\/schema.org","@graph":[{"@type":"WebPage","@id":"https:\/\/collectin.eu\/produktas\/wild-force-booster\/","url":"https:\/\/collectin.eu\/produktas\/wild-force-booster\/","name":"Wild Force Booster - Collectin.eu","isPartOf":{"@id":"https:\/\/collectin.eu\/#website"},"primaryImageOfPage":{"@id":"https:\/\/collectin.eu\/produktas\/wild-force-booster\/#primaryimage"},"image":{"@id":"https:\/\/collectin.eu\/produktas\/wild-force-booster\/#primaryimage"},"thumbnailUrl":"https:\/\/collectin.eu\/wp-content\/uploads\/2025\/12\/Untitled-design-37-1.png","datePublished":"2025-12-18T21:10:43+00:00","dateModified":"2026-04-08T10:28:44+00:00","description":"Wild Force Booster yra japoni\u0161ko \u201ePok\u00e9mon TCG: Scarlet & Violet\u201c serijos (\u201eSV5K\u201c) papildomas booster pakas, skirtas tiek kort\u0173 kolekcionieriams, tiek \u017eaid\u0117jams.","breadcrumb":{"@id":"https:\/\/collectin.eu\/produktas\/wild-force-booster\/#breadcrumb"},"inLanguage":"en-US","potentialAction":[{"@type":"ReadAction","target":["https:\/\/collectin.eu\/produktas\/wild-force-booster\/"]}]},{"@type":"ImageObject","inLanguage":"en-US","@id":"https:\/\/collectin.eu\/produktas\/wild-force-booster\/#primaryimage","url":"https:\/\/collectin.eu\/wp-content\/uploads\/2025\/12\/Untitled-design-37-1.png","contentUrl":"https:\/\/collectin.eu\/wp-content\/uploads\/2025\/12\/Untitled-design-37-1.png","width":1080,"height":1080},{"@type":"BreadcrumbList","@id":"https:\/\/collectin.eu\/produktas\/wild-force-booster\/#breadcrumb","itemListElement":[{"@type":"ListItem","position":1,"name":"Home","item":"https:\/\/collectin.eu\/"},{"@type":"ListItem","position":2,"name":"Parduotuv\u0117","item":"https:\/\/collectin.eu\/parduotuve\/"},{"@type":"ListItem","position":3,"name":"Wild Force Booster"}]},{"@type":"WebSite","@id":"https:\/\/collectin.eu\/#website","url":"https:\/\/collectin.eu\/","name":"Collectin.eu","description":"","potentialAction":[{"@type":"SearchAction","target":{"@type":"EntryPoint","urlTemplate":"https:\/\/collectin.eu\/?s={search_term_string}"},"query-input":{"@type":"PropertyValueSpecification","valueRequired":true,"valueName":"search_term_string"}}],"inLanguage":"en-US"}]}},"jetpack_sharing_enabled":true,"_links":{"self":[{"href":"https:\/\/collectin.eu\/en\/wp-json\/wp\/v2\/product\/38519","targetHints":{"allow":["GET"]}}],"collection":[{"href":"https:\/\/collectin.eu\/en\/wp-json\/wp\/v2\/product"}],"about":[{"href":"https:\/\/collectin.eu\/en\/wp-json\/wp\/v2\/types\/product"}],"replies":[{"embeddable":true,"href":"https:\/\/collectin.eu\/en\/wp-json\/wp\/v2\/comments?post=38519"}],"version-history":[{"count":3,"href":"https:\/\/collectin.eu\/en\/wp-json\/wp\/v2\/product\/38519\/revisions"}],"predecessor-version":[{"id":40265,"href":"https:\/\/collectin.eu\/en\/wp-json\/wp\/v2\/product\/38519\/revisions\/40265"}],"wp:featuredmedia":[{"embeddable":true,"href":"https:\/\/collectin.eu\/en\/wp-json\/wp\/v2\/media\/38520"}],"wp:attachment":[{"href":"https:\/\/collectin.eu\/en\/wp-json\/wp\/v2\/media?parent=38519"}],"wp:term":[{"taxonomy":"product_brand","embeddable":true,"href":"https:\/\/collectin.eu\/en\/wp-json\/wp\/v2\/product_brand?post=38519"},{"taxonomy":"product_cat","embeddable":true,"href":"https:\/\/collectin.eu\/en\/wp-json\/wp\/v2\/product_cat?post=38519"},{"taxonomy":"product_tag","embeddable":true,"href":"https:\/\/collectin.eu\/en\/wp-json\/wp\/v2\/product_tag?post=38519"}],"curies":[{"name":"wp","href":"https:\/\/api.w.org\/{rel}","templated":true}]}}