{"id":38523,"date":"2025-12-18T21:14:02","date_gmt":"2025-12-18T21:14:02","guid":{"rendered":"https:\/\/collectin.eu\/?post_type=product&#038;p=38523"},"modified":"2026-04-08T10:28:44","modified_gmt":"2026-04-08T10:28:44","slug":"cyber-judge-booster","status":"publish","type":"product","link":"https:\/\/collectin.eu\/en\/product\/cyber-judge-booster\/","title":{"rendered":"Cyber Judge Booster"},"content":{"rendered":"<p>Cyber Judge Booster yra japoni\u0161ko \u201ePok\u00e9mon TCG: Scarlet &amp; Violet\u201c serijos (\u201eSV5M\u201c) papildomas booster pakas, sukurtas tiek kort\u0173 kolekcionieriams, tiek \u017eaid\u0117jams, norintiems prapl\u0117sti savo Pok\u00e9mon kort\u0173 rinkin\u012f su futuristin\u0117s ir technologij\u0173 temos kortomis. \u0160i serija orientuota \u012f ateities ir Paradox tipo Pok\u00e9monus, futuristin\u012f dizain\u0105 ir strateginius \u017eaidimo elementus, suteikian\u010dius nauj\u0173 taktikos galimybi\u0173 \u017eaidime. Kiekviename pakelyje yra penkios atsitiktin\u0117s kortos, kurios gali b\u016bti \u012fvairi\u0173 retum\u0173 \u2013 nuo \u012fprast\u0173 iki holografini\u0173, Secret Rare ar kit\u0173 verting\u0173 kort\u0173 su unikalia dail\u0117s stilistika. Tarp j\u0173 galima rasti galingus Future tipo Pok\u00e9monus, tokius kaip Iron Leaves ex, Iron Crown ex, Iron Boulder ex ir kitas \u012fdomias kortas, b\u016bdingas auk\u0161t\u0173j\u0173 technologij\u0173 tematikai.<\/p>","protected":false},"excerpt":{"rendered":"<p>Cyber Judge Booster yra japoni\u0161ko \u201ePok\u00e9mon TCG: Scarlet &amp; Violet\u201c serijos (\u201eSV5M\u201c) papildomas booster pakas, sukurtas tiek kort\u0173 kolekcionieriams, tiek<\/p>","protected":false},"featured_media":38524,"comment_status":"open","ping_status":"closed","template":"","meta":[],"product_brand":[430],"product_cat":[679,407,500],"product_tag":[],"class_list":{"0":"post-38523","1":"product","2":"type-product","3":"status-publish","4":"has-post-thumbnail","6":"product_brand-pokemon","7":"product_cat-kolekcines-korteles","8":"product_cat-pokemon","9":"product_cat-pokemon-boosters","11":"first","12":"instock","13":"taxable","14":"shipping-taxable","15":"purchasable","16":"product-type-simple"},"yoast_head":"<!-- This site is optimized with the Yoast SEO plugin v25.9 - https:\/\/yoast.com\/wordpress\/plugins\/seo\/ -->\n<title>Cyber Judge Booster - Collectin.eu<\/title>\n<meta name=\"description\" content=\"Cyber Judge Booster yra japoni\u0161ko \u201ePok\u00e9mon TCG: Scarlet &amp; Violet\u201c serijos (\u201eSV5M\u201c) papildomas booster pakas, sukurtas tiek kort\u0173 kolekcionieriams, tiek \u017eaid\u0117jams.\" \/>\n<meta name=\"robots\" content=\"index, follow, max-snippet:-1, max-image-preview:large, max-video-preview:-1\" \/>\n<link rel=\"canonical\" href=\"https:\/\/collectin.eu\/en\/product\/cyber-judge-booster\/\" \/>\n<meta property=\"og:locale\" content=\"en_US\" \/>\n<meta property=\"og:type\" content=\"article\" \/>\n<meta property=\"og:title\" content=\"Cyber Judge Booster - Collectin.eu\" \/>\n<meta property=\"og:description\" content=\"Cyber Judge Booster yra japoni\u0161ko \u201ePok\u00e9mon TCG: Scarlet &amp; Violet\u201c serijos (\u201eSV5M\u201c) papildomas booster pakas, sukurtas tiek kort\u0173 kolekcionieriams, tiek \u017eaid\u0117jams.\" \/>\n<meta property=\"og:url\" content=\"https:\/\/collectin.eu\/en\/product\/cyber-judge-booster\/\" \/>\n<meta property=\"og:site_name\" content=\"Collectin.eu\" \/>\n<meta property=\"article:modified_time\" content=\"2026-04-08T10:28:44+00:00\" \/>\n<meta property=\"og:image\" content=\"http:\/\/collectin.eu\/wp-content\/uploads\/2025\/12\/Untitled-design-38-1.png\" \/>\n\t<meta property=\"og:image:width\" content=\"1080\" \/>\n\t<meta property=\"og:image:height\" content=\"1080\" \/>\n\t<meta property=\"og:image:type\" content=\"image\/png\" \/>\n<meta name=\"twitter:card\" content=\"summary_large_image\" \/>\n<meta name=\"twitter:label1\" content=\"Est. reading time\" \/>\n\t<meta name=\"twitter:data1\" content=\"1 minute\" \/>\n<script type=\"application\/ld+json\" class=\"yoast-schema-graph\">{\"@context\":\"https:\/\/schema.org\",\"@graph\":[{\"@type\":\"WebPage\",\"@id\":\"https:\/\/collectin.eu\/produktas\/cyber-judge-booster\/\",\"url\":\"https:\/\/collectin.eu\/produktas\/cyber-judge-booster\/\",\"name\":\"Cyber Judge Booster - Collectin.eu\",\"isPartOf\":{\"@id\":\"https:\/\/collectin.eu\/#website\"},\"primaryImageOfPage\":{\"@id\":\"https:\/\/collectin.eu\/produktas\/cyber-judge-booster\/#primaryimage\"},\"image\":{\"@id\":\"https:\/\/collectin.eu\/produktas\/cyber-judge-booster\/#primaryimage\"},\"thumbnailUrl\":\"https:\/\/collectin.eu\/wp-content\/uploads\/2025\/12\/Untitled-design-38-1.png\",\"datePublished\":\"2025-12-18T21:14:02+00:00\",\"dateModified\":\"2026-04-08T10:28:44+00:00\",\"description\":\"Cyber Judge Booster yra japoni\u0161ko \u201ePok\u00e9mon TCG: Scarlet & Violet\u201c serijos (\u201eSV5M\u201c) papildomas booster pakas, sukurtas tiek kort\u0173 kolekcionieriams, tiek \u017eaid\u0117jams.\",\"breadcrumb\":{\"@id\":\"https:\/\/collectin.eu\/produktas\/cyber-judge-booster\/#breadcrumb\"},\"inLanguage\":\"en-US\",\"potentialAction\":[{\"@type\":\"ReadAction\",\"target\":[\"https:\/\/collectin.eu\/produktas\/cyber-judge-booster\/\"]}]},{\"@type\":\"ImageObject\",\"inLanguage\":\"en-US\",\"@id\":\"https:\/\/collectin.eu\/produktas\/cyber-judge-booster\/#primaryimage\",\"url\":\"https:\/\/collectin.eu\/wp-content\/uploads\/2025\/12\/Untitled-design-38-1.png\",\"contentUrl\":\"https:\/\/collectin.eu\/wp-content\/uploads\/2025\/12\/Untitled-design-38-1.png\",\"width\":1080,\"height\":1080},{\"@type\":\"BreadcrumbList\",\"@id\":\"https:\/\/collectin.eu\/produktas\/cyber-judge-booster\/#breadcrumb\",\"itemListElement\":[{\"@type\":\"ListItem\",\"position\":1,\"name\":\"Home\",\"item\":\"https:\/\/collectin.eu\/\"},{\"@type\":\"ListItem\",\"position\":2,\"name\":\"Parduotuv\u0117\",\"item\":\"https:\/\/collectin.eu\/parduotuve\/\"},{\"@type\":\"ListItem\",\"position\":3,\"name\":\"Cyber Judge Booster\"}]},{\"@type\":\"WebSite\",\"@id\":\"https:\/\/collectin.eu\/#website\",\"url\":\"https:\/\/collectin.eu\/\",\"name\":\"Collectin.eu\",\"description\":\"\",\"potentialAction\":[{\"@type\":\"SearchAction\",\"target\":{\"@type\":\"EntryPoint\",\"urlTemplate\":\"https:\/\/collectin.eu\/?s={search_term_string}\"},\"query-input\":{\"@type\":\"PropertyValueSpecification\",\"valueRequired\":true,\"valueName\":\"search_term_string\"}}],\"inLanguage\":\"en-US\"}]}<\/script>\n<!-- \/ Yoast SEO plugin. -->","yoast_head_json":{"title":"Cyber Judge Booster - Collectin.eu","description":"Cyber Judge Booster yra japoni\u0161ko \u201ePok\u00e9mon TCG: Scarlet & Violet\u201c serijos (\u201eSV5M\u201c) papildomas booster pakas, sukurtas tiek kort\u0173 kolekcionieriams, tiek \u017eaid\u0117jams.","robots":{"index":"index","follow":"follow","max-snippet":"max-snippet:-1","max-image-preview":"max-image-preview:large","max-video-preview":"max-video-preview:-1"},"canonical":"https:\/\/collectin.eu\/en\/product\/cyber-judge-booster\/","og_locale":"en_US","og_type":"article","og_title":"Cyber Judge Booster - Collectin.eu","og_description":"Cyber Judge Booster yra japoni\u0161ko \u201ePok\u00e9mon TCG: Scarlet & Violet\u201c serijos (\u201eSV5M\u201c) papildomas booster pakas, sukurtas tiek kort\u0173 kolekcionieriams, tiek \u017eaid\u0117jams.","og_url":"https:\/\/collectin.eu\/en\/product\/cyber-judge-booster\/","og_site_name":"Collectin.eu","article_modified_time":"2026-04-08T10:28:44+00:00","og_image":[{"width":1080,"height":1080,"url":"http:\/\/collectin.eu\/wp-content\/uploads\/2025\/12\/Untitled-design-38-1.png","type":"image\/png"}],"twitter_card":"summary_large_image","twitter_misc":{"Est. reading time":"1 minute"},"schema":{"@context":"https:\/\/schema.org","@graph":[{"@type":"WebPage","@id":"https:\/\/collectin.eu\/produktas\/cyber-judge-booster\/","url":"https:\/\/collectin.eu\/produktas\/cyber-judge-booster\/","name":"Cyber Judge Booster - Collectin.eu","isPartOf":{"@id":"https:\/\/collectin.eu\/#website"},"primaryImageOfPage":{"@id":"https:\/\/collectin.eu\/produktas\/cyber-judge-booster\/#primaryimage"},"image":{"@id":"https:\/\/collectin.eu\/produktas\/cyber-judge-booster\/#primaryimage"},"thumbnailUrl":"https:\/\/collectin.eu\/wp-content\/uploads\/2025\/12\/Untitled-design-38-1.png","datePublished":"2025-12-18T21:14:02+00:00","dateModified":"2026-04-08T10:28:44+00:00","description":"Cyber Judge Booster yra japoni\u0161ko \u201ePok\u00e9mon TCG: Scarlet & Violet\u201c serijos (\u201eSV5M\u201c) papildomas booster pakas, sukurtas tiek kort\u0173 kolekcionieriams, tiek \u017eaid\u0117jams.","breadcrumb":{"@id":"https:\/\/collectin.eu\/produktas\/cyber-judge-booster\/#breadcrumb"},"inLanguage":"en-US","potentialAction":[{"@type":"ReadAction","target":["https:\/\/collectin.eu\/produktas\/cyber-judge-booster\/"]}]},{"@type":"ImageObject","inLanguage":"en-US","@id":"https:\/\/collectin.eu\/produktas\/cyber-judge-booster\/#primaryimage","url":"https:\/\/collectin.eu\/wp-content\/uploads\/2025\/12\/Untitled-design-38-1.png","contentUrl":"https:\/\/collectin.eu\/wp-content\/uploads\/2025\/12\/Untitled-design-38-1.png","width":1080,"height":1080},{"@type":"BreadcrumbList","@id":"https:\/\/collectin.eu\/produktas\/cyber-judge-booster\/#breadcrumb","itemListElement":[{"@type":"ListItem","position":1,"name":"Home","item":"https:\/\/collectin.eu\/"},{"@type":"ListItem","position":2,"name":"Parduotuv\u0117","item":"https:\/\/collectin.eu\/parduotuve\/"},{"@type":"ListItem","position":3,"name":"Cyber Judge Booster"}]},{"@type":"WebSite","@id":"https:\/\/collectin.eu\/#website","url":"https:\/\/collectin.eu\/","name":"Collectin.eu","description":"","potentialAction":[{"@type":"SearchAction","target":{"@type":"EntryPoint","urlTemplate":"https:\/\/collectin.eu\/?s={search_term_string}"},"query-input":{"@type":"PropertyValueSpecification","valueRequired":true,"valueName":"search_term_string"}}],"inLanguage":"en-US"}]}},"jetpack_sharing_enabled":true,"_links":{"self":[{"href":"https:\/\/collectin.eu\/en\/wp-json\/wp\/v2\/product\/38523","targetHints":{"allow":["GET"]}}],"collection":[{"href":"https:\/\/collectin.eu\/en\/wp-json\/wp\/v2\/product"}],"about":[{"href":"https:\/\/collectin.eu\/en\/wp-json\/wp\/v2\/types\/product"}],"replies":[{"embeddable":true,"href":"https:\/\/collectin.eu\/en\/wp-json\/wp\/v2\/comments?post=38523"}],"version-history":[{"count":3,"href":"https:\/\/collectin.eu\/en\/wp-json\/wp\/v2\/product\/38523\/revisions"}],"predecessor-version":[{"id":40266,"href":"https:\/\/collectin.eu\/en\/wp-json\/wp\/v2\/product\/38523\/revisions\/40266"}],"wp:featuredmedia":[{"embeddable":true,"href":"https:\/\/collectin.eu\/en\/wp-json\/wp\/v2\/media\/38524"}],"wp:attachment":[{"href":"https:\/\/collectin.eu\/en\/wp-json\/wp\/v2\/media?parent=38523"}],"wp:term":[{"taxonomy":"product_brand","embeddable":true,"href":"https:\/\/collectin.eu\/en\/wp-json\/wp\/v2\/product_brand?post=38523"},{"taxonomy":"product_cat","embeddable":true,"href":"https:\/\/collectin.eu\/en\/wp-json\/wp\/v2\/product_cat?post=38523"},{"taxonomy":"product_tag","embeddable":true,"href":"https:\/\/collectin.eu\/en\/wp-json\/wp\/v2\/product_tag?post=38523"}],"curies":[{"name":"wp","href":"https:\/\/api.w.org\/{rel}","templated":true}]}}