{"id":38527,"date":"2025-12-18T21:17:25","date_gmt":"2025-12-18T21:17:25","guid":{"rendered":"https:\/\/collectin.eu\/?post_type=product&#038;p=38527"},"modified":"2026-04-08T10:28:44","modified_gmt":"2026-04-08T10:28:44","slug":"crimson-haze-booster","status":"publish","type":"product","link":"https:\/\/collectin.eu\/en\/product\/crimson-haze-booster\/","title":{"rendered":"Crimson Haze Booster"},"content":{"rendered":"<p>Crimson Haze Booster yra japoni\u0161ko \u201ePok\u00e9mon TCG: Scarlet &amp; Violet\u201c serijos papildomas booster pakas, sukurtas tiek kort\u0173 kolekcionieriams, tiek \u017eaid\u0117jams, siekiantiems prapl\u0117sti savo Pok\u00e9mon kort\u0173 kolekcij\u0105 su unikaliais Japonijos leidimo leidiniais. \u0160i serija, oficialiai pasirod\u017eiusi Japonijoje 2024 m. kovo 22 d., yra temati\u0161kai susijusi su mistine gamta, senoviniais Pok\u00e9monais ir Kitakami regiono \u012fkv\u0117ptais persona\u017eais i\u0161 The Teal Mask DLC \u017eaidimo turinio. Kiekviename pakelyje yra penkios atsitiktin\u0117s kortos, kurios gali b\u016bti \u012fvairi\u0173 retum\u0173 \u2013 nuo \u012fprast\u0173 ir ne\u012fprast\u0173 iki ret\u0173, holografini\u0173, Art Rare ar Secret Rare kort\u0173. Tarp i\u0161skirtini\u0173 \u0161ios serijos kort\u0173 galima rasti Bloodmoon Ursaluna ex, taip pat kitas strategines treniruo\u010di\u0173 kortas ir ACE SPEC kortas, kurios suteikia \u017eaid\u0117jams galimybi\u0173 kurti stipresnes talijas ir eksperimentuoti su naujomis \u017eaidimo taktikomis.<\/p>","protected":false},"excerpt":{"rendered":"<p>Crimson Haze Booster yra japoni\u0161ko \u201ePok\u00e9mon TCG: Scarlet &amp; Violet\u201c serijos papildomas booster pakas, sukurtas tiek kort\u0173 kolekcionieriams, tiek \u017eaid\u0117jams,<\/p>","protected":false},"featured_media":38528,"comment_status":"open","ping_status":"closed","template":"","meta":[],"product_brand":[430],"product_cat":[679,407,500],"product_tag":[],"class_list":{"0":"post-38527","1":"product","2":"type-product","3":"status-publish","4":"has-post-thumbnail","6":"product_brand-pokemon","7":"product_cat-kolekcines-korteles","8":"product_cat-pokemon","9":"product_cat-pokemon-boosters","11":"first","12":"instock","13":"taxable","14":"shipping-taxable","15":"purchasable","16":"product-type-simple"},"yoast_head":"<!-- This site is optimized with the Yoast SEO plugin v25.9 - https:\/\/yoast.com\/wordpress\/plugins\/seo\/ -->\n<title>Crimson Haze Booster - Collectin.eu<\/title>\n<meta name=\"description\" content=\"Crimson Haze Booster yra japoni\u0161ko \u201ePok\u00e9mon TCG: Scarlet &amp; Violet\u201c serijos papildomas booster pakas, sukurtas tiek kort\u0173 kolekcionieriams, tiek \u017eaid\u0117jams.\" \/>\n<meta name=\"robots\" content=\"index, follow, max-snippet:-1, max-image-preview:large, max-video-preview:-1\" \/>\n<link rel=\"canonical\" href=\"https:\/\/collectin.eu\/en\/product\/crimson-haze-booster\/\" \/>\n<meta property=\"og:locale\" content=\"en_US\" \/>\n<meta property=\"og:type\" content=\"article\" \/>\n<meta property=\"og:title\" content=\"Crimson Haze Booster - Collectin.eu\" \/>\n<meta property=\"og:description\" content=\"Crimson Haze Booster yra japoni\u0161ko \u201ePok\u00e9mon TCG: Scarlet &amp; Violet\u201c serijos papildomas booster pakas, sukurtas tiek kort\u0173 kolekcionieriams, tiek \u017eaid\u0117jams.\" \/>\n<meta property=\"og:url\" content=\"https:\/\/collectin.eu\/en\/product\/crimson-haze-booster\/\" \/>\n<meta property=\"og:site_name\" content=\"Collectin.eu\" \/>\n<meta property=\"article:modified_time\" content=\"2026-04-08T10:28:44+00:00\" \/>\n<meta property=\"og:image\" content=\"http:\/\/collectin.eu\/wp-content\/uploads\/2025\/12\/Untitled-design-39-1.png\" \/>\n\t<meta property=\"og:image:width\" content=\"1080\" \/>\n\t<meta property=\"og:image:height\" content=\"1080\" \/>\n\t<meta property=\"og:image:type\" content=\"image\/png\" \/>\n<meta name=\"twitter:card\" content=\"summary_large_image\" \/>\n<meta name=\"twitter:label1\" content=\"Est. reading time\" \/>\n\t<meta name=\"twitter:data1\" content=\"1 minute\" \/>\n<script type=\"application\/ld+json\" class=\"yoast-schema-graph\">{\"@context\":\"https:\/\/schema.org\",\"@graph\":[{\"@type\":\"WebPage\",\"@id\":\"https:\/\/collectin.eu\/produktas\/crimson-haze-booster\/\",\"url\":\"https:\/\/collectin.eu\/produktas\/crimson-haze-booster\/\",\"name\":\"Crimson Haze Booster - Collectin.eu\",\"isPartOf\":{\"@id\":\"https:\/\/collectin.eu\/#website\"},\"primaryImageOfPage\":{\"@id\":\"https:\/\/collectin.eu\/produktas\/crimson-haze-booster\/#primaryimage\"},\"image\":{\"@id\":\"https:\/\/collectin.eu\/produktas\/crimson-haze-booster\/#primaryimage\"},\"thumbnailUrl\":\"https:\/\/collectin.eu\/wp-content\/uploads\/2025\/12\/Untitled-design-39-1.png\",\"datePublished\":\"2025-12-18T21:17:25+00:00\",\"dateModified\":\"2026-04-08T10:28:44+00:00\",\"description\":\"Crimson Haze Booster yra japoni\u0161ko \u201ePok\u00e9mon TCG: Scarlet & Violet\u201c serijos papildomas booster pakas, sukurtas tiek kort\u0173 kolekcionieriams, tiek \u017eaid\u0117jams.\",\"breadcrumb\":{\"@id\":\"https:\/\/collectin.eu\/produktas\/crimson-haze-booster\/#breadcrumb\"},\"inLanguage\":\"en-US\",\"potentialAction\":[{\"@type\":\"ReadAction\",\"target\":[\"https:\/\/collectin.eu\/produktas\/crimson-haze-booster\/\"]}]},{\"@type\":\"ImageObject\",\"inLanguage\":\"en-US\",\"@id\":\"https:\/\/collectin.eu\/produktas\/crimson-haze-booster\/#primaryimage\",\"url\":\"https:\/\/collectin.eu\/wp-content\/uploads\/2025\/12\/Untitled-design-39-1.png\",\"contentUrl\":\"https:\/\/collectin.eu\/wp-content\/uploads\/2025\/12\/Untitled-design-39-1.png\",\"width\":1080,\"height\":1080},{\"@type\":\"BreadcrumbList\",\"@id\":\"https:\/\/collectin.eu\/produktas\/crimson-haze-booster\/#breadcrumb\",\"itemListElement\":[{\"@type\":\"ListItem\",\"position\":1,\"name\":\"Home\",\"item\":\"https:\/\/collectin.eu\/\"},{\"@type\":\"ListItem\",\"position\":2,\"name\":\"Parduotuv\u0117\",\"item\":\"https:\/\/collectin.eu\/parduotuve\/\"},{\"@type\":\"ListItem\",\"position\":3,\"name\":\"Crimson Haze Booster\"}]},{\"@type\":\"WebSite\",\"@id\":\"https:\/\/collectin.eu\/#website\",\"url\":\"https:\/\/collectin.eu\/\",\"name\":\"Collectin.eu\",\"description\":\"\",\"potentialAction\":[{\"@type\":\"SearchAction\",\"target\":{\"@type\":\"EntryPoint\",\"urlTemplate\":\"https:\/\/collectin.eu\/?s={search_term_string}\"},\"query-input\":{\"@type\":\"PropertyValueSpecification\",\"valueRequired\":true,\"valueName\":\"search_term_string\"}}],\"inLanguage\":\"en-US\"}]}<\/script>\n<!-- \/ Yoast SEO plugin. -->","yoast_head_json":{"title":"Crimson Haze Booster - Collectin.eu","description":"Crimson Haze Booster yra japoni\u0161ko \u201ePok\u00e9mon TCG: Scarlet & Violet\u201c serijos papildomas booster pakas, sukurtas tiek kort\u0173 kolekcionieriams, tiek \u017eaid\u0117jams.","robots":{"index":"index","follow":"follow","max-snippet":"max-snippet:-1","max-image-preview":"max-image-preview:large","max-video-preview":"max-video-preview:-1"},"canonical":"https:\/\/collectin.eu\/en\/product\/crimson-haze-booster\/","og_locale":"en_US","og_type":"article","og_title":"Crimson Haze Booster - Collectin.eu","og_description":"Crimson Haze Booster yra japoni\u0161ko \u201ePok\u00e9mon TCG: Scarlet & Violet\u201c serijos papildomas booster pakas, sukurtas tiek kort\u0173 kolekcionieriams, tiek \u017eaid\u0117jams.","og_url":"https:\/\/collectin.eu\/en\/product\/crimson-haze-booster\/","og_site_name":"Collectin.eu","article_modified_time":"2026-04-08T10:28:44+00:00","og_image":[{"width":1080,"height":1080,"url":"http:\/\/collectin.eu\/wp-content\/uploads\/2025\/12\/Untitled-design-39-1.png","type":"image\/png"}],"twitter_card":"summary_large_image","twitter_misc":{"Est. reading time":"1 minute"},"schema":{"@context":"https:\/\/schema.org","@graph":[{"@type":"WebPage","@id":"https:\/\/collectin.eu\/produktas\/crimson-haze-booster\/","url":"https:\/\/collectin.eu\/produktas\/crimson-haze-booster\/","name":"Crimson Haze Booster - Collectin.eu","isPartOf":{"@id":"https:\/\/collectin.eu\/#website"},"primaryImageOfPage":{"@id":"https:\/\/collectin.eu\/produktas\/crimson-haze-booster\/#primaryimage"},"image":{"@id":"https:\/\/collectin.eu\/produktas\/crimson-haze-booster\/#primaryimage"},"thumbnailUrl":"https:\/\/collectin.eu\/wp-content\/uploads\/2025\/12\/Untitled-design-39-1.png","datePublished":"2025-12-18T21:17:25+00:00","dateModified":"2026-04-08T10:28:44+00:00","description":"Crimson Haze Booster yra japoni\u0161ko \u201ePok\u00e9mon TCG: Scarlet & Violet\u201c serijos papildomas booster pakas, sukurtas tiek kort\u0173 kolekcionieriams, tiek \u017eaid\u0117jams.","breadcrumb":{"@id":"https:\/\/collectin.eu\/produktas\/crimson-haze-booster\/#breadcrumb"},"inLanguage":"en-US","potentialAction":[{"@type":"ReadAction","target":["https:\/\/collectin.eu\/produktas\/crimson-haze-booster\/"]}]},{"@type":"ImageObject","inLanguage":"en-US","@id":"https:\/\/collectin.eu\/produktas\/crimson-haze-booster\/#primaryimage","url":"https:\/\/collectin.eu\/wp-content\/uploads\/2025\/12\/Untitled-design-39-1.png","contentUrl":"https:\/\/collectin.eu\/wp-content\/uploads\/2025\/12\/Untitled-design-39-1.png","width":1080,"height":1080},{"@type":"BreadcrumbList","@id":"https:\/\/collectin.eu\/produktas\/crimson-haze-booster\/#breadcrumb","itemListElement":[{"@type":"ListItem","position":1,"name":"Home","item":"https:\/\/collectin.eu\/"},{"@type":"ListItem","position":2,"name":"Parduotuv\u0117","item":"https:\/\/collectin.eu\/parduotuve\/"},{"@type":"ListItem","position":3,"name":"Crimson Haze Booster"}]},{"@type":"WebSite","@id":"https:\/\/collectin.eu\/#website","url":"https:\/\/collectin.eu\/","name":"Collectin.eu","description":"","potentialAction":[{"@type":"SearchAction","target":{"@type":"EntryPoint","urlTemplate":"https:\/\/collectin.eu\/?s={search_term_string}"},"query-input":{"@type":"PropertyValueSpecification","valueRequired":true,"valueName":"search_term_string"}}],"inLanguage":"en-US"}]}},"jetpack_sharing_enabled":true,"_links":{"self":[{"href":"https:\/\/collectin.eu\/en\/wp-json\/wp\/v2\/product\/38527","targetHints":{"allow":["GET"]}}],"collection":[{"href":"https:\/\/collectin.eu\/en\/wp-json\/wp\/v2\/product"}],"about":[{"href":"https:\/\/collectin.eu\/en\/wp-json\/wp\/v2\/types\/product"}],"replies":[{"embeddable":true,"href":"https:\/\/collectin.eu\/en\/wp-json\/wp\/v2\/comments?post=38527"}],"version-history":[{"count":3,"href":"https:\/\/collectin.eu\/en\/wp-json\/wp\/v2\/product\/38527\/revisions"}],"predecessor-version":[{"id":40267,"href":"https:\/\/collectin.eu\/en\/wp-json\/wp\/v2\/product\/38527\/revisions\/40267"}],"wp:featuredmedia":[{"embeddable":true,"href":"https:\/\/collectin.eu\/en\/wp-json\/wp\/v2\/media\/38528"}],"wp:attachment":[{"href":"https:\/\/collectin.eu\/en\/wp-json\/wp\/v2\/media?parent=38527"}],"wp:term":[{"taxonomy":"product_brand","embeddable":true,"href":"https:\/\/collectin.eu\/en\/wp-json\/wp\/v2\/product_brand?post=38527"},{"taxonomy":"product_cat","embeddable":true,"href":"https:\/\/collectin.eu\/en\/wp-json\/wp\/v2\/product_cat?post=38527"},{"taxonomy":"product_tag","embeddable":true,"href":"https:\/\/collectin.eu\/en\/wp-json\/wp\/v2\/product_tag?post=38527"}],"curies":[{"name":"wp","href":"https:\/\/api.w.org\/{rel}","templated":true}]}}