{"id":38535,"date":"2025-12-18T21:23:17","date_gmt":"2025-12-18T21:23:17","guid":{"rendered":"https:\/\/collectin.eu\/?post_type=product&#038;p=38535"},"modified":"2026-04-08T10:28:43","modified_gmt":"2026-04-08T10:28:43","slug":"night-wanderer-booster","status":"publish","type":"product","link":"https:\/\/collectin.eu\/en\/product\/night-wanderer-booster\/","title":{"rendered":"Night Wanderer Booster"},"content":{"rendered":"<p>Night Wanderer Booster yra japoni\u0161ko \u201ePok\u00e9mon TCG: Scarlet &amp; Violet\u201c serijos papildomas booster pakas, i\u0161leistas 2024\u202fm. bir\u017eelio 7\u202fd. kaip SV6a Night Wanderer pl\u0117tinys. \u0160is booster pakas sukurtas tiek kort\u0173 kolekcionieriams, tiek \u017eaid\u0117jams, siekiantiems praturtinti savo Pok\u00e9mon kort\u0173 kolekcij\u0105 autenti\u0161komis ir esteti\u0161kai \u012fspudingomis Japonijos leidimo kortomis. Night Wanderer serija temati\u0161kai susijusi su Kitakami regionu ir pristato naujus Pok\u00e9monus bei kort\u0173 mechanikas, \u012fskaitant m\u012fsling\u0105 mitin\u012f Pok\u00e9mon\u0105 Pecharunt ex ir Loyal Three grup\u0117s atstovus \u2013 Okidogi ex, Munkidori ex ir Fezandipiti ex, kurie \u017eaid\u0117jams suteikia nauj\u0173 strategini\u0173 galimybi\u0173 \u017eaidime.<\/p>","protected":false},"excerpt":{"rendered":"<p>Night Wanderer Booster yra japoni\u0161ko \u201ePok\u00e9mon TCG: Scarlet &amp; Violet\u201c serijos papildomas booster pakas, i\u0161leistas 2024\u202fm. bir\u017eelio 7\u202fd. kaip SV6a<\/p>","protected":false},"featured_media":38536,"comment_status":"open","ping_status":"closed","template":"","meta":[],"product_brand":[430],"product_cat":[679,407,500],"product_tag":[],"class_list":{"0":"post-38535","1":"product","2":"type-product","3":"status-publish","4":"has-post-thumbnail","6":"product_brand-pokemon","7":"product_cat-kolekcines-korteles","8":"product_cat-pokemon","9":"product_cat-pokemon-boosters","11":"first","12":"instock","13":"taxable","14":"shipping-taxable","15":"purchasable","16":"product-type-simple"},"yoast_head":"<!-- This site is optimized with the Yoast SEO plugin v25.9 - https:\/\/yoast.com\/wordpress\/plugins\/seo\/ -->\n<title>Night Wanderer Booster - Collectin.eu<\/title>\n<meta name=\"description\" content=\"Night Wanderer Booster yra japoni\u0161ko \u201ePok\u00e9mon TCG: Scarlet &amp; Violet\u201c serijos papildomas booster pakas, i\u0161leistas 2024\u202fm. bir\u017eelio 7\u202fd. Japonijoje kaip SV6a Night Wanderer pl\u0117tinys.\" \/>\n<meta name=\"robots\" content=\"index, follow, max-snippet:-1, max-image-preview:large, max-video-preview:-1\" \/>\n<link rel=\"canonical\" href=\"https:\/\/collectin.eu\/en\/product\/night-wanderer-booster\/\" \/>\n<meta property=\"og:locale\" content=\"en_US\" \/>\n<meta property=\"og:type\" content=\"article\" \/>\n<meta property=\"og:title\" content=\"Night Wanderer Booster - Collectin.eu\" \/>\n<meta property=\"og:description\" content=\"Night Wanderer Booster yra japoni\u0161ko \u201ePok\u00e9mon TCG: Scarlet &amp; Violet\u201c serijos papildomas booster pakas, i\u0161leistas 2024\u202fm. bir\u017eelio 7\u202fd. Japonijoje kaip SV6a Night Wanderer pl\u0117tinys.\" \/>\n<meta property=\"og:url\" content=\"https:\/\/collectin.eu\/en\/product\/night-wanderer-booster\/\" \/>\n<meta property=\"og:site_name\" content=\"Collectin.eu\" \/>\n<meta property=\"article:modified_time\" content=\"2026-04-08T10:28:43+00:00\" \/>\n<meta property=\"og:image\" content=\"http:\/\/collectin.eu\/wp-content\/uploads\/2025\/12\/Untitled-design-41-1.png\" \/>\n\t<meta property=\"og:image:width\" content=\"1080\" \/>\n\t<meta property=\"og:image:height\" content=\"1080\" \/>\n\t<meta property=\"og:image:type\" content=\"image\/png\" \/>\n<meta name=\"twitter:card\" content=\"summary_large_image\" \/>\n<meta name=\"twitter:label1\" content=\"Est. reading time\" \/>\n\t<meta name=\"twitter:data1\" content=\"1 minute\" \/>\n<script type=\"application\/ld+json\" class=\"yoast-schema-graph\">{\"@context\":\"https:\/\/schema.org\",\"@graph\":[{\"@type\":\"WebPage\",\"@id\":\"https:\/\/collectin.eu\/produktas\/night-wanderer-booster\/\",\"url\":\"https:\/\/collectin.eu\/produktas\/night-wanderer-booster\/\",\"name\":\"Night Wanderer Booster - Collectin.eu\",\"isPartOf\":{\"@id\":\"https:\/\/collectin.eu\/#website\"},\"primaryImageOfPage\":{\"@id\":\"https:\/\/collectin.eu\/produktas\/night-wanderer-booster\/#primaryimage\"},\"image\":{\"@id\":\"https:\/\/collectin.eu\/produktas\/night-wanderer-booster\/#primaryimage\"},\"thumbnailUrl\":\"https:\/\/collectin.eu\/wp-content\/uploads\/2025\/12\/Untitled-design-41-1.png\",\"datePublished\":\"2025-12-18T21:23:17+00:00\",\"dateModified\":\"2026-04-08T10:28:43+00:00\",\"description\":\"Night Wanderer Booster yra japoni\u0161ko \u201ePok\u00e9mon TCG: Scarlet & Violet\u201c serijos papildomas booster pakas, i\u0161leistas 2024\u202fm. bir\u017eelio 7\u202fd. Japonijoje kaip SV6a Night Wanderer pl\u0117tinys.\",\"breadcrumb\":{\"@id\":\"https:\/\/collectin.eu\/produktas\/night-wanderer-booster\/#breadcrumb\"},\"inLanguage\":\"en-US\",\"potentialAction\":[{\"@type\":\"ReadAction\",\"target\":[\"https:\/\/collectin.eu\/produktas\/night-wanderer-booster\/\"]}]},{\"@type\":\"ImageObject\",\"inLanguage\":\"en-US\",\"@id\":\"https:\/\/collectin.eu\/produktas\/night-wanderer-booster\/#primaryimage\",\"url\":\"https:\/\/collectin.eu\/wp-content\/uploads\/2025\/12\/Untitled-design-41-1.png\",\"contentUrl\":\"https:\/\/collectin.eu\/wp-content\/uploads\/2025\/12\/Untitled-design-41-1.png\",\"width\":1080,\"height\":1080},{\"@type\":\"BreadcrumbList\",\"@id\":\"https:\/\/collectin.eu\/produktas\/night-wanderer-booster\/#breadcrumb\",\"itemListElement\":[{\"@type\":\"ListItem\",\"position\":1,\"name\":\"Home\",\"item\":\"https:\/\/collectin.eu\/\"},{\"@type\":\"ListItem\",\"position\":2,\"name\":\"Parduotuv\u0117\",\"item\":\"https:\/\/collectin.eu\/parduotuve\/\"},{\"@type\":\"ListItem\",\"position\":3,\"name\":\"Night Wanderer Booster\"}]},{\"@type\":\"WebSite\",\"@id\":\"https:\/\/collectin.eu\/#website\",\"url\":\"https:\/\/collectin.eu\/\",\"name\":\"Collectin.eu\",\"description\":\"\",\"potentialAction\":[{\"@type\":\"SearchAction\",\"target\":{\"@type\":\"EntryPoint\",\"urlTemplate\":\"https:\/\/collectin.eu\/?s={search_term_string}\"},\"query-input\":{\"@type\":\"PropertyValueSpecification\",\"valueRequired\":true,\"valueName\":\"search_term_string\"}}],\"inLanguage\":\"en-US\"}]}<\/script>\n<!-- \/ Yoast SEO plugin. -->","yoast_head_json":{"title":"Night Wanderer Booster - Collectin.eu","description":"Night Wanderer Booster yra japoni\u0161ko \u201ePok\u00e9mon TCG: Scarlet & Violet\u201c serijos papildomas booster pakas, i\u0161leistas 2024\u202fm. bir\u017eelio 7\u202fd. Japonijoje kaip SV6a Night Wanderer pl\u0117tinys.","robots":{"index":"index","follow":"follow","max-snippet":"max-snippet:-1","max-image-preview":"max-image-preview:large","max-video-preview":"max-video-preview:-1"},"canonical":"https:\/\/collectin.eu\/en\/product\/night-wanderer-booster\/","og_locale":"en_US","og_type":"article","og_title":"Night Wanderer Booster - Collectin.eu","og_description":"Night Wanderer Booster yra japoni\u0161ko \u201ePok\u00e9mon TCG: Scarlet & Violet\u201c serijos papildomas booster pakas, i\u0161leistas 2024\u202fm. bir\u017eelio 7\u202fd. Japonijoje kaip SV6a Night Wanderer pl\u0117tinys.","og_url":"https:\/\/collectin.eu\/en\/product\/night-wanderer-booster\/","og_site_name":"Collectin.eu","article_modified_time":"2026-04-08T10:28:43+00:00","og_image":[{"width":1080,"height":1080,"url":"http:\/\/collectin.eu\/wp-content\/uploads\/2025\/12\/Untitled-design-41-1.png","type":"image\/png"}],"twitter_card":"summary_large_image","twitter_misc":{"Est. reading time":"1 minute"},"schema":{"@context":"https:\/\/schema.org","@graph":[{"@type":"WebPage","@id":"https:\/\/collectin.eu\/produktas\/night-wanderer-booster\/","url":"https:\/\/collectin.eu\/produktas\/night-wanderer-booster\/","name":"Night Wanderer Booster - Collectin.eu","isPartOf":{"@id":"https:\/\/collectin.eu\/#website"},"primaryImageOfPage":{"@id":"https:\/\/collectin.eu\/produktas\/night-wanderer-booster\/#primaryimage"},"image":{"@id":"https:\/\/collectin.eu\/produktas\/night-wanderer-booster\/#primaryimage"},"thumbnailUrl":"https:\/\/collectin.eu\/wp-content\/uploads\/2025\/12\/Untitled-design-41-1.png","datePublished":"2025-12-18T21:23:17+00:00","dateModified":"2026-04-08T10:28:43+00:00","description":"Night Wanderer Booster yra japoni\u0161ko \u201ePok\u00e9mon TCG: Scarlet & Violet\u201c serijos papildomas booster pakas, i\u0161leistas 2024\u202fm. bir\u017eelio 7\u202fd. Japonijoje kaip SV6a Night Wanderer pl\u0117tinys.","breadcrumb":{"@id":"https:\/\/collectin.eu\/produktas\/night-wanderer-booster\/#breadcrumb"},"inLanguage":"en-US","potentialAction":[{"@type":"ReadAction","target":["https:\/\/collectin.eu\/produktas\/night-wanderer-booster\/"]}]},{"@type":"ImageObject","inLanguage":"en-US","@id":"https:\/\/collectin.eu\/produktas\/night-wanderer-booster\/#primaryimage","url":"https:\/\/collectin.eu\/wp-content\/uploads\/2025\/12\/Untitled-design-41-1.png","contentUrl":"https:\/\/collectin.eu\/wp-content\/uploads\/2025\/12\/Untitled-design-41-1.png","width":1080,"height":1080},{"@type":"BreadcrumbList","@id":"https:\/\/collectin.eu\/produktas\/night-wanderer-booster\/#breadcrumb","itemListElement":[{"@type":"ListItem","position":1,"name":"Home","item":"https:\/\/collectin.eu\/"},{"@type":"ListItem","position":2,"name":"Parduotuv\u0117","item":"https:\/\/collectin.eu\/parduotuve\/"},{"@type":"ListItem","position":3,"name":"Night Wanderer Booster"}]},{"@type":"WebSite","@id":"https:\/\/collectin.eu\/#website","url":"https:\/\/collectin.eu\/","name":"Collectin.eu","description":"","potentialAction":[{"@type":"SearchAction","target":{"@type":"EntryPoint","urlTemplate":"https:\/\/collectin.eu\/?s={search_term_string}"},"query-input":{"@type":"PropertyValueSpecification","valueRequired":true,"valueName":"search_term_string"}}],"inLanguage":"en-US"}]}},"jetpack_sharing_enabled":true,"_links":{"self":[{"href":"https:\/\/collectin.eu\/en\/wp-json\/wp\/v2\/product\/38535","targetHints":{"allow":["GET"]}}],"collection":[{"href":"https:\/\/collectin.eu\/en\/wp-json\/wp\/v2\/product"}],"about":[{"href":"https:\/\/collectin.eu\/en\/wp-json\/wp\/v2\/types\/product"}],"replies":[{"embeddable":true,"href":"https:\/\/collectin.eu\/en\/wp-json\/wp\/v2\/comments?post=38535"}],"version-history":[{"count":3,"href":"https:\/\/collectin.eu\/en\/wp-json\/wp\/v2\/product\/38535\/revisions"}],"predecessor-version":[{"id":40269,"href":"https:\/\/collectin.eu\/en\/wp-json\/wp\/v2\/product\/38535\/revisions\/40269"}],"wp:featuredmedia":[{"embeddable":true,"href":"https:\/\/collectin.eu\/en\/wp-json\/wp\/v2\/media\/38536"}],"wp:attachment":[{"href":"https:\/\/collectin.eu\/en\/wp-json\/wp\/v2\/media?parent=38535"}],"wp:term":[{"taxonomy":"product_brand","embeddable":true,"href":"https:\/\/collectin.eu\/en\/wp-json\/wp\/v2\/product_brand?post=38535"},{"taxonomy":"product_cat","embeddable":true,"href":"https:\/\/collectin.eu\/en\/wp-json\/wp\/v2\/product_cat?post=38535"},{"taxonomy":"product_tag","embeddable":true,"href":"https:\/\/collectin.eu\/en\/wp-json\/wp\/v2\/product_tag?post=38535"}],"curies":[{"name":"wp","href":"https:\/\/api.w.org\/{rel}","templated":true}]}}