{"id":38539,"date":"2025-12-18T21:27:10","date_gmt":"2025-12-18T21:27:10","guid":{"rendered":"https:\/\/collectin.eu\/?post_type=product&#038;p=38539"},"modified":"2026-04-15T15:05:18","modified_gmt":"2026-04-15T15:05:18","slug":"stellar-miracle-booster","status":"publish","type":"product","link":"https:\/\/collectin.eu\/en\/product\/stellar-miracle-booster\/","title":{"rendered":"Stellar Miracle Booster"},"content":{"rendered":"<p>Stellar Miracle Booster yra japoni\u0161ko \u201ePok\u00e9mon TCG: Scarlet &amp; Violet\u201c serijos (\u201eSV7\u201c) papildomas booster pakas, i\u0161leistas Japonijoje 2024\u202fm. liepos m\u0117n. \u0160is booster pakas skirtas tiek kort\u0173 kolekcionieriams, tiek \u017eaid\u0117jams, norintiems praturtinti savo Pok\u00e9mon kort\u0173 kolekcij\u0105 unikaliomis Japonijos leidimo kortomis, kuri\u0173 tematika siejama su kosmosu, galaktika ir \u201eStellar Tera\u201c Pok\u00e9monais. Serija pristato naujas, i\u0161skirtines Stellar\u2011tipo Pok\u00e9mon ex kortas, taip pat kit\u0173 r\u016b\u0161i\u0173 retas kortas, tokias kaip Art Rare ir Special Art Rare, kurios ne tik suteikia kolekcin\u0119 vert\u0119, bet ir praple\u010dia \u017eaidimo strategines galimybes. Tarp i\u0161skirtini\u0173 kort\u0173 galima rasti galingus Pok\u00e9monus, \u012fskaitant Terapagos ex, ir \u012fvairias treniruo\u010di\u0173 kortas, kurios leid\u017eia \u017eaid\u0117jams kurti naujas talijas bei i\u0161bandyti naujas \u017eaidimo taktikas.<\/p>","protected":false},"excerpt":{"rendered":"<p>Stellar Miracle Booster yra japoni\u0161ko \u201ePok\u00e9mon TCG: Scarlet &amp; Violet\u201c serijos (\u201eSV7\u201c) papildomas booster pakas, i\u0161leistas Japonijoje 2024\u202fm. liepos m\u0117n.<\/p>","protected":false},"featured_media":38540,"comment_status":"open","ping_status":"closed","template":"","meta":[],"product_brand":[430],"product_cat":[679,407,500],"product_tag":[],"class_list":{"0":"post-38539","1":"product","2":"type-product","3":"status-publish","4":"has-post-thumbnail","6":"product_brand-pokemon","7":"product_cat-kolekcines-korteles","8":"product_cat-pokemon","9":"product_cat-pokemon-boosters","11":"first","12":"outofstock","13":"taxable","14":"shipping-taxable","15":"purchasable","16":"product-type-simple"},"yoast_head":"<!-- This site is optimized with the Yoast SEO plugin v25.9 - https:\/\/yoast.com\/wordpress\/plugins\/seo\/ -->\n<title>Stellar Miracle Booster - Collectin.eu<\/title>\n<meta name=\"description\" content=\"Stellar Miracle Booster yra japoni\u0161kas \u201ePok\u00e9mon TCG: Scarlet &amp; Violet\u201c serijos (\u201eSV7\u201c) papildomas booster pakas, kuris i\u0161leistas Japonijoje 2024\u202fm. liepos m\u0117n. ir yra kolekcinis bei \u017eaidimo produktas\" \/>\n<meta name=\"robots\" content=\"index, follow, max-snippet:-1, max-image-preview:large, max-video-preview:-1\" \/>\n<link rel=\"canonical\" href=\"https:\/\/collectin.eu\/en\/product\/stellar-miracle-booster\/\" \/>\n<meta property=\"og:locale\" content=\"en_US\" \/>\n<meta property=\"og:type\" content=\"article\" \/>\n<meta property=\"og:title\" content=\"Stellar Miracle Booster - Collectin.eu\" \/>\n<meta property=\"og:description\" content=\"Stellar Miracle Booster yra japoni\u0161kas \u201ePok\u00e9mon TCG: Scarlet &amp; Violet\u201c serijos (\u201eSV7\u201c) papildomas booster pakas, kuris i\u0161leistas Japonijoje 2024\u202fm. liepos m\u0117n. ir yra kolekcinis bei \u017eaidimo produktas\" \/>\n<meta property=\"og:url\" content=\"https:\/\/collectin.eu\/en\/product\/stellar-miracle-booster\/\" \/>\n<meta property=\"og:site_name\" content=\"Collectin.eu\" \/>\n<meta property=\"article:modified_time\" content=\"2026-04-15T15:05:18+00:00\" \/>\n<meta property=\"og:image\" content=\"http:\/\/collectin.eu\/wp-content\/uploads\/2025\/12\/Untitled-design-42-1.png\" \/>\n\t<meta property=\"og:image:width\" content=\"1080\" \/>\n\t<meta property=\"og:image:height\" content=\"1080\" \/>\n\t<meta property=\"og:image:type\" content=\"image\/png\" \/>\n<meta name=\"twitter:card\" content=\"summary_large_image\" \/>\n<meta name=\"twitter:label1\" content=\"Est. reading time\" \/>\n\t<meta name=\"twitter:data1\" content=\"1 minute\" \/>\n<script type=\"application\/ld+json\" class=\"yoast-schema-graph\">{\"@context\":\"https:\/\/schema.org\",\"@graph\":[{\"@type\":\"WebPage\",\"@id\":\"https:\/\/collectin.eu\/produktas\/stellar-miracle-booster\/\",\"url\":\"https:\/\/collectin.eu\/produktas\/stellar-miracle-booster\/\",\"name\":\"Stellar Miracle Booster - Collectin.eu\",\"isPartOf\":{\"@id\":\"https:\/\/collectin.eu\/#website\"},\"primaryImageOfPage\":{\"@id\":\"https:\/\/collectin.eu\/produktas\/stellar-miracle-booster\/#primaryimage\"},\"image\":{\"@id\":\"https:\/\/collectin.eu\/produktas\/stellar-miracle-booster\/#primaryimage\"},\"thumbnailUrl\":\"https:\/\/collectin.eu\/wp-content\/uploads\/2025\/12\/Untitled-design-42-1.png\",\"datePublished\":\"2025-12-18T21:27:10+00:00\",\"dateModified\":\"2026-04-15T15:05:18+00:00\",\"description\":\"Stellar Miracle Booster yra japoni\u0161kas \u201ePok\u00e9mon TCG: Scarlet & Violet\u201c serijos (\u201eSV7\u201c) papildomas booster pakas, kuris i\u0161leistas Japonijoje 2024\u202fm. liepos m\u0117n. ir yra kolekcinis bei \u017eaidimo produktas\",\"breadcrumb\":{\"@id\":\"https:\/\/collectin.eu\/produktas\/stellar-miracle-booster\/#breadcrumb\"},\"inLanguage\":\"en-US\",\"potentialAction\":[{\"@type\":\"ReadAction\",\"target\":[\"https:\/\/collectin.eu\/produktas\/stellar-miracle-booster\/\"]}]},{\"@type\":\"ImageObject\",\"inLanguage\":\"en-US\",\"@id\":\"https:\/\/collectin.eu\/produktas\/stellar-miracle-booster\/#primaryimage\",\"url\":\"https:\/\/collectin.eu\/wp-content\/uploads\/2025\/12\/Untitled-design-42-1.png\",\"contentUrl\":\"https:\/\/collectin.eu\/wp-content\/uploads\/2025\/12\/Untitled-design-42-1.png\",\"width\":1080,\"height\":1080},{\"@type\":\"BreadcrumbList\",\"@id\":\"https:\/\/collectin.eu\/produktas\/stellar-miracle-booster\/#breadcrumb\",\"itemListElement\":[{\"@type\":\"ListItem\",\"position\":1,\"name\":\"Home\",\"item\":\"https:\/\/collectin.eu\/\"},{\"@type\":\"ListItem\",\"position\":2,\"name\":\"Parduotuv\u0117\",\"item\":\"https:\/\/collectin.eu\/parduotuve\/\"},{\"@type\":\"ListItem\",\"position\":3,\"name\":\"Stellar Miracle Booster\"}]},{\"@type\":\"WebSite\",\"@id\":\"https:\/\/collectin.eu\/#website\",\"url\":\"https:\/\/collectin.eu\/\",\"name\":\"Collectin.eu\",\"description\":\"\",\"potentialAction\":[{\"@type\":\"SearchAction\",\"target\":{\"@type\":\"EntryPoint\",\"urlTemplate\":\"https:\/\/collectin.eu\/?s={search_term_string}\"},\"query-input\":{\"@type\":\"PropertyValueSpecification\",\"valueRequired\":true,\"valueName\":\"search_term_string\"}}],\"inLanguage\":\"en-US\"}]}<\/script>\n<!-- \/ Yoast SEO plugin. -->","yoast_head_json":{"title":"Stellar Miracle Booster - Collectin.eu","description":"Stellar Miracle Booster yra japoni\u0161kas \u201ePok\u00e9mon TCG: Scarlet & Violet\u201c serijos (\u201eSV7\u201c) papildomas booster pakas, kuris i\u0161leistas Japonijoje 2024\u202fm. liepos m\u0117n. ir yra kolekcinis bei \u017eaidimo produktas","robots":{"index":"index","follow":"follow","max-snippet":"max-snippet:-1","max-image-preview":"max-image-preview:large","max-video-preview":"max-video-preview:-1"},"canonical":"https:\/\/collectin.eu\/en\/product\/stellar-miracle-booster\/","og_locale":"en_US","og_type":"article","og_title":"Stellar Miracle Booster - Collectin.eu","og_description":"Stellar Miracle Booster yra japoni\u0161kas \u201ePok\u00e9mon TCG: Scarlet & Violet\u201c serijos (\u201eSV7\u201c) papildomas booster pakas, kuris i\u0161leistas Japonijoje 2024\u202fm. liepos m\u0117n. ir yra kolekcinis bei \u017eaidimo produktas","og_url":"https:\/\/collectin.eu\/en\/product\/stellar-miracle-booster\/","og_site_name":"Collectin.eu","article_modified_time":"2026-04-15T15:05:18+00:00","og_image":[{"width":1080,"height":1080,"url":"http:\/\/collectin.eu\/wp-content\/uploads\/2025\/12\/Untitled-design-42-1.png","type":"image\/png"}],"twitter_card":"summary_large_image","twitter_misc":{"Est. reading time":"1 minute"},"schema":{"@context":"https:\/\/schema.org","@graph":[{"@type":"WebPage","@id":"https:\/\/collectin.eu\/produktas\/stellar-miracle-booster\/","url":"https:\/\/collectin.eu\/produktas\/stellar-miracle-booster\/","name":"Stellar Miracle Booster - Collectin.eu","isPartOf":{"@id":"https:\/\/collectin.eu\/#website"},"primaryImageOfPage":{"@id":"https:\/\/collectin.eu\/produktas\/stellar-miracle-booster\/#primaryimage"},"image":{"@id":"https:\/\/collectin.eu\/produktas\/stellar-miracle-booster\/#primaryimage"},"thumbnailUrl":"https:\/\/collectin.eu\/wp-content\/uploads\/2025\/12\/Untitled-design-42-1.png","datePublished":"2025-12-18T21:27:10+00:00","dateModified":"2026-04-15T15:05:18+00:00","description":"Stellar Miracle Booster yra japoni\u0161kas \u201ePok\u00e9mon TCG: Scarlet & Violet\u201c serijos (\u201eSV7\u201c) papildomas booster pakas, kuris i\u0161leistas Japonijoje 2024\u202fm. liepos m\u0117n. ir yra kolekcinis bei \u017eaidimo produktas","breadcrumb":{"@id":"https:\/\/collectin.eu\/produktas\/stellar-miracle-booster\/#breadcrumb"},"inLanguage":"en-US","potentialAction":[{"@type":"ReadAction","target":["https:\/\/collectin.eu\/produktas\/stellar-miracle-booster\/"]}]},{"@type":"ImageObject","inLanguage":"en-US","@id":"https:\/\/collectin.eu\/produktas\/stellar-miracle-booster\/#primaryimage","url":"https:\/\/collectin.eu\/wp-content\/uploads\/2025\/12\/Untitled-design-42-1.png","contentUrl":"https:\/\/collectin.eu\/wp-content\/uploads\/2025\/12\/Untitled-design-42-1.png","width":1080,"height":1080},{"@type":"BreadcrumbList","@id":"https:\/\/collectin.eu\/produktas\/stellar-miracle-booster\/#breadcrumb","itemListElement":[{"@type":"ListItem","position":1,"name":"Home","item":"https:\/\/collectin.eu\/"},{"@type":"ListItem","position":2,"name":"Parduotuv\u0117","item":"https:\/\/collectin.eu\/parduotuve\/"},{"@type":"ListItem","position":3,"name":"Stellar Miracle Booster"}]},{"@type":"WebSite","@id":"https:\/\/collectin.eu\/#website","url":"https:\/\/collectin.eu\/","name":"Collectin.eu","description":"","potentialAction":[{"@type":"SearchAction","target":{"@type":"EntryPoint","urlTemplate":"https:\/\/collectin.eu\/?s={search_term_string}"},"query-input":{"@type":"PropertyValueSpecification","valueRequired":true,"valueName":"search_term_string"}}],"inLanguage":"en-US"}]}},"jetpack_sharing_enabled":true,"_links":{"self":[{"href":"https:\/\/collectin.eu\/en\/wp-json\/wp\/v2\/product\/38539","targetHints":{"allow":["GET"]}}],"collection":[{"href":"https:\/\/collectin.eu\/en\/wp-json\/wp\/v2\/product"}],"about":[{"href":"https:\/\/collectin.eu\/en\/wp-json\/wp\/v2\/types\/product"}],"replies":[{"embeddable":true,"href":"https:\/\/collectin.eu\/en\/wp-json\/wp\/v2\/comments?post=38539"}],"version-history":[{"count":3,"href":"https:\/\/collectin.eu\/en\/wp-json\/wp\/v2\/product\/38539\/revisions"}],"predecessor-version":[{"id":40270,"href":"https:\/\/collectin.eu\/en\/wp-json\/wp\/v2\/product\/38539\/revisions\/40270"}],"wp:featuredmedia":[{"embeddable":true,"href":"https:\/\/collectin.eu\/en\/wp-json\/wp\/v2\/media\/38540"}],"wp:attachment":[{"href":"https:\/\/collectin.eu\/en\/wp-json\/wp\/v2\/media?parent=38539"}],"wp:term":[{"taxonomy":"product_brand","embeddable":true,"href":"https:\/\/collectin.eu\/en\/wp-json\/wp\/v2\/product_brand?post=38539"},{"taxonomy":"product_cat","embeddable":true,"href":"https:\/\/collectin.eu\/en\/wp-json\/wp\/v2\/product_cat?post=38539"},{"taxonomy":"product_tag","embeddable":true,"href":"https:\/\/collectin.eu\/en\/wp-json\/wp\/v2\/product_tag?post=38539"}],"curies":[{"name":"wp","href":"https:\/\/api.w.org\/{rel}","templated":true}]}}