{"id":38543,"date":"2025-12-18T21:30:19","date_gmt":"2025-12-18T21:30:19","guid":{"rendered":"https:\/\/collectin.eu\/?post_type=product&#038;p=38543"},"modified":"2026-04-08T10:28:42","modified_gmt":"2026-04-08T10:28:42","slug":"paradise-dragona-booster","status":"publish","type":"product","link":"https:\/\/collectin.eu\/en\/product\/paradise-dragona-booster\/","title":{"rendered":"Paradise Dragona Booster"},"content":{"rendered":"<p>Paradise Dragona Booster yra japoni\u0161ko \u201ePok\u00e9mon TCG: Scarlet &amp; Violet\u201c serijos papildomas booster pakas, i\u0161leistas Japonijoje 2024\u202fm. rugs\u0117jo 13\u202fd. kaip SV7a Paradise Dragona pl\u0117tinys. \u0160i serija yra temati\u0161kai orientuota \u012f drakono tipo Pok\u00e9monus, suteikiant \u017eaid\u0117jams bei kolekcionieriams galimyb\u0119 praturtinti savo kort\u0173 rinkin\u012f unikaliais leidimo leidiniais, kuri\u0173 dizainas, holo efektai ir meno stilistika skiriasi nuo vakarieti\u0161k\u0173 versij\u0173. Paradise Dragona serija pristato tiek naujus drakono tipo Pok\u00e9monus, tiek galingas Stellar Tera ex kortas, suteikian\u010dias \u017eaid\u0117jams nauj\u0173 strategini\u0173 galimybi\u0173 ir \u012fdomi\u0173 derini\u0173 k\u016brimui talijose. Tarp i\u0161skirtini\u0173 kort\u0173 galima rasti fan\u0173 pam\u0117gtus Pok\u00e9monus, tokius kaip Latias ex, Latios ir Alolan Exeggutor ex, taip pat naujas treniruo\u010di\u0173 kortas, \u012fskaitant Affluence Energy ACE SPEC, Supporter Drayton ir gr\u012f\u017etan\u010di\u0105 kort\u0105 Lisia\u2019s Appeal, kurios leid\u017eia \u017eaid\u0117jams gilinti savo strategines galimybes ir kurti naujus \u017eaidimo planus.<\/p>","protected":false},"excerpt":{"rendered":"<p>Paradise Dragona Booster yra japoni\u0161ko \u201ePok\u00e9mon TCG: Scarlet &amp; Violet\u201c serijos papildomas booster pakas, i\u0161leistas Japonijoje 2024\u202fm. rugs\u0117jo 13\u202fd. kaip<\/p>","protected":false},"featured_media":38544,"comment_status":"open","ping_status":"closed","template":"","meta":[],"product_brand":[430],"product_cat":[679,407,500],"product_tag":[],"class_list":{"0":"post-38543","1":"product","2":"type-product","3":"status-publish","4":"has-post-thumbnail","6":"product_brand-pokemon","7":"product_cat-kolekcines-korteles","8":"product_cat-pokemon","9":"product_cat-pokemon-boosters","11":"first","12":"instock","13":"taxable","14":"shipping-taxable","15":"purchasable","16":"product-type-simple"},"yoast_head":"<!-- This site is optimized with the Yoast SEO plugin v25.9 - https:\/\/yoast.com\/wordpress\/plugins\/seo\/ -->\n<title>Paradise Dragona Booster - Collectin.eu<\/title>\n<meta name=\"description\" content=\"Paradise Dragona Booster yra japoni\u0161ko \u201ePok\u00e9mon TCG: Scarlet &amp; Violet\u201c serijos papildomas booster pakas, i\u0161leistas Japonijoje 2024\u202fm. rugs\u0117jo 13\u202fd. kaip SV7a Paradise Dragona pl\u0117tinys.\" \/>\n<meta name=\"robots\" content=\"index, follow, max-snippet:-1, max-image-preview:large, max-video-preview:-1\" \/>\n<link rel=\"canonical\" href=\"https:\/\/collectin.eu\/en\/product\/paradise-dragona-booster\/\" \/>\n<meta property=\"og:locale\" content=\"en_US\" \/>\n<meta property=\"og:type\" content=\"article\" \/>\n<meta property=\"og:title\" content=\"Paradise Dragona Booster - Collectin.eu\" \/>\n<meta property=\"og:description\" content=\"Paradise Dragona Booster yra japoni\u0161ko \u201ePok\u00e9mon TCG: Scarlet &amp; Violet\u201c serijos papildomas booster pakas, i\u0161leistas Japonijoje 2024\u202fm. rugs\u0117jo 13\u202fd. kaip SV7a Paradise Dragona pl\u0117tinys.\" \/>\n<meta property=\"og:url\" content=\"https:\/\/collectin.eu\/en\/product\/paradise-dragona-booster\/\" \/>\n<meta property=\"og:site_name\" content=\"Collectin.eu\" \/>\n<meta property=\"article:modified_time\" content=\"2026-04-08T10:28:42+00:00\" \/>\n<meta property=\"og:image\" content=\"http:\/\/collectin.eu\/wp-content\/uploads\/2025\/12\/Untitled-design-43-1.png\" \/>\n\t<meta property=\"og:image:width\" content=\"1080\" \/>\n\t<meta property=\"og:image:height\" content=\"1080\" \/>\n\t<meta property=\"og:image:type\" content=\"image\/png\" \/>\n<meta name=\"twitter:card\" content=\"summary_large_image\" \/>\n<meta name=\"twitter:label1\" content=\"Est. reading time\" \/>\n\t<meta name=\"twitter:data1\" content=\"1 minute\" \/>\n<script type=\"application\/ld+json\" class=\"yoast-schema-graph\">{\"@context\":\"https:\/\/schema.org\",\"@graph\":[{\"@type\":\"WebPage\",\"@id\":\"https:\/\/collectin.eu\/produktas\/paradise-dragona-booster\/\",\"url\":\"https:\/\/collectin.eu\/produktas\/paradise-dragona-booster\/\",\"name\":\"Paradise Dragona Booster - Collectin.eu\",\"isPartOf\":{\"@id\":\"https:\/\/collectin.eu\/#website\"},\"primaryImageOfPage\":{\"@id\":\"https:\/\/collectin.eu\/produktas\/paradise-dragona-booster\/#primaryimage\"},\"image\":{\"@id\":\"https:\/\/collectin.eu\/produktas\/paradise-dragona-booster\/#primaryimage\"},\"thumbnailUrl\":\"https:\/\/collectin.eu\/wp-content\/uploads\/2025\/12\/Untitled-design-43-1.png\",\"datePublished\":\"2025-12-18T21:30:19+00:00\",\"dateModified\":\"2026-04-08T10:28:42+00:00\",\"description\":\"Paradise Dragona Booster yra japoni\u0161ko \u201ePok\u00e9mon TCG: Scarlet & Violet\u201c serijos papildomas booster pakas, i\u0161leistas Japonijoje 2024\u202fm. rugs\u0117jo 13\u202fd. kaip SV7a Paradise Dragona pl\u0117tinys.\",\"breadcrumb\":{\"@id\":\"https:\/\/collectin.eu\/produktas\/paradise-dragona-booster\/#breadcrumb\"},\"inLanguage\":\"en-US\",\"potentialAction\":[{\"@type\":\"ReadAction\",\"target\":[\"https:\/\/collectin.eu\/produktas\/paradise-dragona-booster\/\"]}]},{\"@type\":\"ImageObject\",\"inLanguage\":\"en-US\",\"@id\":\"https:\/\/collectin.eu\/produktas\/paradise-dragona-booster\/#primaryimage\",\"url\":\"https:\/\/collectin.eu\/wp-content\/uploads\/2025\/12\/Untitled-design-43-1.png\",\"contentUrl\":\"https:\/\/collectin.eu\/wp-content\/uploads\/2025\/12\/Untitled-design-43-1.png\",\"width\":1080,\"height\":1080},{\"@type\":\"BreadcrumbList\",\"@id\":\"https:\/\/collectin.eu\/produktas\/paradise-dragona-booster\/#breadcrumb\",\"itemListElement\":[{\"@type\":\"ListItem\",\"position\":1,\"name\":\"Home\",\"item\":\"https:\/\/collectin.eu\/\"},{\"@type\":\"ListItem\",\"position\":2,\"name\":\"Parduotuv\u0117\",\"item\":\"https:\/\/collectin.eu\/parduotuve\/\"},{\"@type\":\"ListItem\",\"position\":3,\"name\":\"Paradise Dragona Booster\"}]},{\"@type\":\"WebSite\",\"@id\":\"https:\/\/collectin.eu\/#website\",\"url\":\"https:\/\/collectin.eu\/\",\"name\":\"Collectin.eu\",\"description\":\"\",\"potentialAction\":[{\"@type\":\"SearchAction\",\"target\":{\"@type\":\"EntryPoint\",\"urlTemplate\":\"https:\/\/collectin.eu\/?s={search_term_string}\"},\"query-input\":{\"@type\":\"PropertyValueSpecification\",\"valueRequired\":true,\"valueName\":\"search_term_string\"}}],\"inLanguage\":\"en-US\"}]}<\/script>\n<!-- \/ Yoast SEO plugin. -->","yoast_head_json":{"title":"Paradise Dragona Booster - Collectin.eu","description":"Paradise Dragona Booster yra japoni\u0161ko \u201ePok\u00e9mon TCG: Scarlet & Violet\u201c serijos papildomas booster pakas, i\u0161leistas Japonijoje 2024\u202fm. rugs\u0117jo 13\u202fd. kaip SV7a Paradise Dragona pl\u0117tinys.","robots":{"index":"index","follow":"follow","max-snippet":"max-snippet:-1","max-image-preview":"max-image-preview:large","max-video-preview":"max-video-preview:-1"},"canonical":"https:\/\/collectin.eu\/en\/product\/paradise-dragona-booster\/","og_locale":"en_US","og_type":"article","og_title":"Paradise Dragona Booster - Collectin.eu","og_description":"Paradise Dragona Booster yra japoni\u0161ko \u201ePok\u00e9mon TCG: Scarlet & Violet\u201c serijos papildomas booster pakas, i\u0161leistas Japonijoje 2024\u202fm. rugs\u0117jo 13\u202fd. kaip SV7a Paradise Dragona pl\u0117tinys.","og_url":"https:\/\/collectin.eu\/en\/product\/paradise-dragona-booster\/","og_site_name":"Collectin.eu","article_modified_time":"2026-04-08T10:28:42+00:00","og_image":[{"width":1080,"height":1080,"url":"http:\/\/collectin.eu\/wp-content\/uploads\/2025\/12\/Untitled-design-43-1.png","type":"image\/png"}],"twitter_card":"summary_large_image","twitter_misc":{"Est. reading time":"1 minute"},"schema":{"@context":"https:\/\/schema.org","@graph":[{"@type":"WebPage","@id":"https:\/\/collectin.eu\/produktas\/paradise-dragona-booster\/","url":"https:\/\/collectin.eu\/produktas\/paradise-dragona-booster\/","name":"Paradise Dragona Booster - Collectin.eu","isPartOf":{"@id":"https:\/\/collectin.eu\/#website"},"primaryImageOfPage":{"@id":"https:\/\/collectin.eu\/produktas\/paradise-dragona-booster\/#primaryimage"},"image":{"@id":"https:\/\/collectin.eu\/produktas\/paradise-dragona-booster\/#primaryimage"},"thumbnailUrl":"https:\/\/collectin.eu\/wp-content\/uploads\/2025\/12\/Untitled-design-43-1.png","datePublished":"2025-12-18T21:30:19+00:00","dateModified":"2026-04-08T10:28:42+00:00","description":"Paradise Dragona Booster yra japoni\u0161ko \u201ePok\u00e9mon TCG: Scarlet & Violet\u201c serijos papildomas booster pakas, i\u0161leistas Japonijoje 2024\u202fm. rugs\u0117jo 13\u202fd. kaip SV7a Paradise Dragona pl\u0117tinys.","breadcrumb":{"@id":"https:\/\/collectin.eu\/produktas\/paradise-dragona-booster\/#breadcrumb"},"inLanguage":"en-US","potentialAction":[{"@type":"ReadAction","target":["https:\/\/collectin.eu\/produktas\/paradise-dragona-booster\/"]}]},{"@type":"ImageObject","inLanguage":"en-US","@id":"https:\/\/collectin.eu\/produktas\/paradise-dragona-booster\/#primaryimage","url":"https:\/\/collectin.eu\/wp-content\/uploads\/2025\/12\/Untitled-design-43-1.png","contentUrl":"https:\/\/collectin.eu\/wp-content\/uploads\/2025\/12\/Untitled-design-43-1.png","width":1080,"height":1080},{"@type":"BreadcrumbList","@id":"https:\/\/collectin.eu\/produktas\/paradise-dragona-booster\/#breadcrumb","itemListElement":[{"@type":"ListItem","position":1,"name":"Home","item":"https:\/\/collectin.eu\/"},{"@type":"ListItem","position":2,"name":"Parduotuv\u0117","item":"https:\/\/collectin.eu\/parduotuve\/"},{"@type":"ListItem","position":3,"name":"Paradise Dragona Booster"}]},{"@type":"WebSite","@id":"https:\/\/collectin.eu\/#website","url":"https:\/\/collectin.eu\/","name":"Collectin.eu","description":"","potentialAction":[{"@type":"SearchAction","target":{"@type":"EntryPoint","urlTemplate":"https:\/\/collectin.eu\/?s={search_term_string}"},"query-input":{"@type":"PropertyValueSpecification","valueRequired":true,"valueName":"search_term_string"}}],"inLanguage":"en-US"}]}},"jetpack_sharing_enabled":true,"_links":{"self":[{"href":"https:\/\/collectin.eu\/en\/wp-json\/wp\/v2\/product\/38543","targetHints":{"allow":["GET"]}}],"collection":[{"href":"https:\/\/collectin.eu\/en\/wp-json\/wp\/v2\/product"}],"about":[{"href":"https:\/\/collectin.eu\/en\/wp-json\/wp\/v2\/types\/product"}],"replies":[{"embeddable":true,"href":"https:\/\/collectin.eu\/en\/wp-json\/wp\/v2\/comments?post=38543"}],"version-history":[{"count":3,"href":"https:\/\/collectin.eu\/en\/wp-json\/wp\/v2\/product\/38543\/revisions"}],"predecessor-version":[{"id":40271,"href":"https:\/\/collectin.eu\/en\/wp-json\/wp\/v2\/product\/38543\/revisions\/40271"}],"wp:featuredmedia":[{"embeddable":true,"href":"https:\/\/collectin.eu\/en\/wp-json\/wp\/v2\/media\/38544"}],"wp:attachment":[{"href":"https:\/\/collectin.eu\/en\/wp-json\/wp\/v2\/media?parent=38543"}],"wp:term":[{"taxonomy":"product_brand","embeddable":true,"href":"https:\/\/collectin.eu\/en\/wp-json\/wp\/v2\/product_brand?post=38543"},{"taxonomy":"product_cat","embeddable":true,"href":"https:\/\/collectin.eu\/en\/wp-json\/wp\/v2\/product_cat?post=38543"},{"taxonomy":"product_tag","embeddable":true,"href":"https:\/\/collectin.eu\/en\/wp-json\/wp\/v2\/product_tag?post=38543"}],"curies":[{"name":"wp","href":"https:\/\/api.w.org\/{rel}","templated":true}]}}