{"id":38547,"date":"2025-12-18T21:33:50","date_gmt":"2025-12-18T21:33:50","guid":{"rendered":"https:\/\/collectin.eu\/?post_type=product&#038;p=38547"},"modified":"2026-04-15T15:05:18","modified_gmt":"2026-04-15T15:05:18","slug":"super-electric-breaker-booster","status":"publish","type":"product","link":"https:\/\/collectin.eu\/en\/product\/super-electric-breaker-booster\/","title":{"rendered":"Super Electric Breaker Booster"},"content":{"rendered":"<p>Super Electric Breaker Booster yra japoni\u0161ko \u201ePok\u00e9mon TCG: Scarlet &amp; Violet\u201c serijos (\u201eSV8\u201c) papildomas booster pakas, i\u0161leistas Japonijoje 2024\u202fm. spalio 18\u202fd. \u0160i serija yra temati\u0161kai orientuota \u012f elektros tipo Pok\u00e9monus, suteikiant \u017eaid\u0117jams bei kolekcionieriams galimyb\u0119 praturtinti savo kort\u0173 kolekcij\u0105 unikaliais Japonijos leidimo leidiniais, kuri\u0173 dizainas, holo efektai ir meno stilistika i\u0161siskiria i\u0161 vakarieti\u0161k\u0173 versij\u0173. Super Electric Breaker serija ypating\u0105 d\u0117mes\u012f skiria galingiems Pok\u00e9mon ex, ypa\u010d Pikachu ex, ir kitiems populiariems elektros tipo Pok\u00e9monams, kartu pristatydama naujas treniruo\u010di\u0173, technikos ir energijos kortas, kurios suteikia \u017eaid\u0117jams didesn\u0119 strategin\u0119 laisv\u0119 ir galimybes kurti \u012fvairius \u017eaidimo derinius. Serija taip pat apima Stellar Tera mechanik\u0105, kuri leid\u017eia Pok\u00e9monams transformuotis ypatingomis formomis ir atveria naujas taktines galimybes talijose.<\/p>","protected":false},"excerpt":{"rendered":"<p>Super Electric Breaker Booster yra japoni\u0161ko \u201ePok\u00e9mon TCG: Scarlet &amp; Violet\u201c serijos (\u201eSV8\u201c) papildomas booster pakas, i\u0161leistas Japonijoje 2024\u202fm. spalio<\/p>","protected":false},"featured_media":38548,"comment_status":"open","ping_status":"closed","template":"","meta":[],"product_brand":[430],"product_cat":[679,407,500],"product_tag":[],"class_list":{"0":"post-38547","1":"product","2":"type-product","3":"status-publish","4":"has-post-thumbnail","6":"product_brand-pokemon","7":"product_cat-kolekcines-korteles","8":"product_cat-pokemon","9":"product_cat-pokemon-boosters","11":"first","12":"outofstock","13":"taxable","14":"shipping-taxable","15":"purchasable","16":"product-type-simple"},"yoast_head":"<!-- This site is optimized with the Yoast SEO plugin v25.9 - https:\/\/yoast.com\/wordpress\/plugins\/seo\/ -->\n<title>Super Electric Breaker Booster - Collectin.eu<\/title>\n<meta name=\"description\" content=\"Super Electric Breaker Booster yra japoni\u0161ko \u201ePok\u00e9mon TCG: Scarlet &amp; Violet\u201c serijos (\u201eSV8\u201c) papildomas booster pakas, i\u0161leistas Japonijoje 2024\u202fm. spalio 18\u202fd.\" \/>\n<meta name=\"robots\" content=\"index, follow, max-snippet:-1, max-image-preview:large, max-video-preview:-1\" \/>\n<link rel=\"canonical\" href=\"https:\/\/collectin.eu\/en\/product\/super-electric-breaker-booster\/\" \/>\n<meta property=\"og:locale\" content=\"en_US\" \/>\n<meta property=\"og:type\" content=\"article\" \/>\n<meta property=\"og:title\" content=\"Super Electric Breaker Booster - Collectin.eu\" \/>\n<meta property=\"og:description\" content=\"Super Electric Breaker Booster yra japoni\u0161ko \u201ePok\u00e9mon TCG: Scarlet &amp; Violet\u201c serijos (\u201eSV8\u201c) papildomas booster pakas, i\u0161leistas Japonijoje 2024\u202fm. spalio 18\u202fd.\" \/>\n<meta property=\"og:url\" content=\"https:\/\/collectin.eu\/en\/product\/super-electric-breaker-booster\/\" \/>\n<meta property=\"og:site_name\" content=\"Collectin.eu\" \/>\n<meta property=\"article:modified_time\" content=\"2026-04-15T15:05:18+00:00\" \/>\n<meta property=\"og:image\" content=\"http:\/\/collectin.eu\/wp-content\/uploads\/2025\/12\/Untitled-design-44-1.png\" \/>\n\t<meta property=\"og:image:width\" content=\"1080\" \/>\n\t<meta property=\"og:image:height\" content=\"1080\" \/>\n\t<meta property=\"og:image:type\" content=\"image\/png\" \/>\n<meta name=\"twitter:card\" content=\"summary_large_image\" \/>\n<meta name=\"twitter:label1\" content=\"Est. reading time\" \/>\n\t<meta name=\"twitter:data1\" content=\"1 minute\" \/>\n<script type=\"application\/ld+json\" class=\"yoast-schema-graph\">{\"@context\":\"https:\/\/schema.org\",\"@graph\":[{\"@type\":\"WebPage\",\"@id\":\"https:\/\/collectin.eu\/produktas\/super-electric-breaker-booster\/\",\"url\":\"https:\/\/collectin.eu\/produktas\/super-electric-breaker-booster\/\",\"name\":\"Super Electric Breaker Booster - Collectin.eu\",\"isPartOf\":{\"@id\":\"https:\/\/collectin.eu\/#website\"},\"primaryImageOfPage\":{\"@id\":\"https:\/\/collectin.eu\/produktas\/super-electric-breaker-booster\/#primaryimage\"},\"image\":{\"@id\":\"https:\/\/collectin.eu\/produktas\/super-electric-breaker-booster\/#primaryimage\"},\"thumbnailUrl\":\"https:\/\/collectin.eu\/wp-content\/uploads\/2025\/12\/Untitled-design-44-1.png\",\"datePublished\":\"2025-12-18T21:33:50+00:00\",\"dateModified\":\"2026-04-15T15:05:18+00:00\",\"description\":\"Super Electric Breaker Booster yra japoni\u0161ko \u201ePok\u00e9mon TCG: Scarlet & Violet\u201c serijos (\u201eSV8\u201c) papildomas booster pakas, i\u0161leistas Japonijoje 2024\u202fm. spalio 18\u202fd.\",\"breadcrumb\":{\"@id\":\"https:\/\/collectin.eu\/produktas\/super-electric-breaker-booster\/#breadcrumb\"},\"inLanguage\":\"en-US\",\"potentialAction\":[{\"@type\":\"ReadAction\",\"target\":[\"https:\/\/collectin.eu\/produktas\/super-electric-breaker-booster\/\"]}]},{\"@type\":\"ImageObject\",\"inLanguage\":\"en-US\",\"@id\":\"https:\/\/collectin.eu\/produktas\/super-electric-breaker-booster\/#primaryimage\",\"url\":\"https:\/\/collectin.eu\/wp-content\/uploads\/2025\/12\/Untitled-design-44-1.png\",\"contentUrl\":\"https:\/\/collectin.eu\/wp-content\/uploads\/2025\/12\/Untitled-design-44-1.png\",\"width\":1080,\"height\":1080},{\"@type\":\"BreadcrumbList\",\"@id\":\"https:\/\/collectin.eu\/produktas\/super-electric-breaker-booster\/#breadcrumb\",\"itemListElement\":[{\"@type\":\"ListItem\",\"position\":1,\"name\":\"Home\",\"item\":\"https:\/\/collectin.eu\/\"},{\"@type\":\"ListItem\",\"position\":2,\"name\":\"Parduotuv\u0117\",\"item\":\"https:\/\/collectin.eu\/parduotuve\/\"},{\"@type\":\"ListItem\",\"position\":3,\"name\":\"Super Electric Breaker Booster\"}]},{\"@type\":\"WebSite\",\"@id\":\"https:\/\/collectin.eu\/#website\",\"url\":\"https:\/\/collectin.eu\/\",\"name\":\"Collectin.eu\",\"description\":\"\",\"potentialAction\":[{\"@type\":\"SearchAction\",\"target\":{\"@type\":\"EntryPoint\",\"urlTemplate\":\"https:\/\/collectin.eu\/?s={search_term_string}\"},\"query-input\":{\"@type\":\"PropertyValueSpecification\",\"valueRequired\":true,\"valueName\":\"search_term_string\"}}],\"inLanguage\":\"en-US\"}]}<\/script>\n<!-- \/ Yoast SEO plugin. -->","yoast_head_json":{"title":"Super Electric Breaker Booster - Collectin.eu","description":"Super Electric Breaker Booster yra japoni\u0161ko \u201ePok\u00e9mon TCG: Scarlet & Violet\u201c serijos (\u201eSV8\u201c) papildomas booster pakas, i\u0161leistas Japonijoje 2024\u202fm. spalio 18\u202fd.","robots":{"index":"index","follow":"follow","max-snippet":"max-snippet:-1","max-image-preview":"max-image-preview:large","max-video-preview":"max-video-preview:-1"},"canonical":"https:\/\/collectin.eu\/en\/product\/super-electric-breaker-booster\/","og_locale":"en_US","og_type":"article","og_title":"Super Electric Breaker Booster - Collectin.eu","og_description":"Super Electric Breaker Booster yra japoni\u0161ko \u201ePok\u00e9mon TCG: Scarlet & Violet\u201c serijos (\u201eSV8\u201c) papildomas booster pakas, i\u0161leistas Japonijoje 2024\u202fm. spalio 18\u202fd.","og_url":"https:\/\/collectin.eu\/en\/product\/super-electric-breaker-booster\/","og_site_name":"Collectin.eu","article_modified_time":"2026-04-15T15:05:18+00:00","og_image":[{"width":1080,"height":1080,"url":"http:\/\/collectin.eu\/wp-content\/uploads\/2025\/12\/Untitled-design-44-1.png","type":"image\/png"}],"twitter_card":"summary_large_image","twitter_misc":{"Est. reading time":"1 minute"},"schema":{"@context":"https:\/\/schema.org","@graph":[{"@type":"WebPage","@id":"https:\/\/collectin.eu\/produktas\/super-electric-breaker-booster\/","url":"https:\/\/collectin.eu\/produktas\/super-electric-breaker-booster\/","name":"Super Electric Breaker Booster - Collectin.eu","isPartOf":{"@id":"https:\/\/collectin.eu\/#website"},"primaryImageOfPage":{"@id":"https:\/\/collectin.eu\/produktas\/super-electric-breaker-booster\/#primaryimage"},"image":{"@id":"https:\/\/collectin.eu\/produktas\/super-electric-breaker-booster\/#primaryimage"},"thumbnailUrl":"https:\/\/collectin.eu\/wp-content\/uploads\/2025\/12\/Untitled-design-44-1.png","datePublished":"2025-12-18T21:33:50+00:00","dateModified":"2026-04-15T15:05:18+00:00","description":"Super Electric Breaker Booster yra japoni\u0161ko \u201ePok\u00e9mon TCG: Scarlet & Violet\u201c serijos (\u201eSV8\u201c) papildomas booster pakas, i\u0161leistas Japonijoje 2024\u202fm. spalio 18\u202fd.","breadcrumb":{"@id":"https:\/\/collectin.eu\/produktas\/super-electric-breaker-booster\/#breadcrumb"},"inLanguage":"en-US","potentialAction":[{"@type":"ReadAction","target":["https:\/\/collectin.eu\/produktas\/super-electric-breaker-booster\/"]}]},{"@type":"ImageObject","inLanguage":"en-US","@id":"https:\/\/collectin.eu\/produktas\/super-electric-breaker-booster\/#primaryimage","url":"https:\/\/collectin.eu\/wp-content\/uploads\/2025\/12\/Untitled-design-44-1.png","contentUrl":"https:\/\/collectin.eu\/wp-content\/uploads\/2025\/12\/Untitled-design-44-1.png","width":1080,"height":1080},{"@type":"BreadcrumbList","@id":"https:\/\/collectin.eu\/produktas\/super-electric-breaker-booster\/#breadcrumb","itemListElement":[{"@type":"ListItem","position":1,"name":"Home","item":"https:\/\/collectin.eu\/"},{"@type":"ListItem","position":2,"name":"Parduotuv\u0117","item":"https:\/\/collectin.eu\/parduotuve\/"},{"@type":"ListItem","position":3,"name":"Super Electric Breaker Booster"}]},{"@type":"WebSite","@id":"https:\/\/collectin.eu\/#website","url":"https:\/\/collectin.eu\/","name":"Collectin.eu","description":"","potentialAction":[{"@type":"SearchAction","target":{"@type":"EntryPoint","urlTemplate":"https:\/\/collectin.eu\/?s={search_term_string}"},"query-input":{"@type":"PropertyValueSpecification","valueRequired":true,"valueName":"search_term_string"}}],"inLanguage":"en-US"}]}},"jetpack_sharing_enabled":true,"_links":{"self":[{"href":"https:\/\/collectin.eu\/en\/wp-json\/wp\/v2\/product\/38547","targetHints":{"allow":["GET"]}}],"collection":[{"href":"https:\/\/collectin.eu\/en\/wp-json\/wp\/v2\/product"}],"about":[{"href":"https:\/\/collectin.eu\/en\/wp-json\/wp\/v2\/types\/product"}],"replies":[{"embeddable":true,"href":"https:\/\/collectin.eu\/en\/wp-json\/wp\/v2\/comments?post=38547"}],"version-history":[{"count":2,"href":"https:\/\/collectin.eu\/en\/wp-json\/wp\/v2\/product\/38547\/revisions"}],"predecessor-version":[{"id":40272,"href":"https:\/\/collectin.eu\/en\/wp-json\/wp\/v2\/product\/38547\/revisions\/40272"}],"wp:featuredmedia":[{"embeddable":true,"href":"https:\/\/collectin.eu\/en\/wp-json\/wp\/v2\/media\/38548"}],"wp:attachment":[{"href":"https:\/\/collectin.eu\/en\/wp-json\/wp\/v2\/media?parent=38547"}],"wp:term":[{"taxonomy":"product_brand","embeddable":true,"href":"https:\/\/collectin.eu\/en\/wp-json\/wp\/v2\/product_brand?post=38547"},{"taxonomy":"product_cat","embeddable":true,"href":"https:\/\/collectin.eu\/en\/wp-json\/wp\/v2\/product_cat?post=38547"},{"taxonomy":"product_tag","embeddable":true,"href":"https:\/\/collectin.eu\/en\/wp-json\/wp\/v2\/product_tag?post=38547"}],"curies":[{"name":"wp","href":"https:\/\/api.w.org\/{rel}","templated":true}]}}