{"id":38551,"date":"2025-12-18T21:37:07","date_gmt":"2025-12-18T21:37:07","guid":{"rendered":"https:\/\/collectin.eu\/?post_type=product&#038;p=38551"},"modified":"2026-04-08T10:28:27","modified_gmt":"2026-04-08T10:28:27","slug":"battle-partners-booster","status":"publish","type":"product","link":"https:\/\/collectin.eu\/en\/product\/battle-partners-booster\/","title":{"rendered":"Battle Partners Booster"},"content":{"rendered":"<p>Battle Partners Booster yra japoni\u0161ko \u201ePok\u00e9mon TCG: Scarlet &amp; Violet\u201c serijos (\u201eSV9\u201c) papildomas booster pakas, i\u0161leistas Japonijoje 2025\u202fm. sausio\u202f24\u202fd. \u0160is pl\u0117tinys yra temati\u0161kai orientuotas \u012f treneri\u0173 ir Pok\u00e9mon\u0173 partnerystes, suteikiant \u017eaid\u0117jams bei kolekcionieriams galimyb\u0119 praturtinti savo kort\u0173 kolekcij\u0105 unikaliomis Japonijos leidimo kortomis, kurios pasi\u017eymi auk\u0161tos kokyb\u0117s spauda, detalizuotomis iliustracijomis ir holo efektais. Battle Partners serija ypatinga tuo, kad gr\u0105\u017eina \u012f \u017eaidim\u0105 klasikini\u0173 Trainer\u2019s Pok\u00e9mon mechanik\u0105 ir pabr\u0117\u017eia stiprius duetus tarp treneri\u0173 ir j\u0173 Pok\u00e9mon\u0173, toki\u0173 kaip N su Zoroark ex, Lillie su Clefairy ex, Iono su Bellibolt ex ar Hop su Zacian ex, suteikdami tiek kolekcin\u0119, tiek \u017eaidimo strategin\u0119 vert\u0119. Kortos leid\u017eia \u017eaid\u0117jams kurti naujas talijas, eksperimentuoti su strategijomis, pagr\u012fstomis sinergija tarp Pok\u00e9mon\u0173 ir treneri\u0173, ir maksimaliai i\u0161naudoti kiekvieno derinio potencial\u0105 \u017eaidime.<\/p>","protected":false},"excerpt":{"rendered":"<p>Battle Partners Booster yra japoni\u0161ko \u201ePok\u00e9mon TCG: Scarlet &amp; Violet\u201c serijos (\u201eSV9\u201c) papildomas booster pakas, i\u0161leistas Japonijoje 2025\u202fm. sausio\u202f24\u202fd. \u0160is<\/p>","protected":false},"featured_media":38552,"comment_status":"open","ping_status":"closed","template":"","meta":[],"product_brand":[430],"product_cat":[679,407,500],"product_tag":[],"class_list":{"0":"post-38551","1":"product","2":"type-product","3":"status-publish","4":"has-post-thumbnail","6":"product_brand-pokemon","7":"product_cat-kolekcines-korteles","8":"product_cat-pokemon","9":"product_cat-pokemon-boosters","11":"first","12":"instock","13":"taxable","14":"shipping-taxable","15":"purchasable","16":"product-type-simple"},"yoast_head":"<!-- This site is optimized with the Yoast SEO plugin v25.9 - https:\/\/yoast.com\/wordpress\/plugins\/seo\/ -->\n<title>Battle Partners Booster - Collectin.eu<\/title>\n<meta name=\"description\" content=\"Battle Partners Booster yra japoni\u0161ko \u201ePok\u00e9mon TCG: Scarlet &amp; Violet\u201c serijos (\u201eSV9\u201c) papildomas booster pakas \/ booster box, i\u0161leistas Japonijoje 2025\u202fm. sausio\u202f24\u202fd.\" \/>\n<meta name=\"robots\" content=\"index, follow, max-snippet:-1, max-image-preview:large, max-video-preview:-1\" \/>\n<link rel=\"canonical\" href=\"https:\/\/collectin.eu\/en\/product\/battle-partners-booster\/\" \/>\n<meta property=\"og:locale\" content=\"en_US\" \/>\n<meta property=\"og:type\" content=\"article\" \/>\n<meta property=\"og:title\" content=\"Battle Partners Booster - Collectin.eu\" \/>\n<meta property=\"og:description\" content=\"Battle Partners Booster yra japoni\u0161ko \u201ePok\u00e9mon TCG: Scarlet &amp; Violet\u201c serijos (\u201eSV9\u201c) papildomas booster pakas \/ booster box, i\u0161leistas Japonijoje 2025\u202fm. sausio\u202f24\u202fd.\" \/>\n<meta property=\"og:url\" content=\"https:\/\/collectin.eu\/en\/product\/battle-partners-booster\/\" \/>\n<meta property=\"og:site_name\" content=\"Collectin.eu\" \/>\n<meta property=\"article:modified_time\" content=\"2026-04-08T10:28:27+00:00\" \/>\n<meta property=\"og:image\" content=\"http:\/\/collectin.eu\/wp-content\/uploads\/2025\/12\/Untitled-design-45-1.png\" \/>\n\t<meta property=\"og:image:width\" content=\"1080\" \/>\n\t<meta property=\"og:image:height\" content=\"1080\" \/>\n\t<meta property=\"og:image:type\" content=\"image\/png\" \/>\n<meta name=\"twitter:card\" content=\"summary_large_image\" \/>\n<meta name=\"twitter:label1\" content=\"Est. reading time\" \/>\n\t<meta name=\"twitter:data1\" content=\"1 minute\" \/>\n<script type=\"application\/ld+json\" class=\"yoast-schema-graph\">{\"@context\":\"https:\/\/schema.org\",\"@graph\":[{\"@type\":\"WebPage\",\"@id\":\"https:\/\/collectin.eu\/produktas\/battle-partners-booster\/\",\"url\":\"https:\/\/collectin.eu\/produktas\/battle-partners-booster\/\",\"name\":\"Battle Partners Booster - Collectin.eu\",\"isPartOf\":{\"@id\":\"https:\/\/collectin.eu\/#website\"},\"primaryImageOfPage\":{\"@id\":\"https:\/\/collectin.eu\/produktas\/battle-partners-booster\/#primaryimage\"},\"image\":{\"@id\":\"https:\/\/collectin.eu\/produktas\/battle-partners-booster\/#primaryimage\"},\"thumbnailUrl\":\"https:\/\/collectin.eu\/wp-content\/uploads\/2025\/12\/Untitled-design-45-1.png\",\"datePublished\":\"2025-12-18T21:37:07+00:00\",\"dateModified\":\"2026-04-08T10:28:27+00:00\",\"description\":\"Battle Partners Booster yra japoni\u0161ko \u201ePok\u00e9mon TCG: Scarlet & Violet\u201c serijos (\u201eSV9\u201c) papildomas booster pakas \/ booster box, i\u0161leistas Japonijoje 2025\u202fm. sausio\u202f24\u202fd.\",\"breadcrumb\":{\"@id\":\"https:\/\/collectin.eu\/produktas\/battle-partners-booster\/#breadcrumb\"},\"inLanguage\":\"en-US\",\"potentialAction\":[{\"@type\":\"ReadAction\",\"target\":[\"https:\/\/collectin.eu\/produktas\/battle-partners-booster\/\"]}]},{\"@type\":\"ImageObject\",\"inLanguage\":\"en-US\",\"@id\":\"https:\/\/collectin.eu\/produktas\/battle-partners-booster\/#primaryimage\",\"url\":\"https:\/\/collectin.eu\/wp-content\/uploads\/2025\/12\/Untitled-design-45-1.png\",\"contentUrl\":\"https:\/\/collectin.eu\/wp-content\/uploads\/2025\/12\/Untitled-design-45-1.png\",\"width\":1080,\"height\":1080},{\"@type\":\"BreadcrumbList\",\"@id\":\"https:\/\/collectin.eu\/produktas\/battle-partners-booster\/#breadcrumb\",\"itemListElement\":[{\"@type\":\"ListItem\",\"position\":1,\"name\":\"Home\",\"item\":\"https:\/\/collectin.eu\/\"},{\"@type\":\"ListItem\",\"position\":2,\"name\":\"Parduotuv\u0117\",\"item\":\"https:\/\/collectin.eu\/parduotuve\/\"},{\"@type\":\"ListItem\",\"position\":3,\"name\":\"Battle Partners Booster\"}]},{\"@type\":\"WebSite\",\"@id\":\"https:\/\/collectin.eu\/#website\",\"url\":\"https:\/\/collectin.eu\/\",\"name\":\"Collectin.eu\",\"description\":\"\",\"potentialAction\":[{\"@type\":\"SearchAction\",\"target\":{\"@type\":\"EntryPoint\",\"urlTemplate\":\"https:\/\/collectin.eu\/?s={search_term_string}\"},\"query-input\":{\"@type\":\"PropertyValueSpecification\",\"valueRequired\":true,\"valueName\":\"search_term_string\"}}],\"inLanguage\":\"en-US\"}]}<\/script>\n<!-- \/ Yoast SEO plugin. -->","yoast_head_json":{"title":"Battle Partners Booster - Collectin.eu","description":"Battle Partners Booster yra japoni\u0161ko \u201ePok\u00e9mon TCG: Scarlet & Violet\u201c serijos (\u201eSV9\u201c) papildomas booster pakas \/ booster box, i\u0161leistas Japonijoje 2025\u202fm. sausio\u202f24\u202fd.","robots":{"index":"index","follow":"follow","max-snippet":"max-snippet:-1","max-image-preview":"max-image-preview:large","max-video-preview":"max-video-preview:-1"},"canonical":"https:\/\/collectin.eu\/en\/product\/battle-partners-booster\/","og_locale":"en_US","og_type":"article","og_title":"Battle Partners Booster - Collectin.eu","og_description":"Battle Partners Booster yra japoni\u0161ko \u201ePok\u00e9mon TCG: Scarlet & Violet\u201c serijos (\u201eSV9\u201c) papildomas booster pakas \/ booster box, i\u0161leistas Japonijoje 2025\u202fm. sausio\u202f24\u202fd.","og_url":"https:\/\/collectin.eu\/en\/product\/battle-partners-booster\/","og_site_name":"Collectin.eu","article_modified_time":"2026-04-08T10:28:27+00:00","og_image":[{"width":1080,"height":1080,"url":"http:\/\/collectin.eu\/wp-content\/uploads\/2025\/12\/Untitled-design-45-1.png","type":"image\/png"}],"twitter_card":"summary_large_image","twitter_misc":{"Est. reading time":"1 minute"},"schema":{"@context":"https:\/\/schema.org","@graph":[{"@type":"WebPage","@id":"https:\/\/collectin.eu\/produktas\/battle-partners-booster\/","url":"https:\/\/collectin.eu\/produktas\/battle-partners-booster\/","name":"Battle Partners Booster - Collectin.eu","isPartOf":{"@id":"https:\/\/collectin.eu\/#website"},"primaryImageOfPage":{"@id":"https:\/\/collectin.eu\/produktas\/battle-partners-booster\/#primaryimage"},"image":{"@id":"https:\/\/collectin.eu\/produktas\/battle-partners-booster\/#primaryimage"},"thumbnailUrl":"https:\/\/collectin.eu\/wp-content\/uploads\/2025\/12\/Untitled-design-45-1.png","datePublished":"2025-12-18T21:37:07+00:00","dateModified":"2026-04-08T10:28:27+00:00","description":"Battle Partners Booster yra japoni\u0161ko \u201ePok\u00e9mon TCG: Scarlet & Violet\u201c serijos (\u201eSV9\u201c) papildomas booster pakas \/ booster box, i\u0161leistas Japonijoje 2025\u202fm. sausio\u202f24\u202fd.","breadcrumb":{"@id":"https:\/\/collectin.eu\/produktas\/battle-partners-booster\/#breadcrumb"},"inLanguage":"en-US","potentialAction":[{"@type":"ReadAction","target":["https:\/\/collectin.eu\/produktas\/battle-partners-booster\/"]}]},{"@type":"ImageObject","inLanguage":"en-US","@id":"https:\/\/collectin.eu\/produktas\/battle-partners-booster\/#primaryimage","url":"https:\/\/collectin.eu\/wp-content\/uploads\/2025\/12\/Untitled-design-45-1.png","contentUrl":"https:\/\/collectin.eu\/wp-content\/uploads\/2025\/12\/Untitled-design-45-1.png","width":1080,"height":1080},{"@type":"BreadcrumbList","@id":"https:\/\/collectin.eu\/produktas\/battle-partners-booster\/#breadcrumb","itemListElement":[{"@type":"ListItem","position":1,"name":"Home","item":"https:\/\/collectin.eu\/"},{"@type":"ListItem","position":2,"name":"Parduotuv\u0117","item":"https:\/\/collectin.eu\/parduotuve\/"},{"@type":"ListItem","position":3,"name":"Battle Partners Booster"}]},{"@type":"WebSite","@id":"https:\/\/collectin.eu\/#website","url":"https:\/\/collectin.eu\/","name":"Collectin.eu","description":"","potentialAction":[{"@type":"SearchAction","target":{"@type":"EntryPoint","urlTemplate":"https:\/\/collectin.eu\/?s={search_term_string}"},"query-input":{"@type":"PropertyValueSpecification","valueRequired":true,"valueName":"search_term_string"}}],"inLanguage":"en-US"}]}},"jetpack_sharing_enabled":true,"_links":{"self":[{"href":"https:\/\/collectin.eu\/en\/wp-json\/wp\/v2\/product\/38551","targetHints":{"allow":["GET"]}}],"collection":[{"href":"https:\/\/collectin.eu\/en\/wp-json\/wp\/v2\/product"}],"about":[{"href":"https:\/\/collectin.eu\/en\/wp-json\/wp\/v2\/types\/product"}],"replies":[{"embeddable":true,"href":"https:\/\/collectin.eu\/en\/wp-json\/wp\/v2\/comments?post=38551"}],"version-history":[{"count":2,"href":"https:\/\/collectin.eu\/en\/wp-json\/wp\/v2\/product\/38551\/revisions"}],"predecessor-version":[{"id":40273,"href":"https:\/\/collectin.eu\/en\/wp-json\/wp\/v2\/product\/38551\/revisions\/40273"}],"wp:featuredmedia":[{"embeddable":true,"href":"https:\/\/collectin.eu\/en\/wp-json\/wp\/v2\/media\/38552"}],"wp:attachment":[{"href":"https:\/\/collectin.eu\/en\/wp-json\/wp\/v2\/media?parent=38551"}],"wp:term":[{"taxonomy":"product_brand","embeddable":true,"href":"https:\/\/collectin.eu\/en\/wp-json\/wp\/v2\/product_brand?post=38551"},{"taxonomy":"product_cat","embeddable":true,"href":"https:\/\/collectin.eu\/en\/wp-json\/wp\/v2\/product_cat?post=38551"},{"taxonomy":"product_tag","embeddable":true,"href":"https:\/\/collectin.eu\/en\/wp-json\/wp\/v2\/product_tag?post=38551"}],"curies":[{"name":"wp","href":"https:\/\/api.w.org\/{rel}","templated":true}]}}