{"id":38559,"date":"2025-12-18T21:44:26","date_gmt":"2025-12-18T21:44:26","guid":{"rendered":"https:\/\/collectin.eu\/?post_type=product&#038;p=38559"},"modified":"2026-04-08T10:28:26","modified_gmt":"2026-04-08T10:28:26","slug":"the-glory-of-team-rocket-booster","status":"publish","type":"product","link":"https:\/\/collectin.eu\/en\/product\/the-glory-of-team-rocket-booster\/","title":{"rendered":"The Glory of Team Rocket Booster"},"content":{"rendered":"<p>The Glory of Team Rocket Booster yra japoni\u0161ko \u201ePok\u00e9mon TCG: Scarlet &amp; Violet\u201c serijos (\u201eSV10\u201c) papildomas booster pakas, i\u0161leistas Japonijoje 2025\u202fm. baland\u017eio\u202f18\u202fd. \u0160is pl\u0117tinys yra temati\u0161kai orientuotas \u012f Team Rocket \u2013 ikoninius Pok\u00e9mon pasaulio antagonistus, pabr\u0117\u017eiant j\u0173 treneri\u0173 ir Pok\u00e9mon\u0173 duet\u0173 s\u0105veik\u0105, strategin\u0119 \u012ftak\u0105 \u017eaidime bei unikali\u0105 vizualin\u0119 tematik\u0105. Booster pakas suteikia \u017eaid\u0117jams galimyb\u0119 praturtinti savo kolekcij\u0105 japon\u0173 leidimo kortomis, kurios pasi\u017eymi auk\u0161tos kokyb\u0117s spauda, detalizuotomis iliustracijomis ir holo efektais, i\u0161siskirian\u010diais i\u0161 vakarieti\u0161k\u0173 leidim\u0173. Heat Wave Arena serija ypating\u0105 d\u0117mes\u012f skiria Pok\u00e9mon ex, Art Rare (AR), Special Art Rare (SAR) ir Ultra Rare kortoms, kurios leid\u017eia kurti strateginius talij\u0173 derinius ir maksimaliai i\u0161naudoti \u017eaidimo taktik\u0105. Tarp i\u0161skirtini\u0173 kort\u0173 galima rasti Team Rocket\u2019s Mewtwo ex, Wobbuffet, Orbeetle, Nidoking ir kitus ikoninius Team Rocket Pok\u00e9monus bei trenerius, suteikian\u010dius \u017eaidimui papildom\u0105 dinamik\u0105 ir kolekcin\u0119 vert\u0119.<\/p>","protected":false},"excerpt":{"rendered":"<p>The Glory of Team Rocket Booster yra japoni\u0161ko \u201ePok\u00e9mon TCG: Scarlet &amp; Violet\u201c serijos (\u201eSV10\u201c) papildomas booster pakas, i\u0161leistas Japonijoje<\/p>","protected":false},"featured_media":38560,"comment_status":"open","ping_status":"closed","template":"","meta":[],"product_brand":[430],"product_cat":[679,407,500],"product_tag":[],"class_list":{"0":"post-38559","1":"product","2":"type-product","3":"status-publish","4":"has-post-thumbnail","6":"product_brand-pokemon","7":"product_cat-kolekcines-korteles","8":"product_cat-pokemon","9":"product_cat-pokemon-boosters","11":"first","12":"instock","13":"taxable","14":"shipping-taxable","15":"purchasable","16":"product-type-simple"},"yoast_head":"<!-- This site is optimized with the Yoast SEO plugin v25.9 - https:\/\/yoast.com\/wordpress\/plugins\/seo\/ -->\n<title>The Glory of Team Rocket Booster - Collectin.eu<\/title>\n<meta name=\"description\" content=\"The Glory of Team Rocket Booster yra japoni\u0161ko \u201ePok\u00e9mon TCG: Scarlet &amp; Violet\u201c serijos papildomas booster pakas, \u017einomas Japonijoje kaip \u30ed\u30b1\u30c3\u30c8\u56e3\u306e\u6804\u5149 (\u201eGlory of the Rocket Gang\u201c).\" \/>\n<meta name=\"robots\" content=\"index, follow, max-snippet:-1, max-image-preview:large, max-video-preview:-1\" \/>\n<link rel=\"canonical\" href=\"https:\/\/collectin.eu\/en\/product\/the-glory-of-team-rocket-booster\/\" \/>\n<meta property=\"og:locale\" content=\"en_US\" \/>\n<meta property=\"og:type\" content=\"article\" \/>\n<meta property=\"og:title\" content=\"The Glory of Team Rocket Booster - Collectin.eu\" \/>\n<meta property=\"og:description\" content=\"The Glory of Team Rocket Booster yra japoni\u0161ko \u201ePok\u00e9mon TCG: Scarlet &amp; Violet\u201c serijos papildomas booster pakas, \u017einomas Japonijoje kaip \u30ed\u30b1\u30c3\u30c8\u56e3\u306e\u6804\u5149 (\u201eGlory of the Rocket Gang\u201c).\" \/>\n<meta property=\"og:url\" content=\"https:\/\/collectin.eu\/en\/product\/the-glory-of-team-rocket-booster\/\" \/>\n<meta property=\"og:site_name\" content=\"Collectin.eu\" \/>\n<meta property=\"article:modified_time\" content=\"2026-04-08T10:28:26+00:00\" \/>\n<meta property=\"og:image\" content=\"http:\/\/collectin.eu\/wp-content\/uploads\/2025\/12\/Untitled-design-47-1.png\" \/>\n\t<meta property=\"og:image:width\" content=\"1080\" \/>\n\t<meta property=\"og:image:height\" content=\"1080\" \/>\n\t<meta property=\"og:image:type\" content=\"image\/png\" \/>\n<meta name=\"twitter:card\" content=\"summary_large_image\" \/>\n<meta name=\"twitter:label1\" content=\"Est. reading time\" \/>\n\t<meta name=\"twitter:data1\" content=\"1 minute\" \/>\n<script type=\"application\/ld+json\" class=\"yoast-schema-graph\">{\"@context\":\"https:\/\/schema.org\",\"@graph\":[{\"@type\":\"WebPage\",\"@id\":\"https:\/\/collectin.eu\/produktas\/the-glory-of-team-rocket-booster\/\",\"url\":\"https:\/\/collectin.eu\/produktas\/the-glory-of-team-rocket-booster\/\",\"name\":\"The Glory of Team Rocket Booster - Collectin.eu\",\"isPartOf\":{\"@id\":\"https:\/\/collectin.eu\/#website\"},\"primaryImageOfPage\":{\"@id\":\"https:\/\/collectin.eu\/produktas\/the-glory-of-team-rocket-booster\/#primaryimage\"},\"image\":{\"@id\":\"https:\/\/collectin.eu\/produktas\/the-glory-of-team-rocket-booster\/#primaryimage\"},\"thumbnailUrl\":\"https:\/\/collectin.eu\/wp-content\/uploads\/2025\/12\/Untitled-design-47-1.png\",\"datePublished\":\"2025-12-18T21:44:26+00:00\",\"dateModified\":\"2026-04-08T10:28:26+00:00\",\"description\":\"The Glory of Team Rocket Booster yra japoni\u0161ko \u201ePok\u00e9mon TCG: Scarlet & Violet\u201c serijos papildomas booster pakas, \u017einomas Japonijoje kaip \u30ed\u30b1\u30c3\u30c8\u56e3\u306e\u6804\u5149 (\u201eGlory of the Rocket Gang\u201c).\",\"breadcrumb\":{\"@id\":\"https:\/\/collectin.eu\/produktas\/the-glory-of-team-rocket-booster\/#breadcrumb\"},\"inLanguage\":\"en-US\",\"potentialAction\":[{\"@type\":\"ReadAction\",\"target\":[\"https:\/\/collectin.eu\/produktas\/the-glory-of-team-rocket-booster\/\"]}]},{\"@type\":\"ImageObject\",\"inLanguage\":\"en-US\",\"@id\":\"https:\/\/collectin.eu\/produktas\/the-glory-of-team-rocket-booster\/#primaryimage\",\"url\":\"https:\/\/collectin.eu\/wp-content\/uploads\/2025\/12\/Untitled-design-47-1.png\",\"contentUrl\":\"https:\/\/collectin.eu\/wp-content\/uploads\/2025\/12\/Untitled-design-47-1.png\",\"width\":1080,\"height\":1080},{\"@type\":\"BreadcrumbList\",\"@id\":\"https:\/\/collectin.eu\/produktas\/the-glory-of-team-rocket-booster\/#breadcrumb\",\"itemListElement\":[{\"@type\":\"ListItem\",\"position\":1,\"name\":\"Home\",\"item\":\"https:\/\/collectin.eu\/\"},{\"@type\":\"ListItem\",\"position\":2,\"name\":\"Parduotuv\u0117\",\"item\":\"https:\/\/collectin.eu\/parduotuve\/\"},{\"@type\":\"ListItem\",\"position\":3,\"name\":\"The Glory of Team Rocket Booster\"}]},{\"@type\":\"WebSite\",\"@id\":\"https:\/\/collectin.eu\/#website\",\"url\":\"https:\/\/collectin.eu\/\",\"name\":\"Collectin.eu\",\"description\":\"\",\"potentialAction\":[{\"@type\":\"SearchAction\",\"target\":{\"@type\":\"EntryPoint\",\"urlTemplate\":\"https:\/\/collectin.eu\/?s={search_term_string}\"},\"query-input\":{\"@type\":\"PropertyValueSpecification\",\"valueRequired\":true,\"valueName\":\"search_term_string\"}}],\"inLanguage\":\"en-US\"}]}<\/script>\n<!-- \/ Yoast SEO plugin. -->","yoast_head_json":{"title":"The Glory of Team Rocket Booster - Collectin.eu","description":"The Glory of Team Rocket Booster yra japoni\u0161ko \u201ePok\u00e9mon TCG: Scarlet & Violet\u201c serijos papildomas booster pakas, \u017einomas Japonijoje kaip \u30ed\u30b1\u30c3\u30c8\u56e3\u306e\u6804\u5149 (\u201eGlory of the Rocket Gang\u201c).","robots":{"index":"index","follow":"follow","max-snippet":"max-snippet:-1","max-image-preview":"max-image-preview:large","max-video-preview":"max-video-preview:-1"},"canonical":"https:\/\/collectin.eu\/en\/product\/the-glory-of-team-rocket-booster\/","og_locale":"en_US","og_type":"article","og_title":"The Glory of Team Rocket Booster - Collectin.eu","og_description":"The Glory of Team Rocket Booster yra japoni\u0161ko \u201ePok\u00e9mon TCG: Scarlet & Violet\u201c serijos papildomas booster pakas, \u017einomas Japonijoje kaip \u30ed\u30b1\u30c3\u30c8\u56e3\u306e\u6804\u5149 (\u201eGlory of the Rocket Gang\u201c).","og_url":"https:\/\/collectin.eu\/en\/product\/the-glory-of-team-rocket-booster\/","og_site_name":"Collectin.eu","article_modified_time":"2026-04-08T10:28:26+00:00","og_image":[{"width":1080,"height":1080,"url":"http:\/\/collectin.eu\/wp-content\/uploads\/2025\/12\/Untitled-design-47-1.png","type":"image\/png"}],"twitter_card":"summary_large_image","twitter_misc":{"Est. reading time":"1 minute"},"schema":{"@context":"https:\/\/schema.org","@graph":[{"@type":"WebPage","@id":"https:\/\/collectin.eu\/produktas\/the-glory-of-team-rocket-booster\/","url":"https:\/\/collectin.eu\/produktas\/the-glory-of-team-rocket-booster\/","name":"The Glory of Team Rocket Booster - Collectin.eu","isPartOf":{"@id":"https:\/\/collectin.eu\/#website"},"primaryImageOfPage":{"@id":"https:\/\/collectin.eu\/produktas\/the-glory-of-team-rocket-booster\/#primaryimage"},"image":{"@id":"https:\/\/collectin.eu\/produktas\/the-glory-of-team-rocket-booster\/#primaryimage"},"thumbnailUrl":"https:\/\/collectin.eu\/wp-content\/uploads\/2025\/12\/Untitled-design-47-1.png","datePublished":"2025-12-18T21:44:26+00:00","dateModified":"2026-04-08T10:28:26+00:00","description":"The Glory of Team Rocket Booster yra japoni\u0161ko \u201ePok\u00e9mon TCG: Scarlet & Violet\u201c serijos papildomas booster pakas, \u017einomas Japonijoje kaip \u30ed\u30b1\u30c3\u30c8\u56e3\u306e\u6804\u5149 (\u201eGlory of the Rocket Gang\u201c).","breadcrumb":{"@id":"https:\/\/collectin.eu\/produktas\/the-glory-of-team-rocket-booster\/#breadcrumb"},"inLanguage":"en-US","potentialAction":[{"@type":"ReadAction","target":["https:\/\/collectin.eu\/produktas\/the-glory-of-team-rocket-booster\/"]}]},{"@type":"ImageObject","inLanguage":"en-US","@id":"https:\/\/collectin.eu\/produktas\/the-glory-of-team-rocket-booster\/#primaryimage","url":"https:\/\/collectin.eu\/wp-content\/uploads\/2025\/12\/Untitled-design-47-1.png","contentUrl":"https:\/\/collectin.eu\/wp-content\/uploads\/2025\/12\/Untitled-design-47-1.png","width":1080,"height":1080},{"@type":"BreadcrumbList","@id":"https:\/\/collectin.eu\/produktas\/the-glory-of-team-rocket-booster\/#breadcrumb","itemListElement":[{"@type":"ListItem","position":1,"name":"Home","item":"https:\/\/collectin.eu\/"},{"@type":"ListItem","position":2,"name":"Parduotuv\u0117","item":"https:\/\/collectin.eu\/parduotuve\/"},{"@type":"ListItem","position":3,"name":"The Glory of Team Rocket Booster"}]},{"@type":"WebSite","@id":"https:\/\/collectin.eu\/#website","url":"https:\/\/collectin.eu\/","name":"Collectin.eu","description":"","potentialAction":[{"@type":"SearchAction","target":{"@type":"EntryPoint","urlTemplate":"https:\/\/collectin.eu\/?s={search_term_string}"},"query-input":{"@type":"PropertyValueSpecification","valueRequired":true,"valueName":"search_term_string"}}],"inLanguage":"en-US"}]}},"jetpack_sharing_enabled":true,"_links":{"self":[{"href":"https:\/\/collectin.eu\/en\/wp-json\/wp\/v2\/product\/38559","targetHints":{"allow":["GET"]}}],"collection":[{"href":"https:\/\/collectin.eu\/en\/wp-json\/wp\/v2\/product"}],"about":[{"href":"https:\/\/collectin.eu\/en\/wp-json\/wp\/v2\/types\/product"}],"replies":[{"embeddable":true,"href":"https:\/\/collectin.eu\/en\/wp-json\/wp\/v2\/comments?post=38559"}],"version-history":[{"count":3,"href":"https:\/\/collectin.eu\/en\/wp-json\/wp\/v2\/product\/38559\/revisions"}],"predecessor-version":[{"id":40275,"href":"https:\/\/collectin.eu\/en\/wp-json\/wp\/v2\/product\/38559\/revisions\/40275"}],"wp:featuredmedia":[{"embeddable":true,"href":"https:\/\/collectin.eu\/en\/wp-json\/wp\/v2\/media\/38560"}],"wp:attachment":[{"href":"https:\/\/collectin.eu\/en\/wp-json\/wp\/v2\/media?parent=38559"}],"wp:term":[{"taxonomy":"product_brand","embeddable":true,"href":"https:\/\/collectin.eu\/en\/wp-json\/wp\/v2\/product_brand?post=38559"},{"taxonomy":"product_cat","embeddable":true,"href":"https:\/\/collectin.eu\/en\/wp-json\/wp\/v2\/product_cat?post=38559"},{"taxonomy":"product_tag","embeddable":true,"href":"https:\/\/collectin.eu\/en\/wp-json\/wp\/v2\/product_tag?post=38559"}],"curies":[{"name":"wp","href":"https:\/\/api.w.org\/{rel}","templated":true}]}}