{"id":38563,"date":"2025-12-18T21:48:09","date_gmt":"2025-12-18T21:48:09","guid":{"rendered":"https:\/\/collectin.eu\/?post_type=product&#038;p=38563"},"modified":"2026-04-08T10:28:26","modified_gmt":"2026-04-08T10:28:26","slug":"black-bolt-jp-booster","status":"publish","type":"product","link":"https:\/\/collectin.eu\/en\/product\/black-bolt-jp-booster\/","title":{"rendered":"Black Bolt JP Booster"},"content":{"rendered":"<p>Black Bolt JP Booster yra japoni\u0161ko \u201ePok\u00e9mon TCG: Scarlet &amp; Violet \u2013 Black Bolt\u201c serijos (\u201eSV11B\u201c) papildomas booster pakas, i\u0161leistas Japonijoje 2025\u202fm. bir\u017eelio\u202f6\u202fd. \u0160i serija temati\u0161kai orientuota \u012f Unova regiono Pok\u00e9monus, suteikiant \u017eaid\u0117jams ir kolekcionieriams galimyb\u0119 praturtinti savo kolekcij\u0105 specialiais japon\u0173 leidimo dizainais, kurie pasi\u017eymi auk\u0161tos kokyb\u0117s spauda, detalizuotomis iliustracijomis ir unikalia holo estetika. Black Bolt serija ypating\u0105 d\u0117mes\u012f skiria legendiniams ir galingiems Pok\u00e9mon ex kortoms, taip pat naujoms retumo kategorijoms, tokioms kaip Illustration Rare (IR), Special Illustration Rare (SIR) ir Black &amp; White Rare (BWR), kurios suteikia tiek kolekcin\u0119, tiek \u017eaidimo strategin\u0119 vert\u0119. Tarp i\u0161skirtini\u0173 kort\u0173 galima rasti Zekrom ex, Reshiram ex, Kyurem ex ir kitus Unova regiono ikoninius Pok\u00e9monus, kartu su \u012fvairiomis retomis treneri\u0173 bei energijos kortomis, leid\u017eian\u010diomis kurti naujas talij\u0173 kombinacijas ir maksimaliai i\u0161naudoti \u017eaidimo taktik\u0105.<\/p>","protected":false},"excerpt":{"rendered":"<p>Black Bolt JP Booster yra japoni\u0161ko \u201ePok\u00e9mon TCG: Scarlet &amp; Violet \u2013 Black Bolt\u201c serijos (\u201eSV11B\u201c) papildomas booster pakas, i\u0161leistas<\/p>","protected":false},"featured_media":38564,"comment_status":"open","ping_status":"closed","template":"","meta":[],"product_brand":[430],"product_cat":[679,407,500],"product_tag":[],"class_list":{"0":"post-38563","1":"product","2":"type-product","3":"status-publish","4":"has-post-thumbnail","6":"product_brand-pokemon","7":"product_cat-kolekcines-korteles","8":"product_cat-pokemon","9":"product_cat-pokemon-boosters","11":"first","12":"instock","13":"taxable","14":"shipping-taxable","15":"purchasable","16":"product-type-simple"},"yoast_head":"<!-- This site is optimized with the Yoast SEO plugin v25.9 - https:\/\/yoast.com\/wordpress\/plugins\/seo\/ -->\n<title>Black Bolt JP Booster - Collectin.eu<\/title>\n<meta name=\"description\" content=\"Black Bolt JP Booster yra japon\u0173 \u201ePok\u00e9mon TCG: Scarlet &amp; Violet \u2013 Black Bolt\u201c serijos oficialus booster pakas, i\u0161leistas 2025\u202fm. bir\u017eelio\u202f6\u202fd.\" \/>\n<meta name=\"robots\" content=\"index, follow, max-snippet:-1, max-image-preview:large, max-video-preview:-1\" \/>\n<link rel=\"canonical\" href=\"https:\/\/collectin.eu\/en\/product\/black-bolt-jp-booster\/\" \/>\n<meta property=\"og:locale\" content=\"en_US\" \/>\n<meta property=\"og:type\" content=\"article\" \/>\n<meta property=\"og:title\" content=\"Black Bolt JP Booster - Collectin.eu\" \/>\n<meta property=\"og:description\" content=\"Black Bolt JP Booster yra japon\u0173 \u201ePok\u00e9mon TCG: Scarlet &amp; Violet \u2013 Black Bolt\u201c serijos oficialus booster pakas, i\u0161leistas 2025\u202fm. bir\u017eelio\u202f6\u202fd.\" \/>\n<meta property=\"og:url\" content=\"https:\/\/collectin.eu\/en\/product\/black-bolt-jp-booster\/\" \/>\n<meta property=\"og:site_name\" content=\"Collectin.eu\" \/>\n<meta property=\"article:modified_time\" content=\"2026-04-08T10:28:26+00:00\" \/>\n<meta property=\"og:image\" content=\"http:\/\/collectin.eu\/wp-content\/uploads\/2025\/12\/Untitled-design-48-1.png\" \/>\n\t<meta property=\"og:image:width\" content=\"1080\" \/>\n\t<meta property=\"og:image:height\" content=\"1080\" \/>\n\t<meta property=\"og:image:type\" content=\"image\/png\" \/>\n<meta name=\"twitter:card\" content=\"summary_large_image\" \/>\n<meta name=\"twitter:label1\" content=\"Est. reading time\" \/>\n\t<meta name=\"twitter:data1\" content=\"1 minute\" \/>\n<script type=\"application\/ld+json\" class=\"yoast-schema-graph\">{\"@context\":\"https:\/\/schema.org\",\"@graph\":[{\"@type\":\"WebPage\",\"@id\":\"https:\/\/collectin.eu\/produktas\/black-bolt-jp-booster\/\",\"url\":\"https:\/\/collectin.eu\/produktas\/black-bolt-jp-booster\/\",\"name\":\"Black Bolt JP Booster - Collectin.eu\",\"isPartOf\":{\"@id\":\"https:\/\/collectin.eu\/#website\"},\"primaryImageOfPage\":{\"@id\":\"https:\/\/collectin.eu\/produktas\/black-bolt-jp-booster\/#primaryimage\"},\"image\":{\"@id\":\"https:\/\/collectin.eu\/produktas\/black-bolt-jp-booster\/#primaryimage\"},\"thumbnailUrl\":\"https:\/\/collectin.eu\/wp-content\/uploads\/2025\/12\/Untitled-design-48-1.png\",\"datePublished\":\"2025-12-18T21:48:09+00:00\",\"dateModified\":\"2026-04-08T10:28:26+00:00\",\"description\":\"Black Bolt JP Booster yra japon\u0173 \u201ePok\u00e9mon TCG: Scarlet & Violet \u2013 Black Bolt\u201c serijos oficialus booster pakas, i\u0161leistas 2025\u202fm. bir\u017eelio\u202f6\u202fd.\",\"breadcrumb\":{\"@id\":\"https:\/\/collectin.eu\/produktas\/black-bolt-jp-booster\/#breadcrumb\"},\"inLanguage\":\"en-US\",\"potentialAction\":[{\"@type\":\"ReadAction\",\"target\":[\"https:\/\/collectin.eu\/produktas\/black-bolt-jp-booster\/\"]}]},{\"@type\":\"ImageObject\",\"inLanguage\":\"en-US\",\"@id\":\"https:\/\/collectin.eu\/produktas\/black-bolt-jp-booster\/#primaryimage\",\"url\":\"https:\/\/collectin.eu\/wp-content\/uploads\/2025\/12\/Untitled-design-48-1.png\",\"contentUrl\":\"https:\/\/collectin.eu\/wp-content\/uploads\/2025\/12\/Untitled-design-48-1.png\",\"width\":1080,\"height\":1080},{\"@type\":\"BreadcrumbList\",\"@id\":\"https:\/\/collectin.eu\/produktas\/black-bolt-jp-booster\/#breadcrumb\",\"itemListElement\":[{\"@type\":\"ListItem\",\"position\":1,\"name\":\"Home\",\"item\":\"https:\/\/collectin.eu\/\"},{\"@type\":\"ListItem\",\"position\":2,\"name\":\"Parduotuv\u0117\",\"item\":\"https:\/\/collectin.eu\/parduotuve\/\"},{\"@type\":\"ListItem\",\"position\":3,\"name\":\"Black Bolt JP Booster\"}]},{\"@type\":\"WebSite\",\"@id\":\"https:\/\/collectin.eu\/#website\",\"url\":\"https:\/\/collectin.eu\/\",\"name\":\"Collectin.eu\",\"description\":\"\",\"potentialAction\":[{\"@type\":\"SearchAction\",\"target\":{\"@type\":\"EntryPoint\",\"urlTemplate\":\"https:\/\/collectin.eu\/?s={search_term_string}\"},\"query-input\":{\"@type\":\"PropertyValueSpecification\",\"valueRequired\":true,\"valueName\":\"search_term_string\"}}],\"inLanguage\":\"en-US\"}]}<\/script>\n<!-- \/ Yoast SEO plugin. -->","yoast_head_json":{"title":"Black Bolt JP Booster - Collectin.eu","description":"Black Bolt JP Booster yra japon\u0173 \u201ePok\u00e9mon TCG: Scarlet & Violet \u2013 Black Bolt\u201c serijos oficialus booster pakas, i\u0161leistas 2025\u202fm. bir\u017eelio\u202f6\u202fd.","robots":{"index":"index","follow":"follow","max-snippet":"max-snippet:-1","max-image-preview":"max-image-preview:large","max-video-preview":"max-video-preview:-1"},"canonical":"https:\/\/collectin.eu\/en\/product\/black-bolt-jp-booster\/","og_locale":"en_US","og_type":"article","og_title":"Black Bolt JP Booster - Collectin.eu","og_description":"Black Bolt JP Booster yra japon\u0173 \u201ePok\u00e9mon TCG: Scarlet & Violet \u2013 Black Bolt\u201c serijos oficialus booster pakas, i\u0161leistas 2025\u202fm. bir\u017eelio\u202f6\u202fd.","og_url":"https:\/\/collectin.eu\/en\/product\/black-bolt-jp-booster\/","og_site_name":"Collectin.eu","article_modified_time":"2026-04-08T10:28:26+00:00","og_image":[{"width":1080,"height":1080,"url":"http:\/\/collectin.eu\/wp-content\/uploads\/2025\/12\/Untitled-design-48-1.png","type":"image\/png"}],"twitter_card":"summary_large_image","twitter_misc":{"Est. reading time":"1 minute"},"schema":{"@context":"https:\/\/schema.org","@graph":[{"@type":"WebPage","@id":"https:\/\/collectin.eu\/produktas\/black-bolt-jp-booster\/","url":"https:\/\/collectin.eu\/produktas\/black-bolt-jp-booster\/","name":"Black Bolt JP Booster - Collectin.eu","isPartOf":{"@id":"https:\/\/collectin.eu\/#website"},"primaryImageOfPage":{"@id":"https:\/\/collectin.eu\/produktas\/black-bolt-jp-booster\/#primaryimage"},"image":{"@id":"https:\/\/collectin.eu\/produktas\/black-bolt-jp-booster\/#primaryimage"},"thumbnailUrl":"https:\/\/collectin.eu\/wp-content\/uploads\/2025\/12\/Untitled-design-48-1.png","datePublished":"2025-12-18T21:48:09+00:00","dateModified":"2026-04-08T10:28:26+00:00","description":"Black Bolt JP Booster yra japon\u0173 \u201ePok\u00e9mon TCG: Scarlet & Violet \u2013 Black Bolt\u201c serijos oficialus booster pakas, i\u0161leistas 2025\u202fm. bir\u017eelio\u202f6\u202fd.","breadcrumb":{"@id":"https:\/\/collectin.eu\/produktas\/black-bolt-jp-booster\/#breadcrumb"},"inLanguage":"en-US","potentialAction":[{"@type":"ReadAction","target":["https:\/\/collectin.eu\/produktas\/black-bolt-jp-booster\/"]}]},{"@type":"ImageObject","inLanguage":"en-US","@id":"https:\/\/collectin.eu\/produktas\/black-bolt-jp-booster\/#primaryimage","url":"https:\/\/collectin.eu\/wp-content\/uploads\/2025\/12\/Untitled-design-48-1.png","contentUrl":"https:\/\/collectin.eu\/wp-content\/uploads\/2025\/12\/Untitled-design-48-1.png","width":1080,"height":1080},{"@type":"BreadcrumbList","@id":"https:\/\/collectin.eu\/produktas\/black-bolt-jp-booster\/#breadcrumb","itemListElement":[{"@type":"ListItem","position":1,"name":"Home","item":"https:\/\/collectin.eu\/"},{"@type":"ListItem","position":2,"name":"Parduotuv\u0117","item":"https:\/\/collectin.eu\/parduotuve\/"},{"@type":"ListItem","position":3,"name":"Black Bolt JP Booster"}]},{"@type":"WebSite","@id":"https:\/\/collectin.eu\/#website","url":"https:\/\/collectin.eu\/","name":"Collectin.eu","description":"","potentialAction":[{"@type":"SearchAction","target":{"@type":"EntryPoint","urlTemplate":"https:\/\/collectin.eu\/?s={search_term_string}"},"query-input":{"@type":"PropertyValueSpecification","valueRequired":true,"valueName":"search_term_string"}}],"inLanguage":"en-US"}]}},"jetpack_sharing_enabled":true,"_links":{"self":[{"href":"https:\/\/collectin.eu\/en\/wp-json\/wp\/v2\/product\/38563","targetHints":{"allow":["GET"]}}],"collection":[{"href":"https:\/\/collectin.eu\/en\/wp-json\/wp\/v2\/product"}],"about":[{"href":"https:\/\/collectin.eu\/en\/wp-json\/wp\/v2\/types\/product"}],"replies":[{"embeddable":true,"href":"https:\/\/collectin.eu\/en\/wp-json\/wp\/v2\/comments?post=38563"}],"version-history":[{"count":3,"href":"https:\/\/collectin.eu\/en\/wp-json\/wp\/v2\/product\/38563\/revisions"}],"predecessor-version":[{"id":40276,"href":"https:\/\/collectin.eu\/en\/wp-json\/wp\/v2\/product\/38563\/revisions\/40276"}],"wp:featuredmedia":[{"embeddable":true,"href":"https:\/\/collectin.eu\/en\/wp-json\/wp\/v2\/media\/38564"}],"wp:attachment":[{"href":"https:\/\/collectin.eu\/en\/wp-json\/wp\/v2\/media?parent=38563"}],"wp:term":[{"taxonomy":"product_brand","embeddable":true,"href":"https:\/\/collectin.eu\/en\/wp-json\/wp\/v2\/product_brand?post=38563"},{"taxonomy":"product_cat","embeddable":true,"href":"https:\/\/collectin.eu\/en\/wp-json\/wp\/v2\/product_cat?post=38563"},{"taxonomy":"product_tag","embeddable":true,"href":"https:\/\/collectin.eu\/en\/wp-json\/wp\/v2\/product_tag?post=38563"}],"curies":[{"name":"wp","href":"https:\/\/api.w.org\/{rel}","templated":true}]}}