{"id":38567,"date":"2025-12-18T21:51:26","date_gmt":"2025-12-18T21:51:26","guid":{"rendered":"https:\/\/collectin.eu\/?post_type=product&#038;p=38567"},"modified":"2026-04-08T10:28:25","modified_gmt":"2026-04-08T10:28:25","slug":"white-flare-jp-booster","status":"publish","type":"product","link":"https:\/\/collectin.eu\/en\/product\/white-flare-jp-booster\/","title":{"rendered":"White Flare JP Booster"},"content":{"rendered":"<p>White Flare JP Booster yra japoni\u0161ko \u201ePok\u00e9mon TCG: Scarlet &amp; Violet \u2013 White Flare\u201c serijos (SV11W) papildomas booster pakas, i\u0161leistas Japonijoje 2025\u202fm. bir\u017eelio\u202f6\u202fd. \u0160i serija temati\u0161kai orientuota \u012f Unova regiono Pok\u00e9monus, \u012ftraukiant visus 156 \u0161io regiono Pok\u00e9monus, kuriems suteikiamos specialios Art Rare (AR) arba Special Art Rare (SAR) versijos. Papildomai \u012fvestas retumo tipas Black &amp; White Rare (BWR) suteikia kortoms unikalias juodai\u2011baltas holo estetikas ir i\u0161skirtin\u0119 vizualin\u0119 i\u0161rai\u0161k\u0105, o tokios kortos, kaip Reshiram ex, tampa kolekcionieri\u0173 ir \u017eaid\u0117j\u0173 akcentu. White Flare serija i\u0161laiko klasikinio \u201eBlack &amp; White\u201c leidimo stili\u0173, ta\u010diau derina j\u012f su moderniais TCG elementais ir naujomis strategin\u0117mis galimyb\u0117mis talijose, tod\u0117l booster pakas yra vertingas tiek \u017eaid\u0117jams, tiek kolekcionieriams.<\/p>","protected":false},"excerpt":{"rendered":"<p>White Flare JP Booster yra japoni\u0161ko \u201ePok\u00e9mon TCG: Scarlet &amp; Violet \u2013 White Flare\u201c serijos (SV11W) papildomas booster pakas, i\u0161leistas<\/p>","protected":false},"featured_media":38568,"comment_status":"open","ping_status":"closed","template":"","meta":[],"product_brand":[430],"product_cat":[679,407,500],"product_tag":[],"class_list":{"0":"post-38567","1":"product","2":"type-product","3":"status-publish","4":"has-post-thumbnail","6":"product_brand-pokemon","7":"product_cat-kolekcines-korteles","8":"product_cat-pokemon","9":"product_cat-pokemon-boosters","11":"first","12":"instock","13":"taxable","14":"shipping-taxable","15":"purchasable","16":"product-type-simple"},"yoast_head":"<!-- This site is optimized with the Yoast SEO plugin v25.9 - https:\/\/yoast.com\/wordpress\/plugins\/seo\/ -->\n<title>White Flare JP Booster - Collectin.eu<\/title>\n<meta name=\"description\" content=\"White Flare JP Booster yra japoni\u0161ko \u201ePok\u00e9mon TCG: Scarlet &amp; Violet \u2013 White Flare\u201c serijos (SV11W) papildomas booster pakas, i\u0161leistas Japonijoje 2025\u202fm. bir\u017eelio\u202f6\u202fd.\" \/>\n<meta name=\"robots\" content=\"index, follow, max-snippet:-1, max-image-preview:large, max-video-preview:-1\" \/>\n<link rel=\"canonical\" href=\"https:\/\/collectin.eu\/en\/product\/white-flare-jp-booster\/\" \/>\n<meta property=\"og:locale\" content=\"en_US\" \/>\n<meta property=\"og:type\" content=\"article\" \/>\n<meta property=\"og:title\" content=\"White Flare JP Booster - Collectin.eu\" \/>\n<meta property=\"og:description\" content=\"White Flare JP Booster yra japoni\u0161ko \u201ePok\u00e9mon TCG: Scarlet &amp; Violet \u2013 White Flare\u201c serijos (SV11W) papildomas booster pakas, i\u0161leistas Japonijoje 2025\u202fm. bir\u017eelio\u202f6\u202fd.\" \/>\n<meta property=\"og:url\" content=\"https:\/\/collectin.eu\/en\/product\/white-flare-jp-booster\/\" \/>\n<meta property=\"og:site_name\" content=\"Collectin.eu\" \/>\n<meta property=\"article:modified_time\" content=\"2026-04-08T10:28:25+00:00\" \/>\n<meta property=\"og:image\" content=\"http:\/\/collectin.eu\/wp-content\/uploads\/2025\/12\/Untitled-design-49-1.png\" \/>\n\t<meta property=\"og:image:width\" content=\"1080\" \/>\n\t<meta property=\"og:image:height\" content=\"1080\" \/>\n\t<meta property=\"og:image:type\" content=\"image\/png\" \/>\n<meta name=\"twitter:card\" content=\"summary_large_image\" \/>\n<meta name=\"twitter:label1\" content=\"Est. reading time\" \/>\n\t<meta name=\"twitter:data1\" content=\"1 minute\" \/>\n<script type=\"application\/ld+json\" class=\"yoast-schema-graph\">{\"@context\":\"https:\/\/schema.org\",\"@graph\":[{\"@type\":\"WebPage\",\"@id\":\"https:\/\/collectin.eu\/produktas\/white-flare-jp-booster\/\",\"url\":\"https:\/\/collectin.eu\/produktas\/white-flare-jp-booster\/\",\"name\":\"White Flare JP Booster - Collectin.eu\",\"isPartOf\":{\"@id\":\"https:\/\/collectin.eu\/#website\"},\"primaryImageOfPage\":{\"@id\":\"https:\/\/collectin.eu\/produktas\/white-flare-jp-booster\/#primaryimage\"},\"image\":{\"@id\":\"https:\/\/collectin.eu\/produktas\/white-flare-jp-booster\/#primaryimage\"},\"thumbnailUrl\":\"https:\/\/collectin.eu\/wp-content\/uploads\/2025\/12\/Untitled-design-49-1.png\",\"datePublished\":\"2025-12-18T21:51:26+00:00\",\"dateModified\":\"2026-04-08T10:28:25+00:00\",\"description\":\"White Flare JP Booster yra japoni\u0161ko \u201ePok\u00e9mon TCG: Scarlet & Violet \u2013 White Flare\u201c serijos (SV11W) papildomas booster pakas, i\u0161leistas Japonijoje 2025\u202fm. bir\u017eelio\u202f6\u202fd.\",\"breadcrumb\":{\"@id\":\"https:\/\/collectin.eu\/produktas\/white-flare-jp-booster\/#breadcrumb\"},\"inLanguage\":\"en-US\",\"potentialAction\":[{\"@type\":\"ReadAction\",\"target\":[\"https:\/\/collectin.eu\/produktas\/white-flare-jp-booster\/\"]}]},{\"@type\":\"ImageObject\",\"inLanguage\":\"en-US\",\"@id\":\"https:\/\/collectin.eu\/produktas\/white-flare-jp-booster\/#primaryimage\",\"url\":\"https:\/\/collectin.eu\/wp-content\/uploads\/2025\/12\/Untitled-design-49-1.png\",\"contentUrl\":\"https:\/\/collectin.eu\/wp-content\/uploads\/2025\/12\/Untitled-design-49-1.png\",\"width\":1080,\"height\":1080},{\"@type\":\"BreadcrumbList\",\"@id\":\"https:\/\/collectin.eu\/produktas\/white-flare-jp-booster\/#breadcrumb\",\"itemListElement\":[{\"@type\":\"ListItem\",\"position\":1,\"name\":\"Home\",\"item\":\"https:\/\/collectin.eu\/\"},{\"@type\":\"ListItem\",\"position\":2,\"name\":\"Parduotuv\u0117\",\"item\":\"https:\/\/collectin.eu\/parduotuve\/\"},{\"@type\":\"ListItem\",\"position\":3,\"name\":\"White Flare JP Booster\"}]},{\"@type\":\"WebSite\",\"@id\":\"https:\/\/collectin.eu\/#website\",\"url\":\"https:\/\/collectin.eu\/\",\"name\":\"Collectin.eu\",\"description\":\"\",\"potentialAction\":[{\"@type\":\"SearchAction\",\"target\":{\"@type\":\"EntryPoint\",\"urlTemplate\":\"https:\/\/collectin.eu\/?s={search_term_string}\"},\"query-input\":{\"@type\":\"PropertyValueSpecification\",\"valueRequired\":true,\"valueName\":\"search_term_string\"}}],\"inLanguage\":\"en-US\"}]}<\/script>\n<!-- \/ Yoast SEO plugin. -->","yoast_head_json":{"title":"White Flare JP Booster - Collectin.eu","description":"White Flare JP Booster yra japoni\u0161ko \u201ePok\u00e9mon TCG: Scarlet & Violet \u2013 White Flare\u201c serijos (SV11W) papildomas booster pakas, i\u0161leistas Japonijoje 2025\u202fm. bir\u017eelio\u202f6\u202fd.","robots":{"index":"index","follow":"follow","max-snippet":"max-snippet:-1","max-image-preview":"max-image-preview:large","max-video-preview":"max-video-preview:-1"},"canonical":"https:\/\/collectin.eu\/en\/product\/white-flare-jp-booster\/","og_locale":"en_US","og_type":"article","og_title":"White Flare JP Booster - Collectin.eu","og_description":"White Flare JP Booster yra japoni\u0161ko \u201ePok\u00e9mon TCG: Scarlet & Violet \u2013 White Flare\u201c serijos (SV11W) papildomas booster pakas, i\u0161leistas Japonijoje 2025\u202fm. bir\u017eelio\u202f6\u202fd.","og_url":"https:\/\/collectin.eu\/en\/product\/white-flare-jp-booster\/","og_site_name":"Collectin.eu","article_modified_time":"2026-04-08T10:28:25+00:00","og_image":[{"width":1080,"height":1080,"url":"http:\/\/collectin.eu\/wp-content\/uploads\/2025\/12\/Untitled-design-49-1.png","type":"image\/png"}],"twitter_card":"summary_large_image","twitter_misc":{"Est. reading time":"1 minute"},"schema":{"@context":"https:\/\/schema.org","@graph":[{"@type":"WebPage","@id":"https:\/\/collectin.eu\/produktas\/white-flare-jp-booster\/","url":"https:\/\/collectin.eu\/produktas\/white-flare-jp-booster\/","name":"White Flare JP Booster - Collectin.eu","isPartOf":{"@id":"https:\/\/collectin.eu\/#website"},"primaryImageOfPage":{"@id":"https:\/\/collectin.eu\/produktas\/white-flare-jp-booster\/#primaryimage"},"image":{"@id":"https:\/\/collectin.eu\/produktas\/white-flare-jp-booster\/#primaryimage"},"thumbnailUrl":"https:\/\/collectin.eu\/wp-content\/uploads\/2025\/12\/Untitled-design-49-1.png","datePublished":"2025-12-18T21:51:26+00:00","dateModified":"2026-04-08T10:28:25+00:00","description":"White Flare JP Booster yra japoni\u0161ko \u201ePok\u00e9mon TCG: Scarlet & Violet \u2013 White Flare\u201c serijos (SV11W) papildomas booster pakas, i\u0161leistas Japonijoje 2025\u202fm. bir\u017eelio\u202f6\u202fd.","breadcrumb":{"@id":"https:\/\/collectin.eu\/produktas\/white-flare-jp-booster\/#breadcrumb"},"inLanguage":"en-US","potentialAction":[{"@type":"ReadAction","target":["https:\/\/collectin.eu\/produktas\/white-flare-jp-booster\/"]}]},{"@type":"ImageObject","inLanguage":"en-US","@id":"https:\/\/collectin.eu\/produktas\/white-flare-jp-booster\/#primaryimage","url":"https:\/\/collectin.eu\/wp-content\/uploads\/2025\/12\/Untitled-design-49-1.png","contentUrl":"https:\/\/collectin.eu\/wp-content\/uploads\/2025\/12\/Untitled-design-49-1.png","width":1080,"height":1080},{"@type":"BreadcrumbList","@id":"https:\/\/collectin.eu\/produktas\/white-flare-jp-booster\/#breadcrumb","itemListElement":[{"@type":"ListItem","position":1,"name":"Home","item":"https:\/\/collectin.eu\/"},{"@type":"ListItem","position":2,"name":"Parduotuv\u0117","item":"https:\/\/collectin.eu\/parduotuve\/"},{"@type":"ListItem","position":3,"name":"White Flare JP Booster"}]},{"@type":"WebSite","@id":"https:\/\/collectin.eu\/#website","url":"https:\/\/collectin.eu\/","name":"Collectin.eu","description":"","potentialAction":[{"@type":"SearchAction","target":{"@type":"EntryPoint","urlTemplate":"https:\/\/collectin.eu\/?s={search_term_string}"},"query-input":{"@type":"PropertyValueSpecification","valueRequired":true,"valueName":"search_term_string"}}],"inLanguage":"en-US"}]}},"jetpack_sharing_enabled":true,"_links":{"self":[{"href":"https:\/\/collectin.eu\/en\/wp-json\/wp\/v2\/product\/38567","targetHints":{"allow":["GET"]}}],"collection":[{"href":"https:\/\/collectin.eu\/en\/wp-json\/wp\/v2\/product"}],"about":[{"href":"https:\/\/collectin.eu\/en\/wp-json\/wp\/v2\/types\/product"}],"replies":[{"embeddable":true,"href":"https:\/\/collectin.eu\/en\/wp-json\/wp\/v2\/comments?post=38567"}],"version-history":[{"count":3,"href":"https:\/\/collectin.eu\/en\/wp-json\/wp\/v2\/product\/38567\/revisions"}],"predecessor-version":[{"id":40277,"href":"https:\/\/collectin.eu\/en\/wp-json\/wp\/v2\/product\/38567\/revisions\/40277"}],"wp:featuredmedia":[{"embeddable":true,"href":"https:\/\/collectin.eu\/en\/wp-json\/wp\/v2\/media\/38568"}],"wp:attachment":[{"href":"https:\/\/collectin.eu\/en\/wp-json\/wp\/v2\/media?parent=38567"}],"wp:term":[{"taxonomy":"product_brand","embeddable":true,"href":"https:\/\/collectin.eu\/en\/wp-json\/wp\/v2\/product_brand?post=38567"},{"taxonomy":"product_cat","embeddable":true,"href":"https:\/\/collectin.eu\/en\/wp-json\/wp\/v2\/product_cat?post=38567"},{"taxonomy":"product_tag","embeddable":true,"href":"https:\/\/collectin.eu\/en\/wp-json\/wp\/v2\/product_tag?post=38567"}],"curies":[{"name":"wp","href":"https:\/\/api.w.org\/{rel}","templated":true}]}}