{"id":38571,"date":"2025-12-18T21:54:25","date_gmt":"2025-12-18T21:54:25","guid":{"rendered":"https:\/\/collectin.eu\/?post_type=product&#038;p=38571"},"modified":"2026-04-08T10:28:25","modified_gmt":"2026-04-08T10:28:25","slug":"mega-brave-booster","status":"publish","type":"product","link":"https:\/\/collectin.eu\/en\/product\/mega-brave-booster\/","title":{"rendered":"Mega Brave Booster"},"content":{"rendered":"<p>Mega Brave Booster yra japoni\u0161ko \u201ePok\u00e9mon TCG: Scarlet &amp; Violet\u201c serijos papildomas booster pakas, i\u0161leistas Japonijoje 2025\u202fm. rugpj\u016b\u010dio\u202f1\u202fd. \u0160i serija yra ypatinga tuo, kad \u012f \u017eaidim\u0105 sugr\u0105\u017eina Mega Evolution mechanik\u0105, pristatydama naujus Mega Pok\u00e9mon ex \u2013 galingus evoliucijos Pok\u00e9monus, turin\u010dius didesn\u0119 j\u0117g\u0105, unikalius sugeb\u0117jimus ir strategines savybes, kurios suteikia \u017eaid\u0117jams naujas taktines galimybes. Booster pakas yra japon\u0173 leidimo, tod\u0117l kortos pasi\u017eymi auk\u0161tos kokyb\u0117s spauda, detaliomis iliustracijomis ir unikalia holo estetika, kuri skiriasi nuo vakarieti\u0161k\u0173 leidim\u0173, tod\u0117l pakas yra itin vertinamas tiek \u017eaid\u0117j\u0173, tiek kolekcionieri\u0173.<\/p>","protected":false},"excerpt":{"rendered":"<p>Mega Brave Booster yra japoni\u0161ko \u201ePok\u00e9mon TCG: Scarlet &amp; Violet\u201c serijos papildomas booster pakas, i\u0161leistas Japonijoje 2025\u202fm. rugpj\u016b\u010dio\u202f1\u202fd. \u0160i serija<\/p>","protected":false},"featured_media":38572,"comment_status":"open","ping_status":"closed","template":"","meta":[],"product_brand":[430],"product_cat":[679,407,500],"product_tag":[],"class_list":{"0":"post-38571","1":"product","2":"type-product","3":"status-publish","4":"has-post-thumbnail","6":"product_brand-pokemon","7":"product_cat-kolekcines-korteles","8":"product_cat-pokemon","9":"product_cat-pokemon-boosters","11":"first","12":"instock","13":"taxable","14":"shipping-taxable","15":"purchasable","16":"product-type-simple"},"yoast_head":"<!-- This site is optimized with the Yoast SEO plugin v25.9 - https:\/\/yoast.com\/wordpress\/plugins\/seo\/ -->\n<title>Mega Brave Booster - Collectin.eu<\/title>\n<meta name=\"description\" content=\"Mega Brave Booster yra japoni\u0161ko \u201ePok\u00e9mon TCG: Scarlet &amp; Violet\u201c serijos papildomas booster pakas, i\u0161leistas Japonijoje 2025\u202fm. rugpj\u016b\u010dio\u202f1\u202fd.\" \/>\n<meta name=\"robots\" content=\"index, follow, max-snippet:-1, max-image-preview:large, max-video-preview:-1\" \/>\n<link rel=\"canonical\" href=\"https:\/\/collectin.eu\/en\/product\/mega-brave-booster\/\" \/>\n<meta property=\"og:locale\" content=\"en_US\" \/>\n<meta property=\"og:type\" content=\"article\" \/>\n<meta property=\"og:title\" content=\"Mega Brave Booster - Collectin.eu\" \/>\n<meta property=\"og:description\" content=\"Mega Brave Booster yra japoni\u0161ko \u201ePok\u00e9mon TCG: Scarlet &amp; Violet\u201c serijos papildomas booster pakas, i\u0161leistas Japonijoje 2025\u202fm. rugpj\u016b\u010dio\u202f1\u202fd.\" \/>\n<meta property=\"og:url\" content=\"https:\/\/collectin.eu\/en\/product\/mega-brave-booster\/\" \/>\n<meta property=\"og:site_name\" content=\"Collectin.eu\" \/>\n<meta property=\"article:modified_time\" content=\"2026-04-08T10:28:25+00:00\" \/>\n<meta property=\"og:image\" content=\"http:\/\/collectin.eu\/wp-content\/uploads\/2025\/12\/Untitled-design-50-1.png\" \/>\n\t<meta property=\"og:image:width\" content=\"1080\" \/>\n\t<meta property=\"og:image:height\" content=\"1080\" \/>\n\t<meta property=\"og:image:type\" content=\"image\/png\" \/>\n<meta name=\"twitter:card\" content=\"summary_large_image\" \/>\n<meta name=\"twitter:label1\" content=\"Est. reading time\" \/>\n\t<meta name=\"twitter:data1\" content=\"1 minute\" \/>\n<script type=\"application\/ld+json\" class=\"yoast-schema-graph\">{\"@context\":\"https:\/\/schema.org\",\"@graph\":[{\"@type\":\"WebPage\",\"@id\":\"https:\/\/collectin.eu\/produktas\/mega-brave-booster\/\",\"url\":\"https:\/\/collectin.eu\/produktas\/mega-brave-booster\/\",\"name\":\"Mega Brave Booster - Collectin.eu\",\"isPartOf\":{\"@id\":\"https:\/\/collectin.eu\/#website\"},\"primaryImageOfPage\":{\"@id\":\"https:\/\/collectin.eu\/produktas\/mega-brave-booster\/#primaryimage\"},\"image\":{\"@id\":\"https:\/\/collectin.eu\/produktas\/mega-brave-booster\/#primaryimage\"},\"thumbnailUrl\":\"https:\/\/collectin.eu\/wp-content\/uploads\/2025\/12\/Untitled-design-50-1.png\",\"datePublished\":\"2025-12-18T21:54:25+00:00\",\"dateModified\":\"2026-04-08T10:28:25+00:00\",\"description\":\"Mega Brave Booster yra japoni\u0161ko \u201ePok\u00e9mon TCG: Scarlet & Violet\u201c serijos papildomas booster pakas, i\u0161leistas Japonijoje 2025\u202fm. rugpj\u016b\u010dio\u202f1\u202fd.\",\"breadcrumb\":{\"@id\":\"https:\/\/collectin.eu\/produktas\/mega-brave-booster\/#breadcrumb\"},\"inLanguage\":\"en-US\",\"potentialAction\":[{\"@type\":\"ReadAction\",\"target\":[\"https:\/\/collectin.eu\/produktas\/mega-brave-booster\/\"]}]},{\"@type\":\"ImageObject\",\"inLanguage\":\"en-US\",\"@id\":\"https:\/\/collectin.eu\/produktas\/mega-brave-booster\/#primaryimage\",\"url\":\"https:\/\/collectin.eu\/wp-content\/uploads\/2025\/12\/Untitled-design-50-1.png\",\"contentUrl\":\"https:\/\/collectin.eu\/wp-content\/uploads\/2025\/12\/Untitled-design-50-1.png\",\"width\":1080,\"height\":1080},{\"@type\":\"BreadcrumbList\",\"@id\":\"https:\/\/collectin.eu\/produktas\/mega-brave-booster\/#breadcrumb\",\"itemListElement\":[{\"@type\":\"ListItem\",\"position\":1,\"name\":\"Home\",\"item\":\"https:\/\/collectin.eu\/\"},{\"@type\":\"ListItem\",\"position\":2,\"name\":\"Parduotuv\u0117\",\"item\":\"https:\/\/collectin.eu\/parduotuve\/\"},{\"@type\":\"ListItem\",\"position\":3,\"name\":\"Mega Brave Booster\"}]},{\"@type\":\"WebSite\",\"@id\":\"https:\/\/collectin.eu\/#website\",\"url\":\"https:\/\/collectin.eu\/\",\"name\":\"Collectin.eu\",\"description\":\"\",\"potentialAction\":[{\"@type\":\"SearchAction\",\"target\":{\"@type\":\"EntryPoint\",\"urlTemplate\":\"https:\/\/collectin.eu\/?s={search_term_string}\"},\"query-input\":{\"@type\":\"PropertyValueSpecification\",\"valueRequired\":true,\"valueName\":\"search_term_string\"}}],\"inLanguage\":\"en-US\"}]}<\/script>\n<!-- \/ Yoast SEO plugin. -->","yoast_head_json":{"title":"Mega Brave Booster - Collectin.eu","description":"Mega Brave Booster yra japoni\u0161ko \u201ePok\u00e9mon TCG: Scarlet & Violet\u201c serijos papildomas booster pakas, i\u0161leistas Japonijoje 2025\u202fm. rugpj\u016b\u010dio\u202f1\u202fd.","robots":{"index":"index","follow":"follow","max-snippet":"max-snippet:-1","max-image-preview":"max-image-preview:large","max-video-preview":"max-video-preview:-1"},"canonical":"https:\/\/collectin.eu\/en\/product\/mega-brave-booster\/","og_locale":"en_US","og_type":"article","og_title":"Mega Brave Booster - Collectin.eu","og_description":"Mega Brave Booster yra japoni\u0161ko \u201ePok\u00e9mon TCG: Scarlet & Violet\u201c serijos papildomas booster pakas, i\u0161leistas Japonijoje 2025\u202fm. rugpj\u016b\u010dio\u202f1\u202fd.","og_url":"https:\/\/collectin.eu\/en\/product\/mega-brave-booster\/","og_site_name":"Collectin.eu","article_modified_time":"2026-04-08T10:28:25+00:00","og_image":[{"width":1080,"height":1080,"url":"http:\/\/collectin.eu\/wp-content\/uploads\/2025\/12\/Untitled-design-50-1.png","type":"image\/png"}],"twitter_card":"summary_large_image","twitter_misc":{"Est. reading time":"1 minute"},"schema":{"@context":"https:\/\/schema.org","@graph":[{"@type":"WebPage","@id":"https:\/\/collectin.eu\/produktas\/mega-brave-booster\/","url":"https:\/\/collectin.eu\/produktas\/mega-brave-booster\/","name":"Mega Brave Booster - Collectin.eu","isPartOf":{"@id":"https:\/\/collectin.eu\/#website"},"primaryImageOfPage":{"@id":"https:\/\/collectin.eu\/produktas\/mega-brave-booster\/#primaryimage"},"image":{"@id":"https:\/\/collectin.eu\/produktas\/mega-brave-booster\/#primaryimage"},"thumbnailUrl":"https:\/\/collectin.eu\/wp-content\/uploads\/2025\/12\/Untitled-design-50-1.png","datePublished":"2025-12-18T21:54:25+00:00","dateModified":"2026-04-08T10:28:25+00:00","description":"Mega Brave Booster yra japoni\u0161ko \u201ePok\u00e9mon TCG: Scarlet & Violet\u201c serijos papildomas booster pakas, i\u0161leistas Japonijoje 2025\u202fm. rugpj\u016b\u010dio\u202f1\u202fd.","breadcrumb":{"@id":"https:\/\/collectin.eu\/produktas\/mega-brave-booster\/#breadcrumb"},"inLanguage":"en-US","potentialAction":[{"@type":"ReadAction","target":["https:\/\/collectin.eu\/produktas\/mega-brave-booster\/"]}]},{"@type":"ImageObject","inLanguage":"en-US","@id":"https:\/\/collectin.eu\/produktas\/mega-brave-booster\/#primaryimage","url":"https:\/\/collectin.eu\/wp-content\/uploads\/2025\/12\/Untitled-design-50-1.png","contentUrl":"https:\/\/collectin.eu\/wp-content\/uploads\/2025\/12\/Untitled-design-50-1.png","width":1080,"height":1080},{"@type":"BreadcrumbList","@id":"https:\/\/collectin.eu\/produktas\/mega-brave-booster\/#breadcrumb","itemListElement":[{"@type":"ListItem","position":1,"name":"Home","item":"https:\/\/collectin.eu\/"},{"@type":"ListItem","position":2,"name":"Parduotuv\u0117","item":"https:\/\/collectin.eu\/parduotuve\/"},{"@type":"ListItem","position":3,"name":"Mega Brave Booster"}]},{"@type":"WebSite","@id":"https:\/\/collectin.eu\/#website","url":"https:\/\/collectin.eu\/","name":"Collectin.eu","description":"","potentialAction":[{"@type":"SearchAction","target":{"@type":"EntryPoint","urlTemplate":"https:\/\/collectin.eu\/?s={search_term_string}"},"query-input":{"@type":"PropertyValueSpecification","valueRequired":true,"valueName":"search_term_string"}}],"inLanguage":"en-US"}]}},"jetpack_sharing_enabled":true,"_links":{"self":[{"href":"https:\/\/collectin.eu\/en\/wp-json\/wp\/v2\/product\/38571","targetHints":{"allow":["GET"]}}],"collection":[{"href":"https:\/\/collectin.eu\/en\/wp-json\/wp\/v2\/product"}],"about":[{"href":"https:\/\/collectin.eu\/en\/wp-json\/wp\/v2\/types\/product"}],"replies":[{"embeddable":true,"href":"https:\/\/collectin.eu\/en\/wp-json\/wp\/v2\/comments?post=38571"}],"version-history":[{"count":3,"href":"https:\/\/collectin.eu\/en\/wp-json\/wp\/v2\/product\/38571\/revisions"}],"predecessor-version":[{"id":40278,"href":"https:\/\/collectin.eu\/en\/wp-json\/wp\/v2\/product\/38571\/revisions\/40278"}],"wp:featuredmedia":[{"embeddable":true,"href":"https:\/\/collectin.eu\/en\/wp-json\/wp\/v2\/media\/38572"}],"wp:attachment":[{"href":"https:\/\/collectin.eu\/en\/wp-json\/wp\/v2\/media?parent=38571"}],"wp:term":[{"taxonomy":"product_brand","embeddable":true,"href":"https:\/\/collectin.eu\/en\/wp-json\/wp\/v2\/product_brand?post=38571"},{"taxonomy":"product_cat","embeddable":true,"href":"https:\/\/collectin.eu\/en\/wp-json\/wp\/v2\/product_cat?post=38571"},{"taxonomy":"product_tag","embeddable":true,"href":"https:\/\/collectin.eu\/en\/wp-json\/wp\/v2\/product_tag?post=38571"}],"curies":[{"name":"wp","href":"https:\/\/api.w.org\/{rel}","templated":true}]}}