{"id":38579,"date":"2025-12-18T22:01:46","date_gmt":"2025-12-18T22:01:46","guid":{"rendered":"https:\/\/collectin.eu\/?post_type=product&#038;p=38579"},"modified":"2026-04-08T10:28:24","modified_gmt":"2026-04-08T10:28:24","slug":"inferno-x-booster","status":"publish","type":"product","link":"https:\/\/collectin.eu\/en\/product\/inferno-x-booster\/","title":{"rendered":"Inferno X Booster"},"content":{"rendered":"<p>Kiekviename Inferno X booster pakelyje yra penkios atsitiktin\u0117s kortos, kuri\u0173 retumai gali svyruoti nuo \u012fprast\u0173 ir ne\u012fprast\u0173 iki ret\u0173 Pok\u00e9mon ex, Secret Rare (SR), Art Rare (AR) ar Mega Ultra Rare (MUR) kort\u0173. Tarp i\u0161skirtini\u0173 leidim\u0173 galima rasti Mega Charizard X ex ir kitus galingus bei vizualiai \u012fsp\u016bdingus Pok\u00e9monus, kuri\u0173 holo efektai ir detalizuotos iliustracijos suteikia tiek kolekcin\u0119, tiek \u017eaidimo vert\u0119. \u0160ios kortos leid\u017eia \u017eaid\u0117jams kurti naujas talij\u0173 kombinacijas, eksperimentuoti su strategijomis ir maksimaliai i\u0161naudoti \u017eaidimo taktik\u0105. Inferno X booster pakeliai parduodami tiek individualiai, tiek kaip booster box, kuriame yra 30 pakeli\u0173 po 5 kortas \u2013 i\u0161 viso 150 kort\u0173, kas \u017eenkliai padidina galimyb\u0119 surinkti ret\u0173 ir verting\u0173 kort\u0173. Booster pakas suteikia \u017eaid\u0117jams azarto, atradimo ir k\u016brybi\u0161kumo d\u017eiaugsm\u0105, leid\u017eiant patirti malonum\u0105 atidarin\u0117jant pakelius, ie\u0161kant ret\u0173 kort\u0173 ir eksperimentuojant su naujomis talij\u0173 kombinacijomis.<\/p>","protected":false},"excerpt":{"rendered":"<p>Kiekviename Inferno X booster pakelyje yra penkios atsitiktin\u0117s kortos, kuri\u0173 retumai gali svyruoti nuo \u012fprast\u0173 ir ne\u012fprast\u0173 iki ret\u0173 Pok\u00e9mon<\/p>","protected":false},"featured_media":38580,"comment_status":"open","ping_status":"closed","template":"","meta":[],"product_brand":[430],"product_cat":[679,407,500],"product_tag":[],"class_list":{"0":"post-38579","1":"product","2":"type-product","3":"status-publish","4":"has-post-thumbnail","6":"product_brand-pokemon","7":"product_cat-kolekcines-korteles","8":"product_cat-pokemon","9":"product_cat-pokemon-boosters","11":"first","12":"instock","13":"taxable","14":"shipping-taxable","15":"purchasable","16":"product-type-simple"},"yoast_head":"<!-- This site is optimized with the Yoast SEO plugin v25.9 - https:\/\/yoast.com\/wordpress\/plugins\/seo\/ -->\n<title>Inferno X Booster - Collectin.eu<\/title>\n<meta name=\"description\" content=\"Inferno X Booster yra japoni\u0161ko \u201ePok\u00e9mon TCG: Scarlet &amp; Violet \u2013 Inferno X\u201c serijos papildomas booster pakas, i\u0161leistas Japonijoje 2025\u202fm. rugs\u0117jo\u202f26\u202fd.\" \/>\n<meta name=\"robots\" content=\"index, follow, max-snippet:-1, max-image-preview:large, max-video-preview:-1\" \/>\n<link rel=\"canonical\" href=\"https:\/\/collectin.eu\/en\/product\/inferno-x-booster\/\" \/>\n<meta property=\"og:locale\" content=\"en_US\" \/>\n<meta property=\"og:type\" content=\"article\" \/>\n<meta property=\"og:title\" content=\"Inferno X Booster - Collectin.eu\" \/>\n<meta property=\"og:description\" content=\"Inferno X Booster yra japoni\u0161ko \u201ePok\u00e9mon TCG: Scarlet &amp; Violet \u2013 Inferno X\u201c serijos papildomas booster pakas, i\u0161leistas Japonijoje 2025\u202fm. rugs\u0117jo\u202f26\u202fd.\" \/>\n<meta property=\"og:url\" content=\"https:\/\/collectin.eu\/en\/product\/inferno-x-booster\/\" \/>\n<meta property=\"og:site_name\" content=\"Collectin.eu\" \/>\n<meta property=\"article:modified_time\" content=\"2026-04-08T10:28:24+00:00\" \/>\n<meta property=\"og:image\" content=\"http:\/\/collectin.eu\/wp-content\/uploads\/2025\/12\/Untitled-design-52.png\" \/>\n\t<meta property=\"og:image:width\" content=\"1080\" \/>\n\t<meta property=\"og:image:height\" content=\"1080\" \/>\n\t<meta property=\"og:image:type\" content=\"image\/png\" \/>\n<meta name=\"twitter:card\" content=\"summary_large_image\" \/>\n<meta name=\"twitter:label1\" content=\"Est. reading time\" \/>\n\t<meta name=\"twitter:data1\" content=\"1 minute\" \/>\n<script type=\"application\/ld+json\" class=\"yoast-schema-graph\">{\"@context\":\"https:\/\/schema.org\",\"@graph\":[{\"@type\":\"WebPage\",\"@id\":\"https:\/\/collectin.eu\/produktas\/inferno-x-booster\/\",\"url\":\"https:\/\/collectin.eu\/produktas\/inferno-x-booster\/\",\"name\":\"Inferno X Booster - Collectin.eu\",\"isPartOf\":{\"@id\":\"https:\/\/collectin.eu\/#website\"},\"primaryImageOfPage\":{\"@id\":\"https:\/\/collectin.eu\/produktas\/inferno-x-booster\/#primaryimage\"},\"image\":{\"@id\":\"https:\/\/collectin.eu\/produktas\/inferno-x-booster\/#primaryimage\"},\"thumbnailUrl\":\"https:\/\/collectin.eu\/wp-content\/uploads\/2025\/12\/Untitled-design-52.png\",\"datePublished\":\"2025-12-18T22:01:46+00:00\",\"dateModified\":\"2026-04-08T10:28:24+00:00\",\"description\":\"Inferno X Booster yra japoni\u0161ko \u201ePok\u00e9mon TCG: Scarlet & Violet \u2013 Inferno X\u201c serijos papildomas booster pakas, i\u0161leistas Japonijoje 2025\u202fm. rugs\u0117jo\u202f26\u202fd.\",\"breadcrumb\":{\"@id\":\"https:\/\/collectin.eu\/produktas\/inferno-x-booster\/#breadcrumb\"},\"inLanguage\":\"en-US\",\"potentialAction\":[{\"@type\":\"ReadAction\",\"target\":[\"https:\/\/collectin.eu\/produktas\/inferno-x-booster\/\"]}]},{\"@type\":\"ImageObject\",\"inLanguage\":\"en-US\",\"@id\":\"https:\/\/collectin.eu\/produktas\/inferno-x-booster\/#primaryimage\",\"url\":\"https:\/\/collectin.eu\/wp-content\/uploads\/2025\/12\/Untitled-design-52.png\",\"contentUrl\":\"https:\/\/collectin.eu\/wp-content\/uploads\/2025\/12\/Untitled-design-52.png\",\"width\":1080,\"height\":1080},{\"@type\":\"BreadcrumbList\",\"@id\":\"https:\/\/collectin.eu\/produktas\/inferno-x-booster\/#breadcrumb\",\"itemListElement\":[{\"@type\":\"ListItem\",\"position\":1,\"name\":\"Home\",\"item\":\"https:\/\/collectin.eu\/\"},{\"@type\":\"ListItem\",\"position\":2,\"name\":\"Parduotuv\u0117\",\"item\":\"https:\/\/collectin.eu\/parduotuve\/\"},{\"@type\":\"ListItem\",\"position\":3,\"name\":\"Inferno X Booster\"}]},{\"@type\":\"WebSite\",\"@id\":\"https:\/\/collectin.eu\/#website\",\"url\":\"https:\/\/collectin.eu\/\",\"name\":\"Collectin.eu\",\"description\":\"\",\"potentialAction\":[{\"@type\":\"SearchAction\",\"target\":{\"@type\":\"EntryPoint\",\"urlTemplate\":\"https:\/\/collectin.eu\/?s={search_term_string}\"},\"query-input\":{\"@type\":\"PropertyValueSpecification\",\"valueRequired\":true,\"valueName\":\"search_term_string\"}}],\"inLanguage\":\"en-US\"}]}<\/script>\n<!-- \/ Yoast SEO plugin. -->","yoast_head_json":{"title":"Inferno X Booster - Collectin.eu","description":"Inferno X Booster yra japoni\u0161ko \u201ePok\u00e9mon TCG: Scarlet & Violet \u2013 Inferno X\u201c serijos papildomas booster pakas, i\u0161leistas Japonijoje 2025\u202fm. rugs\u0117jo\u202f26\u202fd.","robots":{"index":"index","follow":"follow","max-snippet":"max-snippet:-1","max-image-preview":"max-image-preview:large","max-video-preview":"max-video-preview:-1"},"canonical":"https:\/\/collectin.eu\/en\/product\/inferno-x-booster\/","og_locale":"en_US","og_type":"article","og_title":"Inferno X Booster - Collectin.eu","og_description":"Inferno X Booster yra japoni\u0161ko \u201ePok\u00e9mon TCG: Scarlet & Violet \u2013 Inferno X\u201c serijos papildomas booster pakas, i\u0161leistas Japonijoje 2025\u202fm. rugs\u0117jo\u202f26\u202fd.","og_url":"https:\/\/collectin.eu\/en\/product\/inferno-x-booster\/","og_site_name":"Collectin.eu","article_modified_time":"2026-04-08T10:28:24+00:00","og_image":[{"width":1080,"height":1080,"url":"http:\/\/collectin.eu\/wp-content\/uploads\/2025\/12\/Untitled-design-52.png","type":"image\/png"}],"twitter_card":"summary_large_image","twitter_misc":{"Est. reading time":"1 minute"},"schema":{"@context":"https:\/\/schema.org","@graph":[{"@type":"WebPage","@id":"https:\/\/collectin.eu\/produktas\/inferno-x-booster\/","url":"https:\/\/collectin.eu\/produktas\/inferno-x-booster\/","name":"Inferno X Booster - Collectin.eu","isPartOf":{"@id":"https:\/\/collectin.eu\/#website"},"primaryImageOfPage":{"@id":"https:\/\/collectin.eu\/produktas\/inferno-x-booster\/#primaryimage"},"image":{"@id":"https:\/\/collectin.eu\/produktas\/inferno-x-booster\/#primaryimage"},"thumbnailUrl":"https:\/\/collectin.eu\/wp-content\/uploads\/2025\/12\/Untitled-design-52.png","datePublished":"2025-12-18T22:01:46+00:00","dateModified":"2026-04-08T10:28:24+00:00","description":"Inferno X Booster yra japoni\u0161ko \u201ePok\u00e9mon TCG: Scarlet & Violet \u2013 Inferno X\u201c serijos papildomas booster pakas, i\u0161leistas Japonijoje 2025\u202fm. rugs\u0117jo\u202f26\u202fd.","breadcrumb":{"@id":"https:\/\/collectin.eu\/produktas\/inferno-x-booster\/#breadcrumb"},"inLanguage":"en-US","potentialAction":[{"@type":"ReadAction","target":["https:\/\/collectin.eu\/produktas\/inferno-x-booster\/"]}]},{"@type":"ImageObject","inLanguage":"en-US","@id":"https:\/\/collectin.eu\/produktas\/inferno-x-booster\/#primaryimage","url":"https:\/\/collectin.eu\/wp-content\/uploads\/2025\/12\/Untitled-design-52.png","contentUrl":"https:\/\/collectin.eu\/wp-content\/uploads\/2025\/12\/Untitled-design-52.png","width":1080,"height":1080},{"@type":"BreadcrumbList","@id":"https:\/\/collectin.eu\/produktas\/inferno-x-booster\/#breadcrumb","itemListElement":[{"@type":"ListItem","position":1,"name":"Home","item":"https:\/\/collectin.eu\/"},{"@type":"ListItem","position":2,"name":"Parduotuv\u0117","item":"https:\/\/collectin.eu\/parduotuve\/"},{"@type":"ListItem","position":3,"name":"Inferno X Booster"}]},{"@type":"WebSite","@id":"https:\/\/collectin.eu\/#website","url":"https:\/\/collectin.eu\/","name":"Collectin.eu","description":"","potentialAction":[{"@type":"SearchAction","target":{"@type":"EntryPoint","urlTemplate":"https:\/\/collectin.eu\/?s={search_term_string}"},"query-input":{"@type":"PropertyValueSpecification","valueRequired":true,"valueName":"search_term_string"}}],"inLanguage":"en-US"}]}},"jetpack_sharing_enabled":true,"_links":{"self":[{"href":"https:\/\/collectin.eu\/en\/wp-json\/wp\/v2\/product\/38579","targetHints":{"allow":["GET"]}}],"collection":[{"href":"https:\/\/collectin.eu\/en\/wp-json\/wp\/v2\/product"}],"about":[{"href":"https:\/\/collectin.eu\/en\/wp-json\/wp\/v2\/types\/product"}],"replies":[{"embeddable":true,"href":"https:\/\/collectin.eu\/en\/wp-json\/wp\/v2\/comments?post=38579"}],"version-history":[{"count":3,"href":"https:\/\/collectin.eu\/en\/wp-json\/wp\/v2\/product\/38579\/revisions"}],"predecessor-version":[{"id":40280,"href":"https:\/\/collectin.eu\/en\/wp-json\/wp\/v2\/product\/38579\/revisions\/40280"}],"wp:featuredmedia":[{"embeddable":true,"href":"https:\/\/collectin.eu\/en\/wp-json\/wp\/v2\/media\/38580"}],"wp:attachment":[{"href":"https:\/\/collectin.eu\/en\/wp-json\/wp\/v2\/media?parent=38579"}],"wp:term":[{"taxonomy":"product_brand","embeddable":true,"href":"https:\/\/collectin.eu\/en\/wp-json\/wp\/v2\/product_brand?post=38579"},{"taxonomy":"product_cat","embeddable":true,"href":"https:\/\/collectin.eu\/en\/wp-json\/wp\/v2\/product_cat?post=38579"},{"taxonomy":"product_tag","embeddable":true,"href":"https:\/\/collectin.eu\/en\/wp-json\/wp\/v2\/product_tag?post=38579"}],"curies":[{"name":"wp","href":"https:\/\/api.w.org\/{rel}","templated":true}]}}