{"id":38606,"date":"2025-12-26T10:16:47","date_gmt":"2025-12-26T10:16:47","guid":{"rendered":"https:\/\/collectin.eu\/?post_type=product&#038;p=38606"},"modified":"2026-04-08T10:25:50","modified_gmt":"2026-04-08T10:25:50","slug":"lego-42161-lamborghini-huracan-tecnica","status":"publish","type":"product","link":"https:\/\/collectin.eu\/en\/product\/lego-42161-lamborghini-huracan-tecnica\/","title":{"rendered":"LEGO\u00ae 42161 Lamborghini Hurac\u00e1n Tecnica"},"content":{"rendered":"<p>Nuostabi pa\u017eintis su in\u017einerija<br \/>\n\u201eLEGO Technic\u201c konstruojami modeliai pasi\u017eymi tikrovi\u0161kais judesiais ir mechanizmais, kurie supa\u017eindina jaunuosius LEGO konstruotojus su in\u017einerijos pasauliu paprastai ir tikrovi\u0161kai. Program\u0117l\u0117je \u201eLEGO Builder\u201c jaunieji konstruotojai patirs ai\u0161kaus konstravimo nuotyk\u012f \u2013 priartins ir pasuks trima\u010dius modelius, i\u0161saugos rinkinius bei steb\u0117s savo pa\u017eang\u0105.<\/p>\n<ul>\n<li>Modelis \u201eLamborghini\u201c gerb\u0117jams \u2013 padovanokite lenktynini\u0173 automobili\u0173 gerb\u0117jams nuo 9\u00a0met\u0173 neu\u017emir\u0161tam\u0105 \u201eLEGO\u00ae Technic\u201c \u201eLamborghini Hurac\u00e1n Tecnica\u201c (42161) modelio konstravimo i\u0161\u0161\u016bk\u012f<\/li>\n<li>\u017davesio suteikian\u010dios detal\u0117s \u2013 vaikai gali sukonstruoti ir patyrin\u0117ti \u201eLEGO\u00ae Technic\u201c \u201eLamborghini Hurac\u00e1n Tecnica\u201c modelio V10 varikl\u012f, vairo mechanizm\u0105 ir atsidaran\u010dias dureles<\/li>\n<li>Originalo kopija \u2013 \u201eLamborghini\u201c automobilio modelis yra klasikin\u0117s \u017ealios spalvos<\/li>\n<li>Dovana vaikams nuo 9 met\u0173 \u2013 padovanokite \u017eaislinio sportinio superautomobilio model\u012f vaikams, dievinantiems tikrus ir \u017eaislinius automobilius<\/li>\n<\/ul>","protected":false},"excerpt":{"rendered":"<p>Nuostabi pa\u017eintis su in\u017einerija \u201eLEGO Technic\u201c konstruojami modeliai pasi\u017eymi tikrovi\u0161kais judesiais ir mechanizmais, kurie supa\u017eindina jaunuosius LEGO konstruotojus su in\u017einerijos<\/p>","protected":false},"featured_media":38607,"comment_status":"open","ping_status":"closed","template":"","meta":[],"product_brand":[423],"product_cat":[677,406,520],"product_tag":[],"class_list":{"0":"post-38606","1":"product","2":"type-product","3":"status-publish","4":"has-post-thumbnail","6":"product_brand-lego","7":"product_cat-lego-konstruktoriai","8":"product_cat-lego","9":"product_cat-lego-technic","11":"first","12":"instock","13":"taxable","14":"shipping-taxable","15":"purchasable","16":"product-type-simple"},"yoast_head":"<!-- This site is optimized with the Yoast SEO plugin v25.9 - https:\/\/yoast.com\/wordpress\/plugins\/seo\/ -->\n<title>LEGO\u00ae 42161 Lamborghini Hurac\u00e1n Tecnica - Collectin.eu<\/title>\n<meta name=\"description\" content=\"Vaikai nuo 9 met\u0173 gali pasim\u0117gauti malonum\u0105 teikian\u010diu konstravimu ir surinkti kiekvien\u0105 tikrovi\u0161ko \u201eLamborghini Hurac\u00e1n Tecnica\u201c (42161) modelio detal\u0119.\" \/>\n<meta name=\"robots\" content=\"index, follow, max-snippet:-1, max-image-preview:large, max-video-preview:-1\" \/>\n<link rel=\"canonical\" href=\"https:\/\/collectin.eu\/en\/product\/lego-42161-lamborghini-huracan-tecnica\/\" \/>\n<meta property=\"og:locale\" content=\"en_US\" \/>\n<meta property=\"og:type\" content=\"article\" \/>\n<meta property=\"og:title\" content=\"LEGO\u00ae 42161 Lamborghini Hurac\u00e1n Tecnica - Collectin.eu\" \/>\n<meta property=\"og:description\" content=\"Vaikai nuo 9 met\u0173 gali pasim\u0117gauti malonum\u0105 teikian\u010diu konstravimu ir surinkti kiekvien\u0105 tikrovi\u0161ko \u201eLamborghini Hurac\u00e1n Tecnica\u201c (42161) modelio detal\u0119.\" \/>\n<meta property=\"og:url\" content=\"https:\/\/collectin.eu\/en\/product\/lego-42161-lamborghini-huracan-tecnica\/\" \/>\n<meta property=\"og:site_name\" content=\"Collectin.eu\" \/>\n<meta property=\"article:modified_time\" content=\"2026-04-08T10:25:50+00:00\" \/>\n<meta property=\"og:image\" content=\"http:\/\/collectin.eu\/wp-content\/uploads\/2025\/12\/Untitled-design-64.png\" \/>\n\t<meta property=\"og:image:width\" content=\"1080\" \/>\n\t<meta property=\"og:image:height\" content=\"1080\" \/>\n\t<meta property=\"og:image:type\" content=\"image\/png\" \/>\n<meta name=\"twitter:card\" content=\"summary_large_image\" \/>\n<meta name=\"twitter:label1\" content=\"Est. reading time\" \/>\n\t<meta name=\"twitter:data1\" content=\"1 minute\" \/>\n<script type=\"application\/ld+json\" class=\"yoast-schema-graph\">{\"@context\":\"https:\/\/schema.org\",\"@graph\":[{\"@type\":\"WebPage\",\"@id\":\"https:\/\/collectin.eu\/produktas\/lego-42161-lamborghini-huracan-tecnica\/\",\"url\":\"https:\/\/collectin.eu\/produktas\/lego-42161-lamborghini-huracan-tecnica\/\",\"name\":\"LEGO\u00ae 42161 Lamborghini Hurac\u00e1n Tecnica - Collectin.eu\",\"isPartOf\":{\"@id\":\"https:\/\/collectin.eu\/#website\"},\"primaryImageOfPage\":{\"@id\":\"https:\/\/collectin.eu\/produktas\/lego-42161-lamborghini-huracan-tecnica\/#primaryimage\"},\"image\":{\"@id\":\"https:\/\/collectin.eu\/produktas\/lego-42161-lamborghini-huracan-tecnica\/#primaryimage\"},\"thumbnailUrl\":\"https:\/\/collectin.eu\/wp-content\/uploads\/2025\/12\/Untitled-design-64.png\",\"datePublished\":\"2025-12-26T10:16:47+00:00\",\"dateModified\":\"2026-04-08T10:25:50+00:00\",\"description\":\"Vaikai nuo 9 met\u0173 gali pasim\u0117gauti malonum\u0105 teikian\u010diu konstravimu ir surinkti kiekvien\u0105 tikrovi\u0161ko \u201eLamborghini Hurac\u00e1n Tecnica\u201c (42161) modelio detal\u0119.\",\"breadcrumb\":{\"@id\":\"https:\/\/collectin.eu\/produktas\/lego-42161-lamborghini-huracan-tecnica\/#breadcrumb\"},\"inLanguage\":\"en-US\",\"potentialAction\":[{\"@type\":\"ReadAction\",\"target\":[\"https:\/\/collectin.eu\/produktas\/lego-42161-lamborghini-huracan-tecnica\/\"]}]},{\"@type\":\"ImageObject\",\"inLanguage\":\"en-US\",\"@id\":\"https:\/\/collectin.eu\/produktas\/lego-42161-lamborghini-huracan-tecnica\/#primaryimage\",\"url\":\"https:\/\/collectin.eu\/wp-content\/uploads\/2025\/12\/Untitled-design-64.png\",\"contentUrl\":\"https:\/\/collectin.eu\/wp-content\/uploads\/2025\/12\/Untitled-design-64.png\",\"width\":1080,\"height\":1080},{\"@type\":\"BreadcrumbList\",\"@id\":\"https:\/\/collectin.eu\/produktas\/lego-42161-lamborghini-huracan-tecnica\/#breadcrumb\",\"itemListElement\":[{\"@type\":\"ListItem\",\"position\":1,\"name\":\"Home\",\"item\":\"https:\/\/collectin.eu\/\"},{\"@type\":\"ListItem\",\"position\":2,\"name\":\"Parduotuv\u0117\",\"item\":\"https:\/\/collectin.eu\/parduotuve\/\"},{\"@type\":\"ListItem\",\"position\":3,\"name\":\"LEGO\u00ae 42161 Lamborghini Hurac\u00e1n Tecnica\"}]},{\"@type\":\"WebSite\",\"@id\":\"https:\/\/collectin.eu\/#website\",\"url\":\"https:\/\/collectin.eu\/\",\"name\":\"Collectin.eu\",\"description\":\"\",\"potentialAction\":[{\"@type\":\"SearchAction\",\"target\":{\"@type\":\"EntryPoint\",\"urlTemplate\":\"https:\/\/collectin.eu\/?s={search_term_string}\"},\"query-input\":{\"@type\":\"PropertyValueSpecification\",\"valueRequired\":true,\"valueName\":\"search_term_string\"}}],\"inLanguage\":\"en-US\"}]}<\/script>\n<!-- \/ Yoast SEO plugin. -->","yoast_head_json":{"title":"LEGO\u00ae 42161 Lamborghini Hurac\u00e1n Tecnica - Collectin.eu","description":"Vaikai nuo 9 met\u0173 gali pasim\u0117gauti malonum\u0105 teikian\u010diu konstravimu ir surinkti kiekvien\u0105 tikrovi\u0161ko \u201eLamborghini Hurac\u00e1n Tecnica\u201c (42161) modelio detal\u0119.","robots":{"index":"index","follow":"follow","max-snippet":"max-snippet:-1","max-image-preview":"max-image-preview:large","max-video-preview":"max-video-preview:-1"},"canonical":"https:\/\/collectin.eu\/en\/product\/lego-42161-lamborghini-huracan-tecnica\/","og_locale":"en_US","og_type":"article","og_title":"LEGO\u00ae 42161 Lamborghini Hurac\u00e1n Tecnica - Collectin.eu","og_description":"Vaikai nuo 9 met\u0173 gali pasim\u0117gauti malonum\u0105 teikian\u010diu konstravimu ir surinkti kiekvien\u0105 tikrovi\u0161ko \u201eLamborghini Hurac\u00e1n Tecnica\u201c (42161) modelio detal\u0119.","og_url":"https:\/\/collectin.eu\/en\/product\/lego-42161-lamborghini-huracan-tecnica\/","og_site_name":"Collectin.eu","article_modified_time":"2026-04-08T10:25:50+00:00","og_image":[{"width":1080,"height":1080,"url":"http:\/\/collectin.eu\/wp-content\/uploads\/2025\/12\/Untitled-design-64.png","type":"image\/png"}],"twitter_card":"summary_large_image","twitter_misc":{"Est. reading time":"1 minute"},"schema":{"@context":"https:\/\/schema.org","@graph":[{"@type":"WebPage","@id":"https:\/\/collectin.eu\/produktas\/lego-42161-lamborghini-huracan-tecnica\/","url":"https:\/\/collectin.eu\/produktas\/lego-42161-lamborghini-huracan-tecnica\/","name":"LEGO\u00ae 42161 Lamborghini Hurac\u00e1n Tecnica - Collectin.eu","isPartOf":{"@id":"https:\/\/collectin.eu\/#website"},"primaryImageOfPage":{"@id":"https:\/\/collectin.eu\/produktas\/lego-42161-lamborghini-huracan-tecnica\/#primaryimage"},"image":{"@id":"https:\/\/collectin.eu\/produktas\/lego-42161-lamborghini-huracan-tecnica\/#primaryimage"},"thumbnailUrl":"https:\/\/collectin.eu\/wp-content\/uploads\/2025\/12\/Untitled-design-64.png","datePublished":"2025-12-26T10:16:47+00:00","dateModified":"2026-04-08T10:25:50+00:00","description":"Vaikai nuo 9 met\u0173 gali pasim\u0117gauti malonum\u0105 teikian\u010diu konstravimu ir surinkti kiekvien\u0105 tikrovi\u0161ko \u201eLamborghini Hurac\u00e1n Tecnica\u201c (42161) modelio detal\u0119.","breadcrumb":{"@id":"https:\/\/collectin.eu\/produktas\/lego-42161-lamborghini-huracan-tecnica\/#breadcrumb"},"inLanguage":"en-US","potentialAction":[{"@type":"ReadAction","target":["https:\/\/collectin.eu\/produktas\/lego-42161-lamborghini-huracan-tecnica\/"]}]},{"@type":"ImageObject","inLanguage":"en-US","@id":"https:\/\/collectin.eu\/produktas\/lego-42161-lamborghini-huracan-tecnica\/#primaryimage","url":"https:\/\/collectin.eu\/wp-content\/uploads\/2025\/12\/Untitled-design-64.png","contentUrl":"https:\/\/collectin.eu\/wp-content\/uploads\/2025\/12\/Untitled-design-64.png","width":1080,"height":1080},{"@type":"BreadcrumbList","@id":"https:\/\/collectin.eu\/produktas\/lego-42161-lamborghini-huracan-tecnica\/#breadcrumb","itemListElement":[{"@type":"ListItem","position":1,"name":"Home","item":"https:\/\/collectin.eu\/"},{"@type":"ListItem","position":2,"name":"Parduotuv\u0117","item":"https:\/\/collectin.eu\/parduotuve\/"},{"@type":"ListItem","position":3,"name":"LEGO\u00ae 42161 Lamborghini Hurac\u00e1n Tecnica"}]},{"@type":"WebSite","@id":"https:\/\/collectin.eu\/#website","url":"https:\/\/collectin.eu\/","name":"Collectin.eu","description":"","potentialAction":[{"@type":"SearchAction","target":{"@type":"EntryPoint","urlTemplate":"https:\/\/collectin.eu\/?s={search_term_string}"},"query-input":{"@type":"PropertyValueSpecification","valueRequired":true,"valueName":"search_term_string"}}],"inLanguage":"en-US"}]}},"jetpack_sharing_enabled":true,"_links":{"self":[{"href":"https:\/\/collectin.eu\/en\/wp-json\/wp\/v2\/product\/38606","targetHints":{"allow":["GET"]}}],"collection":[{"href":"https:\/\/collectin.eu\/en\/wp-json\/wp\/v2\/product"}],"about":[{"href":"https:\/\/collectin.eu\/en\/wp-json\/wp\/v2\/types\/product"}],"replies":[{"embeddable":true,"href":"https:\/\/collectin.eu\/en\/wp-json\/wp\/v2\/comments?post=38606"}],"version-history":[{"count":2,"href":"https:\/\/collectin.eu\/en\/wp-json\/wp\/v2\/product\/38606\/revisions"}],"predecessor-version":[{"id":40305,"href":"https:\/\/collectin.eu\/en\/wp-json\/wp\/v2\/product\/38606\/revisions\/40305"}],"wp:featuredmedia":[{"embeddable":true,"href":"https:\/\/collectin.eu\/en\/wp-json\/wp\/v2\/media\/38607"}],"wp:attachment":[{"href":"https:\/\/collectin.eu\/en\/wp-json\/wp\/v2\/media?parent=38606"}],"wp:term":[{"taxonomy":"product_brand","embeddable":true,"href":"https:\/\/collectin.eu\/en\/wp-json\/wp\/v2\/product_brand?post=38606"},{"taxonomy":"product_cat","embeddable":true,"href":"https:\/\/collectin.eu\/en\/wp-json\/wp\/v2\/product_cat?post=38606"},{"taxonomy":"product_tag","embeddable":true,"href":"https:\/\/collectin.eu\/en\/wp-json\/wp\/v2\/product_tag?post=38606"}],"curies":[{"name":"wp","href":"https:\/\/api.w.org\/{rel}","templated":true}]}}