{"id":38612,"date":"2025-12-26T10:23:43","date_gmt":"2025-12-26T10:23:43","guid":{"rendered":"https:\/\/collectin.eu\/?post_type=product&#038;p=38612"},"modified":"2026-04-08T10:25:50","modified_gmt":"2026-04-08T10:25:50","slug":"lego-76918-mclaren-solus-gt-ir-mclaren-f1-lm","status":"publish","type":"product","link":"https:\/\/collectin.eu\/en\/product\/lego-76918-mclaren-solus-gt-ir-mclaren-f1-lm\/","title":{"rendered":"LEGO\u00ae 76918 McLaren Solus GT ir McLaren F1 LM"},"content":{"rendered":"<p>Smagi skaitmenin\u0117 patirtis LEGO gerb\u0117jams<br \/>\nSu program\u0117le \u201eLEGO Builder\u201c kartu su savo vaiku galite leistis \u012f lengv\u0105 ir paprast\u0105 konstravimo nuotyk\u012f. \u010cia galima priartinti ir sukin\u0117ti trima\u010dius modelius, i\u0161saugoti rinkinius ir steb\u0117ti savo progres\u0105.<\/p>\n<ul>\n<li>2 konstruojamos \u201eMcLaren\u201c transporto priemon\u0117s. LEGO\u00ae Speed Champions McLaren Solus GT and F1 LM (76918) rinkinys, skirtas rinkti, konstruoti ir kolekcionuoti; vaikams nuo 9 met\u0173 ir aistringiems automobili\u0173 gerb\u0117jams<\/li>\n<li>2 minifig\u016br\u0117l\u0117s. Abu \u017eaisliniai automobiliai turi vairuotojo minifig\u016br\u0117l\u0119, kuri\u0105 vaikai ir automobili\u0173 gerb\u0117jai gali pasodinti u\u017e vairo ir surengti \u012fdomias lenktynes tarpusavyje<\/li>\n<li>Tikrovi\u0161kos detal\u0117s. Konstruojamuose modeliuose yra reali\u0173 modeli\u0173 detali\u0173: F1 LM yra i\u0161skirtin\u0117s oran\u017ein\u0117s papajos spalvos, o Solus GT turi i\u0161rai\u0161kingas rat\u0173 arkas ir kabin\u0105<\/li>\n<li>\u201eMcLaren\u201c modeliai, skirti \u017eaisti ir eksponuoti. Vaikai patirs d\u017eiaugsming\u0173 akimirk\u0173 konstruodami klasikinio F1 LM ir \u0161iuolaikinio Solus GT modelius ir eksponuodami juos bei pasinerdami \u012f smagias lenktynes<\/li>\n<li>LEGO\u00ae dovana. Nud\u017eiuginkite \u0161iuo auk\u0161\u010diausios klas\u0117s 581 dalies Speed Champions rinkiniu gimtadienio ar \u0161ven\u010di\u0173 proga vaikus nuo 9\u00a0met\u0173 ar aistringus automobili\u0173 gerb\u0117jus<\/li>\n<\/ul>","protected":false},"excerpt":{"rendered":"<p>Smagi skaitmenin\u0117 patirtis LEGO gerb\u0117jams Su program\u0117le \u201eLEGO Builder\u201c kartu su savo vaiku galite leistis \u012f lengv\u0105 ir paprast\u0105 konstravimo<\/p>","protected":false},"featured_media":38613,"comment_status":"open","ping_status":"closed","template":"","meta":[],"product_brand":[423],"product_cat":[677,406,492],"product_tag":[],"class_list":{"0":"post-38612","1":"product","2":"type-product","3":"status-publish","4":"has-post-thumbnail","6":"product_brand-lego","7":"product_cat-lego-konstruktoriai","8":"product_cat-lego","9":"product_cat-lego-speed-champions","11":"first","12":"instock","13":"taxable","14":"shipping-taxable","15":"purchasable","16":"product-type-simple"},"yoast_head":"<!-- This site is optimized with the Yoast SEO plugin v25.9 - https:\/\/yoast.com\/wordpress\/plugins\/seo\/ -->\n<title>LEGO\u00ae 76918 McLaren Solus GT ir McLaren F1 LM - Collectin.eu<\/title>\n<meta name=\"robots\" content=\"index, follow, max-snippet:-1, max-image-preview:large, max-video-preview:-1\" \/>\n<link rel=\"canonical\" href=\"https:\/\/collectin.eu\/en\/product\/lego-76918-mclaren-solus-gt-ir-mclaren-f1-lm\/\" \/>\n<meta property=\"og:locale\" content=\"en_US\" \/>\n<meta property=\"og:type\" content=\"article\" \/>\n<meta property=\"og:title\" content=\"LEGO\u00ae 76918 McLaren Solus GT ir McLaren F1 LM - Collectin.eu\" \/>\n<meta property=\"og:description\" content=\"Smagi skaitmenin\u0117 patirtis LEGO gerb\u0117jams Su program\u0117le \u201eLEGO Builder\u201c kartu su savo vaiku galite leistis \u012f lengv\u0105 ir paprast\u0105 konstravimo\" \/>\n<meta property=\"og:url\" content=\"https:\/\/collectin.eu\/en\/product\/lego-76918-mclaren-solus-gt-ir-mclaren-f1-lm\/\" \/>\n<meta property=\"og:site_name\" content=\"Collectin.eu\" \/>\n<meta property=\"article:modified_time\" content=\"2026-04-08T10:25:50+00:00\" \/>\n<meta property=\"og:image\" content=\"http:\/\/collectin.eu\/wp-content\/uploads\/2025\/12\/Untitled-design-67.png\" \/>\n\t<meta property=\"og:image:width\" content=\"1080\" \/>\n\t<meta property=\"og:image:height\" content=\"1080\" \/>\n\t<meta property=\"og:image:type\" content=\"image\/png\" \/>\n<meta name=\"twitter:card\" content=\"summary_large_image\" \/>\n<meta name=\"twitter:label1\" content=\"Est. reading time\" \/>\n\t<meta name=\"twitter:data1\" content=\"2 minutes\" \/>\n<script type=\"application\/ld+json\" class=\"yoast-schema-graph\">{\"@context\":\"https:\/\/schema.org\",\"@graph\":[{\"@type\":\"WebPage\",\"@id\":\"https:\/\/collectin.eu\/produktas\/lego-76918-mclaren-solus-gt-ir-mclaren-f1-lm\/\",\"url\":\"https:\/\/collectin.eu\/produktas\/lego-76918-mclaren-solus-gt-ir-mclaren-f1-lm\/\",\"name\":\"LEGO\u00ae 76918 McLaren Solus GT ir McLaren F1 LM - Collectin.eu\",\"isPartOf\":{\"@id\":\"https:\/\/collectin.eu\/#website\"},\"primaryImageOfPage\":{\"@id\":\"https:\/\/collectin.eu\/produktas\/lego-76918-mclaren-solus-gt-ir-mclaren-f1-lm\/#primaryimage\"},\"image\":{\"@id\":\"https:\/\/collectin.eu\/produktas\/lego-76918-mclaren-solus-gt-ir-mclaren-f1-lm\/#primaryimage\"},\"thumbnailUrl\":\"https:\/\/collectin.eu\/wp-content\/uploads\/2025\/12\/Untitled-design-67.png\",\"datePublished\":\"2025-12-26T10:23:43+00:00\",\"dateModified\":\"2026-04-08T10:25:50+00:00\",\"breadcrumb\":{\"@id\":\"https:\/\/collectin.eu\/produktas\/lego-76918-mclaren-solus-gt-ir-mclaren-f1-lm\/#breadcrumb\"},\"inLanguage\":\"en-US\",\"potentialAction\":[{\"@type\":\"ReadAction\",\"target\":[\"https:\/\/collectin.eu\/produktas\/lego-76918-mclaren-solus-gt-ir-mclaren-f1-lm\/\"]}]},{\"@type\":\"ImageObject\",\"inLanguage\":\"en-US\",\"@id\":\"https:\/\/collectin.eu\/produktas\/lego-76918-mclaren-solus-gt-ir-mclaren-f1-lm\/#primaryimage\",\"url\":\"https:\/\/collectin.eu\/wp-content\/uploads\/2025\/12\/Untitled-design-67.png\",\"contentUrl\":\"https:\/\/collectin.eu\/wp-content\/uploads\/2025\/12\/Untitled-design-67.png\",\"width\":1080,\"height\":1080},{\"@type\":\"BreadcrumbList\",\"@id\":\"https:\/\/collectin.eu\/produktas\/lego-76918-mclaren-solus-gt-ir-mclaren-f1-lm\/#breadcrumb\",\"itemListElement\":[{\"@type\":\"ListItem\",\"position\":1,\"name\":\"Home\",\"item\":\"https:\/\/collectin.eu\/\"},{\"@type\":\"ListItem\",\"position\":2,\"name\":\"Parduotuv\u0117\",\"item\":\"https:\/\/collectin.eu\/parduotuve\/\"},{\"@type\":\"ListItem\",\"position\":3,\"name\":\"LEGO\u00ae 76918 McLaren Solus GT ir McLaren F1 LM\"}]},{\"@type\":\"WebSite\",\"@id\":\"https:\/\/collectin.eu\/#website\",\"url\":\"https:\/\/collectin.eu\/\",\"name\":\"Collectin.eu\",\"description\":\"\",\"potentialAction\":[{\"@type\":\"SearchAction\",\"target\":{\"@type\":\"EntryPoint\",\"urlTemplate\":\"https:\/\/collectin.eu\/?s={search_term_string}\"},\"query-input\":{\"@type\":\"PropertyValueSpecification\",\"valueRequired\":true,\"valueName\":\"search_term_string\"}}],\"inLanguage\":\"en-US\"}]}<\/script>\n<!-- \/ Yoast SEO plugin. -->","yoast_head_json":{"title":"LEGO\u00ae 76918 McLaren Solus GT ir McLaren F1 LM - Collectin.eu","robots":{"index":"index","follow":"follow","max-snippet":"max-snippet:-1","max-image-preview":"max-image-preview:large","max-video-preview":"max-video-preview:-1"},"canonical":"https:\/\/collectin.eu\/en\/product\/lego-76918-mclaren-solus-gt-ir-mclaren-f1-lm\/","og_locale":"en_US","og_type":"article","og_title":"LEGO\u00ae 76918 McLaren Solus GT ir McLaren F1 LM - Collectin.eu","og_description":"Smagi skaitmenin\u0117 patirtis LEGO gerb\u0117jams Su program\u0117le \u201eLEGO Builder\u201c kartu su savo vaiku galite leistis \u012f lengv\u0105 ir paprast\u0105 konstravimo","og_url":"https:\/\/collectin.eu\/en\/product\/lego-76918-mclaren-solus-gt-ir-mclaren-f1-lm\/","og_site_name":"Collectin.eu","article_modified_time":"2026-04-08T10:25:50+00:00","og_image":[{"width":1080,"height":1080,"url":"http:\/\/collectin.eu\/wp-content\/uploads\/2025\/12\/Untitled-design-67.png","type":"image\/png"}],"twitter_card":"summary_large_image","twitter_misc":{"Est. reading time":"2 minutes"},"schema":{"@context":"https:\/\/schema.org","@graph":[{"@type":"WebPage","@id":"https:\/\/collectin.eu\/produktas\/lego-76918-mclaren-solus-gt-ir-mclaren-f1-lm\/","url":"https:\/\/collectin.eu\/produktas\/lego-76918-mclaren-solus-gt-ir-mclaren-f1-lm\/","name":"LEGO\u00ae 76918 McLaren Solus GT ir McLaren F1 LM - Collectin.eu","isPartOf":{"@id":"https:\/\/collectin.eu\/#website"},"primaryImageOfPage":{"@id":"https:\/\/collectin.eu\/produktas\/lego-76918-mclaren-solus-gt-ir-mclaren-f1-lm\/#primaryimage"},"image":{"@id":"https:\/\/collectin.eu\/produktas\/lego-76918-mclaren-solus-gt-ir-mclaren-f1-lm\/#primaryimage"},"thumbnailUrl":"https:\/\/collectin.eu\/wp-content\/uploads\/2025\/12\/Untitled-design-67.png","datePublished":"2025-12-26T10:23:43+00:00","dateModified":"2026-04-08T10:25:50+00:00","breadcrumb":{"@id":"https:\/\/collectin.eu\/produktas\/lego-76918-mclaren-solus-gt-ir-mclaren-f1-lm\/#breadcrumb"},"inLanguage":"en-US","potentialAction":[{"@type":"ReadAction","target":["https:\/\/collectin.eu\/produktas\/lego-76918-mclaren-solus-gt-ir-mclaren-f1-lm\/"]}]},{"@type":"ImageObject","inLanguage":"en-US","@id":"https:\/\/collectin.eu\/produktas\/lego-76918-mclaren-solus-gt-ir-mclaren-f1-lm\/#primaryimage","url":"https:\/\/collectin.eu\/wp-content\/uploads\/2025\/12\/Untitled-design-67.png","contentUrl":"https:\/\/collectin.eu\/wp-content\/uploads\/2025\/12\/Untitled-design-67.png","width":1080,"height":1080},{"@type":"BreadcrumbList","@id":"https:\/\/collectin.eu\/produktas\/lego-76918-mclaren-solus-gt-ir-mclaren-f1-lm\/#breadcrumb","itemListElement":[{"@type":"ListItem","position":1,"name":"Home","item":"https:\/\/collectin.eu\/"},{"@type":"ListItem","position":2,"name":"Parduotuv\u0117","item":"https:\/\/collectin.eu\/parduotuve\/"},{"@type":"ListItem","position":3,"name":"LEGO\u00ae 76918 McLaren Solus GT ir McLaren F1 LM"}]},{"@type":"WebSite","@id":"https:\/\/collectin.eu\/#website","url":"https:\/\/collectin.eu\/","name":"Collectin.eu","description":"","potentialAction":[{"@type":"SearchAction","target":{"@type":"EntryPoint","urlTemplate":"https:\/\/collectin.eu\/?s={search_term_string}"},"query-input":{"@type":"PropertyValueSpecification","valueRequired":true,"valueName":"search_term_string"}}],"inLanguage":"en-US"}]}},"jetpack_sharing_enabled":true,"_links":{"self":[{"href":"https:\/\/collectin.eu\/en\/wp-json\/wp\/v2\/product\/38612","targetHints":{"allow":["GET"]}}],"collection":[{"href":"https:\/\/collectin.eu\/en\/wp-json\/wp\/v2\/product"}],"about":[{"href":"https:\/\/collectin.eu\/en\/wp-json\/wp\/v2\/types\/product"}],"replies":[{"embeddable":true,"href":"https:\/\/collectin.eu\/en\/wp-json\/wp\/v2\/comments?post=38612"}],"version-history":[{"count":2,"href":"https:\/\/collectin.eu\/en\/wp-json\/wp\/v2\/product\/38612\/revisions"}],"predecessor-version":[{"id":40306,"href":"https:\/\/collectin.eu\/en\/wp-json\/wp\/v2\/product\/38612\/revisions\/40306"}],"wp:featuredmedia":[{"embeddable":true,"href":"https:\/\/collectin.eu\/en\/wp-json\/wp\/v2\/media\/38613"}],"wp:attachment":[{"href":"https:\/\/collectin.eu\/en\/wp-json\/wp\/v2\/media?parent=38612"}],"wp:term":[{"taxonomy":"product_brand","embeddable":true,"href":"https:\/\/collectin.eu\/en\/wp-json\/wp\/v2\/product_brand?post=38612"},{"taxonomy":"product_cat","embeddable":true,"href":"https:\/\/collectin.eu\/en\/wp-json\/wp\/v2\/product_cat?post=38612"},{"taxonomy":"product_tag","embeddable":true,"href":"https:\/\/collectin.eu\/en\/wp-json\/wp\/v2\/product_tag?post=38612"}],"curies":[{"name":"wp","href":"https:\/\/api.w.org\/{rel}","templated":true}]}}