{"id":38618,"date":"2025-12-26T10:31:37","date_gmt":"2025-12-26T10:31:37","guid":{"rendered":"https:\/\/collectin.eu\/?post_type=product&#038;p=38618"},"modified":"2026-04-08T10:25:49","modified_gmt":"2026-04-08T10:25:49","slug":"lego-75955-hogwarts-express","status":"publish","type":"product","link":"https:\/\/collectin.eu\/en\/product\/lego-75955-hogwarts-express\/","title":{"rendered":"LEGO\u00ae 75955 Hogwarts Express"},"content":{"rendered":"<p>\u012elipk \u012f \u201eLEGO\u00ae Harry Potter\u2122 75955 Hogvartso\u2122 ekspres\u0105\u201c i\u0161 Kings Kroso stoties, kurioje yra gele\u017einkelio tiltas su laikrod\u017eiu ir laipteliai, vedantys \u012f 9 \u00be peron\u0105\u2122, judan\u010di\u0173 plyt\u0173 pra\u0117jimas, plakatas \u201eIe\u0161komas\u201c (\u2018Wanted\u2019) ir laikra\u0161\u010diai \u201eMagijos \u017einios\u201c, taip pat \u017eaislinis traukinys ir vagonas su 4 s\u0117dyn\u0117mis ir nuimama \u0161onine panele bei stogu. Nusipirk saldaini\u0173 i\u0161 raganos ve\u017eim\u0117lio, \u012fskraidink \u012f vagon\u0105 Psich\u0105\u2122 ir atkurk fantastin\u0117s karalyst\u0117s scenas i\u0161 populiari\u0173j\u0173 film\u0173 apie Har\u012f Poter\u012f\u2122\u201c . \u0160ioje puikioje \u201eLEGO Harry Potter\u201c dovanoje yra ir 5 minifig\u016br\u0117l\u0117s bei Psicho ir Susnos\u2122 fig\u016br\u0117l\u0117s.<\/p>\n<ul>\n<li>Rinkinyje yra 5 minifig\u016br\u0117l\u0117s: Haris Poteris\u2122, Ronis Vizlis\u2122, Hermiona \u012ekyr\u0117l\u0117r\u2122, Remas D\u017eonas Lupinas ir ragana, Psicho\u2122 bei Susnos\u2122 fig\u016br\u0117l\u0117s.<\/li>\n<li>Rinkinyje yra legendinis Kings Kroso stoties 9 \u00be peronas\u2122 ir Hogvartso\u2122 ekspresas.<\/li>\n<li>Platformoje yra gele\u017einkelio tiltas su laikrod\u017eiu, \u012f judan\u010di\u0173 plyt\u0173 \u012f\u0117jim\u0105 sienoje vedantys laiptai, laikra\u0161\u010di\u0173 stendas su 2 \u201eMagijos \u017einios\u201c numeriais ir plakatas \u201eIe\u0161komas\u201c.<\/li>\n<li>Hogvartso\u2122 ekspresas turi vagon\u0105 su 4 s\u0117dimomis vietomis, nuimama \u0161onine panele ir stogu bei ragana, kuri turi saldumyn\u0173 ve\u017eim\u0117l\u012f.<\/li>\n<li>Nuimk traukinio vagono stog\u0105 ir \u0161onin\u0119 panel\u0119, tada susodink minifig\u016br\u0117les.<\/li>\n<\/ul>","protected":false},"excerpt":{"rendered":"<p>\u012elipk \u012f \u201eLEGO\u00ae Harry Potter\u2122 75955 Hogvartso\u2122 ekspres\u0105\u201c i\u0161 Kings Kroso stoties, kurioje yra gele\u017einkelio tiltas su laikrod\u017eiu ir laipteliai,<\/p>","protected":false},"featured_media":38619,"comment_status":"open","ping_status":"closed","template":"","meta":[],"product_brand":[423],"product_cat":[677,406,438],"product_tag":[],"class_list":{"0":"post-38618","1":"product","2":"type-product","3":"status-publish","4":"has-post-thumbnail","6":"product_brand-lego","7":"product_cat-lego-konstruktoriai","8":"product_cat-lego","9":"product_cat-lego-harry-potter","11":"first","12":"instock","13":"taxable","14":"shipping-taxable","15":"purchasable","16":"product-type-simple"},"yoast_head":"<!-- This site is optimized with the Yoast SEO plugin v25.9 - https:\/\/yoast.com\/wordpress\/plugins\/seo\/ -->\n<title>LEGO\u00ae 75955 Hogwarts Express - Collectin.eu<\/title>\n<meta name=\"description\" content=\"\u012elipk \u012f \u201eLEGO\u00ae Harry Potter\u2122 75955 Hogvartso\u2122 ekspres\u0105\u201c i\u0161 Kings Kroso stoties, kurioje yra gele\u017einkelio tiltas su laikrod\u017eiu ir laipteliai, vedantys \u012f 9 \u00be peron\u0105\u2122, judan\u010di\u0173 plyt\u0173 pra\u0117jimas.\" \/>\n<meta name=\"robots\" content=\"index, follow, max-snippet:-1, max-image-preview:large, max-video-preview:-1\" \/>\n<link rel=\"canonical\" href=\"https:\/\/collectin.eu\/en\/product\/lego-75955-hogwarts-express\/\" \/>\n<meta property=\"og:locale\" content=\"en_US\" \/>\n<meta property=\"og:type\" content=\"article\" \/>\n<meta property=\"og:title\" content=\"LEGO\u00ae 75955 Hogwarts Express - Collectin.eu\" \/>\n<meta property=\"og:description\" content=\"\u012elipk \u012f \u201eLEGO\u00ae Harry Potter\u2122 75955 Hogvartso\u2122 ekspres\u0105\u201c i\u0161 Kings Kroso stoties, kurioje yra gele\u017einkelio tiltas su laikrod\u017eiu ir laipteliai, vedantys \u012f 9 \u00be peron\u0105\u2122, judan\u010di\u0173 plyt\u0173 pra\u0117jimas.\" \/>\n<meta property=\"og:url\" content=\"https:\/\/collectin.eu\/en\/product\/lego-75955-hogwarts-express\/\" \/>\n<meta property=\"og:site_name\" content=\"Collectin.eu\" \/>\n<meta property=\"article:modified_time\" content=\"2026-04-08T10:25:49+00:00\" \/>\n<meta property=\"og:image\" content=\"http:\/\/collectin.eu\/wp-content\/uploads\/2025\/12\/Untitled-design-70.png\" \/>\n\t<meta property=\"og:image:width\" content=\"1080\" \/>\n\t<meta property=\"og:image:height\" content=\"1080\" \/>\n\t<meta property=\"og:image:type\" content=\"image\/png\" \/>\n<meta name=\"twitter:card\" content=\"summary_large_image\" \/>\n<meta name=\"twitter:label1\" content=\"Est. reading time\" \/>\n\t<meta name=\"twitter:data1\" content=\"2 minutes\" \/>\n<script type=\"application\/ld+json\" class=\"yoast-schema-graph\">{\"@context\":\"https:\/\/schema.org\",\"@graph\":[{\"@type\":\"WebPage\",\"@id\":\"https:\/\/collectin.eu\/produktas\/lego-75955-hogwarts-express\/\",\"url\":\"https:\/\/collectin.eu\/produktas\/lego-75955-hogwarts-express\/\",\"name\":\"LEGO\u00ae 75955 Hogwarts Express - Collectin.eu\",\"isPartOf\":{\"@id\":\"https:\/\/collectin.eu\/#website\"},\"primaryImageOfPage\":{\"@id\":\"https:\/\/collectin.eu\/produktas\/lego-75955-hogwarts-express\/#primaryimage\"},\"image\":{\"@id\":\"https:\/\/collectin.eu\/produktas\/lego-75955-hogwarts-express\/#primaryimage\"},\"thumbnailUrl\":\"https:\/\/collectin.eu\/wp-content\/uploads\/2025\/12\/Untitled-design-70.png\",\"datePublished\":\"2025-12-26T10:31:37+00:00\",\"dateModified\":\"2026-04-08T10:25:49+00:00\",\"description\":\"\u012elipk \u012f \u201eLEGO\u00ae Harry Potter\u2122 75955 Hogvartso\u2122 ekspres\u0105\u201c i\u0161 Kings Kroso stoties, kurioje yra gele\u017einkelio tiltas su laikrod\u017eiu ir laipteliai, vedantys \u012f 9 \u00be peron\u0105\u2122, judan\u010di\u0173 plyt\u0173 pra\u0117jimas.\",\"breadcrumb\":{\"@id\":\"https:\/\/collectin.eu\/produktas\/lego-75955-hogwarts-express\/#breadcrumb\"},\"inLanguage\":\"en-US\",\"potentialAction\":[{\"@type\":\"ReadAction\",\"target\":[\"https:\/\/collectin.eu\/produktas\/lego-75955-hogwarts-express\/\"]}]},{\"@type\":\"ImageObject\",\"inLanguage\":\"en-US\",\"@id\":\"https:\/\/collectin.eu\/produktas\/lego-75955-hogwarts-express\/#primaryimage\",\"url\":\"https:\/\/collectin.eu\/wp-content\/uploads\/2025\/12\/Untitled-design-70.png\",\"contentUrl\":\"https:\/\/collectin.eu\/wp-content\/uploads\/2025\/12\/Untitled-design-70.png\",\"width\":1080,\"height\":1080},{\"@type\":\"BreadcrumbList\",\"@id\":\"https:\/\/collectin.eu\/produktas\/lego-75955-hogwarts-express\/#breadcrumb\",\"itemListElement\":[{\"@type\":\"ListItem\",\"position\":1,\"name\":\"Home\",\"item\":\"https:\/\/collectin.eu\/\"},{\"@type\":\"ListItem\",\"position\":2,\"name\":\"Parduotuv\u0117\",\"item\":\"https:\/\/collectin.eu\/parduotuve\/\"},{\"@type\":\"ListItem\",\"position\":3,\"name\":\"LEGO\u00ae 75955 Hogwarts Express\"}]},{\"@type\":\"WebSite\",\"@id\":\"https:\/\/collectin.eu\/#website\",\"url\":\"https:\/\/collectin.eu\/\",\"name\":\"Collectin.eu\",\"description\":\"\",\"potentialAction\":[{\"@type\":\"SearchAction\",\"target\":{\"@type\":\"EntryPoint\",\"urlTemplate\":\"https:\/\/collectin.eu\/?s={search_term_string}\"},\"query-input\":{\"@type\":\"PropertyValueSpecification\",\"valueRequired\":true,\"valueName\":\"search_term_string\"}}],\"inLanguage\":\"en-US\"}]}<\/script>\n<!-- \/ Yoast SEO plugin. -->","yoast_head_json":{"title":"LEGO\u00ae 75955 Hogwarts Express - Collectin.eu","description":"\u012elipk \u012f \u201eLEGO\u00ae Harry Potter\u2122 75955 Hogvartso\u2122 ekspres\u0105\u201c i\u0161 Kings Kroso stoties, kurioje yra gele\u017einkelio tiltas su laikrod\u017eiu ir laipteliai, vedantys \u012f 9 \u00be peron\u0105\u2122, judan\u010di\u0173 plyt\u0173 pra\u0117jimas.","robots":{"index":"index","follow":"follow","max-snippet":"max-snippet:-1","max-image-preview":"max-image-preview:large","max-video-preview":"max-video-preview:-1"},"canonical":"https:\/\/collectin.eu\/en\/product\/lego-75955-hogwarts-express\/","og_locale":"en_US","og_type":"article","og_title":"LEGO\u00ae 75955 Hogwarts Express - Collectin.eu","og_description":"\u012elipk \u012f \u201eLEGO\u00ae Harry Potter\u2122 75955 Hogvartso\u2122 ekspres\u0105\u201c i\u0161 Kings Kroso stoties, kurioje yra gele\u017einkelio tiltas su laikrod\u017eiu ir laipteliai, vedantys \u012f 9 \u00be peron\u0105\u2122, judan\u010di\u0173 plyt\u0173 pra\u0117jimas.","og_url":"https:\/\/collectin.eu\/en\/product\/lego-75955-hogwarts-express\/","og_site_name":"Collectin.eu","article_modified_time":"2026-04-08T10:25:49+00:00","og_image":[{"width":1080,"height":1080,"url":"http:\/\/collectin.eu\/wp-content\/uploads\/2025\/12\/Untitled-design-70.png","type":"image\/png"}],"twitter_card":"summary_large_image","twitter_misc":{"Est. reading time":"2 minutes"},"schema":{"@context":"https:\/\/schema.org","@graph":[{"@type":"WebPage","@id":"https:\/\/collectin.eu\/produktas\/lego-75955-hogwarts-express\/","url":"https:\/\/collectin.eu\/produktas\/lego-75955-hogwarts-express\/","name":"LEGO\u00ae 75955 Hogwarts Express - Collectin.eu","isPartOf":{"@id":"https:\/\/collectin.eu\/#website"},"primaryImageOfPage":{"@id":"https:\/\/collectin.eu\/produktas\/lego-75955-hogwarts-express\/#primaryimage"},"image":{"@id":"https:\/\/collectin.eu\/produktas\/lego-75955-hogwarts-express\/#primaryimage"},"thumbnailUrl":"https:\/\/collectin.eu\/wp-content\/uploads\/2025\/12\/Untitled-design-70.png","datePublished":"2025-12-26T10:31:37+00:00","dateModified":"2026-04-08T10:25:49+00:00","description":"\u012elipk \u012f \u201eLEGO\u00ae Harry Potter\u2122 75955 Hogvartso\u2122 ekspres\u0105\u201c i\u0161 Kings Kroso stoties, kurioje yra gele\u017einkelio tiltas su laikrod\u017eiu ir laipteliai, vedantys \u012f 9 \u00be peron\u0105\u2122, judan\u010di\u0173 plyt\u0173 pra\u0117jimas.","breadcrumb":{"@id":"https:\/\/collectin.eu\/produktas\/lego-75955-hogwarts-express\/#breadcrumb"},"inLanguage":"en-US","potentialAction":[{"@type":"ReadAction","target":["https:\/\/collectin.eu\/produktas\/lego-75955-hogwarts-express\/"]}]},{"@type":"ImageObject","inLanguage":"en-US","@id":"https:\/\/collectin.eu\/produktas\/lego-75955-hogwarts-express\/#primaryimage","url":"https:\/\/collectin.eu\/wp-content\/uploads\/2025\/12\/Untitled-design-70.png","contentUrl":"https:\/\/collectin.eu\/wp-content\/uploads\/2025\/12\/Untitled-design-70.png","width":1080,"height":1080},{"@type":"BreadcrumbList","@id":"https:\/\/collectin.eu\/produktas\/lego-75955-hogwarts-express\/#breadcrumb","itemListElement":[{"@type":"ListItem","position":1,"name":"Home","item":"https:\/\/collectin.eu\/"},{"@type":"ListItem","position":2,"name":"Parduotuv\u0117","item":"https:\/\/collectin.eu\/parduotuve\/"},{"@type":"ListItem","position":3,"name":"LEGO\u00ae 75955 Hogwarts Express"}]},{"@type":"WebSite","@id":"https:\/\/collectin.eu\/#website","url":"https:\/\/collectin.eu\/","name":"Collectin.eu","description":"","potentialAction":[{"@type":"SearchAction","target":{"@type":"EntryPoint","urlTemplate":"https:\/\/collectin.eu\/?s={search_term_string}"},"query-input":{"@type":"PropertyValueSpecification","valueRequired":true,"valueName":"search_term_string"}}],"inLanguage":"en-US"}]}},"jetpack_sharing_enabled":true,"_links":{"self":[{"href":"https:\/\/collectin.eu\/en\/wp-json\/wp\/v2\/product\/38618","targetHints":{"allow":["GET"]}}],"collection":[{"href":"https:\/\/collectin.eu\/en\/wp-json\/wp\/v2\/product"}],"about":[{"href":"https:\/\/collectin.eu\/en\/wp-json\/wp\/v2\/types\/product"}],"replies":[{"embeddable":true,"href":"https:\/\/collectin.eu\/en\/wp-json\/wp\/v2\/comments?post=38618"}],"version-history":[{"count":3,"href":"https:\/\/collectin.eu\/en\/wp-json\/wp\/v2\/product\/38618\/revisions"}],"predecessor-version":[{"id":40307,"href":"https:\/\/collectin.eu\/en\/wp-json\/wp\/v2\/product\/38618\/revisions\/40307"}],"wp:featuredmedia":[{"embeddable":true,"href":"https:\/\/collectin.eu\/en\/wp-json\/wp\/v2\/media\/38619"}],"wp:attachment":[{"href":"https:\/\/collectin.eu\/en\/wp-json\/wp\/v2\/media?parent=38618"}],"wp:term":[{"taxonomy":"product_brand","embeddable":true,"href":"https:\/\/collectin.eu\/en\/wp-json\/wp\/v2\/product_brand?post=38618"},{"taxonomy":"product_cat","embeddable":true,"href":"https:\/\/collectin.eu\/en\/wp-json\/wp\/v2\/product_cat?post=38618"},{"taxonomy":"product_tag","embeddable":true,"href":"https:\/\/collectin.eu\/en\/wp-json\/wp\/v2\/product_tag?post=38618"}],"curies":[{"name":"wp","href":"https:\/\/api.w.org\/{rel}","templated":true}]}}