{"id":38624,"date":"2025-12-26T11:06:18","date_gmt":"2025-12-26T11:06:18","guid":{"rendered":"https:\/\/collectin.eu\/?post_type=product&#038;p=38624"},"modified":"2026-04-08T10:25:25","modified_gmt":"2026-04-08T10:25:25","slug":"lego-76917-2-fast-2-furious-nissan-skyline-gt-r","status":"publish","type":"product","link":"https:\/\/collectin.eu\/en\/product\/lego-76917-2-fast-2-furious-nissan-skyline-gt-r\/","title":{"rendered":"LEGO\u00ae 76917 2 Fast 2 Furious Nissan Skyline GT-R"},"content":{"rendered":"<p>Puiki dovana automobili\u0173 gerb\u0117jams<br \/>\n\u0160is modelis turi daug autenti\u0161ko automobilio, matyto filme \u201eGreiti ir \u012fsiut\u0119\u201c, detali\u0173, \u012fskaitant legendinius elementus ant \u0161on\u0173, gale esant\u012f sparn\u0105, groteles priekyje, \u012fsp\u016bdingas rat\u0173 arkas ir nitrodegal\u0173 kanistr\u0105 ant keleivio s\u0117dyn\u0117s. Rinkinyje taip pat yra Brian O\u2019Conner minifig\u016br\u0117l\u0117, kuri\u0105 automobili\u0173 gerb\u0117jai gali pasodinti \u012f vairuotojo viet\u0105 ir m\u0117gautis \u017eaidimu vaidmenimis.<\/p>\n<ul>\n<li>\u017daislinis filmo \u201eGreiti ir \u012fsiut\u0119\u201c automobilio modelis. LEGO\u00ae Speed Champions \u201eGreiti ir \u012fsiut\u0119 2\u201c \u201eNissan Skyline GT-R (R34)\u201c modelis (76917) vaikams, automobili\u0173 entuziastams ir filmo \u201eGreiti ir \u012fsiut\u0119 2\u201c gerb\u0117jams<\/li>\n<li>1 minifig\u016br\u0117l\u0117. Lenktyninio gatv\u0117s automobilio modelis su Brian O\u2019Conner minifig\u016br\u0117le, kuri\u0105 galima pasodinti u\u017e vairo ir atkurti jaudinan\u010dias scenas i\u0161 garsios film\u0173 fran\u0161iz\u0117s<\/li>\n<li>Autenti\u0161kos detal\u0117s. Modelis turi tikros versijos \u012fkv\u0117pt\u0173 detali\u0173 \u2013 legendines juostas ant \u0161on\u0173, gale esant\u012f sparn\u0105, groteles priekyje ir variklio komponentus ant keleivio s\u0117dyn\u0117s<\/li>\n<li>\u017daiskite su LEGO\u00ae automobiliu ir eksponuokite. \u0160is \u201eNissan\u201c modelis \u201eSkyline\u201c, kur\u012f galima eksponuoti ar naudoti lenktyni\u0173 veiksmui, suteiks smagaus konstravimo akimirk\u0173<\/li>\n<li>Kolekcin\u0117 LEGO\u00ae dovana. \u0160is 319 dali\u0173 \u201eSpeed Champions\u201c rinkinys \u2013 puiki dovana gimtadienio proga ar netik\u0117ta staigmena vaikams nuo 9 met\u0173, automobili\u0173 entuziastams ir filmo \u201eGreiti ir \u012fsiut\u0119\u201c gerb\u0117jams<\/li>\n<\/ul>","protected":false},"excerpt":{"rendered":"<p>Puiki dovana automobili\u0173 gerb\u0117jams \u0160is modelis turi daug autenti\u0161ko automobilio, matyto filme \u201eGreiti ir \u012fsiut\u0119\u201c, detali\u0173, \u012fskaitant legendinius elementus ant<\/p>","protected":false},"featured_media":38625,"comment_status":"open","ping_status":"closed","template":"","meta":[],"product_brand":[423],"product_cat":[677,406,492],"product_tag":[],"class_list":{"0":"post-38624","1":"product","2":"type-product","3":"status-publish","4":"has-post-thumbnail","6":"product_brand-lego","7":"product_cat-lego-konstruktoriai","8":"product_cat-lego","9":"product_cat-lego-speed-champions","11":"first","12":"instock","13":"taxable","14":"shipping-taxable","15":"purchasable","16":"product-type-simple"},"yoast_head":"<!-- This site is optimized with the Yoast SEO plugin v25.9 - https:\/\/yoast.com\/wordpress\/plugins\/seo\/ -->\n<title>LEGO\u00ae 76917 2 Fast 2 Furious Nissan Skyline GT-R - Collectin.eu<\/title>\n<meta name=\"description\" content=\"\u0160i konstruojamo LEGO\u00ae Speed Champions \u201eNissan Skyline GT-R (R34)\u201c modelio kopija (76917) \u012fkv\u0117pta legendinio automobilio i\u0161 filmo \u201eGreiti ir \u012fsiut\u0119 2\u201c.\" \/>\n<meta name=\"robots\" content=\"index, follow, max-snippet:-1, max-image-preview:large, max-video-preview:-1\" \/>\n<link rel=\"canonical\" href=\"https:\/\/collectin.eu\/en\/product\/lego-76917-2-fast-2-furious-nissan-skyline-gt-r\/\" \/>\n<meta property=\"og:locale\" content=\"en_US\" \/>\n<meta property=\"og:type\" content=\"article\" \/>\n<meta property=\"og:title\" content=\"LEGO\u00ae 76917 2 Fast 2 Furious Nissan Skyline GT-R - Collectin.eu\" \/>\n<meta property=\"og:description\" content=\"\u0160i konstruojamo LEGO\u00ae Speed Champions \u201eNissan Skyline GT-R (R34)\u201c modelio kopija (76917) \u012fkv\u0117pta legendinio automobilio i\u0161 filmo \u201eGreiti ir \u012fsiut\u0119 2\u201c.\" \/>\n<meta property=\"og:url\" content=\"https:\/\/collectin.eu\/en\/product\/lego-76917-2-fast-2-furious-nissan-skyline-gt-r\/\" \/>\n<meta property=\"og:site_name\" content=\"Collectin.eu\" \/>\n<meta property=\"article:modified_time\" content=\"2026-04-08T10:25:25+00:00\" \/>\n<meta property=\"og:image\" content=\"http:\/\/collectin.eu\/wp-content\/uploads\/2025\/12\/Untitled-design-73.png\" \/>\n\t<meta property=\"og:image:width\" content=\"1080\" \/>\n\t<meta property=\"og:image:height\" content=\"1080\" \/>\n\t<meta property=\"og:image:type\" content=\"image\/png\" \/>\n<meta name=\"twitter:card\" content=\"summary_large_image\" \/>\n<meta name=\"twitter:label1\" content=\"Est. reading time\" \/>\n\t<meta name=\"twitter:data1\" content=\"2 minutes\" \/>\n<script type=\"application\/ld+json\" class=\"yoast-schema-graph\">{\"@context\":\"https:\/\/schema.org\",\"@graph\":[{\"@type\":\"WebPage\",\"@id\":\"https:\/\/collectin.eu\/produktas\/lego-76917-2-fast-2-furious-nissan-skyline-gt-r\/\",\"url\":\"https:\/\/collectin.eu\/produktas\/lego-76917-2-fast-2-furious-nissan-skyline-gt-r\/\",\"name\":\"LEGO\u00ae 76917 2 Fast 2 Furious Nissan Skyline GT-R - Collectin.eu\",\"isPartOf\":{\"@id\":\"https:\/\/collectin.eu\/#website\"},\"primaryImageOfPage\":{\"@id\":\"https:\/\/collectin.eu\/produktas\/lego-76917-2-fast-2-furious-nissan-skyline-gt-r\/#primaryimage\"},\"image\":{\"@id\":\"https:\/\/collectin.eu\/produktas\/lego-76917-2-fast-2-furious-nissan-skyline-gt-r\/#primaryimage\"},\"thumbnailUrl\":\"https:\/\/collectin.eu\/wp-content\/uploads\/2025\/12\/Untitled-design-73.png\",\"datePublished\":\"2025-12-26T11:06:18+00:00\",\"dateModified\":\"2026-04-08T10:25:25+00:00\",\"description\":\"\u0160i konstruojamo LEGO\u00ae Speed Champions \u201eNissan Skyline GT-R (R34)\u201c modelio kopija (76917) \u012fkv\u0117pta legendinio automobilio i\u0161 filmo \u201eGreiti ir \u012fsiut\u0119 2\u201c.\",\"breadcrumb\":{\"@id\":\"https:\/\/collectin.eu\/produktas\/lego-76917-2-fast-2-furious-nissan-skyline-gt-r\/#breadcrumb\"},\"inLanguage\":\"en-US\",\"potentialAction\":[{\"@type\":\"ReadAction\",\"target\":[\"https:\/\/collectin.eu\/produktas\/lego-76917-2-fast-2-furious-nissan-skyline-gt-r\/\"]}]},{\"@type\":\"ImageObject\",\"inLanguage\":\"en-US\",\"@id\":\"https:\/\/collectin.eu\/produktas\/lego-76917-2-fast-2-furious-nissan-skyline-gt-r\/#primaryimage\",\"url\":\"https:\/\/collectin.eu\/wp-content\/uploads\/2025\/12\/Untitled-design-73.png\",\"contentUrl\":\"https:\/\/collectin.eu\/wp-content\/uploads\/2025\/12\/Untitled-design-73.png\",\"width\":1080,\"height\":1080},{\"@type\":\"BreadcrumbList\",\"@id\":\"https:\/\/collectin.eu\/produktas\/lego-76917-2-fast-2-furious-nissan-skyline-gt-r\/#breadcrumb\",\"itemListElement\":[{\"@type\":\"ListItem\",\"position\":1,\"name\":\"Home\",\"item\":\"https:\/\/collectin.eu\/\"},{\"@type\":\"ListItem\",\"position\":2,\"name\":\"Parduotuv\u0117\",\"item\":\"https:\/\/collectin.eu\/parduotuve\/\"},{\"@type\":\"ListItem\",\"position\":3,\"name\":\"LEGO\u00ae 76917 2 Fast 2 Furious Nissan Skyline GT-R\"}]},{\"@type\":\"WebSite\",\"@id\":\"https:\/\/collectin.eu\/#website\",\"url\":\"https:\/\/collectin.eu\/\",\"name\":\"Collectin.eu\",\"description\":\"\",\"potentialAction\":[{\"@type\":\"SearchAction\",\"target\":{\"@type\":\"EntryPoint\",\"urlTemplate\":\"https:\/\/collectin.eu\/?s={search_term_string}\"},\"query-input\":{\"@type\":\"PropertyValueSpecification\",\"valueRequired\":true,\"valueName\":\"search_term_string\"}}],\"inLanguage\":\"en-US\"}]}<\/script>\n<!-- \/ Yoast SEO plugin. -->","yoast_head_json":{"title":"LEGO\u00ae 76917 2 Fast 2 Furious Nissan Skyline GT-R - Collectin.eu","description":"\u0160i konstruojamo LEGO\u00ae Speed Champions \u201eNissan Skyline GT-R (R34)\u201c modelio kopija (76917) \u012fkv\u0117pta legendinio automobilio i\u0161 filmo \u201eGreiti ir \u012fsiut\u0119 2\u201c.","robots":{"index":"index","follow":"follow","max-snippet":"max-snippet:-1","max-image-preview":"max-image-preview:large","max-video-preview":"max-video-preview:-1"},"canonical":"https:\/\/collectin.eu\/en\/product\/lego-76917-2-fast-2-furious-nissan-skyline-gt-r\/","og_locale":"en_US","og_type":"article","og_title":"LEGO\u00ae 76917 2 Fast 2 Furious Nissan Skyline GT-R - Collectin.eu","og_description":"\u0160i konstruojamo LEGO\u00ae Speed Champions \u201eNissan Skyline GT-R (R34)\u201c modelio kopija (76917) \u012fkv\u0117pta legendinio automobilio i\u0161 filmo \u201eGreiti ir \u012fsiut\u0119 2\u201c.","og_url":"https:\/\/collectin.eu\/en\/product\/lego-76917-2-fast-2-furious-nissan-skyline-gt-r\/","og_site_name":"Collectin.eu","article_modified_time":"2026-04-08T10:25:25+00:00","og_image":[{"width":1080,"height":1080,"url":"http:\/\/collectin.eu\/wp-content\/uploads\/2025\/12\/Untitled-design-73.png","type":"image\/png"}],"twitter_card":"summary_large_image","twitter_misc":{"Est. reading time":"2 minutes"},"schema":{"@context":"https:\/\/schema.org","@graph":[{"@type":"WebPage","@id":"https:\/\/collectin.eu\/produktas\/lego-76917-2-fast-2-furious-nissan-skyline-gt-r\/","url":"https:\/\/collectin.eu\/produktas\/lego-76917-2-fast-2-furious-nissan-skyline-gt-r\/","name":"LEGO\u00ae 76917 2 Fast 2 Furious Nissan Skyline GT-R - Collectin.eu","isPartOf":{"@id":"https:\/\/collectin.eu\/#website"},"primaryImageOfPage":{"@id":"https:\/\/collectin.eu\/produktas\/lego-76917-2-fast-2-furious-nissan-skyline-gt-r\/#primaryimage"},"image":{"@id":"https:\/\/collectin.eu\/produktas\/lego-76917-2-fast-2-furious-nissan-skyline-gt-r\/#primaryimage"},"thumbnailUrl":"https:\/\/collectin.eu\/wp-content\/uploads\/2025\/12\/Untitled-design-73.png","datePublished":"2025-12-26T11:06:18+00:00","dateModified":"2026-04-08T10:25:25+00:00","description":"\u0160i konstruojamo LEGO\u00ae Speed Champions \u201eNissan Skyline GT-R (R34)\u201c modelio kopija (76917) \u012fkv\u0117pta legendinio automobilio i\u0161 filmo \u201eGreiti ir \u012fsiut\u0119 2\u201c.","breadcrumb":{"@id":"https:\/\/collectin.eu\/produktas\/lego-76917-2-fast-2-furious-nissan-skyline-gt-r\/#breadcrumb"},"inLanguage":"en-US","potentialAction":[{"@type":"ReadAction","target":["https:\/\/collectin.eu\/produktas\/lego-76917-2-fast-2-furious-nissan-skyline-gt-r\/"]}]},{"@type":"ImageObject","inLanguage":"en-US","@id":"https:\/\/collectin.eu\/produktas\/lego-76917-2-fast-2-furious-nissan-skyline-gt-r\/#primaryimage","url":"https:\/\/collectin.eu\/wp-content\/uploads\/2025\/12\/Untitled-design-73.png","contentUrl":"https:\/\/collectin.eu\/wp-content\/uploads\/2025\/12\/Untitled-design-73.png","width":1080,"height":1080},{"@type":"BreadcrumbList","@id":"https:\/\/collectin.eu\/produktas\/lego-76917-2-fast-2-furious-nissan-skyline-gt-r\/#breadcrumb","itemListElement":[{"@type":"ListItem","position":1,"name":"Home","item":"https:\/\/collectin.eu\/"},{"@type":"ListItem","position":2,"name":"Parduotuv\u0117","item":"https:\/\/collectin.eu\/parduotuve\/"},{"@type":"ListItem","position":3,"name":"LEGO\u00ae 76917 2 Fast 2 Furious Nissan Skyline GT-R"}]},{"@type":"WebSite","@id":"https:\/\/collectin.eu\/#website","url":"https:\/\/collectin.eu\/","name":"Collectin.eu","description":"","potentialAction":[{"@type":"SearchAction","target":{"@type":"EntryPoint","urlTemplate":"https:\/\/collectin.eu\/?s={search_term_string}"},"query-input":{"@type":"PropertyValueSpecification","valueRequired":true,"valueName":"search_term_string"}}],"inLanguage":"en-US"}]}},"jetpack_sharing_enabled":true,"_links":{"self":[{"href":"https:\/\/collectin.eu\/en\/wp-json\/wp\/v2\/product\/38624","targetHints":{"allow":["GET"]}}],"collection":[{"href":"https:\/\/collectin.eu\/en\/wp-json\/wp\/v2\/product"}],"about":[{"href":"https:\/\/collectin.eu\/en\/wp-json\/wp\/v2\/types\/product"}],"replies":[{"embeddable":true,"href":"https:\/\/collectin.eu\/en\/wp-json\/wp\/v2\/comments?post=38624"}],"version-history":[{"count":4,"href":"https:\/\/collectin.eu\/en\/wp-json\/wp\/v2\/product\/38624\/revisions"}],"predecessor-version":[{"id":40308,"href":"https:\/\/collectin.eu\/en\/wp-json\/wp\/v2\/product\/38624\/revisions\/40308"}],"wp:featuredmedia":[{"embeddable":true,"href":"https:\/\/collectin.eu\/en\/wp-json\/wp\/v2\/media\/38625"}],"wp:attachment":[{"href":"https:\/\/collectin.eu\/en\/wp-json\/wp\/v2\/media?parent=38624"}],"wp:term":[{"taxonomy":"product_brand","embeddable":true,"href":"https:\/\/collectin.eu\/en\/wp-json\/wp\/v2\/product_brand?post=38624"},{"taxonomy":"product_cat","embeddable":true,"href":"https:\/\/collectin.eu\/en\/wp-json\/wp\/v2\/product_cat?post=38624"},{"taxonomy":"product_tag","embeddable":true,"href":"https:\/\/collectin.eu\/en\/wp-json\/wp\/v2\/product_tag?post=38624"}],"curies":[{"name":"wp","href":"https:\/\/api.w.org\/{rel}","templated":true}]}}