{"id":38630,"date":"2025-12-26T11:12:25","date_gmt":"2025-12-26T11:12:25","guid":{"rendered":"https:\/\/collectin.eu\/?post_type=product&#038;p=38630"},"modified":"2026-04-08T10:25:25","modified_gmt":"2026-04-08T10:25:25","slug":"lego-76906-1970-ferrari-512-m","status":"publish","type":"product","link":"https:\/\/collectin.eu\/en\/product\/lego-76906-1970-ferrari-512-m\/","title":{"rendered":"LEGO\u00ae 76906 1970 Ferrari 512 M"},"content":{"rendered":"<p>Prie kolekcinio lenktyni\u0173 automobilio pridedamos spausdintos ir interaktyvios skaitmenin\u0117s konstravimo instrukcijos. Patogus skaitmeninis vadovas, pasiekiamas nemokamoje program\u0117l\u0117je LEGO Building Instructions i\u0161maniesiems telefonams ir plan\u0161etiniams kompiuteriams, turi puiki\u0173 priartinimo ir pasukimo \u012franki\u0173, kurie suteikia vaikams galimyb\u0119 ap\u017ei\u016br\u0117ti konstruojamus modelius i\u0161 vis\u0173 kamp\u0173.<\/p>\n<p>\u012ek\u016bnija in\u017einerin\u012f genialum\u0105<br \/>\nLEGO Speed Champions konstravimo rinkiniai \u2013 tai suma\u017eintos pa\u017eangiausi\u0173 ir \u012f\u017eymiausi\u0173 pasaulio automobili\u0173 kopijos. Kokybi\u0161ki\u00a0modeliai yra populiar\u016bs tarp vaik\u0173 ir suaugusi\u0173j\u0173, nes jie idealiai tinka eksponuoti ir smagiai lenktyniauti su kitais Speed Champions serijos automobiliais.<\/p>\n<ul>\n<li>Legendinis 1970 Ferrari 512 M. \u017daislinis modelis automobili\u0173 entuziastams ir vaikams, kuriems patinka i\u0161radingas lenktyni\u0173 veiksmas.<\/li>\n<li>Kas yra d\u0117\u017eut\u0117je? Viskas, ko reikia norint sukonstruoti 1970 Ferrari 512 M LEGO\u00ae versij\u0105 ir \u201eFerrari\u201c lenktyni\u0173 vairuotoj\u0105 su lenktyni\u0173 kostiumu, peruku ir \u0161almu.<\/li>\n<li>Rinkite, \u017eaiskite ir eksponuokite. Vaikai ir automobili\u0173 gerb\u0117jai gali tyrin\u0117ti 1970 Ferrari 512 M, konstruodami ir eksponuodami savo darb\u0105 arba prisijungdami prie draug\u0173 Speed Champions veiksmo.<\/li>\n<li>Dovana i\u0161skirtinei progai. \u0160\u012f 291 dalies LEGO\u00ae Speed Champions 1970 Ferrari 512 M (76906) model\u012f galima dovanoti gimtadieniui arba bet kuria netik\u0117ta proga vaikams arba lenktynini\u0173 automobili\u0173 gerb\u0117jams nuo 8 met\u0173<\/li>\n<\/ul>","protected":false},"excerpt":{"rendered":"<p>Prie kolekcinio lenktyni\u0173 automobilio pridedamos spausdintos ir interaktyvios skaitmenin\u0117s konstravimo instrukcijos. Patogus skaitmeninis vadovas, pasiekiamas nemokamoje program\u0117l\u0117je LEGO Building Instructions<\/p>","protected":false},"featured_media":38631,"comment_status":"open","ping_status":"closed","template":"","meta":[],"product_brand":[423],"product_cat":[677,406,492],"product_tag":[],"class_list":{"0":"post-38630","1":"product","2":"type-product","3":"status-publish","4":"has-post-thumbnail","6":"product_brand-lego","7":"product_cat-lego-konstruktoriai","8":"product_cat-lego","9":"product_cat-lego-speed-champions","11":"first","12":"instock","13":"taxable","14":"shipping-taxable","15":"purchasable","16":"product-type-simple"},"yoast_head":"<!-- This site is optimized with the Yoast SEO plugin v25.9 - https:\/\/yoast.com\/wordpress\/plugins\/seo\/ -->\n<title>LEGO\u00ae 76906 1970 Ferrari 512 M - Collectin.eu<\/title>\n<meta name=\"description\" content=\"LEGO\u00ae Speed Champions 1970 Ferrari 512 M (76906) konstravimo rinkinys suteikia vaikams ir bet kokio am\u017eiaus automobili\u0173 entuziastams galimyb\u0119 rinkti, konstruoti ir tyrin\u0117ti legendinius lenktyni\u0173 automobilius.\" \/>\n<meta name=\"robots\" content=\"index, follow, max-snippet:-1, max-image-preview:large, max-video-preview:-1\" \/>\n<link rel=\"canonical\" href=\"https:\/\/collectin.eu\/en\/product\/lego-76906-1970-ferrari-512-m\/\" \/>\n<meta property=\"og:locale\" content=\"en_US\" \/>\n<meta property=\"og:type\" content=\"article\" \/>\n<meta property=\"og:title\" content=\"LEGO\u00ae 76906 1970 Ferrari 512 M - Collectin.eu\" \/>\n<meta property=\"og:description\" content=\"LEGO\u00ae Speed Champions 1970 Ferrari 512 M (76906) konstravimo rinkinys suteikia vaikams ir bet kokio am\u017eiaus automobili\u0173 entuziastams galimyb\u0119 rinkti, konstruoti ir tyrin\u0117ti legendinius lenktyni\u0173 automobilius.\" \/>\n<meta property=\"og:url\" content=\"https:\/\/collectin.eu\/en\/product\/lego-76906-1970-ferrari-512-m\/\" \/>\n<meta property=\"og:site_name\" content=\"Collectin.eu\" \/>\n<meta property=\"article:modified_time\" content=\"2026-04-08T10:25:25+00:00\" \/>\n<meta property=\"og:image\" content=\"http:\/\/collectin.eu\/wp-content\/uploads\/2025\/12\/Untitled-design-76.png\" \/>\n\t<meta property=\"og:image:width\" content=\"1080\" \/>\n\t<meta property=\"og:image:height\" content=\"1080\" \/>\n\t<meta property=\"og:image:type\" content=\"image\/png\" \/>\n<meta name=\"twitter:card\" content=\"summary_large_image\" \/>\n<meta name=\"twitter:label1\" content=\"Est. reading time\" \/>\n\t<meta name=\"twitter:data1\" content=\"2 minutes\" \/>\n<script type=\"application\/ld+json\" class=\"yoast-schema-graph\">{\"@context\":\"https:\/\/schema.org\",\"@graph\":[{\"@type\":\"WebPage\",\"@id\":\"https:\/\/collectin.eu\/produktas\/lego-76906-1970-ferrari-512-m\/\",\"url\":\"https:\/\/collectin.eu\/produktas\/lego-76906-1970-ferrari-512-m\/\",\"name\":\"LEGO\u00ae 76906 1970 Ferrari 512 M - Collectin.eu\",\"isPartOf\":{\"@id\":\"https:\/\/collectin.eu\/#website\"},\"primaryImageOfPage\":{\"@id\":\"https:\/\/collectin.eu\/produktas\/lego-76906-1970-ferrari-512-m\/#primaryimage\"},\"image\":{\"@id\":\"https:\/\/collectin.eu\/produktas\/lego-76906-1970-ferrari-512-m\/#primaryimage\"},\"thumbnailUrl\":\"https:\/\/collectin.eu\/wp-content\/uploads\/2025\/12\/Untitled-design-76.png\",\"datePublished\":\"2025-12-26T11:12:25+00:00\",\"dateModified\":\"2026-04-08T10:25:25+00:00\",\"description\":\"LEGO\u00ae Speed Champions 1970 Ferrari 512 M (76906) konstravimo rinkinys suteikia vaikams ir bet kokio am\u017eiaus automobili\u0173 entuziastams galimyb\u0119 rinkti, konstruoti ir tyrin\u0117ti legendinius lenktyni\u0173 automobilius.\",\"breadcrumb\":{\"@id\":\"https:\/\/collectin.eu\/produktas\/lego-76906-1970-ferrari-512-m\/#breadcrumb\"},\"inLanguage\":\"en-US\",\"potentialAction\":[{\"@type\":\"ReadAction\",\"target\":[\"https:\/\/collectin.eu\/produktas\/lego-76906-1970-ferrari-512-m\/\"]}]},{\"@type\":\"ImageObject\",\"inLanguage\":\"en-US\",\"@id\":\"https:\/\/collectin.eu\/produktas\/lego-76906-1970-ferrari-512-m\/#primaryimage\",\"url\":\"https:\/\/collectin.eu\/wp-content\/uploads\/2025\/12\/Untitled-design-76.png\",\"contentUrl\":\"https:\/\/collectin.eu\/wp-content\/uploads\/2025\/12\/Untitled-design-76.png\",\"width\":1080,\"height\":1080},{\"@type\":\"BreadcrumbList\",\"@id\":\"https:\/\/collectin.eu\/produktas\/lego-76906-1970-ferrari-512-m\/#breadcrumb\",\"itemListElement\":[{\"@type\":\"ListItem\",\"position\":1,\"name\":\"Home\",\"item\":\"https:\/\/collectin.eu\/\"},{\"@type\":\"ListItem\",\"position\":2,\"name\":\"Parduotuv\u0117\",\"item\":\"https:\/\/collectin.eu\/parduotuve\/\"},{\"@type\":\"ListItem\",\"position\":3,\"name\":\"LEGO\u00ae 76906 1970 Ferrari 512 M\"}]},{\"@type\":\"WebSite\",\"@id\":\"https:\/\/collectin.eu\/#website\",\"url\":\"https:\/\/collectin.eu\/\",\"name\":\"Collectin.eu\",\"description\":\"\",\"potentialAction\":[{\"@type\":\"SearchAction\",\"target\":{\"@type\":\"EntryPoint\",\"urlTemplate\":\"https:\/\/collectin.eu\/?s={search_term_string}\"},\"query-input\":{\"@type\":\"PropertyValueSpecification\",\"valueRequired\":true,\"valueName\":\"search_term_string\"}}],\"inLanguage\":\"en-US\"}]}<\/script>\n<!-- \/ Yoast SEO plugin. -->","yoast_head_json":{"title":"LEGO\u00ae 76906 1970 Ferrari 512 M - Collectin.eu","description":"LEGO\u00ae Speed Champions 1970 Ferrari 512 M (76906) konstravimo rinkinys suteikia vaikams ir bet kokio am\u017eiaus automobili\u0173 entuziastams galimyb\u0119 rinkti, konstruoti ir tyrin\u0117ti legendinius lenktyni\u0173 automobilius.","robots":{"index":"index","follow":"follow","max-snippet":"max-snippet:-1","max-image-preview":"max-image-preview:large","max-video-preview":"max-video-preview:-1"},"canonical":"https:\/\/collectin.eu\/en\/product\/lego-76906-1970-ferrari-512-m\/","og_locale":"en_US","og_type":"article","og_title":"LEGO\u00ae 76906 1970 Ferrari 512 M - Collectin.eu","og_description":"LEGO\u00ae Speed Champions 1970 Ferrari 512 M (76906) konstravimo rinkinys suteikia vaikams ir bet kokio am\u017eiaus automobili\u0173 entuziastams galimyb\u0119 rinkti, konstruoti ir tyrin\u0117ti legendinius lenktyni\u0173 automobilius.","og_url":"https:\/\/collectin.eu\/en\/product\/lego-76906-1970-ferrari-512-m\/","og_site_name":"Collectin.eu","article_modified_time":"2026-04-08T10:25:25+00:00","og_image":[{"width":1080,"height":1080,"url":"http:\/\/collectin.eu\/wp-content\/uploads\/2025\/12\/Untitled-design-76.png","type":"image\/png"}],"twitter_card":"summary_large_image","twitter_misc":{"Est. reading time":"2 minutes"},"schema":{"@context":"https:\/\/schema.org","@graph":[{"@type":"WebPage","@id":"https:\/\/collectin.eu\/produktas\/lego-76906-1970-ferrari-512-m\/","url":"https:\/\/collectin.eu\/produktas\/lego-76906-1970-ferrari-512-m\/","name":"LEGO\u00ae 76906 1970 Ferrari 512 M - Collectin.eu","isPartOf":{"@id":"https:\/\/collectin.eu\/#website"},"primaryImageOfPage":{"@id":"https:\/\/collectin.eu\/produktas\/lego-76906-1970-ferrari-512-m\/#primaryimage"},"image":{"@id":"https:\/\/collectin.eu\/produktas\/lego-76906-1970-ferrari-512-m\/#primaryimage"},"thumbnailUrl":"https:\/\/collectin.eu\/wp-content\/uploads\/2025\/12\/Untitled-design-76.png","datePublished":"2025-12-26T11:12:25+00:00","dateModified":"2026-04-08T10:25:25+00:00","description":"LEGO\u00ae Speed Champions 1970 Ferrari 512 M (76906) konstravimo rinkinys suteikia vaikams ir bet kokio am\u017eiaus automobili\u0173 entuziastams galimyb\u0119 rinkti, konstruoti ir tyrin\u0117ti legendinius lenktyni\u0173 automobilius.","breadcrumb":{"@id":"https:\/\/collectin.eu\/produktas\/lego-76906-1970-ferrari-512-m\/#breadcrumb"},"inLanguage":"en-US","potentialAction":[{"@type":"ReadAction","target":["https:\/\/collectin.eu\/produktas\/lego-76906-1970-ferrari-512-m\/"]}]},{"@type":"ImageObject","inLanguage":"en-US","@id":"https:\/\/collectin.eu\/produktas\/lego-76906-1970-ferrari-512-m\/#primaryimage","url":"https:\/\/collectin.eu\/wp-content\/uploads\/2025\/12\/Untitled-design-76.png","contentUrl":"https:\/\/collectin.eu\/wp-content\/uploads\/2025\/12\/Untitled-design-76.png","width":1080,"height":1080},{"@type":"BreadcrumbList","@id":"https:\/\/collectin.eu\/produktas\/lego-76906-1970-ferrari-512-m\/#breadcrumb","itemListElement":[{"@type":"ListItem","position":1,"name":"Home","item":"https:\/\/collectin.eu\/"},{"@type":"ListItem","position":2,"name":"Parduotuv\u0117","item":"https:\/\/collectin.eu\/parduotuve\/"},{"@type":"ListItem","position":3,"name":"LEGO\u00ae 76906 1970 Ferrari 512 M"}]},{"@type":"WebSite","@id":"https:\/\/collectin.eu\/#website","url":"https:\/\/collectin.eu\/","name":"Collectin.eu","description":"","potentialAction":[{"@type":"SearchAction","target":{"@type":"EntryPoint","urlTemplate":"https:\/\/collectin.eu\/?s={search_term_string}"},"query-input":{"@type":"PropertyValueSpecification","valueRequired":true,"valueName":"search_term_string"}}],"inLanguage":"en-US"}]}},"jetpack_sharing_enabled":true,"_links":{"self":[{"href":"https:\/\/collectin.eu\/en\/wp-json\/wp\/v2\/product\/38630","targetHints":{"allow":["GET"]}}],"collection":[{"href":"https:\/\/collectin.eu\/en\/wp-json\/wp\/v2\/product"}],"about":[{"href":"https:\/\/collectin.eu\/en\/wp-json\/wp\/v2\/types\/product"}],"replies":[{"embeddable":true,"href":"https:\/\/collectin.eu\/en\/wp-json\/wp\/v2\/comments?post=38630"}],"version-history":[{"count":2,"href":"https:\/\/collectin.eu\/en\/wp-json\/wp\/v2\/product\/38630\/revisions"}],"predecessor-version":[{"id":40309,"href":"https:\/\/collectin.eu\/en\/wp-json\/wp\/v2\/product\/38630\/revisions\/40309"}],"wp:featuredmedia":[{"embeddable":true,"href":"https:\/\/collectin.eu\/en\/wp-json\/wp\/v2\/media\/38631"}],"wp:attachment":[{"href":"https:\/\/collectin.eu\/en\/wp-json\/wp\/v2\/media?parent=38630"}],"wp:term":[{"taxonomy":"product_brand","embeddable":true,"href":"https:\/\/collectin.eu\/en\/wp-json\/wp\/v2\/product_brand?post=38630"},{"taxonomy":"product_cat","embeddable":true,"href":"https:\/\/collectin.eu\/en\/wp-json\/wp\/v2\/product_cat?post=38630"},{"taxonomy":"product_tag","embeddable":true,"href":"https:\/\/collectin.eu\/en\/wp-json\/wp\/v2\/product_tag?post=38630"}],"curies":[{"name":"wp","href":"https:\/\/api.w.org\/{rel}","templated":true}]}}