{"id":38636,"date":"2025-12-26T11:25:03","date_gmt":"2025-12-26T11:25:03","guid":{"rendered":"https:\/\/collectin.eu\/?post_type=product&#038;p=38636"},"modified":"2026-04-08T10:25:25","modified_gmt":"2026-04-08T10:25:25","slug":"lego-76908-lamborghini-countach","status":"publish","type":"product","link":"https:\/\/collectin.eu\/en\/product\/lego-76908-lamborghini-countach\/","title":{"rendered":"LEGO\u00ae 76908 Lamborghini Countach"},"content":{"rendered":"<p>In\u017einerijos ir dizaino legenda<br \/>\nLEGO Speed Champions konstravimo rinkiniai \u2013 tai konstruojamos pa\u017eangiausi\u0173 ir \u012f\u017eymiausi\u0173 pasaulio automobili\u0173 versijos. Vaikams ir bet kokio am\u017eiaus automobili\u0173 gerb\u0117jams skirti autenti\u0161ki ir detal\u016bs modeliai idealiai tinka eksponuoti ir smagiai lenktyniauti su kitais Speed Champions serijos automobiliais.<\/p>\n<ul>\n<li>Legendinio 8-ojo de\u0161imtem\u010dio \u201eLamborghini Countach\u201c LEGO\u00ae kopija. Modelis vaikams ir saugusiems, kurie dievina novatori\u0161kus galingus automobilius.<\/li>\n<li>Kas yra d\u0117\u017eut\u0117je? \u0160is \u017eaislinio automobilio konstravimo rinkinys turi visk\u0105, ko reikia sukonstruoti baltam \u201eLamborghini Countach\u201c, be to, prie jo pridedamas \u201eLamborghini\u201c vairuotojas su \u0161almu, peruku ir ver\u017eliarak\u010diu.<\/li>\n<li>Kolekcionuokite, \u017eaiskite ir eksponuokite. Sukonstruokite nuosav\u0105 \u201eLamborghini Countach\u201c, demonstruokite draugams ir lenktyniaukite vienas su Speed Champions serijos automobiliais.<\/li>\n<li>Dovana i\u0161skirtinei progai. \u0160\u012f 262 dali\u0173 LEGO\u00ae Speed Champions Lamborghini Countach (76906) \u017eaidimo rinkin\u012f galima dovanoti gimtadieniui arba bet kuria netik\u0117ta proga vaikams arba lenktyni\u0173 automobili\u0173 gerb\u0117jams nuo 8 met\u0173.<\/li>\n<\/ul>","protected":false},"excerpt":{"rendered":"<p>In\u017einerijos ir dizaino legenda LEGO Speed Champions konstravimo rinkiniai \u2013 tai konstruojamos pa\u017eangiausi\u0173 ir \u012f\u017eymiausi\u0173 pasaulio automobili\u0173 versijos. Vaikams ir<\/p>","protected":false},"featured_media":38637,"comment_status":"open","ping_status":"closed","template":"","meta":[],"product_brand":[423],"product_cat":[677,406,492],"product_tag":[],"class_list":{"0":"post-38636","1":"product","2":"type-product","3":"status-publish","4":"has-post-thumbnail","6":"product_brand-lego","7":"product_cat-lego-konstruktoriai","8":"product_cat-lego","9":"product_cat-lego-speed-champions","11":"first","12":"instock","13":"taxable","14":"shipping-taxable","15":"purchasable","16":"product-type-simple"},"yoast_head":"<!-- This site is optimized with the Yoast SEO plugin v25.9 - https:\/\/yoast.com\/wordpress\/plugins\/seo\/ -->\n<title>LEGO\u00ae 76908 Lamborghini Countach - Collectin.eu<\/title>\n<meta name=\"description\" content=\"Vaikai ir automobili\u0173 gerb\u0117jai nuo \u0161iol turi galimyb\u0119 pa\u017einti vien\u0105 \u017eymiausi\u0173 pasaulyje sportini\u0173 automobili\u0173 su LEGO\u00ae Speed Champions Lamborghini Countach (76908) konstravimo rinkiniu.\" \/>\n<meta name=\"robots\" content=\"index, follow, max-snippet:-1, max-image-preview:large, max-video-preview:-1\" \/>\n<link rel=\"canonical\" href=\"https:\/\/collectin.eu\/en\/product\/lego-76908-lamborghini-countach\/\" \/>\n<meta property=\"og:locale\" content=\"en_US\" \/>\n<meta property=\"og:type\" content=\"article\" \/>\n<meta property=\"og:title\" content=\"LEGO\u00ae 76908 Lamborghini Countach - Collectin.eu\" \/>\n<meta property=\"og:description\" content=\"Vaikai ir automobili\u0173 gerb\u0117jai nuo \u0161iol turi galimyb\u0119 pa\u017einti vien\u0105 \u017eymiausi\u0173 pasaulyje sportini\u0173 automobili\u0173 su LEGO\u00ae Speed Champions Lamborghini Countach (76908) konstravimo rinkiniu.\" \/>\n<meta property=\"og:url\" content=\"https:\/\/collectin.eu\/en\/product\/lego-76908-lamborghini-countach\/\" \/>\n<meta property=\"og:site_name\" content=\"Collectin.eu\" \/>\n<meta property=\"article:modified_time\" content=\"2026-04-08T10:25:25+00:00\" \/>\n<meta property=\"og:image\" content=\"http:\/\/collectin.eu\/wp-content\/uploads\/2025\/12\/Untitled-design-79.png\" \/>\n\t<meta property=\"og:image:width\" content=\"1080\" \/>\n\t<meta property=\"og:image:height\" content=\"1080\" \/>\n\t<meta property=\"og:image:type\" content=\"image\/png\" \/>\n<meta name=\"twitter:card\" content=\"summary_large_image\" \/>\n<meta name=\"twitter:label1\" content=\"Est. reading time\" \/>\n\t<meta name=\"twitter:data1\" content=\"1 minute\" \/>\n<script type=\"application\/ld+json\" class=\"yoast-schema-graph\">{\"@context\":\"https:\/\/schema.org\",\"@graph\":[{\"@type\":\"WebPage\",\"@id\":\"https:\/\/collectin.eu\/produktas\/lego-76908-lamborghini-countach\/\",\"url\":\"https:\/\/collectin.eu\/produktas\/lego-76908-lamborghini-countach\/\",\"name\":\"LEGO\u00ae 76908 Lamborghini Countach - Collectin.eu\",\"isPartOf\":{\"@id\":\"https:\/\/collectin.eu\/#website\"},\"primaryImageOfPage\":{\"@id\":\"https:\/\/collectin.eu\/produktas\/lego-76908-lamborghini-countach\/#primaryimage\"},\"image\":{\"@id\":\"https:\/\/collectin.eu\/produktas\/lego-76908-lamborghini-countach\/#primaryimage\"},\"thumbnailUrl\":\"https:\/\/collectin.eu\/wp-content\/uploads\/2025\/12\/Untitled-design-79.png\",\"datePublished\":\"2025-12-26T11:25:03+00:00\",\"dateModified\":\"2026-04-08T10:25:25+00:00\",\"description\":\"Vaikai ir automobili\u0173 gerb\u0117jai nuo \u0161iol turi galimyb\u0119 pa\u017einti vien\u0105 \u017eymiausi\u0173 pasaulyje sportini\u0173 automobili\u0173 su LEGO\u00ae Speed Champions Lamborghini Countach (76908) konstravimo rinkiniu.\",\"breadcrumb\":{\"@id\":\"https:\/\/collectin.eu\/produktas\/lego-76908-lamborghini-countach\/#breadcrumb\"},\"inLanguage\":\"en-US\",\"potentialAction\":[{\"@type\":\"ReadAction\",\"target\":[\"https:\/\/collectin.eu\/produktas\/lego-76908-lamborghini-countach\/\"]}]},{\"@type\":\"ImageObject\",\"inLanguage\":\"en-US\",\"@id\":\"https:\/\/collectin.eu\/produktas\/lego-76908-lamborghini-countach\/#primaryimage\",\"url\":\"https:\/\/collectin.eu\/wp-content\/uploads\/2025\/12\/Untitled-design-79.png\",\"contentUrl\":\"https:\/\/collectin.eu\/wp-content\/uploads\/2025\/12\/Untitled-design-79.png\",\"width\":1080,\"height\":1080},{\"@type\":\"BreadcrumbList\",\"@id\":\"https:\/\/collectin.eu\/produktas\/lego-76908-lamborghini-countach\/#breadcrumb\",\"itemListElement\":[{\"@type\":\"ListItem\",\"position\":1,\"name\":\"Home\",\"item\":\"https:\/\/collectin.eu\/\"},{\"@type\":\"ListItem\",\"position\":2,\"name\":\"Parduotuv\u0117\",\"item\":\"https:\/\/collectin.eu\/parduotuve\/\"},{\"@type\":\"ListItem\",\"position\":3,\"name\":\"LEGO\u00ae 76908 Lamborghini Countach\"}]},{\"@type\":\"WebSite\",\"@id\":\"https:\/\/collectin.eu\/#website\",\"url\":\"https:\/\/collectin.eu\/\",\"name\":\"Collectin.eu\",\"description\":\"\",\"potentialAction\":[{\"@type\":\"SearchAction\",\"target\":{\"@type\":\"EntryPoint\",\"urlTemplate\":\"https:\/\/collectin.eu\/?s={search_term_string}\"},\"query-input\":{\"@type\":\"PropertyValueSpecification\",\"valueRequired\":true,\"valueName\":\"search_term_string\"}}],\"inLanguage\":\"en-US\"}]}<\/script>\n<!-- \/ Yoast SEO plugin. -->","yoast_head_json":{"title":"LEGO\u00ae 76908 Lamborghini Countach - Collectin.eu","description":"Vaikai ir automobili\u0173 gerb\u0117jai nuo \u0161iol turi galimyb\u0119 pa\u017einti vien\u0105 \u017eymiausi\u0173 pasaulyje sportini\u0173 automobili\u0173 su LEGO\u00ae Speed Champions Lamborghini Countach (76908) konstravimo rinkiniu.","robots":{"index":"index","follow":"follow","max-snippet":"max-snippet:-1","max-image-preview":"max-image-preview:large","max-video-preview":"max-video-preview:-1"},"canonical":"https:\/\/collectin.eu\/en\/product\/lego-76908-lamborghini-countach\/","og_locale":"en_US","og_type":"article","og_title":"LEGO\u00ae 76908 Lamborghini Countach - Collectin.eu","og_description":"Vaikai ir automobili\u0173 gerb\u0117jai nuo \u0161iol turi galimyb\u0119 pa\u017einti vien\u0105 \u017eymiausi\u0173 pasaulyje sportini\u0173 automobili\u0173 su LEGO\u00ae Speed Champions Lamborghini Countach (76908) konstravimo rinkiniu.","og_url":"https:\/\/collectin.eu\/en\/product\/lego-76908-lamborghini-countach\/","og_site_name":"Collectin.eu","article_modified_time":"2026-04-08T10:25:25+00:00","og_image":[{"width":1080,"height":1080,"url":"http:\/\/collectin.eu\/wp-content\/uploads\/2025\/12\/Untitled-design-79.png","type":"image\/png"}],"twitter_card":"summary_large_image","twitter_misc":{"Est. reading time":"1 minute"},"schema":{"@context":"https:\/\/schema.org","@graph":[{"@type":"WebPage","@id":"https:\/\/collectin.eu\/produktas\/lego-76908-lamborghini-countach\/","url":"https:\/\/collectin.eu\/produktas\/lego-76908-lamborghini-countach\/","name":"LEGO\u00ae 76908 Lamborghini Countach - Collectin.eu","isPartOf":{"@id":"https:\/\/collectin.eu\/#website"},"primaryImageOfPage":{"@id":"https:\/\/collectin.eu\/produktas\/lego-76908-lamborghini-countach\/#primaryimage"},"image":{"@id":"https:\/\/collectin.eu\/produktas\/lego-76908-lamborghini-countach\/#primaryimage"},"thumbnailUrl":"https:\/\/collectin.eu\/wp-content\/uploads\/2025\/12\/Untitled-design-79.png","datePublished":"2025-12-26T11:25:03+00:00","dateModified":"2026-04-08T10:25:25+00:00","description":"Vaikai ir automobili\u0173 gerb\u0117jai nuo \u0161iol turi galimyb\u0119 pa\u017einti vien\u0105 \u017eymiausi\u0173 pasaulyje sportini\u0173 automobili\u0173 su LEGO\u00ae Speed Champions Lamborghini Countach (76908) konstravimo rinkiniu.","breadcrumb":{"@id":"https:\/\/collectin.eu\/produktas\/lego-76908-lamborghini-countach\/#breadcrumb"},"inLanguage":"en-US","potentialAction":[{"@type":"ReadAction","target":["https:\/\/collectin.eu\/produktas\/lego-76908-lamborghini-countach\/"]}]},{"@type":"ImageObject","inLanguage":"en-US","@id":"https:\/\/collectin.eu\/produktas\/lego-76908-lamborghini-countach\/#primaryimage","url":"https:\/\/collectin.eu\/wp-content\/uploads\/2025\/12\/Untitled-design-79.png","contentUrl":"https:\/\/collectin.eu\/wp-content\/uploads\/2025\/12\/Untitled-design-79.png","width":1080,"height":1080},{"@type":"BreadcrumbList","@id":"https:\/\/collectin.eu\/produktas\/lego-76908-lamborghini-countach\/#breadcrumb","itemListElement":[{"@type":"ListItem","position":1,"name":"Home","item":"https:\/\/collectin.eu\/"},{"@type":"ListItem","position":2,"name":"Parduotuv\u0117","item":"https:\/\/collectin.eu\/parduotuve\/"},{"@type":"ListItem","position":3,"name":"LEGO\u00ae 76908 Lamborghini Countach"}]},{"@type":"WebSite","@id":"https:\/\/collectin.eu\/#website","url":"https:\/\/collectin.eu\/","name":"Collectin.eu","description":"","potentialAction":[{"@type":"SearchAction","target":{"@type":"EntryPoint","urlTemplate":"https:\/\/collectin.eu\/?s={search_term_string}"},"query-input":{"@type":"PropertyValueSpecification","valueRequired":true,"valueName":"search_term_string"}}],"inLanguage":"en-US"}]}},"jetpack_sharing_enabled":true,"_links":{"self":[{"href":"https:\/\/collectin.eu\/en\/wp-json\/wp\/v2\/product\/38636","targetHints":{"allow":["GET"]}}],"collection":[{"href":"https:\/\/collectin.eu\/en\/wp-json\/wp\/v2\/product"}],"about":[{"href":"https:\/\/collectin.eu\/en\/wp-json\/wp\/v2\/types\/product"}],"replies":[{"embeddable":true,"href":"https:\/\/collectin.eu\/en\/wp-json\/wp\/v2\/comments?post=38636"}],"version-history":[{"count":2,"href":"https:\/\/collectin.eu\/en\/wp-json\/wp\/v2\/product\/38636\/revisions"}],"predecessor-version":[{"id":40310,"href":"https:\/\/collectin.eu\/en\/wp-json\/wp\/v2\/product\/38636\/revisions\/40310"}],"wp:featuredmedia":[{"embeddable":true,"href":"https:\/\/collectin.eu\/en\/wp-json\/wp\/v2\/media\/38637"}],"wp:attachment":[{"href":"https:\/\/collectin.eu\/en\/wp-json\/wp\/v2\/media?parent=38636"}],"wp:term":[{"taxonomy":"product_brand","embeddable":true,"href":"https:\/\/collectin.eu\/en\/wp-json\/wp\/v2\/product_brand?post=38636"},{"taxonomy":"product_cat","embeddable":true,"href":"https:\/\/collectin.eu\/en\/wp-json\/wp\/v2\/product_cat?post=38636"},{"taxonomy":"product_tag","embeddable":true,"href":"https:\/\/collectin.eu\/en\/wp-json\/wp\/v2\/product_tag?post=38636"}],"curies":[{"name":"wp","href":"https:\/\/api.w.org\/{rel}","templated":true}]}}