{"id":38642,"date":"2025-12-26T11:33:59","date_gmt":"2025-12-26T11:33:59","guid":{"rendered":"https:\/\/collectin.eu\/?post_type=product&#038;p=38642"},"modified":"2026-04-08T10:25:24","modified_gmt":"2026-04-08T10:25:24","slug":"lego-75890-ferrari-f40-competizione","status":"publish","type":"product","link":"https:\/\/collectin.eu\/en\/product\/lego-75890-ferrari-f40-competizione\/","title":{"rendered":"LEGO\u00ae 75890 Ferrari F40 Competizione"},"content":{"rendered":"<p>Sukonstruok LEGO\u00ae Speed Champions 75890 \u017eaislin\u012f automobil\u012f \u201eFerrari F40 Competizione\u201c, lenktyniauk su juo ir eksponuok. Po to perkonstruok \u012f klasikin\u012f F40 \u2013 paskutin\u012f automobil\u012f, kurio gamyb\u0105 pri\u017ei\u016br\u0117jo Enzo Ferrari! \u0160iame \u201edu viename\u201c modelyje gausu autenti\u0161k\u0173 detali\u0173, yra fig\u016br\u0117lei skirtas salonas su nuimamu priekiniu stiklu ir kei\u010diami stogai bei aptakai, kad \u201eCompetizione\u201c gal\u0117tum transformuoti \u012f F40. \u0160iame \u017eaisliniame automobilyje taip pat yra \u201eFerrari\u201c lenktynininkas jaudinan\u010dioms lenktyn\u0117ms.<\/p>\n<ul>\n<li>Rinkinyje yra \u201eFerrari\u201c lenktynininko fig\u016br\u0117l\u0117.<\/li>\n<li>Lenktyn\u0117ms paruo\u0161tas, sukonstruojamas automobilis \u201eFerrari F40 Competizione\u201c turi fig\u016br\u0117lei skirt\u0105 salon\u0105 su nuimamu priekiniu stiklu, ratus su gumin\u0117mis, lenktyn\u0117ms pritaikytomis padangomis, permatomus \u017eibint\u0173 elementus, lenktyni\u0173 spalvas, autenti\u0161kas dizaino detales, pakei\u010diamus stogus ir galinius aptakus.<\/li>\n<li>Nuimk priekin\u012f stikl\u0105, kad \u012fd\u0117tum fig\u016br\u0117l\u0119 \u012f vid\u0173.<\/li>\n<li>Pakeit\u0119s stog\u0105 ir aptak\u0105 transformuok \u201eF40 Competizione\u201c \u012f klasikin\u012f \u201eFerrari F40\u201c!<\/li>\n<li>Rinkinyje taip pat yra \u201eFerrari\u201c lenktynininko \u0161almas.<\/li>\n<\/ul>","protected":false},"excerpt":{"rendered":"<p>Sukonstruok LEGO\u00ae Speed Champions 75890 \u017eaislin\u012f automobil\u012f \u201eFerrari F40 Competizione\u201c, lenktyniauk su juo ir eksponuok. Po to perkonstruok \u012f klasikin\u012f<\/p>","protected":false},"featured_media":38643,"comment_status":"open","ping_status":"closed","template":"","meta":[],"product_brand":[423],"product_cat":[677,406,492],"product_tag":[],"class_list":{"0":"post-38642","1":"product","2":"type-product","3":"status-publish","4":"has-post-thumbnail","6":"product_brand-lego","7":"product_cat-lego-konstruktoriai","8":"product_cat-lego","9":"product_cat-lego-speed-champions","11":"first","12":"instock","13":"taxable","14":"shipping-taxable","15":"purchasable","16":"product-type-simple"},"yoast_head":"<!-- This site is optimized with the Yoast SEO plugin v25.9 - https:\/\/yoast.com\/wordpress\/plugins\/seo\/ -->\n<title>LEGO\u00ae 75890 Ferrari F40 Competizione - Collectin.eu<\/title>\n<meta name=\"description\" content=\"Sukonstruok LEGO\u00ae Speed Champions 75890 \u017eaislin\u012f automobil\u012f \u201eFerrari F40 Competizione\u201c, lenktyniauk su juo ir eksponuok.\" \/>\n<meta name=\"robots\" content=\"index, follow, max-snippet:-1, max-image-preview:large, max-video-preview:-1\" \/>\n<link rel=\"canonical\" href=\"https:\/\/collectin.eu\/en\/product\/lego-75890-ferrari-f40-competizione\/\" \/>\n<meta property=\"og:locale\" content=\"en_US\" \/>\n<meta property=\"og:type\" content=\"article\" \/>\n<meta property=\"og:title\" content=\"LEGO\u00ae 75890 Ferrari F40 Competizione - Collectin.eu\" \/>\n<meta property=\"og:description\" content=\"Sukonstruok LEGO\u00ae Speed Champions 75890 \u017eaislin\u012f automobil\u012f \u201eFerrari F40 Competizione\u201c, lenktyniauk su juo ir eksponuok.\" \/>\n<meta property=\"og:url\" content=\"https:\/\/collectin.eu\/en\/product\/lego-75890-ferrari-f40-competizione\/\" \/>\n<meta property=\"og:site_name\" content=\"Collectin.eu\" \/>\n<meta property=\"article:modified_time\" content=\"2026-04-08T10:25:24+00:00\" \/>\n<meta property=\"og:image\" content=\"http:\/\/collectin.eu\/wp-content\/uploads\/2025\/12\/Untitled-design-82.png\" \/>\n\t<meta property=\"og:image:width\" content=\"1080\" \/>\n\t<meta property=\"og:image:height\" content=\"1080\" \/>\n\t<meta property=\"og:image:type\" content=\"image\/png\" \/>\n<meta name=\"twitter:card\" content=\"summary_large_image\" \/>\n<meta name=\"twitter:label1\" content=\"Est. reading time\" \/>\n\t<meta name=\"twitter:data1\" content=\"1 minute\" \/>\n<script type=\"application\/ld+json\" class=\"yoast-schema-graph\">{\"@context\":\"https:\/\/schema.org\",\"@graph\":[{\"@type\":\"WebPage\",\"@id\":\"https:\/\/collectin.eu\/produktas\/lego-75890-ferrari-f40-competizione\/\",\"url\":\"https:\/\/collectin.eu\/produktas\/lego-75890-ferrari-f40-competizione\/\",\"name\":\"LEGO\u00ae 75890 Ferrari F40 Competizione - Collectin.eu\",\"isPartOf\":{\"@id\":\"https:\/\/collectin.eu\/#website\"},\"primaryImageOfPage\":{\"@id\":\"https:\/\/collectin.eu\/produktas\/lego-75890-ferrari-f40-competizione\/#primaryimage\"},\"image\":{\"@id\":\"https:\/\/collectin.eu\/produktas\/lego-75890-ferrari-f40-competizione\/#primaryimage\"},\"thumbnailUrl\":\"https:\/\/collectin.eu\/wp-content\/uploads\/2025\/12\/Untitled-design-82.png\",\"datePublished\":\"2025-12-26T11:33:59+00:00\",\"dateModified\":\"2026-04-08T10:25:24+00:00\",\"description\":\"Sukonstruok LEGO\u00ae Speed Champions 75890 \u017eaislin\u012f automobil\u012f \u201eFerrari F40 Competizione\u201c, lenktyniauk su juo ir eksponuok.\",\"breadcrumb\":{\"@id\":\"https:\/\/collectin.eu\/produktas\/lego-75890-ferrari-f40-competizione\/#breadcrumb\"},\"inLanguage\":\"en-US\",\"potentialAction\":[{\"@type\":\"ReadAction\",\"target\":[\"https:\/\/collectin.eu\/produktas\/lego-75890-ferrari-f40-competizione\/\"]}]},{\"@type\":\"ImageObject\",\"inLanguage\":\"en-US\",\"@id\":\"https:\/\/collectin.eu\/produktas\/lego-75890-ferrari-f40-competizione\/#primaryimage\",\"url\":\"https:\/\/collectin.eu\/wp-content\/uploads\/2025\/12\/Untitled-design-82.png\",\"contentUrl\":\"https:\/\/collectin.eu\/wp-content\/uploads\/2025\/12\/Untitled-design-82.png\",\"width\":1080,\"height\":1080},{\"@type\":\"BreadcrumbList\",\"@id\":\"https:\/\/collectin.eu\/produktas\/lego-75890-ferrari-f40-competizione\/#breadcrumb\",\"itemListElement\":[{\"@type\":\"ListItem\",\"position\":1,\"name\":\"Home\",\"item\":\"https:\/\/collectin.eu\/\"},{\"@type\":\"ListItem\",\"position\":2,\"name\":\"Parduotuv\u0117\",\"item\":\"https:\/\/collectin.eu\/parduotuve\/\"},{\"@type\":\"ListItem\",\"position\":3,\"name\":\"LEGO\u00ae 75890 Ferrari F40 Competizione\"}]},{\"@type\":\"WebSite\",\"@id\":\"https:\/\/collectin.eu\/#website\",\"url\":\"https:\/\/collectin.eu\/\",\"name\":\"Collectin.eu\",\"description\":\"\",\"potentialAction\":[{\"@type\":\"SearchAction\",\"target\":{\"@type\":\"EntryPoint\",\"urlTemplate\":\"https:\/\/collectin.eu\/?s={search_term_string}\"},\"query-input\":{\"@type\":\"PropertyValueSpecification\",\"valueRequired\":true,\"valueName\":\"search_term_string\"}}],\"inLanguage\":\"en-US\"}]}<\/script>\n<!-- \/ Yoast SEO plugin. -->","yoast_head_json":{"title":"LEGO\u00ae 75890 Ferrari F40 Competizione - Collectin.eu","description":"Sukonstruok LEGO\u00ae Speed Champions 75890 \u017eaislin\u012f automobil\u012f \u201eFerrari F40 Competizione\u201c, lenktyniauk su juo ir eksponuok.","robots":{"index":"index","follow":"follow","max-snippet":"max-snippet:-1","max-image-preview":"max-image-preview:large","max-video-preview":"max-video-preview:-1"},"canonical":"https:\/\/collectin.eu\/en\/product\/lego-75890-ferrari-f40-competizione\/","og_locale":"en_US","og_type":"article","og_title":"LEGO\u00ae 75890 Ferrari F40 Competizione - Collectin.eu","og_description":"Sukonstruok LEGO\u00ae Speed Champions 75890 \u017eaislin\u012f automobil\u012f \u201eFerrari F40 Competizione\u201c, lenktyniauk su juo ir eksponuok.","og_url":"https:\/\/collectin.eu\/en\/product\/lego-75890-ferrari-f40-competizione\/","og_site_name":"Collectin.eu","article_modified_time":"2026-04-08T10:25:24+00:00","og_image":[{"width":1080,"height":1080,"url":"http:\/\/collectin.eu\/wp-content\/uploads\/2025\/12\/Untitled-design-82.png","type":"image\/png"}],"twitter_card":"summary_large_image","twitter_misc":{"Est. reading time":"1 minute"},"schema":{"@context":"https:\/\/schema.org","@graph":[{"@type":"WebPage","@id":"https:\/\/collectin.eu\/produktas\/lego-75890-ferrari-f40-competizione\/","url":"https:\/\/collectin.eu\/produktas\/lego-75890-ferrari-f40-competizione\/","name":"LEGO\u00ae 75890 Ferrari F40 Competizione - Collectin.eu","isPartOf":{"@id":"https:\/\/collectin.eu\/#website"},"primaryImageOfPage":{"@id":"https:\/\/collectin.eu\/produktas\/lego-75890-ferrari-f40-competizione\/#primaryimage"},"image":{"@id":"https:\/\/collectin.eu\/produktas\/lego-75890-ferrari-f40-competizione\/#primaryimage"},"thumbnailUrl":"https:\/\/collectin.eu\/wp-content\/uploads\/2025\/12\/Untitled-design-82.png","datePublished":"2025-12-26T11:33:59+00:00","dateModified":"2026-04-08T10:25:24+00:00","description":"Sukonstruok LEGO\u00ae Speed Champions 75890 \u017eaislin\u012f automobil\u012f \u201eFerrari F40 Competizione\u201c, lenktyniauk su juo ir eksponuok.","breadcrumb":{"@id":"https:\/\/collectin.eu\/produktas\/lego-75890-ferrari-f40-competizione\/#breadcrumb"},"inLanguage":"en-US","potentialAction":[{"@type":"ReadAction","target":["https:\/\/collectin.eu\/produktas\/lego-75890-ferrari-f40-competizione\/"]}]},{"@type":"ImageObject","inLanguage":"en-US","@id":"https:\/\/collectin.eu\/produktas\/lego-75890-ferrari-f40-competizione\/#primaryimage","url":"https:\/\/collectin.eu\/wp-content\/uploads\/2025\/12\/Untitled-design-82.png","contentUrl":"https:\/\/collectin.eu\/wp-content\/uploads\/2025\/12\/Untitled-design-82.png","width":1080,"height":1080},{"@type":"BreadcrumbList","@id":"https:\/\/collectin.eu\/produktas\/lego-75890-ferrari-f40-competizione\/#breadcrumb","itemListElement":[{"@type":"ListItem","position":1,"name":"Home","item":"https:\/\/collectin.eu\/"},{"@type":"ListItem","position":2,"name":"Parduotuv\u0117","item":"https:\/\/collectin.eu\/parduotuve\/"},{"@type":"ListItem","position":3,"name":"LEGO\u00ae 75890 Ferrari F40 Competizione"}]},{"@type":"WebSite","@id":"https:\/\/collectin.eu\/#website","url":"https:\/\/collectin.eu\/","name":"Collectin.eu","description":"","potentialAction":[{"@type":"SearchAction","target":{"@type":"EntryPoint","urlTemplate":"https:\/\/collectin.eu\/?s={search_term_string}"},"query-input":{"@type":"PropertyValueSpecification","valueRequired":true,"valueName":"search_term_string"}}],"inLanguage":"en-US"}]}},"jetpack_sharing_enabled":true,"_links":{"self":[{"href":"https:\/\/collectin.eu\/en\/wp-json\/wp\/v2\/product\/38642","targetHints":{"allow":["GET"]}}],"collection":[{"href":"https:\/\/collectin.eu\/en\/wp-json\/wp\/v2\/product"}],"about":[{"href":"https:\/\/collectin.eu\/en\/wp-json\/wp\/v2\/types\/product"}],"replies":[{"embeddable":true,"href":"https:\/\/collectin.eu\/en\/wp-json\/wp\/v2\/comments?post=38642"}],"version-history":[{"count":2,"href":"https:\/\/collectin.eu\/en\/wp-json\/wp\/v2\/product\/38642\/revisions"}],"predecessor-version":[{"id":40311,"href":"https:\/\/collectin.eu\/en\/wp-json\/wp\/v2\/product\/38642\/revisions\/40311"}],"wp:featuredmedia":[{"embeddable":true,"href":"https:\/\/collectin.eu\/en\/wp-json\/wp\/v2\/media\/38643"}],"wp:attachment":[{"href":"https:\/\/collectin.eu\/en\/wp-json\/wp\/v2\/media?parent=38642"}],"wp:term":[{"taxonomy":"product_brand","embeddable":true,"href":"https:\/\/collectin.eu\/en\/wp-json\/wp\/v2\/product_brand?post=38642"},{"taxonomy":"product_cat","embeddable":true,"href":"https:\/\/collectin.eu\/en\/wp-json\/wp\/v2\/product_cat?post=38642"},{"taxonomy":"product_tag","embeddable":true,"href":"https:\/\/collectin.eu\/en\/wp-json\/wp\/v2\/product_tag?post=38642"}],"curies":[{"name":"wp","href":"https:\/\/api.w.org\/{rel}","templated":true}]}}