{"id":38648,"date":"2025-12-26T11:50:50","date_gmt":"2025-12-26T11:50:50","guid":{"rendered":"https:\/\/collectin.eu\/?post_type=product&#038;p=38648"},"modified":"2026-04-08T10:25:24","modified_gmt":"2026-04-08T10:25:24","slug":"lego-10281-bonsai-medelis","status":"publish","type":"product","link":"https:\/\/collectin.eu\/en\/product\/lego-10281-bonsai-medelis\/","title":{"rendered":"LEGO\u00ae 10281 Bonsai"},"content":{"rendered":"<p>LEGO Bonsai medelio modelis turi sta\u010diakamp\u012f vazon\u0105 ir med\u017eio imitacijos groteli\u0173 LEGO stov\u0105, kurie sukuria gra\u017ei\u0105 puo\u0161men\u0105, kuria galima did\u017eiuotis bet kuriuose namuose ar biure. Nesvarbu, ar tai gimtadienio dovana mylimam \u017emogui, ar sau, \u0161is rinkinys neabejotinai paker\u0117s vaizduot\u0119 savo gro\u017eiu. \u0160i\u0105 LEGO botanikos kolekcijos suaugusiems dal\u012f sudaro lap\u0173 elementai, pagaminti i\u0161 augalinio plastiko, pagaminto naudojant tvariai auginamas cukranendres.<\/p>\n<ul>\n<li>LEGO\u00ae Bonsai medelio 10281 modelio konstravimo rinkinys yra unikali dovana arba sutelkiantis projektas tiems, kuriems patinka Bonsai medeliai, augalai arba k\u016brybi\u0161kas konstravimas i\u0161 LEGO dali\u0173.<\/li>\n<li>Su kei\u010diamomis dalimis, tod\u0117l galite papuo\u0161ti Bonsai medelio model\u012f su klasikiniais \u017ealiais lapais arba vaiskiais ro\u017einiais vy\u0161ni\u0173 \u017eiedais.<\/li>\n<li>Pamatykite miel\u0105 varlyt\u0119 slypin\u010di\u0105 ro\u017einiuose \u017eieduose. Sukonstravus \u0161\u012f eleganti\u0161k\u0105 medel\u012f, j\u012f lengva eksponuoti su sta\u010diakampiu vazonu ir med\u017eio imitacijosgroteli\u0173 LEGO\u00ae stovu.<\/li>\n<li>\u0160is LEGO\u00ae Bonsai medelis idealiai tinka suaugusiems, kurie m\u0117gsta \u012fdomius LEGO konstravimo projektus. Be to, jis taps puikia gimtadienio dovana ar Bonsai m\u0117g\u0117jams bet kokia proga ar tiems, kam patinka k\u016brybi\u0161ki projektai.<\/li>\n<\/ul>","protected":false},"excerpt":{"rendered":"<p>LEGO Bonsai medelio modelis turi sta\u010diakamp\u012f vazon\u0105 ir med\u017eio imitacijos groteli\u0173 LEGO stov\u0105, kurie sukuria gra\u017ei\u0105 puo\u0161men\u0105, kuria galima did\u017eiuotis<\/p>","protected":false},"featured_media":38649,"comment_status":"open","ping_status":"closed","template":"","meta":[],"product_brand":[423],"product_cat":[677,406,523],"product_tag":[],"class_list":{"0":"post-38648","1":"product","2":"type-product","3":"status-publish","4":"has-post-thumbnail","6":"product_brand-lego","7":"product_cat-lego-konstruktoriai","8":"product_cat-lego","9":"product_cat-lego-icons","11":"first","12":"instock","13":"taxable","14":"shipping-taxable","15":"purchasable","16":"product-type-simple"},"yoast_head":"<!-- This site is optimized with the Yoast SEO plugin v25.9 - https:\/\/yoast.com\/wordpress\/plugins\/seo\/ -->\n<title>LEGO\u00ae 10281 Bonsai - Collectin.eu<\/title>\n<meta name=\"description\" content=\"Bonsai menas \u0161imtme\u010dius ker\u0117jo med\u017ei\u0173 myl\u0117toj\u0173 vaizduot\u0119. Nuo \u0161iol galite praktikuoti \u0161\u012f senovin\u012f men\u0105 su LEGO\u00ae Bonsai medelio modelio konstravimo rinkiniu.\" \/>\n<meta name=\"robots\" content=\"index, follow, max-snippet:-1, max-image-preview:large, max-video-preview:-1\" \/>\n<link rel=\"canonical\" href=\"https:\/\/collectin.eu\/en\/product\/lego-10281-bonsai-medelis\/\" \/>\n<meta property=\"og:locale\" content=\"en_US\" \/>\n<meta property=\"og:type\" content=\"article\" \/>\n<meta property=\"og:title\" content=\"LEGO\u00ae 10281 Bonsai - Collectin.eu\" \/>\n<meta property=\"og:description\" content=\"Bonsai menas \u0161imtme\u010dius ker\u0117jo med\u017ei\u0173 myl\u0117toj\u0173 vaizduot\u0119. Nuo \u0161iol galite praktikuoti \u0161\u012f senovin\u012f men\u0105 su LEGO\u00ae Bonsai medelio modelio konstravimo rinkiniu.\" \/>\n<meta property=\"og:url\" content=\"https:\/\/collectin.eu\/en\/product\/lego-10281-bonsai-medelis\/\" \/>\n<meta property=\"og:site_name\" content=\"Collectin.eu\" \/>\n<meta property=\"article:modified_time\" content=\"2026-04-08T10:25:24+00:00\" \/>\n<meta property=\"og:image\" content=\"http:\/\/collectin.eu\/wp-content\/uploads\/2025\/12\/Untitled-design-85.png\" \/>\n\t<meta property=\"og:image:width\" content=\"1080\" \/>\n\t<meta property=\"og:image:height\" content=\"1080\" \/>\n\t<meta property=\"og:image:type\" content=\"image\/png\" \/>\n<meta name=\"twitter:card\" content=\"summary_large_image\" \/>\n<meta name=\"twitter:label1\" content=\"Est. reading time\" \/>\n\t<meta name=\"twitter:data1\" content=\"2 minutes\" \/>\n<script type=\"application\/ld+json\" class=\"yoast-schema-graph\">{\"@context\":\"https:\/\/schema.org\",\"@graph\":[{\"@type\":\"WebPage\",\"@id\":\"https:\/\/collectin.eu\/produktas\/lego-10281-bonsai-medelis\/\",\"url\":\"https:\/\/collectin.eu\/produktas\/lego-10281-bonsai-medelis\/\",\"name\":\"LEGO\u00ae 10281 Bonsai - Collectin.eu\",\"isPartOf\":{\"@id\":\"https:\/\/collectin.eu\/#website\"},\"primaryImageOfPage\":{\"@id\":\"https:\/\/collectin.eu\/produktas\/lego-10281-bonsai-medelis\/#primaryimage\"},\"image\":{\"@id\":\"https:\/\/collectin.eu\/produktas\/lego-10281-bonsai-medelis\/#primaryimage\"},\"thumbnailUrl\":\"https:\/\/collectin.eu\/wp-content\/uploads\/2025\/12\/Untitled-design-85.png\",\"datePublished\":\"2025-12-26T11:50:50+00:00\",\"dateModified\":\"2026-04-08T10:25:24+00:00\",\"description\":\"Bonsai menas \u0161imtme\u010dius ker\u0117jo med\u017ei\u0173 myl\u0117toj\u0173 vaizduot\u0119. Nuo \u0161iol galite praktikuoti \u0161\u012f senovin\u012f men\u0105 su LEGO\u00ae Bonsai medelio modelio konstravimo rinkiniu.\",\"breadcrumb\":{\"@id\":\"https:\/\/collectin.eu\/produktas\/lego-10281-bonsai-medelis\/#breadcrumb\"},\"inLanguage\":\"en-US\",\"potentialAction\":[{\"@type\":\"ReadAction\",\"target\":[\"https:\/\/collectin.eu\/produktas\/lego-10281-bonsai-medelis\/\"]}]},{\"@type\":\"ImageObject\",\"inLanguage\":\"en-US\",\"@id\":\"https:\/\/collectin.eu\/produktas\/lego-10281-bonsai-medelis\/#primaryimage\",\"url\":\"https:\/\/collectin.eu\/wp-content\/uploads\/2025\/12\/Untitled-design-85.png\",\"contentUrl\":\"https:\/\/collectin.eu\/wp-content\/uploads\/2025\/12\/Untitled-design-85.png\",\"width\":1080,\"height\":1080},{\"@type\":\"BreadcrumbList\",\"@id\":\"https:\/\/collectin.eu\/produktas\/lego-10281-bonsai-medelis\/#breadcrumb\",\"itemListElement\":[{\"@type\":\"ListItem\",\"position\":1,\"name\":\"Home\",\"item\":\"https:\/\/collectin.eu\/\"},{\"@type\":\"ListItem\",\"position\":2,\"name\":\"Parduotuv\u0117\",\"item\":\"https:\/\/collectin.eu\/parduotuve\/\"},{\"@type\":\"ListItem\",\"position\":3,\"name\":\"LEGO\u00ae 10281 Bonsai\"}]},{\"@type\":\"WebSite\",\"@id\":\"https:\/\/collectin.eu\/#website\",\"url\":\"https:\/\/collectin.eu\/\",\"name\":\"Collectin.eu\",\"description\":\"\",\"potentialAction\":[{\"@type\":\"SearchAction\",\"target\":{\"@type\":\"EntryPoint\",\"urlTemplate\":\"https:\/\/collectin.eu\/?s={search_term_string}\"},\"query-input\":{\"@type\":\"PropertyValueSpecification\",\"valueRequired\":true,\"valueName\":\"search_term_string\"}}],\"inLanguage\":\"en-US\"}]}<\/script>\n<!-- \/ Yoast SEO plugin. -->","yoast_head_json":{"title":"LEGO\u00ae 10281 Bonsai - Collectin.eu","description":"Bonsai menas \u0161imtme\u010dius ker\u0117jo med\u017ei\u0173 myl\u0117toj\u0173 vaizduot\u0119. Nuo \u0161iol galite praktikuoti \u0161\u012f senovin\u012f men\u0105 su LEGO\u00ae Bonsai medelio modelio konstravimo rinkiniu.","robots":{"index":"index","follow":"follow","max-snippet":"max-snippet:-1","max-image-preview":"max-image-preview:large","max-video-preview":"max-video-preview:-1"},"canonical":"https:\/\/collectin.eu\/en\/product\/lego-10281-bonsai-medelis\/","og_locale":"en_US","og_type":"article","og_title":"LEGO\u00ae 10281 Bonsai - Collectin.eu","og_description":"Bonsai menas \u0161imtme\u010dius ker\u0117jo med\u017ei\u0173 myl\u0117toj\u0173 vaizduot\u0119. Nuo \u0161iol galite praktikuoti \u0161\u012f senovin\u012f men\u0105 su LEGO\u00ae Bonsai medelio modelio konstravimo rinkiniu.","og_url":"https:\/\/collectin.eu\/en\/product\/lego-10281-bonsai-medelis\/","og_site_name":"Collectin.eu","article_modified_time":"2026-04-08T10:25:24+00:00","og_image":[{"width":1080,"height":1080,"url":"http:\/\/collectin.eu\/wp-content\/uploads\/2025\/12\/Untitled-design-85.png","type":"image\/png"}],"twitter_card":"summary_large_image","twitter_misc":{"Est. reading time":"2 minutes"},"schema":{"@context":"https:\/\/schema.org","@graph":[{"@type":"WebPage","@id":"https:\/\/collectin.eu\/produktas\/lego-10281-bonsai-medelis\/","url":"https:\/\/collectin.eu\/produktas\/lego-10281-bonsai-medelis\/","name":"LEGO\u00ae 10281 Bonsai - Collectin.eu","isPartOf":{"@id":"https:\/\/collectin.eu\/#website"},"primaryImageOfPage":{"@id":"https:\/\/collectin.eu\/produktas\/lego-10281-bonsai-medelis\/#primaryimage"},"image":{"@id":"https:\/\/collectin.eu\/produktas\/lego-10281-bonsai-medelis\/#primaryimage"},"thumbnailUrl":"https:\/\/collectin.eu\/wp-content\/uploads\/2025\/12\/Untitled-design-85.png","datePublished":"2025-12-26T11:50:50+00:00","dateModified":"2026-04-08T10:25:24+00:00","description":"Bonsai menas \u0161imtme\u010dius ker\u0117jo med\u017ei\u0173 myl\u0117toj\u0173 vaizduot\u0119. Nuo \u0161iol galite praktikuoti \u0161\u012f senovin\u012f men\u0105 su LEGO\u00ae Bonsai medelio modelio konstravimo rinkiniu.","breadcrumb":{"@id":"https:\/\/collectin.eu\/produktas\/lego-10281-bonsai-medelis\/#breadcrumb"},"inLanguage":"en-US","potentialAction":[{"@type":"ReadAction","target":["https:\/\/collectin.eu\/produktas\/lego-10281-bonsai-medelis\/"]}]},{"@type":"ImageObject","inLanguage":"en-US","@id":"https:\/\/collectin.eu\/produktas\/lego-10281-bonsai-medelis\/#primaryimage","url":"https:\/\/collectin.eu\/wp-content\/uploads\/2025\/12\/Untitled-design-85.png","contentUrl":"https:\/\/collectin.eu\/wp-content\/uploads\/2025\/12\/Untitled-design-85.png","width":1080,"height":1080},{"@type":"BreadcrumbList","@id":"https:\/\/collectin.eu\/produktas\/lego-10281-bonsai-medelis\/#breadcrumb","itemListElement":[{"@type":"ListItem","position":1,"name":"Home","item":"https:\/\/collectin.eu\/"},{"@type":"ListItem","position":2,"name":"Parduotuv\u0117","item":"https:\/\/collectin.eu\/parduotuve\/"},{"@type":"ListItem","position":3,"name":"LEGO\u00ae 10281 Bonsai"}]},{"@type":"WebSite","@id":"https:\/\/collectin.eu\/#website","url":"https:\/\/collectin.eu\/","name":"Collectin.eu","description":"","potentialAction":[{"@type":"SearchAction","target":{"@type":"EntryPoint","urlTemplate":"https:\/\/collectin.eu\/?s={search_term_string}"},"query-input":{"@type":"PropertyValueSpecification","valueRequired":true,"valueName":"search_term_string"}}],"inLanguage":"en-US"}]}},"jetpack_sharing_enabled":true,"_links":{"self":[{"href":"https:\/\/collectin.eu\/en\/wp-json\/wp\/v2\/product\/38648","targetHints":{"allow":["GET"]}}],"collection":[{"href":"https:\/\/collectin.eu\/en\/wp-json\/wp\/v2\/product"}],"about":[{"href":"https:\/\/collectin.eu\/en\/wp-json\/wp\/v2\/types\/product"}],"replies":[{"embeddable":true,"href":"https:\/\/collectin.eu\/en\/wp-json\/wp\/v2\/comments?post=38648"}],"version-history":[{"count":2,"href":"https:\/\/collectin.eu\/en\/wp-json\/wp\/v2\/product\/38648\/revisions"}],"predecessor-version":[{"id":40312,"href":"https:\/\/collectin.eu\/en\/wp-json\/wp\/v2\/product\/38648\/revisions\/40312"}],"wp:featuredmedia":[{"embeddable":true,"href":"https:\/\/collectin.eu\/en\/wp-json\/wp\/v2\/media\/38649"}],"wp:attachment":[{"href":"https:\/\/collectin.eu\/en\/wp-json\/wp\/v2\/media?parent=38648"}],"wp:term":[{"taxonomy":"product_brand","embeddable":true,"href":"https:\/\/collectin.eu\/en\/wp-json\/wp\/v2\/product_brand?post=38648"},{"taxonomy":"product_cat","embeddable":true,"href":"https:\/\/collectin.eu\/en\/wp-json\/wp\/v2\/product_cat?post=38648"},{"taxonomy":"product_tag","embeddable":true,"href":"https:\/\/collectin.eu\/en\/wp-json\/wp\/v2\/product_tag?post=38648"}],"curies":[{"name":"wp","href":"https:\/\/api.w.org\/{rel}","templated":true}]}}