{"id":38654,"date":"2025-12-26T11:58:57","date_gmt":"2025-12-26T11:58:57","guid":{"rendered":"https:\/\/collectin.eu\/?post_type=product&#038;p=38654"},"modified":"2026-04-08T10:25:24","modified_gmt":"2026-04-08T10:25:24","slug":"lego-21339-bts-dynamite","status":"publish","type":"product","link":"https:\/\/collectin.eu\/en\/product\/lego-21339-bts-dynamite\/","title":{"rendered":"LEGO\u00ae 21339 BTS Dynamite"},"content":{"rendered":"<p>\u0160iame \u017eaidimui ir demonstracijai skirtame modelyje gausu autenti\u0161k\u0173 detali\u0173 \u2013 grup\u0117s BTS \u012fra\u0161ai parduotuv\u0117je, pastatomos palm\u0117s ir krep\u0161inio lankas prie\u0161ais sien\u0105 su freskomis, tod\u0117l tai puiki dovana visiems, m\u0117gstantiems grup\u0119 BTS. D\u0117\u017e\u0117je ir program\u0117l\u0117je \u201eLEGO Builder\u201c rasite instrukcijas, pad\u0117sian\u010dias \u017eengti smagius konstravimo \u017eingsnelius.<\/p>\n<p>Tyrin\u0117kite LEGO rinkinius suaugusiesiems\u00a0\u2013 kruop\u0161\u010diai atrinktus \u012fdomius modelius. Kad ir kokia b\u016bt\u0173 j\u016bs\u0173 aistra, \u0161is rinkinys skirtas jums.<\/p>\n<ul>\n<li>LEGO\u00ae Ideas BTS Dynamite muzikinio vaizdo klipo rinkinys (21339). I\u0161reik\u0161kite savo susi\u017eav\u0117jim\u0105 grupe BTS, atkurdami j\u0173 pasaulinio hito muzikinio klipo \u201eDynamite\u201c scenas su \u0161iuo \u017eaidimui ir ekspozicijai skirtu rinkiniu<\/li>\n<li>Vis\u0173 grup\u0117s BTS nari\u0173 \u2013 RM, Jin, SUGA, j-hope, Jimin, V and Jung Kook \u2013 LEGO\u00ae minifig\u016br\u0117l\u0117s su mikrofon\u0173 elementais<\/li>\n<li>Sukonstruokite vaizdo klipo scenas. Diskotekos, \u012fra\u0161\u0173 parduotuv\u0117s ir spurgin\u0117s LEGO\u00ae kalad\u0117li\u0173 versijos su autenti\u0161komis detal\u0117mis, taip pat led\u0173 autobusiukas, krep\u0161inio lankas ir 2 palm\u0117s<\/li>\n<\/ul>","protected":false},"excerpt":{"rendered":"<p>\u0160iame \u017eaidimui ir demonstracijai skirtame modelyje gausu autenti\u0161k\u0173 detali\u0173 \u2013 grup\u0117s BTS \u012fra\u0161ai parduotuv\u0117je, pastatomos palm\u0117s ir krep\u0161inio lankas prie\u0161ais<\/p>","protected":false},"featured_media":38655,"comment_status":"open","ping_status":"closed","template":"","meta":[],"product_brand":[423],"product_cat":[677,406,522],"product_tag":[],"class_list":{"0":"post-38654","1":"product","2":"type-product","3":"status-publish","4":"has-post-thumbnail","6":"product_brand-lego","7":"product_cat-lego-konstruktoriai","8":"product_cat-lego","9":"product_cat-lego-ideas","11":"first","12":"instock","13":"taxable","14":"shipping-taxable","15":"purchasable","16":"product-type-simple"},"yoast_head":"<!-- This site is optimized with the Yoast SEO plugin v25.9 - https:\/\/yoast.com\/wordpress\/plugins\/seo\/ -->\n<title>LEGO\u00ae 21339 BTS Dynamite - Collectin.eu<\/title>\n<meta name=\"description\" content=\"Perteikite XXI a. popmuzikos ikon\u0173 RM, Jin, SUGA, j-hope, Jimin, V ir Jung Kook d\u017eiaugsming\u0105 energij\u0105 su LEGO\u00ae Ideas BTS Dynamite (21339) muzikinio klipo rinkiniu.\" \/>\n<meta name=\"robots\" content=\"index, follow, max-snippet:-1, max-image-preview:large, max-video-preview:-1\" \/>\n<link rel=\"canonical\" href=\"https:\/\/collectin.eu\/en\/product\/lego-21339-bts-dynamite\/\" \/>\n<meta property=\"og:locale\" content=\"en_US\" \/>\n<meta property=\"og:type\" content=\"article\" \/>\n<meta property=\"og:title\" content=\"LEGO\u00ae 21339 BTS Dynamite - Collectin.eu\" \/>\n<meta property=\"og:description\" content=\"Perteikite XXI a. popmuzikos ikon\u0173 RM, Jin, SUGA, j-hope, Jimin, V ir Jung Kook d\u017eiaugsming\u0105 energij\u0105 su LEGO\u00ae Ideas BTS Dynamite (21339) muzikinio klipo rinkiniu.\" \/>\n<meta property=\"og:url\" content=\"https:\/\/collectin.eu\/en\/product\/lego-21339-bts-dynamite\/\" \/>\n<meta property=\"og:site_name\" content=\"Collectin.eu\" \/>\n<meta property=\"article:modified_time\" content=\"2026-04-08T10:25:24+00:00\" \/>\n<meta property=\"og:image\" content=\"http:\/\/collectin.eu\/wp-content\/uploads\/2025\/12\/Untitled-design-88.png\" \/>\n\t<meta property=\"og:image:width\" content=\"1080\" \/>\n\t<meta property=\"og:image:height\" content=\"1080\" \/>\n\t<meta property=\"og:image:type\" content=\"image\/png\" \/>\n<meta name=\"twitter:card\" content=\"summary_large_image\" \/>\n<meta name=\"twitter:label1\" content=\"Est. reading time\" \/>\n\t<meta name=\"twitter:data1\" content=\"1 minute\" \/>\n<script type=\"application\/ld+json\" class=\"yoast-schema-graph\">{\"@context\":\"https:\/\/schema.org\",\"@graph\":[{\"@type\":\"WebPage\",\"@id\":\"https:\/\/collectin.eu\/produktas\/lego-21339-bts-dynamite\/\",\"url\":\"https:\/\/collectin.eu\/produktas\/lego-21339-bts-dynamite\/\",\"name\":\"LEGO\u00ae 21339 BTS Dynamite - Collectin.eu\",\"isPartOf\":{\"@id\":\"https:\/\/collectin.eu\/#website\"},\"primaryImageOfPage\":{\"@id\":\"https:\/\/collectin.eu\/produktas\/lego-21339-bts-dynamite\/#primaryimage\"},\"image\":{\"@id\":\"https:\/\/collectin.eu\/produktas\/lego-21339-bts-dynamite\/#primaryimage\"},\"thumbnailUrl\":\"https:\/\/collectin.eu\/wp-content\/uploads\/2025\/12\/Untitled-design-88.png\",\"datePublished\":\"2025-12-26T11:58:57+00:00\",\"dateModified\":\"2026-04-08T10:25:24+00:00\",\"description\":\"Perteikite XXI a. popmuzikos ikon\u0173 RM, Jin, SUGA, j-hope, Jimin, V ir Jung Kook d\u017eiaugsming\u0105 energij\u0105 su LEGO\u00ae Ideas BTS Dynamite (21339) muzikinio klipo rinkiniu.\",\"breadcrumb\":{\"@id\":\"https:\/\/collectin.eu\/produktas\/lego-21339-bts-dynamite\/#breadcrumb\"},\"inLanguage\":\"en-US\",\"potentialAction\":[{\"@type\":\"ReadAction\",\"target\":[\"https:\/\/collectin.eu\/produktas\/lego-21339-bts-dynamite\/\"]}]},{\"@type\":\"ImageObject\",\"inLanguage\":\"en-US\",\"@id\":\"https:\/\/collectin.eu\/produktas\/lego-21339-bts-dynamite\/#primaryimage\",\"url\":\"https:\/\/collectin.eu\/wp-content\/uploads\/2025\/12\/Untitled-design-88.png\",\"contentUrl\":\"https:\/\/collectin.eu\/wp-content\/uploads\/2025\/12\/Untitled-design-88.png\",\"width\":1080,\"height\":1080},{\"@type\":\"BreadcrumbList\",\"@id\":\"https:\/\/collectin.eu\/produktas\/lego-21339-bts-dynamite\/#breadcrumb\",\"itemListElement\":[{\"@type\":\"ListItem\",\"position\":1,\"name\":\"Home\",\"item\":\"https:\/\/collectin.eu\/\"},{\"@type\":\"ListItem\",\"position\":2,\"name\":\"Parduotuv\u0117\",\"item\":\"https:\/\/collectin.eu\/parduotuve\/\"},{\"@type\":\"ListItem\",\"position\":3,\"name\":\"LEGO\u00ae 21339 BTS Dynamite\"}]},{\"@type\":\"WebSite\",\"@id\":\"https:\/\/collectin.eu\/#website\",\"url\":\"https:\/\/collectin.eu\/\",\"name\":\"Collectin.eu\",\"description\":\"\",\"potentialAction\":[{\"@type\":\"SearchAction\",\"target\":{\"@type\":\"EntryPoint\",\"urlTemplate\":\"https:\/\/collectin.eu\/?s={search_term_string}\"},\"query-input\":{\"@type\":\"PropertyValueSpecification\",\"valueRequired\":true,\"valueName\":\"search_term_string\"}}],\"inLanguage\":\"en-US\"}]}<\/script>\n<!-- \/ Yoast SEO plugin. -->","yoast_head_json":{"title":"LEGO\u00ae 21339 BTS Dynamite - Collectin.eu","description":"Perteikite XXI a. popmuzikos ikon\u0173 RM, Jin, SUGA, j-hope, Jimin, V ir Jung Kook d\u017eiaugsming\u0105 energij\u0105 su LEGO\u00ae Ideas BTS Dynamite (21339) muzikinio klipo rinkiniu.","robots":{"index":"index","follow":"follow","max-snippet":"max-snippet:-1","max-image-preview":"max-image-preview:large","max-video-preview":"max-video-preview:-1"},"canonical":"https:\/\/collectin.eu\/en\/product\/lego-21339-bts-dynamite\/","og_locale":"en_US","og_type":"article","og_title":"LEGO\u00ae 21339 BTS Dynamite - Collectin.eu","og_description":"Perteikite XXI a. popmuzikos ikon\u0173 RM, Jin, SUGA, j-hope, Jimin, V ir Jung Kook d\u017eiaugsming\u0105 energij\u0105 su LEGO\u00ae Ideas BTS Dynamite (21339) muzikinio klipo rinkiniu.","og_url":"https:\/\/collectin.eu\/en\/product\/lego-21339-bts-dynamite\/","og_site_name":"Collectin.eu","article_modified_time":"2026-04-08T10:25:24+00:00","og_image":[{"width":1080,"height":1080,"url":"http:\/\/collectin.eu\/wp-content\/uploads\/2025\/12\/Untitled-design-88.png","type":"image\/png"}],"twitter_card":"summary_large_image","twitter_misc":{"Est. reading time":"1 minute"},"schema":{"@context":"https:\/\/schema.org","@graph":[{"@type":"WebPage","@id":"https:\/\/collectin.eu\/produktas\/lego-21339-bts-dynamite\/","url":"https:\/\/collectin.eu\/produktas\/lego-21339-bts-dynamite\/","name":"LEGO\u00ae 21339 BTS Dynamite - Collectin.eu","isPartOf":{"@id":"https:\/\/collectin.eu\/#website"},"primaryImageOfPage":{"@id":"https:\/\/collectin.eu\/produktas\/lego-21339-bts-dynamite\/#primaryimage"},"image":{"@id":"https:\/\/collectin.eu\/produktas\/lego-21339-bts-dynamite\/#primaryimage"},"thumbnailUrl":"https:\/\/collectin.eu\/wp-content\/uploads\/2025\/12\/Untitled-design-88.png","datePublished":"2025-12-26T11:58:57+00:00","dateModified":"2026-04-08T10:25:24+00:00","description":"Perteikite XXI a. popmuzikos ikon\u0173 RM, Jin, SUGA, j-hope, Jimin, V ir Jung Kook d\u017eiaugsming\u0105 energij\u0105 su LEGO\u00ae Ideas BTS Dynamite (21339) muzikinio klipo rinkiniu.","breadcrumb":{"@id":"https:\/\/collectin.eu\/produktas\/lego-21339-bts-dynamite\/#breadcrumb"},"inLanguage":"en-US","potentialAction":[{"@type":"ReadAction","target":["https:\/\/collectin.eu\/produktas\/lego-21339-bts-dynamite\/"]}]},{"@type":"ImageObject","inLanguage":"en-US","@id":"https:\/\/collectin.eu\/produktas\/lego-21339-bts-dynamite\/#primaryimage","url":"https:\/\/collectin.eu\/wp-content\/uploads\/2025\/12\/Untitled-design-88.png","contentUrl":"https:\/\/collectin.eu\/wp-content\/uploads\/2025\/12\/Untitled-design-88.png","width":1080,"height":1080},{"@type":"BreadcrumbList","@id":"https:\/\/collectin.eu\/produktas\/lego-21339-bts-dynamite\/#breadcrumb","itemListElement":[{"@type":"ListItem","position":1,"name":"Home","item":"https:\/\/collectin.eu\/"},{"@type":"ListItem","position":2,"name":"Parduotuv\u0117","item":"https:\/\/collectin.eu\/parduotuve\/"},{"@type":"ListItem","position":3,"name":"LEGO\u00ae 21339 BTS Dynamite"}]},{"@type":"WebSite","@id":"https:\/\/collectin.eu\/#website","url":"https:\/\/collectin.eu\/","name":"Collectin.eu","description":"","potentialAction":[{"@type":"SearchAction","target":{"@type":"EntryPoint","urlTemplate":"https:\/\/collectin.eu\/?s={search_term_string}"},"query-input":{"@type":"PropertyValueSpecification","valueRequired":true,"valueName":"search_term_string"}}],"inLanguage":"en-US"}]}},"jetpack_sharing_enabled":true,"_links":{"self":[{"href":"https:\/\/collectin.eu\/en\/wp-json\/wp\/v2\/product\/38654","targetHints":{"allow":["GET"]}}],"collection":[{"href":"https:\/\/collectin.eu\/en\/wp-json\/wp\/v2\/product"}],"about":[{"href":"https:\/\/collectin.eu\/en\/wp-json\/wp\/v2\/types\/product"}],"replies":[{"embeddable":true,"href":"https:\/\/collectin.eu\/en\/wp-json\/wp\/v2\/comments?post=38654"}],"version-history":[{"count":2,"href":"https:\/\/collectin.eu\/en\/wp-json\/wp\/v2\/product\/38654\/revisions"}],"predecessor-version":[{"id":40313,"href":"https:\/\/collectin.eu\/en\/wp-json\/wp\/v2\/product\/38654\/revisions\/40313"}],"wp:featuredmedia":[{"embeddable":true,"href":"https:\/\/collectin.eu\/en\/wp-json\/wp\/v2\/media\/38655"}],"wp:attachment":[{"href":"https:\/\/collectin.eu\/en\/wp-json\/wp\/v2\/media?parent=38654"}],"wp:term":[{"taxonomy":"product_brand","embeddable":true,"href":"https:\/\/collectin.eu\/en\/wp-json\/wp\/v2\/product_brand?post=38654"},{"taxonomy":"product_cat","embeddable":true,"href":"https:\/\/collectin.eu\/en\/wp-json\/wp\/v2\/product_cat?post=38654"},{"taxonomy":"product_tag","embeddable":true,"href":"https:\/\/collectin.eu\/en\/wp-json\/wp\/v2\/product_tag?post=38654"}],"curies":[{"name":"wp","href":"https:\/\/api.w.org\/{rel}","templated":true}]}}