{"id":38660,"date":"2025-12-26T12:05:02","date_gmt":"2025-12-26T12:05:02","guid":{"rendered":"https:\/\/collectin.eu\/?post_type=product&#038;p=38660"},"modified":"2026-04-08T10:25:23","modified_gmt":"2026-04-08T10:25:23","slug":"lego-10314-dziovintu-geliu-puosmena","status":"publish","type":"product","link":"https:\/\/collectin.eu\/en\/product\/lego-10314-dziovintu-geliu-puosmena\/","title":{"rendered":"LEGO\u00ae 10314 Dried Flower Centrepiece"},"content":{"rendered":"<p>\u0160\u012f konstruojam\u0105 model\u012f sudaro dvi dalys, kad vienu metu j\u012f gal\u0117t\u0173 konstruoti 2 \u017emon\u0117s, tad gal\u0117site kokybi\u0161kai leisti laisvalaik\u012f su draugu ar \u0161eimos nariu.<\/p>\n<p>Augalai i\u0161 augal\u0173<br \/>\n\u0160is konstruojamo modelio rinkinys yra LEGO botanikos kolekcijos suaugusiems dalis ir j\u012f sudaro keletas element\u0173, pagamint\u0173 i\u0161 augalinio plastiko, pagaminto naudojant tvariai auginamas cukranendres.<\/p>\n<ul>\n<li>Auginkite k\u016brybi\u0161kum\u0105. Sukurkite ir eksponuokite LEGO\u00ae Botanicals D\u017eiovint\u0173 g\u0117li\u0173 puo\u0161men\u0105 (10314) su \u0161iuo prasmingu konstravimo projektu suaugusiesiems<\/li>\n<li>\u012ekv\u0117ptas rudens. \u0160is g\u0117li\u0173 tematikos konstravimo rinkinys yra kupinas rudens spalv\u0173 \u017eied\u0173, kurie labiausiai primena gerberas ir ro\u017ees<\/li>\n<li>Konstruokite drauge. Model\u012f sudaro dvi dalys, kad drauge konstruoti gal\u0117t\u0173 2 \u017emon\u0117s, tad jis suteikia galimyb\u0119 smagiai ils\u0117tis ir kurti su artimais \u017emon\u0117mis<\/li>\n<li>Pasipuo\u0161kite g\u0117l\u0117mis. U\u017ebaigt\u0105 model\u012f galima naudoti kaip stalo puo\u0161men\u0105, kabinti ant sienos arba derinti su vienu ar keliais tokiais pat rinkiniais, kad sukurtum\u0117te didesn\u0119 g\u0117li\u0173 tematikos puo\u0161men\u0105<\/li>\n<li>Dovana g\u0117li\u0173 myl\u0117tojams. Floristai ir g\u0117li\u0173 myl\u0117tojai gali sukonstruoti LEGO\u00ae Botanicals D\u017eiovint\u0173 g\u0117li\u0173 puo\u0161men\u0105<\/li>\n<\/ul>","protected":false},"excerpt":{"rendered":"<p>\u0160\u012f konstruojam\u0105 model\u012f sudaro dvi dalys, kad vienu metu j\u012f gal\u0117t\u0173 konstruoti 2 \u017emon\u0117s, tad gal\u0117site kokybi\u0161kai leisti laisvalaik\u012f su<\/p>","protected":false},"featured_media":38661,"comment_status":"open","ping_status":"closed","template":"","meta":[],"product_brand":[423],"product_cat":[677,406,526],"product_tag":[],"class_list":{"0":"post-38660","1":"product","2":"type-product","3":"status-publish","4":"has-post-thumbnail","6":"product_brand-lego","7":"product_cat-lego-konstruktoriai","8":"product_cat-lego","9":"product_cat-lego-the-botanical-collection","11":"first","12":"instock","13":"taxable","14":"shipping-taxable","15":"purchasable","16":"product-type-simple"},"yoast_head":"<!-- This site is optimized with the Yoast SEO plugin v25.9 - https:\/\/yoast.com\/wordpress\/plugins\/seo\/ -->\n<title>LEGO\u00ae 10314 Dried Flower Centrepiece - Collectin.eu<\/title>\n<meta name=\"description\" content=\"U\u017eauginkite nam\u0173 puo\u0161men\u0105, kuriai nereikia jokios prie\u017ei\u016bros su \u0161ia LEGO\u00ae Botanicals D\u017eiovint\u0173 g\u0117li\u0173 puo\u0161mena (10314).\" \/>\n<meta name=\"robots\" content=\"index, follow, max-snippet:-1, max-image-preview:large, max-video-preview:-1\" \/>\n<link rel=\"canonical\" href=\"https:\/\/collectin.eu\/en\/product\/lego-10314-dziovintu-geliu-puosmena\/\" \/>\n<meta property=\"og:locale\" content=\"en_US\" \/>\n<meta property=\"og:type\" content=\"article\" \/>\n<meta property=\"og:title\" content=\"LEGO\u00ae 10314 Dried Flower Centrepiece - Collectin.eu\" \/>\n<meta property=\"og:description\" content=\"U\u017eauginkite nam\u0173 puo\u0161men\u0105, kuriai nereikia jokios prie\u017ei\u016bros su \u0161ia LEGO\u00ae Botanicals D\u017eiovint\u0173 g\u0117li\u0173 puo\u0161mena (10314).\" \/>\n<meta property=\"og:url\" content=\"https:\/\/collectin.eu\/en\/product\/lego-10314-dziovintu-geliu-puosmena\/\" \/>\n<meta property=\"og:site_name\" content=\"Collectin.eu\" \/>\n<meta property=\"article:modified_time\" content=\"2026-04-08T10:25:23+00:00\" \/>\n<meta property=\"og:image\" content=\"http:\/\/collectin.eu\/wp-content\/uploads\/2025\/12\/Untitled-design-91.png\" \/>\n\t<meta property=\"og:image:width\" content=\"1080\" \/>\n\t<meta property=\"og:image:height\" content=\"1080\" \/>\n\t<meta property=\"og:image:type\" content=\"image\/png\" \/>\n<meta name=\"twitter:card\" content=\"summary_large_image\" \/>\n<meta name=\"twitter:label1\" content=\"Est. reading time\" \/>\n\t<meta name=\"twitter:data1\" content=\"2 minutes\" \/>\n<script type=\"application\/ld+json\" class=\"yoast-schema-graph\">{\"@context\":\"https:\/\/schema.org\",\"@graph\":[{\"@type\":\"WebPage\",\"@id\":\"https:\/\/collectin.eu\/produktas\/lego-10314-dziovintu-geliu-puosmena\/\",\"url\":\"https:\/\/collectin.eu\/produktas\/lego-10314-dziovintu-geliu-puosmena\/\",\"name\":\"LEGO\u00ae 10314 Dried Flower Centrepiece - Collectin.eu\",\"isPartOf\":{\"@id\":\"https:\/\/collectin.eu\/#website\"},\"primaryImageOfPage\":{\"@id\":\"https:\/\/collectin.eu\/produktas\/lego-10314-dziovintu-geliu-puosmena\/#primaryimage\"},\"image\":{\"@id\":\"https:\/\/collectin.eu\/produktas\/lego-10314-dziovintu-geliu-puosmena\/#primaryimage\"},\"thumbnailUrl\":\"https:\/\/collectin.eu\/wp-content\/uploads\/2025\/12\/Untitled-design-91.png\",\"datePublished\":\"2025-12-26T12:05:02+00:00\",\"dateModified\":\"2026-04-08T10:25:23+00:00\",\"description\":\"U\u017eauginkite nam\u0173 puo\u0161men\u0105, kuriai nereikia jokios prie\u017ei\u016bros su \u0161ia LEGO\u00ae Botanicals D\u017eiovint\u0173 g\u0117li\u0173 puo\u0161mena (10314).\",\"breadcrumb\":{\"@id\":\"https:\/\/collectin.eu\/produktas\/lego-10314-dziovintu-geliu-puosmena\/#breadcrumb\"},\"inLanguage\":\"en-US\",\"potentialAction\":[{\"@type\":\"ReadAction\",\"target\":[\"https:\/\/collectin.eu\/produktas\/lego-10314-dziovintu-geliu-puosmena\/\"]}]},{\"@type\":\"ImageObject\",\"inLanguage\":\"en-US\",\"@id\":\"https:\/\/collectin.eu\/produktas\/lego-10314-dziovintu-geliu-puosmena\/#primaryimage\",\"url\":\"https:\/\/collectin.eu\/wp-content\/uploads\/2025\/12\/Untitled-design-91.png\",\"contentUrl\":\"https:\/\/collectin.eu\/wp-content\/uploads\/2025\/12\/Untitled-design-91.png\",\"width\":1080,\"height\":1080},{\"@type\":\"BreadcrumbList\",\"@id\":\"https:\/\/collectin.eu\/produktas\/lego-10314-dziovintu-geliu-puosmena\/#breadcrumb\",\"itemListElement\":[{\"@type\":\"ListItem\",\"position\":1,\"name\":\"Home\",\"item\":\"https:\/\/collectin.eu\/\"},{\"@type\":\"ListItem\",\"position\":2,\"name\":\"Parduotuv\u0117\",\"item\":\"https:\/\/collectin.eu\/parduotuve\/\"},{\"@type\":\"ListItem\",\"position\":3,\"name\":\"LEGO\u00ae 10314 Dried Flower Centrepiece\"}]},{\"@type\":\"WebSite\",\"@id\":\"https:\/\/collectin.eu\/#website\",\"url\":\"https:\/\/collectin.eu\/\",\"name\":\"Collectin.eu\",\"description\":\"\",\"potentialAction\":[{\"@type\":\"SearchAction\",\"target\":{\"@type\":\"EntryPoint\",\"urlTemplate\":\"https:\/\/collectin.eu\/?s={search_term_string}\"},\"query-input\":{\"@type\":\"PropertyValueSpecification\",\"valueRequired\":true,\"valueName\":\"search_term_string\"}}],\"inLanguage\":\"en-US\"}]}<\/script>\n<!-- \/ Yoast SEO plugin. -->","yoast_head_json":{"title":"LEGO\u00ae 10314 Dried Flower Centrepiece - Collectin.eu","description":"U\u017eauginkite nam\u0173 puo\u0161men\u0105, kuriai nereikia jokios prie\u017ei\u016bros su \u0161ia LEGO\u00ae Botanicals D\u017eiovint\u0173 g\u0117li\u0173 puo\u0161mena (10314).","robots":{"index":"index","follow":"follow","max-snippet":"max-snippet:-1","max-image-preview":"max-image-preview:large","max-video-preview":"max-video-preview:-1"},"canonical":"https:\/\/collectin.eu\/en\/product\/lego-10314-dziovintu-geliu-puosmena\/","og_locale":"en_US","og_type":"article","og_title":"LEGO\u00ae 10314 Dried Flower Centrepiece - Collectin.eu","og_description":"U\u017eauginkite nam\u0173 puo\u0161men\u0105, kuriai nereikia jokios prie\u017ei\u016bros su \u0161ia LEGO\u00ae Botanicals D\u017eiovint\u0173 g\u0117li\u0173 puo\u0161mena (10314).","og_url":"https:\/\/collectin.eu\/en\/product\/lego-10314-dziovintu-geliu-puosmena\/","og_site_name":"Collectin.eu","article_modified_time":"2026-04-08T10:25:23+00:00","og_image":[{"width":1080,"height":1080,"url":"http:\/\/collectin.eu\/wp-content\/uploads\/2025\/12\/Untitled-design-91.png","type":"image\/png"}],"twitter_card":"summary_large_image","twitter_misc":{"Est. reading time":"2 minutes"},"schema":{"@context":"https:\/\/schema.org","@graph":[{"@type":"WebPage","@id":"https:\/\/collectin.eu\/produktas\/lego-10314-dziovintu-geliu-puosmena\/","url":"https:\/\/collectin.eu\/produktas\/lego-10314-dziovintu-geliu-puosmena\/","name":"LEGO\u00ae 10314 Dried Flower Centrepiece - Collectin.eu","isPartOf":{"@id":"https:\/\/collectin.eu\/#website"},"primaryImageOfPage":{"@id":"https:\/\/collectin.eu\/produktas\/lego-10314-dziovintu-geliu-puosmena\/#primaryimage"},"image":{"@id":"https:\/\/collectin.eu\/produktas\/lego-10314-dziovintu-geliu-puosmena\/#primaryimage"},"thumbnailUrl":"https:\/\/collectin.eu\/wp-content\/uploads\/2025\/12\/Untitled-design-91.png","datePublished":"2025-12-26T12:05:02+00:00","dateModified":"2026-04-08T10:25:23+00:00","description":"U\u017eauginkite nam\u0173 puo\u0161men\u0105, kuriai nereikia jokios prie\u017ei\u016bros su \u0161ia LEGO\u00ae Botanicals D\u017eiovint\u0173 g\u0117li\u0173 puo\u0161mena (10314).","breadcrumb":{"@id":"https:\/\/collectin.eu\/produktas\/lego-10314-dziovintu-geliu-puosmena\/#breadcrumb"},"inLanguage":"en-US","potentialAction":[{"@type":"ReadAction","target":["https:\/\/collectin.eu\/produktas\/lego-10314-dziovintu-geliu-puosmena\/"]}]},{"@type":"ImageObject","inLanguage":"en-US","@id":"https:\/\/collectin.eu\/produktas\/lego-10314-dziovintu-geliu-puosmena\/#primaryimage","url":"https:\/\/collectin.eu\/wp-content\/uploads\/2025\/12\/Untitled-design-91.png","contentUrl":"https:\/\/collectin.eu\/wp-content\/uploads\/2025\/12\/Untitled-design-91.png","width":1080,"height":1080},{"@type":"BreadcrumbList","@id":"https:\/\/collectin.eu\/produktas\/lego-10314-dziovintu-geliu-puosmena\/#breadcrumb","itemListElement":[{"@type":"ListItem","position":1,"name":"Home","item":"https:\/\/collectin.eu\/"},{"@type":"ListItem","position":2,"name":"Parduotuv\u0117","item":"https:\/\/collectin.eu\/parduotuve\/"},{"@type":"ListItem","position":3,"name":"LEGO\u00ae 10314 Dried Flower Centrepiece"}]},{"@type":"WebSite","@id":"https:\/\/collectin.eu\/#website","url":"https:\/\/collectin.eu\/","name":"Collectin.eu","description":"","potentialAction":[{"@type":"SearchAction","target":{"@type":"EntryPoint","urlTemplate":"https:\/\/collectin.eu\/?s={search_term_string}"},"query-input":{"@type":"PropertyValueSpecification","valueRequired":true,"valueName":"search_term_string"}}],"inLanguage":"en-US"}]}},"jetpack_sharing_enabled":true,"_links":{"self":[{"href":"https:\/\/collectin.eu\/en\/wp-json\/wp\/v2\/product\/38660","targetHints":{"allow":["GET"]}}],"collection":[{"href":"https:\/\/collectin.eu\/en\/wp-json\/wp\/v2\/product"}],"about":[{"href":"https:\/\/collectin.eu\/en\/wp-json\/wp\/v2\/types\/product"}],"replies":[{"embeddable":true,"href":"https:\/\/collectin.eu\/en\/wp-json\/wp\/v2\/comments?post=38660"}],"version-history":[{"count":2,"href":"https:\/\/collectin.eu\/en\/wp-json\/wp\/v2\/product\/38660\/revisions"}],"predecessor-version":[{"id":40323,"href":"https:\/\/collectin.eu\/en\/wp-json\/wp\/v2\/product\/38660\/revisions\/40323"}],"wp:featuredmedia":[{"embeddable":true,"href":"https:\/\/collectin.eu\/en\/wp-json\/wp\/v2\/media\/38661"}],"wp:attachment":[{"href":"https:\/\/collectin.eu\/en\/wp-json\/wp\/v2\/media?parent=38660"}],"wp:term":[{"taxonomy":"product_brand","embeddable":true,"href":"https:\/\/collectin.eu\/en\/wp-json\/wp\/v2\/product_brand?post=38660"},{"taxonomy":"product_cat","embeddable":true,"href":"https:\/\/collectin.eu\/en\/wp-json\/wp\/v2\/product_cat?post=38660"},{"taxonomy":"product_tag","embeddable":true,"href":"https:\/\/collectin.eu\/en\/wp-json\/wp\/v2\/product_tag?post=38660"}],"curies":[{"name":"wp","href":"https:\/\/api.w.org\/{rel}","templated":true}]}}