{"id":38666,"date":"2025-12-26T12:11:51","date_gmt":"2025-12-26T12:11:51","guid":{"rendered":"https:\/\/collectin.eu\/?post_type=product&#038;p=38666"},"modified":"2026-04-08T10:25:23","modified_gmt":"2026-04-08T10:25:23","slug":"lego-76412-svilpynes-brolijos-namu-juosta","status":"publish","type":"product","link":"https:\/\/collectin.eu\/en\/product\/lego-76412-svilpynes-brolijos-namu-juosta\/","title":{"rendered":"LEGO\u00ae 76412 Hufflepuff House Banner"},"content":{"rendered":"<p>\u0160is \u017eaidimo rinkinys, kur\u012f paprasta laikyti ir transportuoti, bus \u0161auni dovana vaikams nuo 9 met\u0173 ir taps 1 ir 4 Horvartso kolekcini\u0173 nam\u0173 juost\u0173.<\/p>\n<p>Program\u0117l\u0117 \u201eLEGO Builder\u201c<br \/>\nSu program\u0117le \u201eLEGO Builder\u201c vaikai gali leistis \u012f lengv\u0105 ir paprast\u0105 konstravimo nuotyk\u012f. \u010cia jie gal\u0117s priartinti ir sukin\u0117ti trima\u010dius modelius, i\u0161saugoti rinkinius ir steb\u0117ti savo progres\u0105.<\/p>\n<ul>\n<li>\u0160vilpyn\u0117s brolijos nam\u0173 juosta (76412). Harry Potter gerb\u0117jai gali patvirtinti savo lojalum\u0105 \u0160vilpyn\u0117s brolijai su \u0161ia i\u0161 LEGO\u00ae kalad\u0117li\u0173 konstruojama juosta. Pakabink j\u0105 ar atverk \u017eaidimams detalizuotame bendrajame kambaryje<\/li>\n<li>Trij\u0173 Hogvartso student\u0173 \u2013 Sedriko Digorio, Zuzanos Kaulinink\u0117s ir Hanos Abat\u0117s \u2013 minifig\u016br\u0117l\u0117s su papildomais gen\u0117jimo \u017eirkli\u0173, laistytuvo, stalo \u012franki\u0173 ir El\u0161p\u016bt\u0117s taur\u0117s elementais<\/li>\n<li>Autenti\u0161kos detal\u0117s. Juost\u0105, kurioje yra \u0160vilpyn\u0117s brolijos herbas, galima atverti ir i\u0161vysti piln\u0105 augal\u0173 bendr\u0105j\u012f kambar\u012f. Jame yra konstruojama skrynia, moli\u016bgas ir stalas, padengtas \u012fvairiais maisto elementais<\/li>\n<li>3D efektai. I\u0161kilusi nugar\u0117l\u0117 sukuria judan\u010di\u0173 debes\u0173, u\u017e lango pakylan\u010di\u0173 ir nusileid\u017eian\u010di\u0173 mandragor\u0173, Niflerio, vagian\u010dio monetas i\u0161 u\u017e statin\u0117s, spragsin\u010dios ugnies ir daug kit\u0173 efekt\u0173<\/li>\n<\/ul>","protected":false},"excerpt":{"rendered":"<p>\u0160is \u017eaidimo rinkinys, kur\u012f paprasta laikyti ir transportuoti, bus \u0161auni dovana vaikams nuo 9 met\u0173 ir taps 1 ir 4<\/p>","protected":false},"featured_media":38667,"comment_status":"open","ping_status":"closed","template":"","meta":[],"product_brand":[423],"product_cat":[677,406,438],"product_tag":[],"class_list":{"0":"post-38666","1":"product","2":"type-product","3":"status-publish","4":"has-post-thumbnail","6":"product_brand-lego","7":"product_cat-lego-konstruktoriai","8":"product_cat-lego","9":"product_cat-lego-harry-potter","11":"first","12":"instock","13":"taxable","14":"shipping-taxable","15":"purchasable","16":"product-type-simple"},"yoast_head":"<!-- This site is optimized with the Yoast SEO plugin v25.9 - https:\/\/yoast.com\/wordpress\/plugins\/seo\/ -->\n<title>LEGO\u00ae 76412 Hufflepuff House Banner - Collectin.eu<\/title>\n<meta name=\"description\" content=\"Vaikai gali atskleisti tikr\u0105j\u0105 savo prigimt\u012f su \u0161iuo LEGO\u00ae Harry Potter \u0160vilpyn\u0117s brolijos nam\u0173 juostos (76411) rinkiniu.\" \/>\n<meta name=\"robots\" content=\"index, follow, max-snippet:-1, max-image-preview:large, max-video-preview:-1\" \/>\n<link rel=\"canonical\" href=\"https:\/\/collectin.eu\/en\/product\/lego-76412-svilpynes-brolijos-namu-juosta\/\" \/>\n<meta property=\"og:locale\" content=\"en_US\" \/>\n<meta property=\"og:type\" content=\"article\" \/>\n<meta property=\"og:title\" content=\"LEGO\u00ae 76412 Hufflepuff House Banner - Collectin.eu\" \/>\n<meta property=\"og:description\" content=\"Vaikai gali atskleisti tikr\u0105j\u0105 savo prigimt\u012f su \u0161iuo LEGO\u00ae Harry Potter \u0160vilpyn\u0117s brolijos nam\u0173 juostos (76411) rinkiniu.\" \/>\n<meta property=\"og:url\" content=\"https:\/\/collectin.eu\/en\/product\/lego-76412-svilpynes-brolijos-namu-juosta\/\" \/>\n<meta property=\"og:site_name\" content=\"Collectin.eu\" \/>\n<meta property=\"article:modified_time\" content=\"2026-04-08T10:25:23+00:00\" \/>\n<meta property=\"og:image\" content=\"http:\/\/collectin.eu\/wp-content\/uploads\/2025\/12\/Untitled-design-94.png\" \/>\n\t<meta property=\"og:image:width\" content=\"1080\" \/>\n\t<meta property=\"og:image:height\" content=\"1080\" \/>\n\t<meta property=\"og:image:type\" content=\"image\/png\" \/>\n<meta name=\"twitter:card\" content=\"summary_large_image\" \/>\n<meta name=\"twitter:label1\" content=\"Est. reading time\" \/>\n\t<meta name=\"twitter:data1\" content=\"2 minutes\" \/>\n<script type=\"application\/ld+json\" class=\"yoast-schema-graph\">{\"@context\":\"https:\/\/schema.org\",\"@graph\":[{\"@type\":\"WebPage\",\"@id\":\"https:\/\/collectin.eu\/produktas\/lego-76412-svilpynes-brolijos-namu-juosta\/\",\"url\":\"https:\/\/collectin.eu\/produktas\/lego-76412-svilpynes-brolijos-namu-juosta\/\",\"name\":\"LEGO\u00ae 76412 Hufflepuff House Banner - Collectin.eu\",\"isPartOf\":{\"@id\":\"https:\/\/collectin.eu\/#website\"},\"primaryImageOfPage\":{\"@id\":\"https:\/\/collectin.eu\/produktas\/lego-76412-svilpynes-brolijos-namu-juosta\/#primaryimage\"},\"image\":{\"@id\":\"https:\/\/collectin.eu\/produktas\/lego-76412-svilpynes-brolijos-namu-juosta\/#primaryimage\"},\"thumbnailUrl\":\"https:\/\/collectin.eu\/wp-content\/uploads\/2025\/12\/Untitled-design-94.png\",\"datePublished\":\"2025-12-26T12:11:51+00:00\",\"dateModified\":\"2026-04-08T10:25:23+00:00\",\"description\":\"Vaikai gali atskleisti tikr\u0105j\u0105 savo prigimt\u012f su \u0161iuo LEGO\u00ae Harry Potter \u0160vilpyn\u0117s brolijos nam\u0173 juostos (76411) rinkiniu.\",\"breadcrumb\":{\"@id\":\"https:\/\/collectin.eu\/produktas\/lego-76412-svilpynes-brolijos-namu-juosta\/#breadcrumb\"},\"inLanguage\":\"en-US\",\"potentialAction\":[{\"@type\":\"ReadAction\",\"target\":[\"https:\/\/collectin.eu\/produktas\/lego-76412-svilpynes-brolijos-namu-juosta\/\"]}]},{\"@type\":\"ImageObject\",\"inLanguage\":\"en-US\",\"@id\":\"https:\/\/collectin.eu\/produktas\/lego-76412-svilpynes-brolijos-namu-juosta\/#primaryimage\",\"url\":\"https:\/\/collectin.eu\/wp-content\/uploads\/2025\/12\/Untitled-design-94.png\",\"contentUrl\":\"https:\/\/collectin.eu\/wp-content\/uploads\/2025\/12\/Untitled-design-94.png\",\"width\":1080,\"height\":1080},{\"@type\":\"BreadcrumbList\",\"@id\":\"https:\/\/collectin.eu\/produktas\/lego-76412-svilpynes-brolijos-namu-juosta\/#breadcrumb\",\"itemListElement\":[{\"@type\":\"ListItem\",\"position\":1,\"name\":\"Home\",\"item\":\"https:\/\/collectin.eu\/\"},{\"@type\":\"ListItem\",\"position\":2,\"name\":\"Parduotuv\u0117\",\"item\":\"https:\/\/collectin.eu\/parduotuve\/\"},{\"@type\":\"ListItem\",\"position\":3,\"name\":\"LEGO\u00ae 76412 Hufflepuff House Banner\"}]},{\"@type\":\"WebSite\",\"@id\":\"https:\/\/collectin.eu\/#website\",\"url\":\"https:\/\/collectin.eu\/\",\"name\":\"Collectin.eu\",\"description\":\"\",\"potentialAction\":[{\"@type\":\"SearchAction\",\"target\":{\"@type\":\"EntryPoint\",\"urlTemplate\":\"https:\/\/collectin.eu\/?s={search_term_string}\"},\"query-input\":{\"@type\":\"PropertyValueSpecification\",\"valueRequired\":true,\"valueName\":\"search_term_string\"}}],\"inLanguage\":\"en-US\"}]}<\/script>\n<!-- \/ Yoast SEO plugin. -->","yoast_head_json":{"title":"LEGO\u00ae 76412 Hufflepuff House Banner - Collectin.eu","description":"Vaikai gali atskleisti tikr\u0105j\u0105 savo prigimt\u012f su \u0161iuo LEGO\u00ae Harry Potter \u0160vilpyn\u0117s brolijos nam\u0173 juostos (76411) rinkiniu.","robots":{"index":"index","follow":"follow","max-snippet":"max-snippet:-1","max-image-preview":"max-image-preview:large","max-video-preview":"max-video-preview:-1"},"canonical":"https:\/\/collectin.eu\/en\/product\/lego-76412-svilpynes-brolijos-namu-juosta\/","og_locale":"en_US","og_type":"article","og_title":"LEGO\u00ae 76412 Hufflepuff House Banner - Collectin.eu","og_description":"Vaikai gali atskleisti tikr\u0105j\u0105 savo prigimt\u012f su \u0161iuo LEGO\u00ae Harry Potter \u0160vilpyn\u0117s brolijos nam\u0173 juostos (76411) rinkiniu.","og_url":"https:\/\/collectin.eu\/en\/product\/lego-76412-svilpynes-brolijos-namu-juosta\/","og_site_name":"Collectin.eu","article_modified_time":"2026-04-08T10:25:23+00:00","og_image":[{"width":1080,"height":1080,"url":"http:\/\/collectin.eu\/wp-content\/uploads\/2025\/12\/Untitled-design-94.png","type":"image\/png"}],"twitter_card":"summary_large_image","twitter_misc":{"Est. reading time":"2 minutes"},"schema":{"@context":"https:\/\/schema.org","@graph":[{"@type":"WebPage","@id":"https:\/\/collectin.eu\/produktas\/lego-76412-svilpynes-brolijos-namu-juosta\/","url":"https:\/\/collectin.eu\/produktas\/lego-76412-svilpynes-brolijos-namu-juosta\/","name":"LEGO\u00ae 76412 Hufflepuff House Banner - Collectin.eu","isPartOf":{"@id":"https:\/\/collectin.eu\/#website"},"primaryImageOfPage":{"@id":"https:\/\/collectin.eu\/produktas\/lego-76412-svilpynes-brolijos-namu-juosta\/#primaryimage"},"image":{"@id":"https:\/\/collectin.eu\/produktas\/lego-76412-svilpynes-brolijos-namu-juosta\/#primaryimage"},"thumbnailUrl":"https:\/\/collectin.eu\/wp-content\/uploads\/2025\/12\/Untitled-design-94.png","datePublished":"2025-12-26T12:11:51+00:00","dateModified":"2026-04-08T10:25:23+00:00","description":"Vaikai gali atskleisti tikr\u0105j\u0105 savo prigimt\u012f su \u0161iuo LEGO\u00ae Harry Potter \u0160vilpyn\u0117s brolijos nam\u0173 juostos (76411) rinkiniu.","breadcrumb":{"@id":"https:\/\/collectin.eu\/produktas\/lego-76412-svilpynes-brolijos-namu-juosta\/#breadcrumb"},"inLanguage":"en-US","potentialAction":[{"@type":"ReadAction","target":["https:\/\/collectin.eu\/produktas\/lego-76412-svilpynes-brolijos-namu-juosta\/"]}]},{"@type":"ImageObject","inLanguage":"en-US","@id":"https:\/\/collectin.eu\/produktas\/lego-76412-svilpynes-brolijos-namu-juosta\/#primaryimage","url":"https:\/\/collectin.eu\/wp-content\/uploads\/2025\/12\/Untitled-design-94.png","contentUrl":"https:\/\/collectin.eu\/wp-content\/uploads\/2025\/12\/Untitled-design-94.png","width":1080,"height":1080},{"@type":"BreadcrumbList","@id":"https:\/\/collectin.eu\/produktas\/lego-76412-svilpynes-brolijos-namu-juosta\/#breadcrumb","itemListElement":[{"@type":"ListItem","position":1,"name":"Home","item":"https:\/\/collectin.eu\/"},{"@type":"ListItem","position":2,"name":"Parduotuv\u0117","item":"https:\/\/collectin.eu\/parduotuve\/"},{"@type":"ListItem","position":3,"name":"LEGO\u00ae 76412 Hufflepuff House Banner"}]},{"@type":"WebSite","@id":"https:\/\/collectin.eu\/#website","url":"https:\/\/collectin.eu\/","name":"Collectin.eu","description":"","potentialAction":[{"@type":"SearchAction","target":{"@type":"EntryPoint","urlTemplate":"https:\/\/collectin.eu\/?s={search_term_string}"},"query-input":{"@type":"PropertyValueSpecification","valueRequired":true,"valueName":"search_term_string"}}],"inLanguage":"en-US"}]}},"jetpack_sharing_enabled":true,"_links":{"self":[{"href":"https:\/\/collectin.eu\/en\/wp-json\/wp\/v2\/product\/38666","targetHints":{"allow":["GET"]}}],"collection":[{"href":"https:\/\/collectin.eu\/en\/wp-json\/wp\/v2\/product"}],"about":[{"href":"https:\/\/collectin.eu\/en\/wp-json\/wp\/v2\/types\/product"}],"replies":[{"embeddable":true,"href":"https:\/\/collectin.eu\/en\/wp-json\/wp\/v2\/comments?post=38666"}],"version-history":[{"count":3,"href":"https:\/\/collectin.eu\/en\/wp-json\/wp\/v2\/product\/38666\/revisions"}],"predecessor-version":[{"id":40322,"href":"https:\/\/collectin.eu\/en\/wp-json\/wp\/v2\/product\/38666\/revisions\/40322"}],"wp:featuredmedia":[{"embeddable":true,"href":"https:\/\/collectin.eu\/en\/wp-json\/wp\/v2\/media\/38667"}],"wp:attachment":[{"href":"https:\/\/collectin.eu\/en\/wp-json\/wp\/v2\/media?parent=38666"}],"wp:term":[{"taxonomy":"product_brand","embeddable":true,"href":"https:\/\/collectin.eu\/en\/wp-json\/wp\/v2\/product_brand?post=38666"},{"taxonomy":"product_cat","embeddable":true,"href":"https:\/\/collectin.eu\/en\/wp-json\/wp\/v2\/product_cat?post=38666"},{"taxonomy":"product_tag","embeddable":true,"href":"https:\/\/collectin.eu\/en\/wp-json\/wp\/v2\/product_tag?post=38666"}],"curies":[{"name":"wp","href":"https:\/\/api.w.org\/{rel}","templated":true}]}}