{"id":38673,"date":"2025-12-26T12:17:01","date_gmt":"2025-12-26T12:17:01","guid":{"rendered":"https:\/\/collectin.eu\/?post_type=product&#038;p=38673"},"modified":"2026-04-08T10:25:23","modified_gmt":"2026-04-08T10:25:23","slug":"lego-76411-varnanages-brolijos-namu-juosta","status":"publish","type":"product","link":"https:\/\/collectin.eu\/en\/product\/lego-76411-varnanages-brolijos-namu-juosta\/","title":{"rendered":"LEGO\u00ae 76411 Ravenclaw House Banner"},"content":{"rendered":"<p>\u0160is lengvai ne\u0161iojamas LEGO Hario Poterio \u017eaidimo rinkinys bus \u0161auni kasdien\u0117 dovana vaikams nuo 9 met\u0173 ir yra viena i\u0161 4\u00a0Hogvartso kolekcini\u0173 nam\u0173 juost\u0173.<\/p>\n<p>I\u0161m\u0117ginkite nauj\u0105 konstravimo b\u016bd\u0105<br \/>\nSuteikite savo vaikui galimyb\u0119 leistis \u012f lengv\u0105 ir paprast\u0105 konstravimo nuotyk\u012f su program\u0117le \u201eLEGO Builder\u201c. \u010cia jis gal\u0117s priartinti ir sukin\u0117ti trima\u010dius modelius, i\u0161saugoti rinkinius ir steb\u0117ti savo progres\u0105.<\/p>\n<ul>\n<li>LEGO\u00ae Harry Potter Varnanag\u0117s brolijos nam\u0173 juosta (76411). Vaikai gali i\u0161reik\u0161ti savo lojalum\u0105 Varnanag\u0117s brolijai sukonstruodami \u0161i\u0105 juost\u0105. Pakabinkite j\u0105 arba atverskite, kad gal\u0117tum\u0117te \u017eaisti detalizuotame bendrajame kambaryje<\/li>\n<li>Trij\u0173 Varnanag\u0117s brolijos student\u0173 \u2013 \u010co \u010cang, Lunos Geranor\u0117s ir Maiklo Kornerio \u2013 fig\u016br\u0117l\u0117s, taip pat Kornvalio f\u0117jos ir lazdel\u0117s elementai<\/li>\n<li>Autenti\u0161kos detal\u0117s. Atv\u0117rus juost\u0105, kurioje yra Varnanag\u0117s brolijos herbas, atsiskleid\u017eia bendrasis kambarys, kuriame yrakonstruojamas stalas, knyga, 2 s\u0117dimos vietos ir 2 lempos, taip pat Varnanag\u0117s diadema<\/li>\n<li>Magi\u0161ki 3D efektai. I\u0161kilusi nugar\u0117l\u0117 sukuria Rovenos Varnanag\u0117s ir judan\u010di\u0173 debes\u0173 bei \u017eidinyje spragsin\u010dios ugnies atvaizd\u0173 gylio iliuzij\u0105<\/li>\n<li>Smagi dovanos id\u0117ja kasdienai. Padovanok \u0161\u012f 305\u00a0dali\u0173 rinkin\u012f Harry Potter gerb\u0117jams nuo 9 met\u0173 kaip staigmen\u0105, gimtadienio ar \u0161ven\u010di\u0173 dovan\u0105<\/li>\n<\/ul>","protected":false},"excerpt":{"rendered":"<p>\u0160is lengvai ne\u0161iojamas LEGO Hario Poterio \u017eaidimo rinkinys bus \u0161auni kasdien\u0117 dovana vaikams nuo 9 met\u0173 ir yra viena i\u0161<\/p>","protected":false},"featured_media":38674,"comment_status":"open","ping_status":"closed","template":"","meta":[],"product_brand":[423],"product_cat":[677,406,438],"product_tag":[],"class_list":{"0":"post-38673","1":"product","2":"type-product","3":"status-publish","4":"has-post-thumbnail","6":"product_brand-lego","7":"product_cat-lego-konstruktoriai","8":"product_cat-lego","9":"product_cat-lego-harry-potter","11":"first","12":"instock","13":"taxable","14":"shipping-taxable","15":"purchasable","16":"product-type-simple"},"yoast_head":"<!-- This site is optimized with the Yoast SEO plugin v25.9 - https:\/\/yoast.com\/wordpress\/plugins\/seo\/ -->\n<title>LEGO\u00ae 76411 Ravenclaw House Banner - Collectin.eu<\/title>\n<meta name=\"description\" content=\"Gerb\u0117jai gali i\u0161reik\u0161ti savo pasidid\u017eiavim\u0105 Varnanag\u0117s brolija su \u0161iuo LEGO\u00ae Harry Potter Varnanag\u0117s brolijos nam\u0173 juostos (76411) rinkiniu.\" \/>\n<meta name=\"robots\" content=\"index, follow, max-snippet:-1, max-image-preview:large, max-video-preview:-1\" \/>\n<link rel=\"canonical\" href=\"https:\/\/collectin.eu\/en\/product\/lego-76411-varnanages-brolijos-namu-juosta\/\" \/>\n<meta property=\"og:locale\" content=\"en_US\" \/>\n<meta property=\"og:type\" content=\"article\" \/>\n<meta property=\"og:title\" content=\"LEGO\u00ae 76411 Ravenclaw House Banner - Collectin.eu\" \/>\n<meta property=\"og:description\" content=\"Gerb\u0117jai gali i\u0161reik\u0161ti savo pasidid\u017eiavim\u0105 Varnanag\u0117s brolija su \u0161iuo LEGO\u00ae Harry Potter Varnanag\u0117s brolijos nam\u0173 juostos (76411) rinkiniu.\" \/>\n<meta property=\"og:url\" content=\"https:\/\/collectin.eu\/en\/product\/lego-76411-varnanages-brolijos-namu-juosta\/\" \/>\n<meta property=\"og:site_name\" content=\"Collectin.eu\" \/>\n<meta property=\"article:modified_time\" content=\"2026-04-08T10:25:23+00:00\" \/>\n<meta property=\"og:image\" content=\"http:\/\/collectin.eu\/wp-content\/uploads\/2025\/12\/Untitled-design-97.png\" \/>\n\t<meta property=\"og:image:width\" content=\"1080\" \/>\n\t<meta property=\"og:image:height\" content=\"1080\" \/>\n\t<meta property=\"og:image:type\" content=\"image\/png\" \/>\n<meta name=\"twitter:card\" content=\"summary_large_image\" \/>\n<meta name=\"twitter:label1\" content=\"Est. reading time\" \/>\n\t<meta name=\"twitter:data1\" content=\"2 minutes\" \/>\n<script type=\"application\/ld+json\" class=\"yoast-schema-graph\">{\"@context\":\"https:\/\/schema.org\",\"@graph\":[{\"@type\":\"WebPage\",\"@id\":\"https:\/\/collectin.eu\/produktas\/lego-76411-varnanages-brolijos-namu-juosta\/\",\"url\":\"https:\/\/collectin.eu\/produktas\/lego-76411-varnanages-brolijos-namu-juosta\/\",\"name\":\"LEGO\u00ae 76411 Ravenclaw House Banner - Collectin.eu\",\"isPartOf\":{\"@id\":\"https:\/\/collectin.eu\/#website\"},\"primaryImageOfPage\":{\"@id\":\"https:\/\/collectin.eu\/produktas\/lego-76411-varnanages-brolijos-namu-juosta\/#primaryimage\"},\"image\":{\"@id\":\"https:\/\/collectin.eu\/produktas\/lego-76411-varnanages-brolijos-namu-juosta\/#primaryimage\"},\"thumbnailUrl\":\"https:\/\/collectin.eu\/wp-content\/uploads\/2025\/12\/Untitled-design-97.png\",\"datePublished\":\"2025-12-26T12:17:01+00:00\",\"dateModified\":\"2026-04-08T10:25:23+00:00\",\"description\":\"Gerb\u0117jai gali i\u0161reik\u0161ti savo pasidid\u017eiavim\u0105 Varnanag\u0117s brolija su \u0161iuo LEGO\u00ae Harry Potter Varnanag\u0117s brolijos nam\u0173 juostos (76411) rinkiniu.\",\"breadcrumb\":{\"@id\":\"https:\/\/collectin.eu\/produktas\/lego-76411-varnanages-brolijos-namu-juosta\/#breadcrumb\"},\"inLanguage\":\"en-US\",\"potentialAction\":[{\"@type\":\"ReadAction\",\"target\":[\"https:\/\/collectin.eu\/produktas\/lego-76411-varnanages-brolijos-namu-juosta\/\"]}]},{\"@type\":\"ImageObject\",\"inLanguage\":\"en-US\",\"@id\":\"https:\/\/collectin.eu\/produktas\/lego-76411-varnanages-brolijos-namu-juosta\/#primaryimage\",\"url\":\"https:\/\/collectin.eu\/wp-content\/uploads\/2025\/12\/Untitled-design-97.png\",\"contentUrl\":\"https:\/\/collectin.eu\/wp-content\/uploads\/2025\/12\/Untitled-design-97.png\",\"width\":1080,\"height\":1080},{\"@type\":\"BreadcrumbList\",\"@id\":\"https:\/\/collectin.eu\/produktas\/lego-76411-varnanages-brolijos-namu-juosta\/#breadcrumb\",\"itemListElement\":[{\"@type\":\"ListItem\",\"position\":1,\"name\":\"Home\",\"item\":\"https:\/\/collectin.eu\/\"},{\"@type\":\"ListItem\",\"position\":2,\"name\":\"Parduotuv\u0117\",\"item\":\"https:\/\/collectin.eu\/parduotuve\/\"},{\"@type\":\"ListItem\",\"position\":3,\"name\":\"LEGO\u00ae 76411 Ravenclaw House Banner\"}]},{\"@type\":\"WebSite\",\"@id\":\"https:\/\/collectin.eu\/#website\",\"url\":\"https:\/\/collectin.eu\/\",\"name\":\"Collectin.eu\",\"description\":\"\",\"potentialAction\":[{\"@type\":\"SearchAction\",\"target\":{\"@type\":\"EntryPoint\",\"urlTemplate\":\"https:\/\/collectin.eu\/?s={search_term_string}\"},\"query-input\":{\"@type\":\"PropertyValueSpecification\",\"valueRequired\":true,\"valueName\":\"search_term_string\"}}],\"inLanguage\":\"en-US\"}]}<\/script>\n<!-- \/ Yoast SEO plugin. -->","yoast_head_json":{"title":"LEGO\u00ae 76411 Ravenclaw House Banner - Collectin.eu","description":"Gerb\u0117jai gali i\u0161reik\u0161ti savo pasidid\u017eiavim\u0105 Varnanag\u0117s brolija su \u0161iuo LEGO\u00ae Harry Potter Varnanag\u0117s brolijos nam\u0173 juostos (76411) rinkiniu.","robots":{"index":"index","follow":"follow","max-snippet":"max-snippet:-1","max-image-preview":"max-image-preview:large","max-video-preview":"max-video-preview:-1"},"canonical":"https:\/\/collectin.eu\/en\/product\/lego-76411-varnanages-brolijos-namu-juosta\/","og_locale":"en_US","og_type":"article","og_title":"LEGO\u00ae 76411 Ravenclaw House Banner - Collectin.eu","og_description":"Gerb\u0117jai gali i\u0161reik\u0161ti savo pasidid\u017eiavim\u0105 Varnanag\u0117s brolija su \u0161iuo LEGO\u00ae Harry Potter Varnanag\u0117s brolijos nam\u0173 juostos (76411) rinkiniu.","og_url":"https:\/\/collectin.eu\/en\/product\/lego-76411-varnanages-brolijos-namu-juosta\/","og_site_name":"Collectin.eu","article_modified_time":"2026-04-08T10:25:23+00:00","og_image":[{"width":1080,"height":1080,"url":"http:\/\/collectin.eu\/wp-content\/uploads\/2025\/12\/Untitled-design-97.png","type":"image\/png"}],"twitter_card":"summary_large_image","twitter_misc":{"Est. reading time":"2 minutes"},"schema":{"@context":"https:\/\/schema.org","@graph":[{"@type":"WebPage","@id":"https:\/\/collectin.eu\/produktas\/lego-76411-varnanages-brolijos-namu-juosta\/","url":"https:\/\/collectin.eu\/produktas\/lego-76411-varnanages-brolijos-namu-juosta\/","name":"LEGO\u00ae 76411 Ravenclaw House Banner - Collectin.eu","isPartOf":{"@id":"https:\/\/collectin.eu\/#website"},"primaryImageOfPage":{"@id":"https:\/\/collectin.eu\/produktas\/lego-76411-varnanages-brolijos-namu-juosta\/#primaryimage"},"image":{"@id":"https:\/\/collectin.eu\/produktas\/lego-76411-varnanages-brolijos-namu-juosta\/#primaryimage"},"thumbnailUrl":"https:\/\/collectin.eu\/wp-content\/uploads\/2025\/12\/Untitled-design-97.png","datePublished":"2025-12-26T12:17:01+00:00","dateModified":"2026-04-08T10:25:23+00:00","description":"Gerb\u0117jai gali i\u0161reik\u0161ti savo pasidid\u017eiavim\u0105 Varnanag\u0117s brolija su \u0161iuo LEGO\u00ae Harry Potter Varnanag\u0117s brolijos nam\u0173 juostos (76411) rinkiniu.","breadcrumb":{"@id":"https:\/\/collectin.eu\/produktas\/lego-76411-varnanages-brolijos-namu-juosta\/#breadcrumb"},"inLanguage":"en-US","potentialAction":[{"@type":"ReadAction","target":["https:\/\/collectin.eu\/produktas\/lego-76411-varnanages-brolijos-namu-juosta\/"]}]},{"@type":"ImageObject","inLanguage":"en-US","@id":"https:\/\/collectin.eu\/produktas\/lego-76411-varnanages-brolijos-namu-juosta\/#primaryimage","url":"https:\/\/collectin.eu\/wp-content\/uploads\/2025\/12\/Untitled-design-97.png","contentUrl":"https:\/\/collectin.eu\/wp-content\/uploads\/2025\/12\/Untitled-design-97.png","width":1080,"height":1080},{"@type":"BreadcrumbList","@id":"https:\/\/collectin.eu\/produktas\/lego-76411-varnanages-brolijos-namu-juosta\/#breadcrumb","itemListElement":[{"@type":"ListItem","position":1,"name":"Home","item":"https:\/\/collectin.eu\/"},{"@type":"ListItem","position":2,"name":"Parduotuv\u0117","item":"https:\/\/collectin.eu\/parduotuve\/"},{"@type":"ListItem","position":3,"name":"LEGO\u00ae 76411 Ravenclaw House Banner"}]},{"@type":"WebSite","@id":"https:\/\/collectin.eu\/#website","url":"https:\/\/collectin.eu\/","name":"Collectin.eu","description":"","potentialAction":[{"@type":"SearchAction","target":{"@type":"EntryPoint","urlTemplate":"https:\/\/collectin.eu\/?s={search_term_string}"},"query-input":{"@type":"PropertyValueSpecification","valueRequired":true,"valueName":"search_term_string"}}],"inLanguage":"en-US"}]}},"jetpack_sharing_enabled":true,"_links":{"self":[{"href":"https:\/\/collectin.eu\/en\/wp-json\/wp\/v2\/product\/38673","targetHints":{"allow":["GET"]}}],"collection":[{"href":"https:\/\/collectin.eu\/en\/wp-json\/wp\/v2\/product"}],"about":[{"href":"https:\/\/collectin.eu\/en\/wp-json\/wp\/v2\/types\/product"}],"replies":[{"embeddable":true,"href":"https:\/\/collectin.eu\/en\/wp-json\/wp\/v2\/comments?post=38673"}],"version-history":[{"count":3,"href":"https:\/\/collectin.eu\/en\/wp-json\/wp\/v2\/product\/38673\/revisions"}],"predecessor-version":[{"id":40320,"href":"https:\/\/collectin.eu\/en\/wp-json\/wp\/v2\/product\/38673\/revisions\/40320"}],"wp:featuredmedia":[{"embeddable":true,"href":"https:\/\/collectin.eu\/en\/wp-json\/wp\/v2\/media\/38674"}],"wp:attachment":[{"href":"https:\/\/collectin.eu\/en\/wp-json\/wp\/v2\/media?parent=38673"}],"wp:term":[{"taxonomy":"product_brand","embeddable":true,"href":"https:\/\/collectin.eu\/en\/wp-json\/wp\/v2\/product_brand?post=38673"},{"taxonomy":"product_cat","embeddable":true,"href":"https:\/\/collectin.eu\/en\/wp-json\/wp\/v2\/product_cat?post=38673"},{"taxonomy":"product_tag","embeddable":true,"href":"https:\/\/collectin.eu\/en\/wp-json\/wp\/v2\/product_tag?post=38673"}],"curies":[{"name":"wp","href":"https:\/\/api.w.org\/{rel}","templated":true}]}}