{"id":38679,"date":"2025-12-26T12:22:26","date_gmt":"2025-12-26T12:22:26","guid":{"rendered":"https:\/\/collectin.eu\/?post_type=product&#038;p=38679"},"modified":"2026-04-08T10:25:23","modified_gmt":"2026-04-08T10:25:23","slug":"lego-76418-harry-potter-2023-metu-advento-kalendorius","status":"publish","type":"product","link":"https:\/\/collectin.eu\/en\/product\/lego-76418-harry-potter-2023-metu-advento-kalendorius\/","title":{"rendered":"LEGO\u00ae 76418 Harry Potter 2023 Advent Calendar"},"content":{"rendered":"<p>Vaikai atras 6 naujas 2023 met\u0173 rugs\u0117jo m\u0117nesio LEGO Hario Poterio minifig\u016br\u0117les, \u012fskaitant Aberfort\u0105 Dumbldor\u0105, ir 18 miniati\u016brini\u0173 pastat\u0173 fig\u016br\u0117li\u0173, perteikian\u010di\u0173 Kiauliasod\u017eio \u2013 vienintelio burtinink\u0173 kaimo \u2013 magij\u0105. Art\u0117jant Kal\u0117doms, \u017eaidim\u0173 galimyb\u0117s pl\u0117sis, nes \u010dia rasite u\u017eeig\u0173 \u201eTrys \u0161luotos\u201c, \u201e\u0160erno galva\u201c, taip pat Zonko juok\u0173 krautuv\u0117l\u0117s ir saldumyn\u0173 krautuv\u0117l\u0117s \u201eDevyni med\u016bs\u201c modelius.<\/p>\n<p>Konstruok, \u017eaisk, derink<br \/>\n\u0160ventinio kalendoriaus minifig\u016br\u0117l\u0117s ir konstruojami modeliai gali b\u016bti jungiami su kitais LEGO Hario Poterio rinkiniais dar didesn\u0117ms k\u016brybi\u0161ko \u017eaidimo galimyb\u0117ms.<\/p>\n<ul>\n<li>Sukurkite \u012fkv\u0117pim\u0105 magi\u0161koms Kal\u0117doms. Leiskite vaikams atrasti staigmen\u0105, slypin\u010di\u0105 u\u017e kiekvien\u0173 2023 met\u0173 LEGO\u00ae Harry Potter Advento kalendoriaus dureli\u0173 (76418), ir patiems patirti nuotyki\u0173 Kiauliasod\u017eio kaime<\/li>\n<li>Rinkinyje yra 6 minifig\u016br\u0117l\u0117s \u2013 Harry Potter, Hermionos \u012ekyr\u0117l\u0117s, Ronio Vizlio, Drako Smird\u017eiaus, Aberforto Dumbldoro ir Madam Rosmertos, taip pat legendiniai Hario Poterio film\u0173 atributai<\/li>\n<li>18 Kiauliasod\u017eio kaimo miniati\u016brini\u0173 pastat\u0173. Rinkinyje rasite u\u017eeig\u0173 \u201eTrys \u0161luotos\u201c, \u201e\u0160erno galva\u201c, Zonko juok\u0173 krautuv\u0117l\u0117s ir saldumyn\u0173 krautuv\u0117l\u0117s \u201eDevyni med\u016bs\u201c modelius su papildomais 2\u20133 statiniais, taip pat kit\u0173 \u0161ventini\u0173 atribut\u0173<\/li>\n<li>Iliustruotos instrukcijos. U\u017e kiekvien\u0173 dureli\u0173 rasite paprastas iliustruotas modeli\u0173 konstravimo instrukcijas<\/li>\n<\/ul>","protected":false},"excerpt":{"rendered":"<p>Vaikai atras 6 naujas 2023 met\u0173 rugs\u0117jo m\u0117nesio LEGO Hario Poterio minifig\u016br\u0117les, \u012fskaitant Aberfort\u0105 Dumbldor\u0105, ir 18 miniati\u016brini\u0173 pastat\u0173 fig\u016br\u0117li\u0173,<\/p>","protected":false},"featured_media":38680,"comment_status":"open","ping_status":"closed","template":"","meta":[],"product_brand":[423],"product_cat":[677,406,438],"product_tag":[],"class_list":{"0":"post-38679","1":"product","2":"type-product","3":"status-publish","4":"has-post-thumbnail","6":"product_brand-lego","7":"product_cat-lego-konstruktoriai","8":"product_cat-lego","9":"product_cat-lego-harry-potter","11":"first","12":"instock","13":"taxable","14":"shipping-taxable","15":"purchasable","16":"product-type-simple"},"yoast_head":"<!-- This site is optimized with the Yoast SEO plugin v25.9 - https:\/\/yoast.com\/wordpress\/plugins\/seo\/ -->\n<title>LEGO\u00ae 76418 Harry Potter 2023 Advent Calendar - Collectin.eu<\/title>\n<meta name=\"description\" content=\"Sukurkite jauki\u0105 Kal\u0117d\u0173 nuotaik\u0105 jauniesiems Harry Potter gerb\u0117jams su 2023 met\u0173 LEGO\u00ae Harry Potter Advento kalendoriumi (76418).\" \/>\n<meta name=\"robots\" content=\"index, follow, max-snippet:-1, max-image-preview:large, max-video-preview:-1\" \/>\n<link rel=\"canonical\" href=\"https:\/\/collectin.eu\/en\/product\/lego-76418-harry-potter-2023-metu-advento-kalendorius\/\" \/>\n<meta property=\"og:locale\" content=\"en_US\" \/>\n<meta property=\"og:type\" content=\"article\" \/>\n<meta property=\"og:title\" content=\"LEGO\u00ae 76418 Harry Potter 2023 Advent Calendar - Collectin.eu\" \/>\n<meta property=\"og:description\" content=\"Sukurkite jauki\u0105 Kal\u0117d\u0173 nuotaik\u0105 jauniesiems Harry Potter gerb\u0117jams su 2023 met\u0173 LEGO\u00ae Harry Potter Advento kalendoriumi (76418).\" \/>\n<meta property=\"og:url\" content=\"https:\/\/collectin.eu\/en\/product\/lego-76418-harry-potter-2023-metu-advento-kalendorius\/\" \/>\n<meta property=\"og:site_name\" content=\"Collectin.eu\" \/>\n<meta property=\"article:modified_time\" content=\"2026-04-08T10:25:23+00:00\" \/>\n<meta property=\"og:image\" content=\"http:\/\/collectin.eu\/wp-content\/uploads\/2025\/12\/Untitled-design-100.png\" \/>\n\t<meta property=\"og:image:width\" content=\"1080\" \/>\n\t<meta property=\"og:image:height\" content=\"1080\" \/>\n\t<meta property=\"og:image:type\" content=\"image\/png\" \/>\n<meta name=\"twitter:card\" content=\"summary_large_image\" \/>\n<meta name=\"twitter:label1\" content=\"Est. reading time\" \/>\n\t<meta name=\"twitter:data1\" content=\"2 minutes\" \/>\n<script type=\"application\/ld+json\" class=\"yoast-schema-graph\">{\"@context\":\"https:\/\/schema.org\",\"@graph\":[{\"@type\":\"WebPage\",\"@id\":\"https:\/\/collectin.eu\/produktas\/lego-76418-harry-potter-2023-metu-advento-kalendorius\/\",\"url\":\"https:\/\/collectin.eu\/produktas\/lego-76418-harry-potter-2023-metu-advento-kalendorius\/\",\"name\":\"LEGO\u00ae 76418 Harry Potter 2023 Advent Calendar - Collectin.eu\",\"isPartOf\":{\"@id\":\"https:\/\/collectin.eu\/#website\"},\"primaryImageOfPage\":{\"@id\":\"https:\/\/collectin.eu\/produktas\/lego-76418-harry-potter-2023-metu-advento-kalendorius\/#primaryimage\"},\"image\":{\"@id\":\"https:\/\/collectin.eu\/produktas\/lego-76418-harry-potter-2023-metu-advento-kalendorius\/#primaryimage\"},\"thumbnailUrl\":\"https:\/\/collectin.eu\/wp-content\/uploads\/2025\/12\/Untitled-design-100.png\",\"datePublished\":\"2025-12-26T12:22:26+00:00\",\"dateModified\":\"2026-04-08T10:25:23+00:00\",\"description\":\"Sukurkite jauki\u0105 Kal\u0117d\u0173 nuotaik\u0105 jauniesiems Harry Potter gerb\u0117jams su 2023 met\u0173 LEGO\u00ae Harry Potter Advento kalendoriumi (76418).\",\"breadcrumb\":{\"@id\":\"https:\/\/collectin.eu\/produktas\/lego-76418-harry-potter-2023-metu-advento-kalendorius\/#breadcrumb\"},\"inLanguage\":\"en-US\",\"potentialAction\":[{\"@type\":\"ReadAction\",\"target\":[\"https:\/\/collectin.eu\/produktas\/lego-76418-harry-potter-2023-metu-advento-kalendorius\/\"]}]},{\"@type\":\"ImageObject\",\"inLanguage\":\"en-US\",\"@id\":\"https:\/\/collectin.eu\/produktas\/lego-76418-harry-potter-2023-metu-advento-kalendorius\/#primaryimage\",\"url\":\"https:\/\/collectin.eu\/wp-content\/uploads\/2025\/12\/Untitled-design-100.png\",\"contentUrl\":\"https:\/\/collectin.eu\/wp-content\/uploads\/2025\/12\/Untitled-design-100.png\",\"width\":1080,\"height\":1080},{\"@type\":\"BreadcrumbList\",\"@id\":\"https:\/\/collectin.eu\/produktas\/lego-76418-harry-potter-2023-metu-advento-kalendorius\/#breadcrumb\",\"itemListElement\":[{\"@type\":\"ListItem\",\"position\":1,\"name\":\"Home\",\"item\":\"https:\/\/collectin.eu\/\"},{\"@type\":\"ListItem\",\"position\":2,\"name\":\"Parduotuv\u0117\",\"item\":\"https:\/\/collectin.eu\/parduotuve\/\"},{\"@type\":\"ListItem\",\"position\":3,\"name\":\"LEGO\u00ae 76418 Harry Potter 2023 Advent Calendar\"}]},{\"@type\":\"WebSite\",\"@id\":\"https:\/\/collectin.eu\/#website\",\"url\":\"https:\/\/collectin.eu\/\",\"name\":\"Collectin.eu\",\"description\":\"\",\"potentialAction\":[{\"@type\":\"SearchAction\",\"target\":{\"@type\":\"EntryPoint\",\"urlTemplate\":\"https:\/\/collectin.eu\/?s={search_term_string}\"},\"query-input\":{\"@type\":\"PropertyValueSpecification\",\"valueRequired\":true,\"valueName\":\"search_term_string\"}}],\"inLanguage\":\"en-US\"}]}<\/script>\n<!-- \/ Yoast SEO plugin. -->","yoast_head_json":{"title":"LEGO\u00ae 76418 Harry Potter 2023 Advent Calendar - Collectin.eu","description":"Sukurkite jauki\u0105 Kal\u0117d\u0173 nuotaik\u0105 jauniesiems Harry Potter gerb\u0117jams su 2023 met\u0173 LEGO\u00ae Harry Potter Advento kalendoriumi (76418).","robots":{"index":"index","follow":"follow","max-snippet":"max-snippet:-1","max-image-preview":"max-image-preview:large","max-video-preview":"max-video-preview:-1"},"canonical":"https:\/\/collectin.eu\/en\/product\/lego-76418-harry-potter-2023-metu-advento-kalendorius\/","og_locale":"en_US","og_type":"article","og_title":"LEGO\u00ae 76418 Harry Potter 2023 Advent Calendar - Collectin.eu","og_description":"Sukurkite jauki\u0105 Kal\u0117d\u0173 nuotaik\u0105 jauniesiems Harry Potter gerb\u0117jams su 2023 met\u0173 LEGO\u00ae Harry Potter Advento kalendoriumi (76418).","og_url":"https:\/\/collectin.eu\/en\/product\/lego-76418-harry-potter-2023-metu-advento-kalendorius\/","og_site_name":"Collectin.eu","article_modified_time":"2026-04-08T10:25:23+00:00","og_image":[{"width":1080,"height":1080,"url":"http:\/\/collectin.eu\/wp-content\/uploads\/2025\/12\/Untitled-design-100.png","type":"image\/png"}],"twitter_card":"summary_large_image","twitter_misc":{"Est. reading time":"2 minutes"},"schema":{"@context":"https:\/\/schema.org","@graph":[{"@type":"WebPage","@id":"https:\/\/collectin.eu\/produktas\/lego-76418-harry-potter-2023-metu-advento-kalendorius\/","url":"https:\/\/collectin.eu\/produktas\/lego-76418-harry-potter-2023-metu-advento-kalendorius\/","name":"LEGO\u00ae 76418 Harry Potter 2023 Advent Calendar - Collectin.eu","isPartOf":{"@id":"https:\/\/collectin.eu\/#website"},"primaryImageOfPage":{"@id":"https:\/\/collectin.eu\/produktas\/lego-76418-harry-potter-2023-metu-advento-kalendorius\/#primaryimage"},"image":{"@id":"https:\/\/collectin.eu\/produktas\/lego-76418-harry-potter-2023-metu-advento-kalendorius\/#primaryimage"},"thumbnailUrl":"https:\/\/collectin.eu\/wp-content\/uploads\/2025\/12\/Untitled-design-100.png","datePublished":"2025-12-26T12:22:26+00:00","dateModified":"2026-04-08T10:25:23+00:00","description":"Sukurkite jauki\u0105 Kal\u0117d\u0173 nuotaik\u0105 jauniesiems Harry Potter gerb\u0117jams su 2023 met\u0173 LEGO\u00ae Harry Potter Advento kalendoriumi (76418).","breadcrumb":{"@id":"https:\/\/collectin.eu\/produktas\/lego-76418-harry-potter-2023-metu-advento-kalendorius\/#breadcrumb"},"inLanguage":"en-US","potentialAction":[{"@type":"ReadAction","target":["https:\/\/collectin.eu\/produktas\/lego-76418-harry-potter-2023-metu-advento-kalendorius\/"]}]},{"@type":"ImageObject","inLanguage":"en-US","@id":"https:\/\/collectin.eu\/produktas\/lego-76418-harry-potter-2023-metu-advento-kalendorius\/#primaryimage","url":"https:\/\/collectin.eu\/wp-content\/uploads\/2025\/12\/Untitled-design-100.png","contentUrl":"https:\/\/collectin.eu\/wp-content\/uploads\/2025\/12\/Untitled-design-100.png","width":1080,"height":1080},{"@type":"BreadcrumbList","@id":"https:\/\/collectin.eu\/produktas\/lego-76418-harry-potter-2023-metu-advento-kalendorius\/#breadcrumb","itemListElement":[{"@type":"ListItem","position":1,"name":"Home","item":"https:\/\/collectin.eu\/"},{"@type":"ListItem","position":2,"name":"Parduotuv\u0117","item":"https:\/\/collectin.eu\/parduotuve\/"},{"@type":"ListItem","position":3,"name":"LEGO\u00ae 76418 Harry Potter 2023 Advent Calendar"}]},{"@type":"WebSite","@id":"https:\/\/collectin.eu\/#website","url":"https:\/\/collectin.eu\/","name":"Collectin.eu","description":"","potentialAction":[{"@type":"SearchAction","target":{"@type":"EntryPoint","urlTemplate":"https:\/\/collectin.eu\/?s={search_term_string}"},"query-input":{"@type":"PropertyValueSpecification","valueRequired":true,"valueName":"search_term_string"}}],"inLanguage":"en-US"}]}},"jetpack_sharing_enabled":true,"_links":{"self":[{"href":"https:\/\/collectin.eu\/en\/wp-json\/wp\/v2\/product\/38679","targetHints":{"allow":["GET"]}}],"collection":[{"href":"https:\/\/collectin.eu\/en\/wp-json\/wp\/v2\/product"}],"about":[{"href":"https:\/\/collectin.eu\/en\/wp-json\/wp\/v2\/types\/product"}],"replies":[{"embeddable":true,"href":"https:\/\/collectin.eu\/en\/wp-json\/wp\/v2\/comments?post=38679"}],"version-history":[{"count":3,"href":"https:\/\/collectin.eu\/en\/wp-json\/wp\/v2\/product\/38679\/revisions"}],"predecessor-version":[{"id":40315,"href":"https:\/\/collectin.eu\/en\/wp-json\/wp\/v2\/product\/38679\/revisions\/40315"}],"wp:featuredmedia":[{"embeddable":true,"href":"https:\/\/collectin.eu\/en\/wp-json\/wp\/v2\/media\/38680"}],"wp:attachment":[{"href":"https:\/\/collectin.eu\/en\/wp-json\/wp\/v2\/media?parent=38679"}],"wp:term":[{"taxonomy":"product_brand","embeddable":true,"href":"https:\/\/collectin.eu\/en\/wp-json\/wp\/v2\/product_brand?post=38679"},{"taxonomy":"product_cat","embeddable":true,"href":"https:\/\/collectin.eu\/en\/wp-json\/wp\/v2\/product_cat?post=38679"},{"taxonomy":"product_tag","embeddable":true,"href":"https:\/\/collectin.eu\/en\/wp-json\/wp\/v2\/product_tag?post=38679"}],"curies":[{"name":"wp","href":"https:\/\/api.w.org\/{rel}","templated":true}]}}