{"id":38685,"date":"2025-12-27T04:24:26","date_gmt":"2025-12-27T04:24:26","guid":{"rendered":"https:\/\/collectin.eu\/?post_type=product&#038;p=38685"},"modified":"2026-04-08T10:25:22","modified_gmt":"2026-04-08T10:25:22","slug":"lego-76263-gelezinis-zmogus-hulkbuster-pries-thanos","status":"publish","type":"product","link":"https:\/\/collectin.eu\/en\/product\/lego-76263-gelezinis-zmogus-hulkbuster-pries-thanos\/","title":{"rendered":"LEGO\u00ae 76263 Iron Man Hulkbuster vs. Thanos"},"content":{"rendered":"<p>Rinkiniai, skirtais vaikams nuo 4 met\u0173, suteikia galimyb\u0119 suaugusiesiems smagiai leisti laik\u0105 konstruojant su ma\u017eaisiais.<\/p>\n<ul>\n<li>K\u016brybinis \u017eaidimas jauniesiems superherojams \u2013 su \u201eLEGO\u00ae Marvel\u201c Gele\u017einio \u017emogaus Hulkbuster prie\u0161\u00a0Thanos (76263) rinkiniu ma\u017e\u0173j\u0173 nuo 4 met\u0173 rankose vystysis superheroj\u0173 veiksmas<\/li>\n<li>Legendiniai persona\u017eai \u2013 Gele\u017einis \u017emogus su Halkbasterio robotu ir Tanosas su l\u0117ktuvu. Pradin\u0117 kalad\u0117l\u0117 u\u017etikrins smag\u0173 konstravim\u0105 nieko nelaukiant<\/li>\n<li>M\u016b\u0161io veiksmas \u2013 visi\u0161kai lankstus Halkbasterio robotas turi viet\u0105 Gele\u017einio \u017emogaus minifig\u016br\u0117lei. L\u0117ktuve, prie kurio pritvirtinta disk\u0173 \u0161audykl\u0117, yra vieta Tanoso minifig\u016br\u0117lei<\/li>\n<li>Dovana vaikams nuo 4 met\u0173 \u2013 \u0161i gimtadienio, \u0161ven\u010di\u0173 ar kitos progos staigmena turi pradines kalad\u0117les, tod\u0117l nesud\u0117tingas konstravimas pad\u0117s ugdyti ir stiprinti svarbiausius \u012fg\u016bd\u017eius<\/li>\n<\/ul>","protected":false},"excerpt":{"rendered":"<p>Rinkiniai, skirtais vaikams nuo 4 met\u0173, suteikia galimyb\u0119 suaugusiesiems smagiai leisti laik\u0105 konstruojant su ma\u017eaisiais. K\u016brybinis \u017eaidimas jauniesiems superherojams \u2013<\/p>","protected":false},"featured_media":38686,"comment_status":"open","ping_status":"closed","template":"","meta":[],"product_brand":[423],"product_cat":[677,406,491],"product_tag":[],"class_list":{"0":"post-38685","1":"product","2":"type-product","3":"status-publish","4":"has-post-thumbnail","6":"product_brand-lego","7":"product_cat-lego-konstruktoriai","8":"product_cat-lego","9":"product_cat-lego-marvel","11":"first","12":"instock","13":"taxable","14":"shipping-taxable","15":"purchasable","16":"product-type-simple"},"yoast_head":"<!-- This site is optimized with the Yoast SEO plugin v25.9 - https:\/\/yoast.com\/wordpress\/plugins\/seo\/ -->\n<title>LEGO\u00ae 76263 Iron Man Hulkbuster vs. Thanos - Collectin.eu<\/title>\n<meta name=\"description\" content=\"Rinkinyje, sukurtame pagal \u201eMarvel Studios\u201c film\u0105 \u201eKer\u0161ytojai. Begalyb\u0117s karas\u201c, superherojus Gele\u017einis \u017emogus ir jo robotas susitinka su baisiu piktadariu Tanosu ir jo l\u0117ktuvu.\" \/>\n<meta name=\"robots\" content=\"index, follow, max-snippet:-1, max-image-preview:large, max-video-preview:-1\" \/>\n<link rel=\"canonical\" href=\"https:\/\/collectin.eu\/en\/product\/lego-76263-gelezinis-zmogus-hulkbuster-pries-thanos\/\" \/>\n<meta property=\"og:locale\" content=\"en_US\" \/>\n<meta property=\"og:type\" content=\"article\" \/>\n<meta property=\"og:title\" content=\"LEGO\u00ae 76263 Iron Man Hulkbuster vs. Thanos - Collectin.eu\" \/>\n<meta property=\"og:description\" content=\"Rinkinyje, sukurtame pagal \u201eMarvel Studios\u201c film\u0105 \u201eKer\u0161ytojai. Begalyb\u0117s karas\u201c, superherojus Gele\u017einis \u017emogus ir jo robotas susitinka su baisiu piktadariu Tanosu ir jo l\u0117ktuvu.\" \/>\n<meta property=\"og:url\" content=\"https:\/\/collectin.eu\/en\/product\/lego-76263-gelezinis-zmogus-hulkbuster-pries-thanos\/\" \/>\n<meta property=\"og:site_name\" content=\"Collectin.eu\" \/>\n<meta property=\"article:modified_time\" content=\"2026-04-08T10:25:22+00:00\" \/>\n<meta property=\"og:image\" content=\"http:\/\/collectin.eu\/wp-content\/uploads\/2025\/12\/Untitled-design-2025-12-27T061806.685.png\" \/>\n\t<meta property=\"og:image:width\" content=\"1080\" \/>\n\t<meta property=\"og:image:height\" content=\"1080\" \/>\n\t<meta property=\"og:image:type\" content=\"image\/png\" \/>\n<meta name=\"twitter:card\" content=\"summary_large_image\" \/>\n<meta name=\"twitter:label1\" content=\"Est. reading time\" \/>\n\t<meta name=\"twitter:data1\" content=\"1 minute\" \/>\n<script type=\"application\/ld+json\" class=\"yoast-schema-graph\">{\"@context\":\"https:\/\/schema.org\",\"@graph\":[{\"@type\":\"WebPage\",\"@id\":\"https:\/\/collectin.eu\/produktas\/lego-76263-gelezinis-zmogus-hulkbuster-pries-thanos\/\",\"url\":\"https:\/\/collectin.eu\/produktas\/lego-76263-gelezinis-zmogus-hulkbuster-pries-thanos\/\",\"name\":\"LEGO\u00ae 76263 Iron Man Hulkbuster vs. Thanos - Collectin.eu\",\"isPartOf\":{\"@id\":\"https:\/\/collectin.eu\/#website\"},\"primaryImageOfPage\":{\"@id\":\"https:\/\/collectin.eu\/produktas\/lego-76263-gelezinis-zmogus-hulkbuster-pries-thanos\/#primaryimage\"},\"image\":{\"@id\":\"https:\/\/collectin.eu\/produktas\/lego-76263-gelezinis-zmogus-hulkbuster-pries-thanos\/#primaryimage\"},\"thumbnailUrl\":\"https:\/\/collectin.eu\/wp-content\/uploads\/2025\/12\/Untitled-design-2025-12-27T061806.685.png\",\"datePublished\":\"2025-12-27T04:24:26+00:00\",\"dateModified\":\"2026-04-08T10:25:22+00:00\",\"description\":\"Rinkinyje, sukurtame pagal \u201eMarvel Studios\u201c film\u0105 \u201eKer\u0161ytojai. Begalyb\u0117s karas\u201c, superherojus Gele\u017einis \u017emogus ir jo robotas susitinka su baisiu piktadariu Tanosu ir jo l\u0117ktuvu.\",\"breadcrumb\":{\"@id\":\"https:\/\/collectin.eu\/produktas\/lego-76263-gelezinis-zmogus-hulkbuster-pries-thanos\/#breadcrumb\"},\"inLanguage\":\"en-US\",\"potentialAction\":[{\"@type\":\"ReadAction\",\"target\":[\"https:\/\/collectin.eu\/produktas\/lego-76263-gelezinis-zmogus-hulkbuster-pries-thanos\/\"]}]},{\"@type\":\"ImageObject\",\"inLanguage\":\"en-US\",\"@id\":\"https:\/\/collectin.eu\/produktas\/lego-76263-gelezinis-zmogus-hulkbuster-pries-thanos\/#primaryimage\",\"url\":\"https:\/\/collectin.eu\/wp-content\/uploads\/2025\/12\/Untitled-design-2025-12-27T061806.685.png\",\"contentUrl\":\"https:\/\/collectin.eu\/wp-content\/uploads\/2025\/12\/Untitled-design-2025-12-27T061806.685.png\",\"width\":1080,\"height\":1080},{\"@type\":\"BreadcrumbList\",\"@id\":\"https:\/\/collectin.eu\/produktas\/lego-76263-gelezinis-zmogus-hulkbuster-pries-thanos\/#breadcrumb\",\"itemListElement\":[{\"@type\":\"ListItem\",\"position\":1,\"name\":\"Home\",\"item\":\"https:\/\/collectin.eu\/\"},{\"@type\":\"ListItem\",\"position\":2,\"name\":\"Parduotuv\u0117\",\"item\":\"https:\/\/collectin.eu\/parduotuve\/\"},{\"@type\":\"ListItem\",\"position\":3,\"name\":\"LEGO\u00ae 76263 Iron Man Hulkbuster vs. Thanos\"}]},{\"@type\":\"WebSite\",\"@id\":\"https:\/\/collectin.eu\/#website\",\"url\":\"https:\/\/collectin.eu\/\",\"name\":\"Collectin.eu\",\"description\":\"\",\"potentialAction\":[{\"@type\":\"SearchAction\",\"target\":{\"@type\":\"EntryPoint\",\"urlTemplate\":\"https:\/\/collectin.eu\/?s={search_term_string}\"},\"query-input\":{\"@type\":\"PropertyValueSpecification\",\"valueRequired\":true,\"valueName\":\"search_term_string\"}}],\"inLanguage\":\"en-US\"}]}<\/script>\n<!-- \/ Yoast SEO plugin. -->","yoast_head_json":{"title":"LEGO\u00ae 76263 Iron Man Hulkbuster vs. Thanos - Collectin.eu","description":"Rinkinyje, sukurtame pagal \u201eMarvel Studios\u201c film\u0105 \u201eKer\u0161ytojai. Begalyb\u0117s karas\u201c, superherojus Gele\u017einis \u017emogus ir jo robotas susitinka su baisiu piktadariu Tanosu ir jo l\u0117ktuvu.","robots":{"index":"index","follow":"follow","max-snippet":"max-snippet:-1","max-image-preview":"max-image-preview:large","max-video-preview":"max-video-preview:-1"},"canonical":"https:\/\/collectin.eu\/en\/product\/lego-76263-gelezinis-zmogus-hulkbuster-pries-thanos\/","og_locale":"en_US","og_type":"article","og_title":"LEGO\u00ae 76263 Iron Man Hulkbuster vs. Thanos - Collectin.eu","og_description":"Rinkinyje, sukurtame pagal \u201eMarvel Studios\u201c film\u0105 \u201eKer\u0161ytojai. Begalyb\u0117s karas\u201c, superherojus Gele\u017einis \u017emogus ir jo robotas susitinka su baisiu piktadariu Tanosu ir jo l\u0117ktuvu.","og_url":"https:\/\/collectin.eu\/en\/product\/lego-76263-gelezinis-zmogus-hulkbuster-pries-thanos\/","og_site_name":"Collectin.eu","article_modified_time":"2026-04-08T10:25:22+00:00","og_image":[{"width":1080,"height":1080,"url":"http:\/\/collectin.eu\/wp-content\/uploads\/2025\/12\/Untitled-design-2025-12-27T061806.685.png","type":"image\/png"}],"twitter_card":"summary_large_image","twitter_misc":{"Est. reading time":"1 minute"},"schema":{"@context":"https:\/\/schema.org","@graph":[{"@type":"WebPage","@id":"https:\/\/collectin.eu\/produktas\/lego-76263-gelezinis-zmogus-hulkbuster-pries-thanos\/","url":"https:\/\/collectin.eu\/produktas\/lego-76263-gelezinis-zmogus-hulkbuster-pries-thanos\/","name":"LEGO\u00ae 76263 Iron Man Hulkbuster vs. Thanos - Collectin.eu","isPartOf":{"@id":"https:\/\/collectin.eu\/#website"},"primaryImageOfPage":{"@id":"https:\/\/collectin.eu\/produktas\/lego-76263-gelezinis-zmogus-hulkbuster-pries-thanos\/#primaryimage"},"image":{"@id":"https:\/\/collectin.eu\/produktas\/lego-76263-gelezinis-zmogus-hulkbuster-pries-thanos\/#primaryimage"},"thumbnailUrl":"https:\/\/collectin.eu\/wp-content\/uploads\/2025\/12\/Untitled-design-2025-12-27T061806.685.png","datePublished":"2025-12-27T04:24:26+00:00","dateModified":"2026-04-08T10:25:22+00:00","description":"Rinkinyje, sukurtame pagal \u201eMarvel Studios\u201c film\u0105 \u201eKer\u0161ytojai. Begalyb\u0117s karas\u201c, superherojus Gele\u017einis \u017emogus ir jo robotas susitinka su baisiu piktadariu Tanosu ir jo l\u0117ktuvu.","breadcrumb":{"@id":"https:\/\/collectin.eu\/produktas\/lego-76263-gelezinis-zmogus-hulkbuster-pries-thanos\/#breadcrumb"},"inLanguage":"en-US","potentialAction":[{"@type":"ReadAction","target":["https:\/\/collectin.eu\/produktas\/lego-76263-gelezinis-zmogus-hulkbuster-pries-thanos\/"]}]},{"@type":"ImageObject","inLanguage":"en-US","@id":"https:\/\/collectin.eu\/produktas\/lego-76263-gelezinis-zmogus-hulkbuster-pries-thanos\/#primaryimage","url":"https:\/\/collectin.eu\/wp-content\/uploads\/2025\/12\/Untitled-design-2025-12-27T061806.685.png","contentUrl":"https:\/\/collectin.eu\/wp-content\/uploads\/2025\/12\/Untitled-design-2025-12-27T061806.685.png","width":1080,"height":1080},{"@type":"BreadcrumbList","@id":"https:\/\/collectin.eu\/produktas\/lego-76263-gelezinis-zmogus-hulkbuster-pries-thanos\/#breadcrumb","itemListElement":[{"@type":"ListItem","position":1,"name":"Home","item":"https:\/\/collectin.eu\/"},{"@type":"ListItem","position":2,"name":"Parduotuv\u0117","item":"https:\/\/collectin.eu\/parduotuve\/"},{"@type":"ListItem","position":3,"name":"LEGO\u00ae 76263 Iron Man Hulkbuster vs. Thanos"}]},{"@type":"WebSite","@id":"https:\/\/collectin.eu\/#website","url":"https:\/\/collectin.eu\/","name":"Collectin.eu","description":"","potentialAction":[{"@type":"SearchAction","target":{"@type":"EntryPoint","urlTemplate":"https:\/\/collectin.eu\/?s={search_term_string}"},"query-input":{"@type":"PropertyValueSpecification","valueRequired":true,"valueName":"search_term_string"}}],"inLanguage":"en-US"}]}},"jetpack_sharing_enabled":true,"_links":{"self":[{"href":"https:\/\/collectin.eu\/en\/wp-json\/wp\/v2\/product\/38685","targetHints":{"allow":["GET"]}}],"collection":[{"href":"https:\/\/collectin.eu\/en\/wp-json\/wp\/v2\/product"}],"about":[{"href":"https:\/\/collectin.eu\/en\/wp-json\/wp\/v2\/types\/product"}],"replies":[{"embeddable":true,"href":"https:\/\/collectin.eu\/en\/wp-json\/wp\/v2\/comments?post=38685"}],"version-history":[{"count":3,"href":"https:\/\/collectin.eu\/en\/wp-json\/wp\/v2\/product\/38685\/revisions"}],"predecessor-version":[{"id":40319,"href":"https:\/\/collectin.eu\/en\/wp-json\/wp\/v2\/product\/38685\/revisions\/40319"}],"wp:featuredmedia":[{"embeddable":true,"href":"https:\/\/collectin.eu\/en\/wp-json\/wp\/v2\/media\/38686"}],"wp:attachment":[{"href":"https:\/\/collectin.eu\/en\/wp-json\/wp\/v2\/media?parent=38685"}],"wp:term":[{"taxonomy":"product_brand","embeddable":true,"href":"https:\/\/collectin.eu\/en\/wp-json\/wp\/v2\/product_brand?post=38685"},{"taxonomy":"product_cat","embeddable":true,"href":"https:\/\/collectin.eu\/en\/wp-json\/wp\/v2\/product_cat?post=38685"},{"taxonomy":"product_tag","embeddable":true,"href":"https:\/\/collectin.eu\/en\/wp-json\/wp\/v2\/product_tag?post=38685"}],"curies":[{"name":"wp","href":"https:\/\/api.w.org\/{rel}","templated":true}]}}