{"id":38691,"date":"2025-12-27T04:29:35","date_gmt":"2025-12-27T04:29:35","guid":{"rendered":"https:\/\/collectin.eu\/?post_type=product&#038;p=38691"},"modified":"2026-04-08T10:25:22","modified_gmt":"2026-04-08T10:25:22","slug":"lego-76212-shuri-laboratorija","status":"publish","type":"product","link":"https:\/\/collectin.eu\/en\/product\/lego-76212-shuri-laboratorija\/","title":{"rendered":"LEGO\u00ae 76212 Shuri&#8217;s Lab"},"content":{"rendered":"<p>LEGO rinkiniai, skirti vaikams nuo 4 met\u0173 ir suteikia puik\u0173 b\u016bd\u0105 suaugusiems prisid\u0117ti prie konstravimo ir \u017eaidimo pramog\u0173, nesvarbu, ar ma\u017eieji yra LEGO gerb\u0117jai, ar pirm\u0105 kart\u0105 susiduria su LEGO kalad\u0117l\u0117mis.<\/p>\n<ul>\n<li>Sukurta vaikams nuo 4 met\u0173. LEGO\u00ae Marvel \u0160uri laboratorijoje (76212) yra smagios veiklos ir i\u0161rading\u0173 \u017eaidimo galimybi\u0173 su Juod\u0105ja pantera ir \u0160uri.<\/li>\n<li>Superheroj\u0173 persona\u017eai. Su \u0160uri ir Juodosios panteros minifig\u016br\u0117l\u0117mis, disk\u0173 \u0161audykle, priedais ir Pradine kalad\u0117le, kuri pad\u0117s grei\u010diau sukonstruoti ir ilgiau \u017eaisti.<\/li>\n<li>\u017daismingas mokymasis. Leisdamiesi \u012f pramog\u0173 kupin\u0105 veikl\u0105 vaikai lavins savo konstravimo \u012fg\u016bd\u017eius ir atras nevar\u017eom\u0105 i\u0161rading\u0105 \u017eaidim\u0105.<\/li>\n<li>Dovana ma\u017eiesiems superherojams. \u0160is linksmas konstravimo rinkinys vaikams nuo 4 met\u0173 yra skirtas ugdyti pirmiesiems \u012fg\u016bd\u017eiams ir suteikia pasitik\u0117jimo savo k\u016brybin\u0117mis j\u0117gomis.<\/li>\n<\/ul>","protected":false},"excerpt":{"rendered":"<p>LEGO rinkiniai, skirti vaikams nuo 4 met\u0173 ir suteikia puik\u0173 b\u016bd\u0105 suaugusiems prisid\u0117ti prie konstravimo ir \u017eaidimo pramog\u0173, nesvarbu, ar<\/p>","protected":false},"featured_media":38692,"comment_status":"open","ping_status":"closed","template":"","meta":[],"product_brand":[423],"product_cat":[677,406,491],"product_tag":[],"class_list":{"0":"post-38691","1":"product","2":"type-product","3":"status-publish","4":"has-post-thumbnail","6":"product_brand-lego","7":"product_cat-lego-konstruktoriai","8":"product_cat-lego","9":"product_cat-lego-marvel","11":"first","12":"instock","13":"taxable","14":"shipping-taxable","15":"purchasable","16":"product-type-simple"},"yoast_head":"<!-- This site is optimized with the Yoast SEO plugin v25.9 - https:\/\/yoast.com\/wordpress\/plugins\/seo\/ -->\n<title>LEGO\u00ae 76212 Shuri&#039;s Lab - Collectin.eu<\/title>\n<meta name=\"description\" content=\"\u0160uri laboratorijoje ma\u017eieji gali u\u017esiimti \u012fvairia veikla ir pramogauti. \u0160uri turi bandom\u0105sias j\u0117gos pir\u0161tines, o Juodoji pantera skrajoje skraidlente.\" \/>\n<meta name=\"robots\" content=\"index, follow, max-snippet:-1, max-image-preview:large, max-video-preview:-1\" \/>\n<link rel=\"canonical\" href=\"https:\/\/collectin.eu\/en\/product\/lego-76212-shuri-laboratorija\/\" \/>\n<meta property=\"og:locale\" content=\"en_US\" \/>\n<meta property=\"og:type\" content=\"article\" \/>\n<meta property=\"og:title\" content=\"LEGO\u00ae 76212 Shuri&#039;s Lab - Collectin.eu\" \/>\n<meta property=\"og:description\" content=\"\u0160uri laboratorijoje ma\u017eieji gali u\u017esiimti \u012fvairia veikla ir pramogauti. \u0160uri turi bandom\u0105sias j\u0117gos pir\u0161tines, o Juodoji pantera skrajoje skraidlente.\" \/>\n<meta property=\"og:url\" content=\"https:\/\/collectin.eu\/en\/product\/lego-76212-shuri-laboratorija\/\" \/>\n<meta property=\"og:site_name\" content=\"Collectin.eu\" \/>\n<meta property=\"article:modified_time\" content=\"2026-04-08T10:25:22+00:00\" \/>\n<meta property=\"og:image\" content=\"http:\/\/collectin.eu\/wp-content\/uploads\/2025\/12\/Untitled-design-2025-12-27T062604.745.png\" \/>\n\t<meta property=\"og:image:width\" content=\"1080\" \/>\n\t<meta property=\"og:image:height\" content=\"1080\" \/>\n\t<meta property=\"og:image:type\" content=\"image\/png\" \/>\n<meta name=\"twitter:card\" content=\"summary_large_image\" \/>\n<meta name=\"twitter:label1\" content=\"Est. reading time\" \/>\n\t<meta name=\"twitter:data1\" content=\"1 minute\" \/>\n<script type=\"application\/ld+json\" class=\"yoast-schema-graph\">{\"@context\":\"https:\/\/schema.org\",\"@graph\":[{\"@type\":\"WebPage\",\"@id\":\"https:\/\/collectin.eu\/produktas\/lego-76212-shuri-laboratorija\/\",\"url\":\"https:\/\/collectin.eu\/produktas\/lego-76212-shuri-laboratorija\/\",\"name\":\"LEGO\u00ae 76212 Shuri's Lab - Collectin.eu\",\"isPartOf\":{\"@id\":\"https:\/\/collectin.eu\/#website\"},\"primaryImageOfPage\":{\"@id\":\"https:\/\/collectin.eu\/produktas\/lego-76212-shuri-laboratorija\/#primaryimage\"},\"image\":{\"@id\":\"https:\/\/collectin.eu\/produktas\/lego-76212-shuri-laboratorija\/#primaryimage\"},\"thumbnailUrl\":\"https:\/\/collectin.eu\/wp-content\/uploads\/2025\/12\/Untitled-design-2025-12-27T062604.745.png\",\"datePublished\":\"2025-12-27T04:29:35+00:00\",\"dateModified\":\"2026-04-08T10:25:22+00:00\",\"description\":\"\u0160uri laboratorijoje ma\u017eieji gali u\u017esiimti \u012fvairia veikla ir pramogauti. \u0160uri turi bandom\u0105sias j\u0117gos pir\u0161tines, o Juodoji pantera skrajoje skraidlente.\",\"breadcrumb\":{\"@id\":\"https:\/\/collectin.eu\/produktas\/lego-76212-shuri-laboratorija\/#breadcrumb\"},\"inLanguage\":\"en-US\",\"potentialAction\":[{\"@type\":\"ReadAction\",\"target\":[\"https:\/\/collectin.eu\/produktas\/lego-76212-shuri-laboratorija\/\"]}]},{\"@type\":\"ImageObject\",\"inLanguage\":\"en-US\",\"@id\":\"https:\/\/collectin.eu\/produktas\/lego-76212-shuri-laboratorija\/#primaryimage\",\"url\":\"https:\/\/collectin.eu\/wp-content\/uploads\/2025\/12\/Untitled-design-2025-12-27T062604.745.png\",\"contentUrl\":\"https:\/\/collectin.eu\/wp-content\/uploads\/2025\/12\/Untitled-design-2025-12-27T062604.745.png\",\"width\":1080,\"height\":1080},{\"@type\":\"BreadcrumbList\",\"@id\":\"https:\/\/collectin.eu\/produktas\/lego-76212-shuri-laboratorija\/#breadcrumb\",\"itemListElement\":[{\"@type\":\"ListItem\",\"position\":1,\"name\":\"Home\",\"item\":\"https:\/\/collectin.eu\/\"},{\"@type\":\"ListItem\",\"position\":2,\"name\":\"Parduotuv\u0117\",\"item\":\"https:\/\/collectin.eu\/parduotuve\/\"},{\"@type\":\"ListItem\",\"position\":3,\"name\":\"LEGO\u00ae 76212 Shuri&#8217;s Lab\"}]},{\"@type\":\"WebSite\",\"@id\":\"https:\/\/collectin.eu\/#website\",\"url\":\"https:\/\/collectin.eu\/\",\"name\":\"Collectin.eu\",\"description\":\"\",\"potentialAction\":[{\"@type\":\"SearchAction\",\"target\":{\"@type\":\"EntryPoint\",\"urlTemplate\":\"https:\/\/collectin.eu\/?s={search_term_string}\"},\"query-input\":{\"@type\":\"PropertyValueSpecification\",\"valueRequired\":true,\"valueName\":\"search_term_string\"}}],\"inLanguage\":\"en-US\"}]}<\/script>\n<!-- \/ Yoast SEO plugin. -->","yoast_head_json":{"title":"LEGO\u00ae 76212 Shuri's Lab - Collectin.eu","description":"\u0160uri laboratorijoje ma\u017eieji gali u\u017esiimti \u012fvairia veikla ir pramogauti. \u0160uri turi bandom\u0105sias j\u0117gos pir\u0161tines, o Juodoji pantera skrajoje skraidlente.","robots":{"index":"index","follow":"follow","max-snippet":"max-snippet:-1","max-image-preview":"max-image-preview:large","max-video-preview":"max-video-preview:-1"},"canonical":"https:\/\/collectin.eu\/en\/product\/lego-76212-shuri-laboratorija\/","og_locale":"en_US","og_type":"article","og_title":"LEGO\u00ae 76212 Shuri's Lab - Collectin.eu","og_description":"\u0160uri laboratorijoje ma\u017eieji gali u\u017esiimti \u012fvairia veikla ir pramogauti. \u0160uri turi bandom\u0105sias j\u0117gos pir\u0161tines, o Juodoji pantera skrajoje skraidlente.","og_url":"https:\/\/collectin.eu\/en\/product\/lego-76212-shuri-laboratorija\/","og_site_name":"Collectin.eu","article_modified_time":"2026-04-08T10:25:22+00:00","og_image":[{"width":1080,"height":1080,"url":"http:\/\/collectin.eu\/wp-content\/uploads\/2025\/12\/Untitled-design-2025-12-27T062604.745.png","type":"image\/png"}],"twitter_card":"summary_large_image","twitter_misc":{"Est. reading time":"1 minute"},"schema":{"@context":"https:\/\/schema.org","@graph":[{"@type":"WebPage","@id":"https:\/\/collectin.eu\/produktas\/lego-76212-shuri-laboratorija\/","url":"https:\/\/collectin.eu\/produktas\/lego-76212-shuri-laboratorija\/","name":"LEGO\u00ae 76212 Shuri's Lab - Collectin.eu","isPartOf":{"@id":"https:\/\/collectin.eu\/#website"},"primaryImageOfPage":{"@id":"https:\/\/collectin.eu\/produktas\/lego-76212-shuri-laboratorija\/#primaryimage"},"image":{"@id":"https:\/\/collectin.eu\/produktas\/lego-76212-shuri-laboratorija\/#primaryimage"},"thumbnailUrl":"https:\/\/collectin.eu\/wp-content\/uploads\/2025\/12\/Untitled-design-2025-12-27T062604.745.png","datePublished":"2025-12-27T04:29:35+00:00","dateModified":"2026-04-08T10:25:22+00:00","description":"\u0160uri laboratorijoje ma\u017eieji gali u\u017esiimti \u012fvairia veikla ir pramogauti. \u0160uri turi bandom\u0105sias j\u0117gos pir\u0161tines, o Juodoji pantera skrajoje skraidlente.","breadcrumb":{"@id":"https:\/\/collectin.eu\/produktas\/lego-76212-shuri-laboratorija\/#breadcrumb"},"inLanguage":"en-US","potentialAction":[{"@type":"ReadAction","target":["https:\/\/collectin.eu\/produktas\/lego-76212-shuri-laboratorija\/"]}]},{"@type":"ImageObject","inLanguage":"en-US","@id":"https:\/\/collectin.eu\/produktas\/lego-76212-shuri-laboratorija\/#primaryimage","url":"https:\/\/collectin.eu\/wp-content\/uploads\/2025\/12\/Untitled-design-2025-12-27T062604.745.png","contentUrl":"https:\/\/collectin.eu\/wp-content\/uploads\/2025\/12\/Untitled-design-2025-12-27T062604.745.png","width":1080,"height":1080},{"@type":"BreadcrumbList","@id":"https:\/\/collectin.eu\/produktas\/lego-76212-shuri-laboratorija\/#breadcrumb","itemListElement":[{"@type":"ListItem","position":1,"name":"Home","item":"https:\/\/collectin.eu\/"},{"@type":"ListItem","position":2,"name":"Parduotuv\u0117","item":"https:\/\/collectin.eu\/parduotuve\/"},{"@type":"ListItem","position":3,"name":"LEGO\u00ae 76212 Shuri&#8217;s Lab"}]},{"@type":"WebSite","@id":"https:\/\/collectin.eu\/#website","url":"https:\/\/collectin.eu\/","name":"Collectin.eu","description":"","potentialAction":[{"@type":"SearchAction","target":{"@type":"EntryPoint","urlTemplate":"https:\/\/collectin.eu\/?s={search_term_string}"},"query-input":{"@type":"PropertyValueSpecification","valueRequired":true,"valueName":"search_term_string"}}],"inLanguage":"en-US"}]}},"jetpack_sharing_enabled":true,"_links":{"self":[{"href":"https:\/\/collectin.eu\/en\/wp-json\/wp\/v2\/product\/38691","targetHints":{"allow":["GET"]}}],"collection":[{"href":"https:\/\/collectin.eu\/en\/wp-json\/wp\/v2\/product"}],"about":[{"href":"https:\/\/collectin.eu\/en\/wp-json\/wp\/v2\/types\/product"}],"replies":[{"embeddable":true,"href":"https:\/\/collectin.eu\/en\/wp-json\/wp\/v2\/comments?post=38691"}],"version-history":[{"count":3,"href":"https:\/\/collectin.eu\/en\/wp-json\/wp\/v2\/product\/38691\/revisions"}],"predecessor-version":[{"id":40317,"href":"https:\/\/collectin.eu\/en\/wp-json\/wp\/v2\/product\/38691\/revisions\/40317"}],"wp:featuredmedia":[{"embeddable":true,"href":"https:\/\/collectin.eu\/en\/wp-json\/wp\/v2\/media\/38692"}],"wp:attachment":[{"href":"https:\/\/collectin.eu\/en\/wp-json\/wp\/v2\/media?parent=38691"}],"wp:term":[{"taxonomy":"product_brand","embeddable":true,"href":"https:\/\/collectin.eu\/en\/wp-json\/wp\/v2\/product_brand?post=38691"},{"taxonomy":"product_cat","embeddable":true,"href":"https:\/\/collectin.eu\/en\/wp-json\/wp\/v2\/product_cat?post=38691"},{"taxonomy":"product_tag","embeddable":true,"href":"https:\/\/collectin.eu\/en\/wp-json\/wp\/v2\/product_tag?post=38691"}],"curies":[{"name":"wp","href":"https:\/\/api.w.org\/{rel}","templated":true}]}}