{"id":38697,"date":"2025-12-27T04:35:10","date_gmt":"2025-12-27T04:35:10","guid":{"rendered":"https:\/\/collectin.eu\/?post_type=product&#038;p=38697"},"modified":"2026-04-08T10:25:22","modified_gmt":"2026-04-08T10:25:22","slug":"lego-21243-apledejusios-virsunes","status":"publish","type":"product","link":"https:\/\/collectin.eu\/en\/product\/lego-21243-apledejusios-virsunes\/","title":{"rendered":"LEGO\u00ae 21243 The Frozen Peaks"},"content":{"rendered":"<p>\u201eMinecraft\u201c \u017eaid\u0117jai atpa\u017eins Apled\u0117jusi\u0173 vir\u0161\u016bni\u0173 ir Taigos mi\u0161ko vietoves ir nekantraus pasitelkti \u201eMinecraft\u201c \u012fg\u016bd\u017eius kasti angliai, gele\u017eiai ir smaragdams, kuri\u0173 klodai sl\u016bgso po ledu. Prie\u0161 prad\u0117dami kasti vaikai turi pasistatyti saugi\u0105 pastog\u0119 ir prisirinkti maisto. Priart\u0117jus am\u017einiems prie\u0161ams Creeper\u2122 ir paklyd\u0117liui, vaikai gali pasprukti pavojingu stalaktit\u0173 urvu, susprogdinti kaln\u0105 su TNT ir pasiekti savo pastog\u0119, arba panaudoti o\u017eio taranavimo funkcij\u0105, kad nuverst\u0173 prie\u0161i\u0161kus mobus nuo skard\u017eio kra\u0161to! Keletas smagi\u0173 ypatybi\u0173 ir \u012fvair\u016bs autenti\u0161ki priedai neleis \u201eMinecraft\u201c nuotykiams pasibaigti. Papildomoms skaitmenin\u0117ms pramogoms program\u0117l\u0117 LEGO Builder pasi\u017eymi patogiais priartinimo ir pasukimo \u012frankiais, kurie suteikia vaikams galimyb\u0119 ap\u017ei\u016br\u0117ti konstruojam\u0105 model\u012f.<\/p>\n<ul>\n<li>Visapusi\u0161kas \u201eMinecraft\u00ae\u201c \u017eaidimo rinkinys. LEGO\u00ae Minecraft Apled\u0117jusios vir\u0161\u016bn\u0117s (21243) kupinos klasikini\u0173 ypatybi\u0173 ir funkcij\u0173, kurios suteikia \u017eaid\u0117jams galimyb\u0119 konstruoti, kautis, tyrin\u0117ti ir sprogdinti.<\/li>\n<li>\u201eMinecraft\u00ae\u201c fig\u016br\u0117l\u0117s. Su legendiniais persona\u017eais Styvu, Creeper\u2122, paklyd\u0117liu ir o\u017eiu bei tokiais autenti\u0161kais priedais, kaip meistravimo stalas, deglas ir deimantinis kardas.<\/li>\n<li>Daugyb\u0117 \u017eaidimo b\u016bd\u0173. Vaikai gali nar\u0161yti po Apled\u0117jusias vir\u0161\u016bnes, pasistatyti pastog\u0119, kasti vertingas i\u0161kasenas, tyrin\u0117ti stalaktit\u0173 ol\u0105, sprogdinti uolien\u0105 su TNT, kautis su prie\u0161i\u0161kais mobais ir pad\u0117ti o\u017eiui nuspirti juos nuo kalno.<\/li>\n<li>Dovana \u201eMinecraft\u00ae\u201c \u017eaid\u0117jams. \u0160is veiksmo kupinas betarpi\u0161ks Apled\u0117jusi\u0173 vir\u0161\u016bni\u0173 \u017eaidimo rinkinys yra gimtadienio, \u0161ventin\u0117 arba bet kokios progos dovana vaikams nuo 8 met\u0173.<\/li>\n<\/ul>","protected":false},"excerpt":{"rendered":"<p>\u201eMinecraft\u201c \u017eaid\u0117jai atpa\u017eins Apled\u0117jusi\u0173 vir\u0161\u016bni\u0173 ir Taigos mi\u0161ko vietoves ir nekantraus pasitelkti \u201eMinecraft\u201c \u012fg\u016bd\u017eius kasti angliai, gele\u017eiai ir smaragdams, kuri\u0173<\/p>","protected":false},"featured_media":38698,"comment_status":"open","ping_status":"closed","template":"","meta":[],"product_brand":[423],"product_cat":[677,406,524],"product_tag":[],"class_list":{"0":"post-38697","1":"product","2":"type-product","3":"status-publish","4":"has-post-thumbnail","6":"product_brand-lego","7":"product_cat-lego-konstruktoriai","8":"product_cat-lego","9":"product_cat-lego-minecraft","11":"first","12":"instock","13":"taxable","14":"shipping-taxable","15":"purchasable","16":"product-type-simple"},"yoast_head":"<!-- This site is optimized with the Yoast SEO plugin v25.9 - https:\/\/yoast.com\/wordpress\/plugins\/seo\/ -->\n<title>LEGO\u00ae 21243 The Frozen Peaks - Collectin.eu<\/title>\n<meta name=\"description\" content=\"\u201eMinecraft\u201c \u017eaid\u0117jai atpa\u017eins Apled\u0117jusi\u0173 vir\u0161\u016bni\u0173 ir Taigos mi\u0161ko vietoves ir nekantraus pasitelkti \u201eMinecraft\u201c \u012fg\u016bd\u017eius kasti angliai, gele\u017eiai ir smaragdams, kuri\u0173 klodai sl\u016bgso po ledu.\" \/>\n<meta name=\"robots\" content=\"index, follow, max-snippet:-1, max-image-preview:large, max-video-preview:-1\" \/>\n<link rel=\"canonical\" href=\"https:\/\/collectin.eu\/en\/product\/lego-21243-apledejusios-virsunes\/\" \/>\n<meta property=\"og:locale\" content=\"en_US\" \/>\n<meta property=\"og:type\" content=\"article\" \/>\n<meta property=\"og:title\" content=\"LEGO\u00ae 21243 The Frozen Peaks - Collectin.eu\" \/>\n<meta property=\"og:description\" content=\"\u201eMinecraft\u201c \u017eaid\u0117jai atpa\u017eins Apled\u0117jusi\u0173 vir\u0161\u016bni\u0173 ir Taigos mi\u0161ko vietoves ir nekantraus pasitelkti \u201eMinecraft\u201c \u012fg\u016bd\u017eius kasti angliai, gele\u017eiai ir smaragdams, kuri\u0173 klodai sl\u016bgso po ledu.\" \/>\n<meta property=\"og:url\" content=\"https:\/\/collectin.eu\/en\/product\/lego-21243-apledejusios-virsunes\/\" \/>\n<meta property=\"og:site_name\" content=\"Collectin.eu\" \/>\n<meta property=\"article:modified_time\" content=\"2026-04-08T10:25:22+00:00\" \/>\n<meta property=\"og:image\" content=\"http:\/\/collectin.eu\/wp-content\/uploads\/2025\/12\/Untitled-design-2025-12-27T063057.327.png\" \/>\n\t<meta property=\"og:image:width\" content=\"1080\" \/>\n\t<meta property=\"og:image:height\" content=\"1080\" \/>\n\t<meta property=\"og:image:type\" content=\"image\/png\" \/>\n<meta name=\"twitter:card\" content=\"summary_large_image\" \/>\n<meta name=\"twitter:label1\" content=\"Est. reading time\" \/>\n\t<meta name=\"twitter:data1\" content=\"2 minutes\" \/>\n<script type=\"application\/ld+json\" class=\"yoast-schema-graph\">{\"@context\":\"https:\/\/schema.org\",\"@graph\":[{\"@type\":\"WebPage\",\"@id\":\"https:\/\/collectin.eu\/produktas\/lego-21243-apledejusios-virsunes\/\",\"url\":\"https:\/\/collectin.eu\/produktas\/lego-21243-apledejusios-virsunes\/\",\"name\":\"LEGO\u00ae 21243 The Frozen Peaks - Collectin.eu\",\"isPartOf\":{\"@id\":\"https:\/\/collectin.eu\/#website\"},\"primaryImageOfPage\":{\"@id\":\"https:\/\/collectin.eu\/produktas\/lego-21243-apledejusios-virsunes\/#primaryimage\"},\"image\":{\"@id\":\"https:\/\/collectin.eu\/produktas\/lego-21243-apledejusios-virsunes\/#primaryimage\"},\"thumbnailUrl\":\"https:\/\/collectin.eu\/wp-content\/uploads\/2025\/12\/Untitled-design-2025-12-27T063057.327.png\",\"datePublished\":\"2025-12-27T04:35:10+00:00\",\"dateModified\":\"2026-04-08T10:25:22+00:00\",\"description\":\"\u201eMinecraft\u201c \u017eaid\u0117jai atpa\u017eins Apled\u0117jusi\u0173 vir\u0161\u016bni\u0173 ir Taigos mi\u0161ko vietoves ir nekantraus pasitelkti \u201eMinecraft\u201c \u012fg\u016bd\u017eius kasti angliai, gele\u017eiai ir smaragdams, kuri\u0173 klodai sl\u016bgso po ledu.\",\"breadcrumb\":{\"@id\":\"https:\/\/collectin.eu\/produktas\/lego-21243-apledejusios-virsunes\/#breadcrumb\"},\"inLanguage\":\"en-US\",\"potentialAction\":[{\"@type\":\"ReadAction\",\"target\":[\"https:\/\/collectin.eu\/produktas\/lego-21243-apledejusios-virsunes\/\"]}]},{\"@type\":\"ImageObject\",\"inLanguage\":\"en-US\",\"@id\":\"https:\/\/collectin.eu\/produktas\/lego-21243-apledejusios-virsunes\/#primaryimage\",\"url\":\"https:\/\/collectin.eu\/wp-content\/uploads\/2025\/12\/Untitled-design-2025-12-27T063057.327.png\",\"contentUrl\":\"https:\/\/collectin.eu\/wp-content\/uploads\/2025\/12\/Untitled-design-2025-12-27T063057.327.png\",\"width\":1080,\"height\":1080},{\"@type\":\"BreadcrumbList\",\"@id\":\"https:\/\/collectin.eu\/produktas\/lego-21243-apledejusios-virsunes\/#breadcrumb\",\"itemListElement\":[{\"@type\":\"ListItem\",\"position\":1,\"name\":\"Home\",\"item\":\"https:\/\/collectin.eu\/\"},{\"@type\":\"ListItem\",\"position\":2,\"name\":\"Parduotuv\u0117\",\"item\":\"https:\/\/collectin.eu\/parduotuve\/\"},{\"@type\":\"ListItem\",\"position\":3,\"name\":\"LEGO\u00ae 21243 The Frozen Peaks\"}]},{\"@type\":\"WebSite\",\"@id\":\"https:\/\/collectin.eu\/#website\",\"url\":\"https:\/\/collectin.eu\/\",\"name\":\"Collectin.eu\",\"description\":\"\",\"potentialAction\":[{\"@type\":\"SearchAction\",\"target\":{\"@type\":\"EntryPoint\",\"urlTemplate\":\"https:\/\/collectin.eu\/?s={search_term_string}\"},\"query-input\":{\"@type\":\"PropertyValueSpecification\",\"valueRequired\":true,\"valueName\":\"search_term_string\"}}],\"inLanguage\":\"en-US\"}]}<\/script>\n<!-- \/ Yoast SEO plugin. -->","yoast_head_json":{"title":"LEGO\u00ae 21243 The Frozen Peaks - Collectin.eu","description":"\u201eMinecraft\u201c \u017eaid\u0117jai atpa\u017eins Apled\u0117jusi\u0173 vir\u0161\u016bni\u0173 ir Taigos mi\u0161ko vietoves ir nekantraus pasitelkti \u201eMinecraft\u201c \u012fg\u016bd\u017eius kasti angliai, gele\u017eiai ir smaragdams, kuri\u0173 klodai sl\u016bgso po ledu.","robots":{"index":"index","follow":"follow","max-snippet":"max-snippet:-1","max-image-preview":"max-image-preview:large","max-video-preview":"max-video-preview:-1"},"canonical":"https:\/\/collectin.eu\/en\/product\/lego-21243-apledejusios-virsunes\/","og_locale":"en_US","og_type":"article","og_title":"LEGO\u00ae 21243 The Frozen Peaks - Collectin.eu","og_description":"\u201eMinecraft\u201c \u017eaid\u0117jai atpa\u017eins Apled\u0117jusi\u0173 vir\u0161\u016bni\u0173 ir Taigos mi\u0161ko vietoves ir nekantraus pasitelkti \u201eMinecraft\u201c \u012fg\u016bd\u017eius kasti angliai, gele\u017eiai ir smaragdams, kuri\u0173 klodai sl\u016bgso po ledu.","og_url":"https:\/\/collectin.eu\/en\/product\/lego-21243-apledejusios-virsunes\/","og_site_name":"Collectin.eu","article_modified_time":"2026-04-08T10:25:22+00:00","og_image":[{"width":1080,"height":1080,"url":"http:\/\/collectin.eu\/wp-content\/uploads\/2025\/12\/Untitled-design-2025-12-27T063057.327.png","type":"image\/png"}],"twitter_card":"summary_large_image","twitter_misc":{"Est. reading time":"2 minutes"},"schema":{"@context":"https:\/\/schema.org","@graph":[{"@type":"WebPage","@id":"https:\/\/collectin.eu\/produktas\/lego-21243-apledejusios-virsunes\/","url":"https:\/\/collectin.eu\/produktas\/lego-21243-apledejusios-virsunes\/","name":"LEGO\u00ae 21243 The Frozen Peaks - Collectin.eu","isPartOf":{"@id":"https:\/\/collectin.eu\/#website"},"primaryImageOfPage":{"@id":"https:\/\/collectin.eu\/produktas\/lego-21243-apledejusios-virsunes\/#primaryimage"},"image":{"@id":"https:\/\/collectin.eu\/produktas\/lego-21243-apledejusios-virsunes\/#primaryimage"},"thumbnailUrl":"https:\/\/collectin.eu\/wp-content\/uploads\/2025\/12\/Untitled-design-2025-12-27T063057.327.png","datePublished":"2025-12-27T04:35:10+00:00","dateModified":"2026-04-08T10:25:22+00:00","description":"\u201eMinecraft\u201c \u017eaid\u0117jai atpa\u017eins Apled\u0117jusi\u0173 vir\u0161\u016bni\u0173 ir Taigos mi\u0161ko vietoves ir nekantraus pasitelkti \u201eMinecraft\u201c \u012fg\u016bd\u017eius kasti angliai, gele\u017eiai ir smaragdams, kuri\u0173 klodai sl\u016bgso po ledu.","breadcrumb":{"@id":"https:\/\/collectin.eu\/produktas\/lego-21243-apledejusios-virsunes\/#breadcrumb"},"inLanguage":"en-US","potentialAction":[{"@type":"ReadAction","target":["https:\/\/collectin.eu\/produktas\/lego-21243-apledejusios-virsunes\/"]}]},{"@type":"ImageObject","inLanguage":"en-US","@id":"https:\/\/collectin.eu\/produktas\/lego-21243-apledejusios-virsunes\/#primaryimage","url":"https:\/\/collectin.eu\/wp-content\/uploads\/2025\/12\/Untitled-design-2025-12-27T063057.327.png","contentUrl":"https:\/\/collectin.eu\/wp-content\/uploads\/2025\/12\/Untitled-design-2025-12-27T063057.327.png","width":1080,"height":1080},{"@type":"BreadcrumbList","@id":"https:\/\/collectin.eu\/produktas\/lego-21243-apledejusios-virsunes\/#breadcrumb","itemListElement":[{"@type":"ListItem","position":1,"name":"Home","item":"https:\/\/collectin.eu\/"},{"@type":"ListItem","position":2,"name":"Parduotuv\u0117","item":"https:\/\/collectin.eu\/parduotuve\/"},{"@type":"ListItem","position":3,"name":"LEGO\u00ae 21243 The Frozen Peaks"}]},{"@type":"WebSite","@id":"https:\/\/collectin.eu\/#website","url":"https:\/\/collectin.eu\/","name":"Collectin.eu","description":"","potentialAction":[{"@type":"SearchAction","target":{"@type":"EntryPoint","urlTemplate":"https:\/\/collectin.eu\/?s={search_term_string}"},"query-input":{"@type":"PropertyValueSpecification","valueRequired":true,"valueName":"search_term_string"}}],"inLanguage":"en-US"}]}},"jetpack_sharing_enabled":true,"_links":{"self":[{"href":"https:\/\/collectin.eu\/en\/wp-json\/wp\/v2\/product\/38697","targetHints":{"allow":["GET"]}}],"collection":[{"href":"https:\/\/collectin.eu\/en\/wp-json\/wp\/v2\/product"}],"about":[{"href":"https:\/\/collectin.eu\/en\/wp-json\/wp\/v2\/types\/product"}],"replies":[{"embeddable":true,"href":"https:\/\/collectin.eu\/en\/wp-json\/wp\/v2\/comments?post=38697"}],"version-history":[{"count":2,"href":"https:\/\/collectin.eu\/en\/wp-json\/wp\/v2\/product\/38697\/revisions"}],"predecessor-version":[{"id":40353,"href":"https:\/\/collectin.eu\/en\/wp-json\/wp\/v2\/product\/38697\/revisions\/40353"}],"wp:featuredmedia":[{"embeddable":true,"href":"https:\/\/collectin.eu\/en\/wp-json\/wp\/v2\/media\/38698"}],"wp:attachment":[{"href":"https:\/\/collectin.eu\/en\/wp-json\/wp\/v2\/media?parent=38697"}],"wp:term":[{"taxonomy":"product_brand","embeddable":true,"href":"https:\/\/collectin.eu\/en\/wp-json\/wp\/v2\/product_brand?post=38697"},{"taxonomy":"product_cat","embeddable":true,"href":"https:\/\/collectin.eu\/en\/wp-json\/wp\/v2\/product_cat?post=38697"},{"taxonomy":"product_tag","embeddable":true,"href":"https:\/\/collectin.eu\/en\/wp-json\/wp\/v2\/product_tag?post=38697"}],"curies":[{"name":"wp","href":"https:\/\/api.w.org\/{rel}","templated":true}]}}