{"id":38703,"date":"2025-12-27T04:40:47","date_gmt":"2025-12-27T04:40:47","guid":{"rendered":"https:\/\/collectin.eu\/?post_type=product&#038;p=38703"},"modified":"2026-04-08T10:25:22","modified_gmt":"2026-04-08T10:25:22","slug":"lego-21247-aksolotlio-namas","status":"publish","type":"product","link":"https:\/\/collectin.eu\/en\/product\/lego-21247-aksolotlio-namas\/","title":{"rendered":"LEGO\u00ae 21247 The Axolotl House"},"content":{"rendered":"<p>Palepinkite \u201eMinecraft\u00ae\u201c \u017eaid\u0117jus padovanodami betarpi\u0161k\u0173 povandenini\u0173 nuotyki\u0173 linksmybi\u0173 su aksolotliu, vienu mieliausi\u0173 sutv\u0117rim\u0173. Su \u201eLEGO\u00ae Minecraft\u201c aksolotlio namu (21247) \u017eaid\u0117jai nuo 7 met\u0173 perkels k\u016brybin\u012f \u201eMinecraft\u201c konstravim\u0105 ir i\u0161rading\u0105 veiksm\u0105 \u012f real\u0173 pasaul\u012f.<\/p>\n<ul>\n<li>Legendinis \u201eMinecraft\u00ae\u201c rinkinys \u2013 \u201eLEGO\u00ae Minecraft\u201c aksolotlio namas (21247) \u2013 tai konstruojama povandenin\u0117 baz\u0117, pasi\u017eyminti klasikin\u0117mis \u201eMinecraft\u201c ypatyb\u0117mis ir kupina veiksmo tiek i\u0161or\u0117je, tiek viduje<\/li>\n<li>Pa\u017e\u012fstami persona\u017eai \u2013 rinkinyje yra autenti\u0161k\u0173 \u201eMinecraft\u00ae\u201c fig\u016br\u0117li\u0173: povandeninis tyrin\u0117tojas, nuskend\u0119s zombis, delfinas, p\u016bslia\u017euv\u0117, 2 suaug\u0119 aksolotliai ir vienas aksolotlis kibir\u0117lyje<\/li>\n<li>Betarpi\u0161kos \u017eaidimo pramogos \u2013 vaikai gali sukonstruoti aksolotlio formos nam\u0105 ir jame ie\u0161koti lobi\u0173, kovoti su prie\u0161i\u0161kai nusiteikusiais u\u017epuolikais bei r\u016bpintis mieliausiais \u017eaidimo padar\u0117liais<\/li>\n<li>Dovana \u201eMinecraft\u00ae\u201c \u017eaid\u0117jams \u2013 padovanokite vaikams nuo 7 met\u0173 gimtadienio, \u0161vent\u0117s ar bet kuria kita proga nesibaigian\u010dias pramogas su \u0161iuo universaliu \u017eaidimu<\/li>\n<\/ul>","protected":false},"excerpt":{"rendered":"<p>Palepinkite \u201eMinecraft\u00ae\u201c \u017eaid\u0117jus padovanodami betarpi\u0161k\u0173 povandenini\u0173 nuotyki\u0173 linksmybi\u0173 su aksolotliu, vienu mieliausi\u0173 sutv\u0117rim\u0173. Su \u201eLEGO\u00ae Minecraft\u201c aksolotlio namu (21247) \u017eaid\u0117jai<\/p>","protected":false},"featured_media":38705,"comment_status":"open","ping_status":"closed","template":"","meta":[],"product_brand":[423],"product_cat":[677,406,524],"product_tag":[],"class_list":{"0":"post-38703","1":"product","2":"type-product","3":"status-publish","4":"has-post-thumbnail","6":"product_brand-lego","7":"product_cat-lego-konstruktoriai","8":"product_cat-lego","9":"product_cat-lego-minecraft","11":"first","12":"instock","13":"taxable","14":"shipping-taxable","15":"purchasable","16":"product-type-simple"},"yoast_head":"<!-- This site is optimized with the Yoast SEO plugin v25.9 - https:\/\/yoast.com\/wordpress\/plugins\/seo\/ -->\n<title>LEGO\u00ae 21247 The Axolotl House - Collectin.eu<\/title>\n<meta name=\"description\" content=\"Palepinkite \u201eMinecraft\u00ae\u201c \u017eaid\u0117jus padovanodami betarpi\u0161k\u0173 povandenini\u0173 nuotyki\u0173 linksmybi\u0173 su aksolotliu, vienu mieliausi\u0173 sutv\u0117rim\u0173.\" \/>\n<meta name=\"robots\" content=\"index, follow, max-snippet:-1, max-image-preview:large, max-video-preview:-1\" \/>\n<link rel=\"canonical\" href=\"https:\/\/collectin.eu\/en\/product\/lego-21247-aksolotlio-namas\/\" \/>\n<meta property=\"og:locale\" content=\"en_US\" \/>\n<meta property=\"og:type\" content=\"article\" \/>\n<meta property=\"og:title\" content=\"LEGO\u00ae 21247 The Axolotl House - Collectin.eu\" \/>\n<meta property=\"og:description\" content=\"Palepinkite \u201eMinecraft\u00ae\u201c \u017eaid\u0117jus padovanodami betarpi\u0161k\u0173 povandenini\u0173 nuotyki\u0173 linksmybi\u0173 su aksolotliu, vienu mieliausi\u0173 sutv\u0117rim\u0173.\" \/>\n<meta property=\"og:url\" content=\"https:\/\/collectin.eu\/en\/product\/lego-21247-aksolotlio-namas\/\" \/>\n<meta property=\"og:site_name\" content=\"Collectin.eu\" \/>\n<meta property=\"article:modified_time\" content=\"2026-04-08T10:25:22+00:00\" \/>\n<meta property=\"og:image\" content=\"http:\/\/collectin.eu\/wp-content\/uploads\/2025\/12\/Untitled-design-2025-12-27T063657.871.png\" \/>\n\t<meta property=\"og:image:width\" content=\"1080\" \/>\n\t<meta property=\"og:image:height\" content=\"1080\" \/>\n\t<meta property=\"og:image:type\" content=\"image\/png\" \/>\n<meta name=\"twitter:card\" content=\"summary_large_image\" \/>\n<meta name=\"twitter:label1\" content=\"Est. reading time\" \/>\n\t<meta name=\"twitter:data1\" content=\"1 minute\" \/>\n<script type=\"application\/ld+json\" class=\"yoast-schema-graph\">{\"@context\":\"https:\/\/schema.org\",\"@graph\":[{\"@type\":\"WebPage\",\"@id\":\"https:\/\/collectin.eu\/produktas\/lego-21247-aksolotlio-namas\/\",\"url\":\"https:\/\/collectin.eu\/produktas\/lego-21247-aksolotlio-namas\/\",\"name\":\"LEGO\u00ae 21247 The Axolotl House - Collectin.eu\",\"isPartOf\":{\"@id\":\"https:\/\/collectin.eu\/#website\"},\"primaryImageOfPage\":{\"@id\":\"https:\/\/collectin.eu\/produktas\/lego-21247-aksolotlio-namas\/#primaryimage\"},\"image\":{\"@id\":\"https:\/\/collectin.eu\/produktas\/lego-21247-aksolotlio-namas\/#primaryimage\"},\"thumbnailUrl\":\"https:\/\/collectin.eu\/wp-content\/uploads\/2025\/12\/Untitled-design-2025-12-27T063657.871.png\",\"datePublished\":\"2025-12-27T04:40:47+00:00\",\"dateModified\":\"2026-04-08T10:25:22+00:00\",\"description\":\"Palepinkite \u201eMinecraft\u00ae\u201c \u017eaid\u0117jus padovanodami betarpi\u0161k\u0173 povandenini\u0173 nuotyki\u0173 linksmybi\u0173 su aksolotliu, vienu mieliausi\u0173 sutv\u0117rim\u0173.\",\"breadcrumb\":{\"@id\":\"https:\/\/collectin.eu\/produktas\/lego-21247-aksolotlio-namas\/#breadcrumb\"},\"inLanguage\":\"en-US\",\"potentialAction\":[{\"@type\":\"ReadAction\",\"target\":[\"https:\/\/collectin.eu\/produktas\/lego-21247-aksolotlio-namas\/\"]}]},{\"@type\":\"ImageObject\",\"inLanguage\":\"en-US\",\"@id\":\"https:\/\/collectin.eu\/produktas\/lego-21247-aksolotlio-namas\/#primaryimage\",\"url\":\"https:\/\/collectin.eu\/wp-content\/uploads\/2025\/12\/Untitled-design-2025-12-27T063657.871.png\",\"contentUrl\":\"https:\/\/collectin.eu\/wp-content\/uploads\/2025\/12\/Untitled-design-2025-12-27T063657.871.png\",\"width\":1080,\"height\":1080},{\"@type\":\"BreadcrumbList\",\"@id\":\"https:\/\/collectin.eu\/produktas\/lego-21247-aksolotlio-namas\/#breadcrumb\",\"itemListElement\":[{\"@type\":\"ListItem\",\"position\":1,\"name\":\"Home\",\"item\":\"https:\/\/collectin.eu\/\"},{\"@type\":\"ListItem\",\"position\":2,\"name\":\"Parduotuv\u0117\",\"item\":\"https:\/\/collectin.eu\/parduotuve\/\"},{\"@type\":\"ListItem\",\"position\":3,\"name\":\"LEGO\u00ae 21247 The Axolotl House\"}]},{\"@type\":\"WebSite\",\"@id\":\"https:\/\/collectin.eu\/#website\",\"url\":\"https:\/\/collectin.eu\/\",\"name\":\"Collectin.eu\",\"description\":\"\",\"potentialAction\":[{\"@type\":\"SearchAction\",\"target\":{\"@type\":\"EntryPoint\",\"urlTemplate\":\"https:\/\/collectin.eu\/?s={search_term_string}\"},\"query-input\":{\"@type\":\"PropertyValueSpecification\",\"valueRequired\":true,\"valueName\":\"search_term_string\"}}],\"inLanguage\":\"en-US\"}]}<\/script>\n<!-- \/ Yoast SEO plugin. -->","yoast_head_json":{"title":"LEGO\u00ae 21247 The Axolotl House - Collectin.eu","description":"Palepinkite \u201eMinecraft\u00ae\u201c \u017eaid\u0117jus padovanodami betarpi\u0161k\u0173 povandenini\u0173 nuotyki\u0173 linksmybi\u0173 su aksolotliu, vienu mieliausi\u0173 sutv\u0117rim\u0173.","robots":{"index":"index","follow":"follow","max-snippet":"max-snippet:-1","max-image-preview":"max-image-preview:large","max-video-preview":"max-video-preview:-1"},"canonical":"https:\/\/collectin.eu\/en\/product\/lego-21247-aksolotlio-namas\/","og_locale":"en_US","og_type":"article","og_title":"LEGO\u00ae 21247 The Axolotl House - Collectin.eu","og_description":"Palepinkite \u201eMinecraft\u00ae\u201c \u017eaid\u0117jus padovanodami betarpi\u0161k\u0173 povandenini\u0173 nuotyki\u0173 linksmybi\u0173 su aksolotliu, vienu mieliausi\u0173 sutv\u0117rim\u0173.","og_url":"https:\/\/collectin.eu\/en\/product\/lego-21247-aksolotlio-namas\/","og_site_name":"Collectin.eu","article_modified_time":"2026-04-08T10:25:22+00:00","og_image":[{"width":1080,"height":1080,"url":"http:\/\/collectin.eu\/wp-content\/uploads\/2025\/12\/Untitled-design-2025-12-27T063657.871.png","type":"image\/png"}],"twitter_card":"summary_large_image","twitter_misc":{"Est. reading time":"1 minute"},"schema":{"@context":"https:\/\/schema.org","@graph":[{"@type":"WebPage","@id":"https:\/\/collectin.eu\/produktas\/lego-21247-aksolotlio-namas\/","url":"https:\/\/collectin.eu\/produktas\/lego-21247-aksolotlio-namas\/","name":"LEGO\u00ae 21247 The Axolotl House - Collectin.eu","isPartOf":{"@id":"https:\/\/collectin.eu\/#website"},"primaryImageOfPage":{"@id":"https:\/\/collectin.eu\/produktas\/lego-21247-aksolotlio-namas\/#primaryimage"},"image":{"@id":"https:\/\/collectin.eu\/produktas\/lego-21247-aksolotlio-namas\/#primaryimage"},"thumbnailUrl":"https:\/\/collectin.eu\/wp-content\/uploads\/2025\/12\/Untitled-design-2025-12-27T063657.871.png","datePublished":"2025-12-27T04:40:47+00:00","dateModified":"2026-04-08T10:25:22+00:00","description":"Palepinkite \u201eMinecraft\u00ae\u201c \u017eaid\u0117jus padovanodami betarpi\u0161k\u0173 povandenini\u0173 nuotyki\u0173 linksmybi\u0173 su aksolotliu, vienu mieliausi\u0173 sutv\u0117rim\u0173.","breadcrumb":{"@id":"https:\/\/collectin.eu\/produktas\/lego-21247-aksolotlio-namas\/#breadcrumb"},"inLanguage":"en-US","potentialAction":[{"@type":"ReadAction","target":["https:\/\/collectin.eu\/produktas\/lego-21247-aksolotlio-namas\/"]}]},{"@type":"ImageObject","inLanguage":"en-US","@id":"https:\/\/collectin.eu\/produktas\/lego-21247-aksolotlio-namas\/#primaryimage","url":"https:\/\/collectin.eu\/wp-content\/uploads\/2025\/12\/Untitled-design-2025-12-27T063657.871.png","contentUrl":"https:\/\/collectin.eu\/wp-content\/uploads\/2025\/12\/Untitled-design-2025-12-27T063657.871.png","width":1080,"height":1080},{"@type":"BreadcrumbList","@id":"https:\/\/collectin.eu\/produktas\/lego-21247-aksolotlio-namas\/#breadcrumb","itemListElement":[{"@type":"ListItem","position":1,"name":"Home","item":"https:\/\/collectin.eu\/"},{"@type":"ListItem","position":2,"name":"Parduotuv\u0117","item":"https:\/\/collectin.eu\/parduotuve\/"},{"@type":"ListItem","position":3,"name":"LEGO\u00ae 21247 The Axolotl House"}]},{"@type":"WebSite","@id":"https:\/\/collectin.eu\/#website","url":"https:\/\/collectin.eu\/","name":"Collectin.eu","description":"","potentialAction":[{"@type":"SearchAction","target":{"@type":"EntryPoint","urlTemplate":"https:\/\/collectin.eu\/?s={search_term_string}"},"query-input":{"@type":"PropertyValueSpecification","valueRequired":true,"valueName":"search_term_string"}}],"inLanguage":"en-US"}]}},"jetpack_sharing_enabled":true,"_links":{"self":[{"href":"https:\/\/collectin.eu\/en\/wp-json\/wp\/v2\/product\/38703","targetHints":{"allow":["GET"]}}],"collection":[{"href":"https:\/\/collectin.eu\/en\/wp-json\/wp\/v2\/product"}],"about":[{"href":"https:\/\/collectin.eu\/en\/wp-json\/wp\/v2\/types\/product"}],"replies":[{"embeddable":true,"href":"https:\/\/collectin.eu\/en\/wp-json\/wp\/v2\/comments?post=38703"}],"version-history":[{"count":3,"href":"https:\/\/collectin.eu\/en\/wp-json\/wp\/v2\/product\/38703\/revisions"}],"predecessor-version":[{"id":40352,"href":"https:\/\/collectin.eu\/en\/wp-json\/wp\/v2\/product\/38703\/revisions\/40352"}],"wp:featuredmedia":[{"embeddable":true,"href":"https:\/\/collectin.eu\/en\/wp-json\/wp\/v2\/media\/38705"}],"wp:attachment":[{"href":"https:\/\/collectin.eu\/en\/wp-json\/wp\/v2\/media?parent=38703"}],"wp:term":[{"taxonomy":"product_brand","embeddable":true,"href":"https:\/\/collectin.eu\/en\/wp-json\/wp\/v2\/product_brand?post=38703"},{"taxonomy":"product_cat","embeddable":true,"href":"https:\/\/collectin.eu\/en\/wp-json\/wp\/v2\/product_cat?post=38703"},{"taxonomy":"product_tag","embeddable":true,"href":"https:\/\/collectin.eu\/en\/wp-json\/wp\/v2\/product_tag?post=38703"}],"curies":[{"name":"wp","href":"https:\/\/api.w.org\/{rel}","templated":true}]}}