{"id":38710,"date":"2025-12-27T04:46:15","date_gmt":"2025-12-27T04:46:15","guid":{"rendered":"https:\/\/collectin.eu\/?post_type=product&#038;p=38710"},"modified":"2026-04-08T10:25:21","modified_gmt":"2026-04-08T10:25:21","slug":"lego-42148-sniego-valytuvas","status":"publish","type":"product","link":"https:\/\/collectin.eu\/en\/product\/lego-42148-sniego-valytuvas\/","title":{"rendered":"LEGO\u00ae 42148 Snow Groomer"},"content":{"rendered":"<p>LEGO\u00ae Technic\u00a0konstruojam\u0173 modeli\u0173 rinkiniuose tikrovi\u0161kai atkuriami judesiai ir mechanizmai, kurie suprantamai ir tikrovi\u0161kai supa\u017eindina ma\u017euosius LEGO konstruotojus su in\u017einerijos pasauliu.<\/p>\n<ul>\n<li>Dovan\u0117l\u0117 vaikams nuo 7 met\u0173. \u012ekv\u0117pkite vaikus imtis naujo konstravimo i\u0161\u0161\u016bkio, jiems tyrin\u0117jant naujas kalno \u0161lait\u0173 transporto priemon\u0117s ypatybes su \u0161iuo LEGO\u00ae Technic\u00a0Sniego valytuvo (42148) modelio rinkiniu<\/li>\n<li>Sukurta \u0161laitams. \u0160is sniego transporto priemon\u0117s modelis sukurtas pagal tikras transporto priemones ir turi gumines padangas, vik\u0161rus bei svirtis, kurios pakelia ir nuleid\u017eia stumtuv\u0105 ir lyginimo \u012frank\u012f<\/li>\n<li>2 viename modelis. \u017daislinio sniego valytuvo model\u012f galima perkonstruoti \u012f sniego motocikl\u0105, kad \u017eaidimo vaidmenimis pramogos niekad nesibaigt\u0173<\/li>\n<li>LEGO\u00ae dovanos id\u0117ja. Dovana vaikams nuo 7 met\u0173, kuriems patinka sniego valytuvai ir statybin\u0117s transporto priemon\u0117s<\/li>\n<\/ul>","protected":false},"excerpt":{"rendered":"<p>LEGO\u00ae Technic\u00a0konstruojam\u0173 modeli\u0173 rinkiniuose tikrovi\u0161kai atkuriami judesiai ir mechanizmai, kurie suprantamai ir tikrovi\u0161kai supa\u017eindina ma\u017euosius LEGO konstruotojus su in\u017einerijos pasauliu.<\/p>","protected":false},"featured_media":38711,"comment_status":"open","ping_status":"closed","template":"","meta":[],"product_brand":[423],"product_cat":[677,406,520],"product_tag":[],"class_list":{"0":"post-38710","1":"product","2":"type-product","3":"status-publish","4":"has-post-thumbnail","6":"product_brand-lego","7":"product_cat-lego-konstruktoriai","8":"product_cat-lego","9":"product_cat-lego-technic","11":"first","12":"instock","13":"taxable","14":"shipping-taxable","15":"purchasable","16":"product-type-simple"},"yoast_head":"<!-- This site is optimized with the Yoast SEO plugin v25.9 - https:\/\/yoast.com\/wordpress\/plugins\/seo\/ -->\n<title>LEGO\u00ae 42148 Snow Groomer - Collectin.eu<\/title>\n<meta name=\"description\" content=\"Su \u0161iuo LEGO\u00ae Technic Sniego valytuvo (42148) \u017eaisliniu rinkiniu vaikai nuo 7 met\u0173 am\u017eiaus, kurie dievina \u017eiemos sport\u0105, gal\u0117s pramogauti be atvangos.\" \/>\n<meta name=\"robots\" content=\"index, follow, max-snippet:-1, max-image-preview:large, max-video-preview:-1\" \/>\n<link rel=\"canonical\" href=\"https:\/\/collectin.eu\/en\/product\/lego-42148-sniego-valytuvas\/\" \/>\n<meta property=\"og:locale\" content=\"en_US\" \/>\n<meta property=\"og:type\" content=\"article\" \/>\n<meta property=\"og:title\" content=\"LEGO\u00ae 42148 Snow Groomer - Collectin.eu\" \/>\n<meta property=\"og:description\" content=\"Su \u0161iuo LEGO\u00ae Technic Sniego valytuvo (42148) \u017eaisliniu rinkiniu vaikai nuo 7 met\u0173 am\u017eiaus, kurie dievina \u017eiemos sport\u0105, gal\u0117s pramogauti be atvangos.\" \/>\n<meta property=\"og:url\" content=\"https:\/\/collectin.eu\/en\/product\/lego-42148-sniego-valytuvas\/\" \/>\n<meta property=\"og:site_name\" content=\"Collectin.eu\" \/>\n<meta property=\"article:modified_time\" content=\"2026-04-08T10:25:21+00:00\" \/>\n<meta property=\"og:image\" content=\"http:\/\/collectin.eu\/wp-content\/uploads\/2025\/12\/Untitled-design-2025-12-27T064302.212.png\" \/>\n\t<meta property=\"og:image:width\" content=\"1080\" \/>\n\t<meta property=\"og:image:height\" content=\"1080\" \/>\n\t<meta property=\"og:image:type\" content=\"image\/png\" \/>\n<meta name=\"twitter:card\" content=\"summary_large_image\" \/>\n<meta name=\"twitter:label1\" content=\"Est. reading time\" \/>\n\t<meta name=\"twitter:data1\" content=\"1 minute\" \/>\n<script type=\"application\/ld+json\" class=\"yoast-schema-graph\">{\"@context\":\"https:\/\/schema.org\",\"@graph\":[{\"@type\":\"WebPage\",\"@id\":\"https:\/\/collectin.eu\/produktas\/lego-42148-sniego-valytuvas\/\",\"url\":\"https:\/\/collectin.eu\/produktas\/lego-42148-sniego-valytuvas\/\",\"name\":\"LEGO\u00ae 42148 Snow Groomer - Collectin.eu\",\"isPartOf\":{\"@id\":\"https:\/\/collectin.eu\/#website\"},\"primaryImageOfPage\":{\"@id\":\"https:\/\/collectin.eu\/produktas\/lego-42148-sniego-valytuvas\/#primaryimage\"},\"image\":{\"@id\":\"https:\/\/collectin.eu\/produktas\/lego-42148-sniego-valytuvas\/#primaryimage\"},\"thumbnailUrl\":\"https:\/\/collectin.eu\/wp-content\/uploads\/2025\/12\/Untitled-design-2025-12-27T064302.212.png\",\"datePublished\":\"2025-12-27T04:46:15+00:00\",\"dateModified\":\"2026-04-08T10:25:21+00:00\",\"description\":\"Su \u0161iuo LEGO\u00ae Technic Sniego valytuvo (42148) \u017eaisliniu rinkiniu vaikai nuo 7 met\u0173 am\u017eiaus, kurie dievina \u017eiemos sport\u0105, gal\u0117s pramogauti be atvangos.\",\"breadcrumb\":{\"@id\":\"https:\/\/collectin.eu\/produktas\/lego-42148-sniego-valytuvas\/#breadcrumb\"},\"inLanguage\":\"en-US\",\"potentialAction\":[{\"@type\":\"ReadAction\",\"target\":[\"https:\/\/collectin.eu\/produktas\/lego-42148-sniego-valytuvas\/\"]}]},{\"@type\":\"ImageObject\",\"inLanguage\":\"en-US\",\"@id\":\"https:\/\/collectin.eu\/produktas\/lego-42148-sniego-valytuvas\/#primaryimage\",\"url\":\"https:\/\/collectin.eu\/wp-content\/uploads\/2025\/12\/Untitled-design-2025-12-27T064302.212.png\",\"contentUrl\":\"https:\/\/collectin.eu\/wp-content\/uploads\/2025\/12\/Untitled-design-2025-12-27T064302.212.png\",\"width\":1080,\"height\":1080},{\"@type\":\"BreadcrumbList\",\"@id\":\"https:\/\/collectin.eu\/produktas\/lego-42148-sniego-valytuvas\/#breadcrumb\",\"itemListElement\":[{\"@type\":\"ListItem\",\"position\":1,\"name\":\"Home\",\"item\":\"https:\/\/collectin.eu\/\"},{\"@type\":\"ListItem\",\"position\":2,\"name\":\"Parduotuv\u0117\",\"item\":\"https:\/\/collectin.eu\/parduotuve\/\"},{\"@type\":\"ListItem\",\"position\":3,\"name\":\"LEGO\u00ae 42148 Snow Groomer\"}]},{\"@type\":\"WebSite\",\"@id\":\"https:\/\/collectin.eu\/#website\",\"url\":\"https:\/\/collectin.eu\/\",\"name\":\"Collectin.eu\",\"description\":\"\",\"potentialAction\":[{\"@type\":\"SearchAction\",\"target\":{\"@type\":\"EntryPoint\",\"urlTemplate\":\"https:\/\/collectin.eu\/?s={search_term_string}\"},\"query-input\":{\"@type\":\"PropertyValueSpecification\",\"valueRequired\":true,\"valueName\":\"search_term_string\"}}],\"inLanguage\":\"en-US\"}]}<\/script>\n<!-- \/ Yoast SEO plugin. -->","yoast_head_json":{"title":"LEGO\u00ae 42148 Snow Groomer - Collectin.eu","description":"Su \u0161iuo LEGO\u00ae Technic Sniego valytuvo (42148) \u017eaisliniu rinkiniu vaikai nuo 7 met\u0173 am\u017eiaus, kurie dievina \u017eiemos sport\u0105, gal\u0117s pramogauti be atvangos.","robots":{"index":"index","follow":"follow","max-snippet":"max-snippet:-1","max-image-preview":"max-image-preview:large","max-video-preview":"max-video-preview:-1"},"canonical":"https:\/\/collectin.eu\/en\/product\/lego-42148-sniego-valytuvas\/","og_locale":"en_US","og_type":"article","og_title":"LEGO\u00ae 42148 Snow Groomer - Collectin.eu","og_description":"Su \u0161iuo LEGO\u00ae Technic Sniego valytuvo (42148) \u017eaisliniu rinkiniu vaikai nuo 7 met\u0173 am\u017eiaus, kurie dievina \u017eiemos sport\u0105, gal\u0117s pramogauti be atvangos.","og_url":"https:\/\/collectin.eu\/en\/product\/lego-42148-sniego-valytuvas\/","og_site_name":"Collectin.eu","article_modified_time":"2026-04-08T10:25:21+00:00","og_image":[{"width":1080,"height":1080,"url":"http:\/\/collectin.eu\/wp-content\/uploads\/2025\/12\/Untitled-design-2025-12-27T064302.212.png","type":"image\/png"}],"twitter_card":"summary_large_image","twitter_misc":{"Est. reading time":"1 minute"},"schema":{"@context":"https:\/\/schema.org","@graph":[{"@type":"WebPage","@id":"https:\/\/collectin.eu\/produktas\/lego-42148-sniego-valytuvas\/","url":"https:\/\/collectin.eu\/produktas\/lego-42148-sniego-valytuvas\/","name":"LEGO\u00ae 42148 Snow Groomer - Collectin.eu","isPartOf":{"@id":"https:\/\/collectin.eu\/#website"},"primaryImageOfPage":{"@id":"https:\/\/collectin.eu\/produktas\/lego-42148-sniego-valytuvas\/#primaryimage"},"image":{"@id":"https:\/\/collectin.eu\/produktas\/lego-42148-sniego-valytuvas\/#primaryimage"},"thumbnailUrl":"https:\/\/collectin.eu\/wp-content\/uploads\/2025\/12\/Untitled-design-2025-12-27T064302.212.png","datePublished":"2025-12-27T04:46:15+00:00","dateModified":"2026-04-08T10:25:21+00:00","description":"Su \u0161iuo LEGO\u00ae Technic Sniego valytuvo (42148) \u017eaisliniu rinkiniu vaikai nuo 7 met\u0173 am\u017eiaus, kurie dievina \u017eiemos sport\u0105, gal\u0117s pramogauti be atvangos.","breadcrumb":{"@id":"https:\/\/collectin.eu\/produktas\/lego-42148-sniego-valytuvas\/#breadcrumb"},"inLanguage":"en-US","potentialAction":[{"@type":"ReadAction","target":["https:\/\/collectin.eu\/produktas\/lego-42148-sniego-valytuvas\/"]}]},{"@type":"ImageObject","inLanguage":"en-US","@id":"https:\/\/collectin.eu\/produktas\/lego-42148-sniego-valytuvas\/#primaryimage","url":"https:\/\/collectin.eu\/wp-content\/uploads\/2025\/12\/Untitled-design-2025-12-27T064302.212.png","contentUrl":"https:\/\/collectin.eu\/wp-content\/uploads\/2025\/12\/Untitled-design-2025-12-27T064302.212.png","width":1080,"height":1080},{"@type":"BreadcrumbList","@id":"https:\/\/collectin.eu\/produktas\/lego-42148-sniego-valytuvas\/#breadcrumb","itemListElement":[{"@type":"ListItem","position":1,"name":"Home","item":"https:\/\/collectin.eu\/"},{"@type":"ListItem","position":2,"name":"Parduotuv\u0117","item":"https:\/\/collectin.eu\/parduotuve\/"},{"@type":"ListItem","position":3,"name":"LEGO\u00ae 42148 Snow Groomer"}]},{"@type":"WebSite","@id":"https:\/\/collectin.eu\/#website","url":"https:\/\/collectin.eu\/","name":"Collectin.eu","description":"","potentialAction":[{"@type":"SearchAction","target":{"@type":"EntryPoint","urlTemplate":"https:\/\/collectin.eu\/?s={search_term_string}"},"query-input":{"@type":"PropertyValueSpecification","valueRequired":true,"valueName":"search_term_string"}}],"inLanguage":"en-US"}]}},"jetpack_sharing_enabled":true,"_links":{"self":[{"href":"https:\/\/collectin.eu\/en\/wp-json\/wp\/v2\/product\/38710","targetHints":{"allow":["GET"]}}],"collection":[{"href":"https:\/\/collectin.eu\/en\/wp-json\/wp\/v2\/product"}],"about":[{"href":"https:\/\/collectin.eu\/en\/wp-json\/wp\/v2\/types\/product"}],"replies":[{"embeddable":true,"href":"https:\/\/collectin.eu\/en\/wp-json\/wp\/v2\/comments?post=38710"}],"version-history":[{"count":2,"href":"https:\/\/collectin.eu\/en\/wp-json\/wp\/v2\/product\/38710\/revisions"}],"predecessor-version":[{"id":40350,"href":"https:\/\/collectin.eu\/en\/wp-json\/wp\/v2\/product\/38710\/revisions\/40350"}],"wp:featuredmedia":[{"embeddable":true,"href":"https:\/\/collectin.eu\/en\/wp-json\/wp\/v2\/media\/38711"}],"wp:attachment":[{"href":"https:\/\/collectin.eu\/en\/wp-json\/wp\/v2\/media?parent=38710"}],"wp:term":[{"taxonomy":"product_brand","embeddable":true,"href":"https:\/\/collectin.eu\/en\/wp-json\/wp\/v2\/product_brand?post=38710"},{"taxonomy":"product_cat","embeddable":true,"href":"https:\/\/collectin.eu\/en\/wp-json\/wp\/v2\/product_cat?post=38710"},{"taxonomy":"product_tag","embeddable":true,"href":"https:\/\/collectin.eu\/en\/wp-json\/wp\/v2\/product_tag?post=38710"}],"curies":[{"name":"wp","href":"https:\/\/api.w.org\/{rel}","templated":true}]}}