{"id":38722,"date":"2025-12-27T04:57:26","date_gmt":"2025-12-27T04:57:26","guid":{"rendered":"https:\/\/collectin.eu\/?post_type=product&#038;p=38722"},"modified":"2026-04-08T10:25:21","modified_gmt":"2026-04-08T10:25:21","slug":"lego-76201-kapitone-karter-ir-hidros-robotas","status":"publish","type":"product","link":"https:\/\/collectin.eu\/en\/product\/lego-76201-kapitone-karter-ir-hidros-robotas\/","title":{"rendered":"LEGO\u00ae 76201 Captain Carter &#038; The Hydra Stomper"},"content":{"rendered":"<p>LEGO\u00ae Marvel Kapiton\u0117 Karter ir Hidros robotas (76201) suteikia galimyb\u0119 ma\u017eiesiems superherojams nuo 8 met\u0173 am\u017eiaus, atkurti nuotykius i\u0161 \u201eMarvel Studios\u201c ir \u201eDisney+\u201c serialo \u201eWhat If&#8230;?\u201c, perkeliant i\u0161rading\u0105 \u017eaidim\u0105 \u012f visi\u0161kai nauj\u0105 dimensij\u0105.<\/p>\n<ul>\n<li>LEGO\u00ae Marvel Kapiton\u0117 Karter ir Hidros kostiumas (76201) perkelia i\u0161rading\u0105 vaik\u0173 \u017eaidim\u0105 \u012f visi\u0161kai nauj\u0105 matmen\u012f, suteikdami gyvyb\u0117s superheroj\u0173 nuotykiams i\u0161 \u201eMarvel Studios\u201c ir \u201eDisney+\u201c serialo \u201eWhat If&#8230;?\u201c.<\/li>\n<li>Su Kapiton\u0117 Karter, Steve Rogers ir Raudonosios kaukol\u0117s minifig\u016br\u0117l\u0117mis bei konstruojamu robotu su atidaroma kabina ir 2 smaig\u0173 \u0161audykl\u0117mis.<\/li>\n<li>Vaikai \u012fsodina Steve Rogers minifig\u016br\u0117l\u0119 \u012f be galo lankst\u0173 Hidros robot\u0105, pasiruo\u0161us\u012f kovai prie\u0161 \u201eMarvel\u201c blogiuk\u0105 Raudon\u0105j\u0105 kaukol\u0119, kuris pagrob\u0117 Teserakt\u0105 i\u0161 Kapiton\u0117s Karter.<\/li>\n<li>LEGO\u00ae Marvel Kapiton\u0117 Karter ir Hidros robotas yra puiki dovana \u201eMarvel Studios\u201c ir \u201eDisney+\u201c serialo \u201eWhat If&#8230;?\u201c bei \u201eMarvel\u201c film\u0173 gerb\u0117jams nuo 8 met\u0173 am\u017eiaus.<\/li>\n<\/ul>","protected":false},"excerpt":{"rendered":"<p>LEGO\u00ae Marvel Kapiton\u0117 Karter ir Hidros robotas (76201) suteikia galimyb\u0119 ma\u017eiesiems superherojams nuo 8 met\u0173 am\u017eiaus, atkurti nuotykius i\u0161 \u201eMarvel<\/p>","protected":false},"featured_media":38723,"comment_status":"open","ping_status":"closed","template":"","meta":[],"product_brand":[423],"product_cat":[677,406,491],"product_tag":[],"class_list":{"0":"post-38722","1":"product","2":"type-product","3":"status-publish","4":"has-post-thumbnail","6":"product_brand-lego","7":"product_cat-lego-konstruktoriai","8":"product_cat-lego","9":"product_cat-lego-marvel","11":"first","12":"instock","13":"taxable","14":"shipping-taxable","15":"purchasable","16":"product-type-simple"},"yoast_head":"<!-- This site is optimized with the Yoast SEO plugin v25.9 - https:\/\/yoast.com\/wordpress\/plugins\/seo\/ -->\n<title>LEGO\u00ae 76201 Captain Carter &amp; The Hydra Stomper - Collectin.eu<\/title>\n<meta name=\"description\" content=\"Kai legendinis \u201eMarvel\u201c blogiukas Raudonoji Kaukol\u0117 pagrobia Teserakt\u0105, vien\u0105 galingiausi\u0173 objekt\u0173 visoje visatoje, vaikai \u012fsodina Steve Rogers \u012f Hidros robot\u0105, kad\u00a0j\u012f atgaut\u0173.\" \/>\n<meta name=\"robots\" content=\"index, follow, max-snippet:-1, max-image-preview:large, max-video-preview:-1\" \/>\n<link rel=\"canonical\" href=\"https:\/\/collectin.eu\/en\/product\/lego-76201-kapitone-karter-ir-hidros-robotas\/\" \/>\n<meta property=\"og:locale\" content=\"en_US\" \/>\n<meta property=\"og:type\" content=\"article\" \/>\n<meta property=\"og:title\" content=\"LEGO\u00ae 76201 Captain Carter &amp; The Hydra Stomper - Collectin.eu\" \/>\n<meta property=\"og:description\" content=\"Kai legendinis \u201eMarvel\u201c blogiukas Raudonoji Kaukol\u0117 pagrobia Teserakt\u0105, vien\u0105 galingiausi\u0173 objekt\u0173 visoje visatoje, vaikai \u012fsodina Steve Rogers \u012f Hidros robot\u0105, kad\u00a0j\u012f atgaut\u0173.\" \/>\n<meta property=\"og:url\" content=\"https:\/\/collectin.eu\/en\/product\/lego-76201-kapitone-karter-ir-hidros-robotas\/\" \/>\n<meta property=\"og:site_name\" content=\"Collectin.eu\" \/>\n<meta property=\"article:modified_time\" content=\"2026-04-08T10:25:21+00:00\" \/>\n<meta property=\"og:image\" content=\"http:\/\/collectin.eu\/wp-content\/uploads\/2025\/12\/Untitled-design-2025-12-27T065413.558.png\" \/>\n\t<meta property=\"og:image:width\" content=\"1080\" \/>\n\t<meta property=\"og:image:height\" content=\"1080\" \/>\n\t<meta property=\"og:image:type\" content=\"image\/png\" \/>\n<meta name=\"twitter:card\" content=\"summary_large_image\" \/>\n<meta name=\"twitter:label1\" content=\"Est. reading time\" \/>\n\t<meta name=\"twitter:data1\" content=\"1 minute\" \/>\n<script type=\"application\/ld+json\" class=\"yoast-schema-graph\">{\"@context\":\"https:\/\/schema.org\",\"@graph\":[{\"@type\":\"WebPage\",\"@id\":\"https:\/\/collectin.eu\/produktas\/lego-76201-kapitone-karter-ir-hidros-robotas\/\",\"url\":\"https:\/\/collectin.eu\/produktas\/lego-76201-kapitone-karter-ir-hidros-robotas\/\",\"name\":\"LEGO\u00ae 76201 Captain Carter & The Hydra Stomper - Collectin.eu\",\"isPartOf\":{\"@id\":\"https:\/\/collectin.eu\/#website\"},\"primaryImageOfPage\":{\"@id\":\"https:\/\/collectin.eu\/produktas\/lego-76201-kapitone-karter-ir-hidros-robotas\/#primaryimage\"},\"image\":{\"@id\":\"https:\/\/collectin.eu\/produktas\/lego-76201-kapitone-karter-ir-hidros-robotas\/#primaryimage\"},\"thumbnailUrl\":\"https:\/\/collectin.eu\/wp-content\/uploads\/2025\/12\/Untitled-design-2025-12-27T065413.558.png\",\"datePublished\":\"2025-12-27T04:57:26+00:00\",\"dateModified\":\"2026-04-08T10:25:21+00:00\",\"description\":\"Kai legendinis \u201eMarvel\u201c blogiukas Raudonoji Kaukol\u0117 pagrobia Teserakt\u0105, vien\u0105 galingiausi\u0173 objekt\u0173 visoje visatoje, vaikai \u012fsodina Steve Rogers \u012f Hidros robot\u0105, kad\u00a0j\u012f atgaut\u0173.\",\"breadcrumb\":{\"@id\":\"https:\/\/collectin.eu\/produktas\/lego-76201-kapitone-karter-ir-hidros-robotas\/#breadcrumb\"},\"inLanguage\":\"en-US\",\"potentialAction\":[{\"@type\":\"ReadAction\",\"target\":[\"https:\/\/collectin.eu\/produktas\/lego-76201-kapitone-karter-ir-hidros-robotas\/\"]}]},{\"@type\":\"ImageObject\",\"inLanguage\":\"en-US\",\"@id\":\"https:\/\/collectin.eu\/produktas\/lego-76201-kapitone-karter-ir-hidros-robotas\/#primaryimage\",\"url\":\"https:\/\/collectin.eu\/wp-content\/uploads\/2025\/12\/Untitled-design-2025-12-27T065413.558.png\",\"contentUrl\":\"https:\/\/collectin.eu\/wp-content\/uploads\/2025\/12\/Untitled-design-2025-12-27T065413.558.png\",\"width\":1080,\"height\":1080},{\"@type\":\"BreadcrumbList\",\"@id\":\"https:\/\/collectin.eu\/produktas\/lego-76201-kapitone-karter-ir-hidros-robotas\/#breadcrumb\",\"itemListElement\":[{\"@type\":\"ListItem\",\"position\":1,\"name\":\"Home\",\"item\":\"https:\/\/collectin.eu\/\"},{\"@type\":\"ListItem\",\"position\":2,\"name\":\"Parduotuv\u0117\",\"item\":\"https:\/\/collectin.eu\/parduotuve\/\"},{\"@type\":\"ListItem\",\"position\":3,\"name\":\"LEGO\u00ae 76201 Captain Carter &#038; The Hydra Stomper\"}]},{\"@type\":\"WebSite\",\"@id\":\"https:\/\/collectin.eu\/#website\",\"url\":\"https:\/\/collectin.eu\/\",\"name\":\"Collectin.eu\",\"description\":\"\",\"potentialAction\":[{\"@type\":\"SearchAction\",\"target\":{\"@type\":\"EntryPoint\",\"urlTemplate\":\"https:\/\/collectin.eu\/?s={search_term_string}\"},\"query-input\":{\"@type\":\"PropertyValueSpecification\",\"valueRequired\":true,\"valueName\":\"search_term_string\"}}],\"inLanguage\":\"en-US\"}]}<\/script>\n<!-- \/ Yoast SEO plugin. -->","yoast_head_json":{"title":"LEGO\u00ae 76201 Captain Carter & The Hydra Stomper - Collectin.eu","description":"Kai legendinis \u201eMarvel\u201c blogiukas Raudonoji Kaukol\u0117 pagrobia Teserakt\u0105, vien\u0105 galingiausi\u0173 objekt\u0173 visoje visatoje, vaikai \u012fsodina Steve Rogers \u012f Hidros robot\u0105, kad\u00a0j\u012f atgaut\u0173.","robots":{"index":"index","follow":"follow","max-snippet":"max-snippet:-1","max-image-preview":"max-image-preview:large","max-video-preview":"max-video-preview:-1"},"canonical":"https:\/\/collectin.eu\/en\/product\/lego-76201-kapitone-karter-ir-hidros-robotas\/","og_locale":"en_US","og_type":"article","og_title":"LEGO\u00ae 76201 Captain Carter & The Hydra Stomper - Collectin.eu","og_description":"Kai legendinis \u201eMarvel\u201c blogiukas Raudonoji Kaukol\u0117 pagrobia Teserakt\u0105, vien\u0105 galingiausi\u0173 objekt\u0173 visoje visatoje, vaikai \u012fsodina Steve Rogers \u012f Hidros robot\u0105, kad\u00a0j\u012f atgaut\u0173.","og_url":"https:\/\/collectin.eu\/en\/product\/lego-76201-kapitone-karter-ir-hidros-robotas\/","og_site_name":"Collectin.eu","article_modified_time":"2026-04-08T10:25:21+00:00","og_image":[{"width":1080,"height":1080,"url":"http:\/\/collectin.eu\/wp-content\/uploads\/2025\/12\/Untitled-design-2025-12-27T065413.558.png","type":"image\/png"}],"twitter_card":"summary_large_image","twitter_misc":{"Est. reading time":"1 minute"},"schema":{"@context":"https:\/\/schema.org","@graph":[{"@type":"WebPage","@id":"https:\/\/collectin.eu\/produktas\/lego-76201-kapitone-karter-ir-hidros-robotas\/","url":"https:\/\/collectin.eu\/produktas\/lego-76201-kapitone-karter-ir-hidros-robotas\/","name":"LEGO\u00ae 76201 Captain Carter & The Hydra Stomper - Collectin.eu","isPartOf":{"@id":"https:\/\/collectin.eu\/#website"},"primaryImageOfPage":{"@id":"https:\/\/collectin.eu\/produktas\/lego-76201-kapitone-karter-ir-hidros-robotas\/#primaryimage"},"image":{"@id":"https:\/\/collectin.eu\/produktas\/lego-76201-kapitone-karter-ir-hidros-robotas\/#primaryimage"},"thumbnailUrl":"https:\/\/collectin.eu\/wp-content\/uploads\/2025\/12\/Untitled-design-2025-12-27T065413.558.png","datePublished":"2025-12-27T04:57:26+00:00","dateModified":"2026-04-08T10:25:21+00:00","description":"Kai legendinis \u201eMarvel\u201c blogiukas Raudonoji Kaukol\u0117 pagrobia Teserakt\u0105, vien\u0105 galingiausi\u0173 objekt\u0173 visoje visatoje, vaikai \u012fsodina Steve Rogers \u012f Hidros robot\u0105, kad\u00a0j\u012f atgaut\u0173.","breadcrumb":{"@id":"https:\/\/collectin.eu\/produktas\/lego-76201-kapitone-karter-ir-hidros-robotas\/#breadcrumb"},"inLanguage":"en-US","potentialAction":[{"@type":"ReadAction","target":["https:\/\/collectin.eu\/produktas\/lego-76201-kapitone-karter-ir-hidros-robotas\/"]}]},{"@type":"ImageObject","inLanguage":"en-US","@id":"https:\/\/collectin.eu\/produktas\/lego-76201-kapitone-karter-ir-hidros-robotas\/#primaryimage","url":"https:\/\/collectin.eu\/wp-content\/uploads\/2025\/12\/Untitled-design-2025-12-27T065413.558.png","contentUrl":"https:\/\/collectin.eu\/wp-content\/uploads\/2025\/12\/Untitled-design-2025-12-27T065413.558.png","width":1080,"height":1080},{"@type":"BreadcrumbList","@id":"https:\/\/collectin.eu\/produktas\/lego-76201-kapitone-karter-ir-hidros-robotas\/#breadcrumb","itemListElement":[{"@type":"ListItem","position":1,"name":"Home","item":"https:\/\/collectin.eu\/"},{"@type":"ListItem","position":2,"name":"Parduotuv\u0117","item":"https:\/\/collectin.eu\/parduotuve\/"},{"@type":"ListItem","position":3,"name":"LEGO\u00ae 76201 Captain Carter &#038; The Hydra Stomper"}]},{"@type":"WebSite","@id":"https:\/\/collectin.eu\/#website","url":"https:\/\/collectin.eu\/","name":"Collectin.eu","description":"","potentialAction":[{"@type":"SearchAction","target":{"@type":"EntryPoint","urlTemplate":"https:\/\/collectin.eu\/?s={search_term_string}"},"query-input":{"@type":"PropertyValueSpecification","valueRequired":true,"valueName":"search_term_string"}}],"inLanguage":"en-US"}]}},"jetpack_sharing_enabled":true,"_links":{"self":[{"href":"https:\/\/collectin.eu\/en\/wp-json\/wp\/v2\/product\/38722","targetHints":{"allow":["GET"]}}],"collection":[{"href":"https:\/\/collectin.eu\/en\/wp-json\/wp\/v2\/product"}],"about":[{"href":"https:\/\/collectin.eu\/en\/wp-json\/wp\/v2\/types\/product"}],"replies":[{"embeddable":true,"href":"https:\/\/collectin.eu\/en\/wp-json\/wp\/v2\/comments?post=38722"}],"version-history":[{"count":2,"href":"https:\/\/collectin.eu\/en\/wp-json\/wp\/v2\/product\/38722\/revisions"}],"predecessor-version":[{"id":40347,"href":"https:\/\/collectin.eu\/en\/wp-json\/wp\/v2\/product\/38722\/revisions\/40347"}],"wp:featuredmedia":[{"embeddable":true,"href":"https:\/\/collectin.eu\/en\/wp-json\/wp\/v2\/media\/38723"}],"wp:attachment":[{"href":"https:\/\/collectin.eu\/en\/wp-json\/wp\/v2\/media?parent=38722"}],"wp:term":[{"taxonomy":"product_brand","embeddable":true,"href":"https:\/\/collectin.eu\/en\/wp-json\/wp\/v2\/product_brand?post=38722"},{"taxonomy":"product_cat","embeddable":true,"href":"https:\/\/collectin.eu\/en\/wp-json\/wp\/v2\/product_cat?post=38722"},{"taxonomy":"product_tag","embeddable":true,"href":"https:\/\/collectin.eu\/en\/wp-json\/wp\/v2\/product_tag?post=38722"}],"curies":[{"name":"wp","href":"https:\/\/api.w.org\/{rel}","templated":true}]}}