{"id":38728,"date":"2025-12-27T05:01:57","date_gmt":"2025-12-27T05:01:57","guid":{"rendered":"https:\/\/collectin.eu\/?post_type=product&#038;p=38728"},"modified":"2026-04-08T10:25:20","modified_gmt":"2026-04-08T10:25:20","slug":"lego-76226-zmogaus-voro-figurele","status":"publish","type":"product","link":"https:\/\/collectin.eu\/en\/product\/lego-76226-zmogaus-voro-figurele\/","title":{"rendered":"LEGO\u00ae 76226 Spider-Man"},"content":{"rendered":"<p>Pagal \u017dmog\u0173 vor\u0105 i\u0161 \u201eMarvel\u201c visatos sukurta lanksti fig\u016br\u0117l\u0119, primena tikr\u0105 persona\u017e\u0105. Naudodami pridedamus tinklo elementus, kaudamiesi nesibaigian\u010diose \u012fsp\u016bdingose misijose vaikai gali judinti ir pastatyti \u017dmog\u0173 vor\u0105 kaip jiems patinka. Dienos kovoms nurimus, fig\u016br\u0117l\u0117 tampa puikia puo\u0161mena. Nemokama program\u0117l\u0117 \u201eLEGO Building Instructions\u201c suteikia vaikams galimyb\u0119 ap\u017ei\u016br\u0117ti, priartinti ir pasukti model\u012f konstruojant, kad konstravimo procesas b\u016bt\u0173 \u012ftraukiantis ir interaktyvus.<\/p>\n<ul>\n<li>Betarpi\u0161kas \u017dmogus voras. Perkelkite voratinklius svaidant\u012f superheroj\u0173 \u017dmogaus voro gerb\u0117jams nuo 8 met\u0173 \u012f rankas su \u0161iuo LEGO\u00ae Marvel Miles \u017dmogaus voro fig\u016br\u0117l\u0117s (76226) rinkiniu.<\/li>\n<li>Legendinis \u201eMarvel\u201c herojus. Surink\u0119 258 dali\u0173 fig\u016br\u0117l\u0119 vaikai atkurs tikrovi\u0161k\u0105 \u017dmog\u0173 vor\u0105 i\u0161 \u201eMarvel\u201c visatos.<\/li>\n<li>Lankstus. Visos konstruojamo \u017dmogaus voro dalys yra lanks\u010dios, tod\u0117l vaikai gali judinti ir lankstyti \u0161arvus tarytum tikrus.<\/li>\n<li>Dovana vaikams. Padovanokite betarpi\u0161ko \u017eaidimo fig\u016br\u0117l\u0119 jauniesiems superherojams nuo 8 met\u0173 gimtadienio, \u0161vent\u0117s arba bet kokia proga.<\/li>\n<\/ul>","protected":false},"excerpt":{"rendered":"<p>Pagal \u017dmog\u0173 vor\u0105 i\u0161 \u201eMarvel\u201c visatos sukurta lanksti fig\u016br\u0117l\u0119, primena tikr\u0105 persona\u017e\u0105. Naudodami pridedamus tinklo elementus, kaudamiesi nesibaigian\u010diose \u012fsp\u016bdingose misijose<\/p>","protected":false},"featured_media":38729,"comment_status":"open","ping_status":"closed","template":"","meta":[],"product_brand":[423],"product_cat":[677,406,491],"product_tag":[],"class_list":{"0":"post-38728","1":"product","2":"type-product","3":"status-publish","4":"has-post-thumbnail","6":"product_brand-lego","7":"product_cat-lego-konstruktoriai","8":"product_cat-lego","9":"product_cat-lego-marvel","11":"first","12":"instock","13":"taxable","14":"shipping-taxable","15":"purchasable","16":"product-type-simple"},"yoast_head":"<!-- This site is optimized with the Yoast SEO plugin v25.9 - https:\/\/yoast.com\/wordpress\/plugins\/seo\/ -->\n<title>LEGO\u00ae 76226 Spider-Man - Collectin.eu<\/title>\n<meta name=\"description\" content=\"Pagal \u017dmog\u0173 vor\u0105 i\u0161 \u201eMarvel\u201c visatos sukurta lanksti fig\u016br\u0117l\u0119, primena tikr\u0105 persona\u017e\u0105.\" \/>\n<meta name=\"robots\" content=\"index, follow, max-snippet:-1, max-image-preview:large, max-video-preview:-1\" \/>\n<link rel=\"canonical\" href=\"https:\/\/collectin.eu\/en\/product\/lego-76226-zmogaus-voro-figurele\/\" \/>\n<meta property=\"og:locale\" content=\"en_US\" \/>\n<meta property=\"og:type\" content=\"article\" \/>\n<meta property=\"og:title\" content=\"LEGO\u00ae 76226 Spider-Man - Collectin.eu\" \/>\n<meta property=\"og:description\" content=\"Pagal \u017dmog\u0173 vor\u0105 i\u0161 \u201eMarvel\u201c visatos sukurta lanksti fig\u016br\u0117l\u0119, primena tikr\u0105 persona\u017e\u0105.\" \/>\n<meta property=\"og:url\" content=\"https:\/\/collectin.eu\/en\/product\/lego-76226-zmogaus-voro-figurele\/\" \/>\n<meta property=\"og:site_name\" content=\"Collectin.eu\" \/>\n<meta property=\"article:modified_time\" content=\"2026-04-08T10:25:20+00:00\" \/>\n<meta property=\"og:image\" content=\"http:\/\/collectin.eu\/wp-content\/uploads\/2025\/12\/Untitled-design-2025-12-27T065909.287.png\" \/>\n\t<meta property=\"og:image:width\" content=\"1080\" \/>\n\t<meta property=\"og:image:height\" content=\"1080\" \/>\n\t<meta property=\"og:image:type\" content=\"image\/png\" \/>\n<meta name=\"twitter:card\" content=\"summary_large_image\" \/>\n<meta name=\"twitter:label1\" content=\"Est. reading time\" \/>\n\t<meta name=\"twitter:data1\" content=\"1 minute\" \/>\n<script type=\"application\/ld+json\" class=\"yoast-schema-graph\">{\"@context\":\"https:\/\/schema.org\",\"@graph\":[{\"@type\":\"WebPage\",\"@id\":\"https:\/\/collectin.eu\/produktas\/lego-76226-zmogaus-voro-figurele\/\",\"url\":\"https:\/\/collectin.eu\/produktas\/lego-76226-zmogaus-voro-figurele\/\",\"name\":\"LEGO\u00ae 76226 Spider-Man - Collectin.eu\",\"isPartOf\":{\"@id\":\"https:\/\/collectin.eu\/#website\"},\"primaryImageOfPage\":{\"@id\":\"https:\/\/collectin.eu\/produktas\/lego-76226-zmogaus-voro-figurele\/#primaryimage\"},\"image\":{\"@id\":\"https:\/\/collectin.eu\/produktas\/lego-76226-zmogaus-voro-figurele\/#primaryimage\"},\"thumbnailUrl\":\"https:\/\/collectin.eu\/wp-content\/uploads\/2025\/12\/Untitled-design-2025-12-27T065909.287.png\",\"datePublished\":\"2025-12-27T05:01:57+00:00\",\"dateModified\":\"2026-04-08T10:25:20+00:00\",\"description\":\"Pagal \u017dmog\u0173 vor\u0105 i\u0161 \u201eMarvel\u201c visatos sukurta lanksti fig\u016br\u0117l\u0119, primena tikr\u0105 persona\u017e\u0105.\",\"breadcrumb\":{\"@id\":\"https:\/\/collectin.eu\/produktas\/lego-76226-zmogaus-voro-figurele\/#breadcrumb\"},\"inLanguage\":\"en-US\",\"potentialAction\":[{\"@type\":\"ReadAction\",\"target\":[\"https:\/\/collectin.eu\/produktas\/lego-76226-zmogaus-voro-figurele\/\"]}]},{\"@type\":\"ImageObject\",\"inLanguage\":\"en-US\",\"@id\":\"https:\/\/collectin.eu\/produktas\/lego-76226-zmogaus-voro-figurele\/#primaryimage\",\"url\":\"https:\/\/collectin.eu\/wp-content\/uploads\/2025\/12\/Untitled-design-2025-12-27T065909.287.png\",\"contentUrl\":\"https:\/\/collectin.eu\/wp-content\/uploads\/2025\/12\/Untitled-design-2025-12-27T065909.287.png\",\"width\":1080,\"height\":1080},{\"@type\":\"BreadcrumbList\",\"@id\":\"https:\/\/collectin.eu\/produktas\/lego-76226-zmogaus-voro-figurele\/#breadcrumb\",\"itemListElement\":[{\"@type\":\"ListItem\",\"position\":1,\"name\":\"Home\",\"item\":\"https:\/\/collectin.eu\/\"},{\"@type\":\"ListItem\",\"position\":2,\"name\":\"Parduotuv\u0117\",\"item\":\"https:\/\/collectin.eu\/parduotuve\/\"},{\"@type\":\"ListItem\",\"position\":3,\"name\":\"LEGO\u00ae 76226 Spider-Man\"}]},{\"@type\":\"WebSite\",\"@id\":\"https:\/\/collectin.eu\/#website\",\"url\":\"https:\/\/collectin.eu\/\",\"name\":\"Collectin.eu\",\"description\":\"\",\"potentialAction\":[{\"@type\":\"SearchAction\",\"target\":{\"@type\":\"EntryPoint\",\"urlTemplate\":\"https:\/\/collectin.eu\/?s={search_term_string}\"},\"query-input\":{\"@type\":\"PropertyValueSpecification\",\"valueRequired\":true,\"valueName\":\"search_term_string\"}}],\"inLanguage\":\"en-US\"}]}<\/script>\n<!-- \/ Yoast SEO plugin. -->","yoast_head_json":{"title":"LEGO\u00ae 76226 Spider-Man - Collectin.eu","description":"Pagal \u017dmog\u0173 vor\u0105 i\u0161 \u201eMarvel\u201c visatos sukurta lanksti fig\u016br\u0117l\u0119, primena tikr\u0105 persona\u017e\u0105.","robots":{"index":"index","follow":"follow","max-snippet":"max-snippet:-1","max-image-preview":"max-image-preview:large","max-video-preview":"max-video-preview:-1"},"canonical":"https:\/\/collectin.eu\/en\/product\/lego-76226-zmogaus-voro-figurele\/","og_locale":"en_US","og_type":"article","og_title":"LEGO\u00ae 76226 Spider-Man - Collectin.eu","og_description":"Pagal \u017dmog\u0173 vor\u0105 i\u0161 \u201eMarvel\u201c visatos sukurta lanksti fig\u016br\u0117l\u0119, primena tikr\u0105 persona\u017e\u0105.","og_url":"https:\/\/collectin.eu\/en\/product\/lego-76226-zmogaus-voro-figurele\/","og_site_name":"Collectin.eu","article_modified_time":"2026-04-08T10:25:20+00:00","og_image":[{"width":1080,"height":1080,"url":"http:\/\/collectin.eu\/wp-content\/uploads\/2025\/12\/Untitled-design-2025-12-27T065909.287.png","type":"image\/png"}],"twitter_card":"summary_large_image","twitter_misc":{"Est. reading time":"1 minute"},"schema":{"@context":"https:\/\/schema.org","@graph":[{"@type":"WebPage","@id":"https:\/\/collectin.eu\/produktas\/lego-76226-zmogaus-voro-figurele\/","url":"https:\/\/collectin.eu\/produktas\/lego-76226-zmogaus-voro-figurele\/","name":"LEGO\u00ae 76226 Spider-Man - Collectin.eu","isPartOf":{"@id":"https:\/\/collectin.eu\/#website"},"primaryImageOfPage":{"@id":"https:\/\/collectin.eu\/produktas\/lego-76226-zmogaus-voro-figurele\/#primaryimage"},"image":{"@id":"https:\/\/collectin.eu\/produktas\/lego-76226-zmogaus-voro-figurele\/#primaryimage"},"thumbnailUrl":"https:\/\/collectin.eu\/wp-content\/uploads\/2025\/12\/Untitled-design-2025-12-27T065909.287.png","datePublished":"2025-12-27T05:01:57+00:00","dateModified":"2026-04-08T10:25:20+00:00","description":"Pagal \u017dmog\u0173 vor\u0105 i\u0161 \u201eMarvel\u201c visatos sukurta lanksti fig\u016br\u0117l\u0119, primena tikr\u0105 persona\u017e\u0105.","breadcrumb":{"@id":"https:\/\/collectin.eu\/produktas\/lego-76226-zmogaus-voro-figurele\/#breadcrumb"},"inLanguage":"en-US","potentialAction":[{"@type":"ReadAction","target":["https:\/\/collectin.eu\/produktas\/lego-76226-zmogaus-voro-figurele\/"]}]},{"@type":"ImageObject","inLanguage":"en-US","@id":"https:\/\/collectin.eu\/produktas\/lego-76226-zmogaus-voro-figurele\/#primaryimage","url":"https:\/\/collectin.eu\/wp-content\/uploads\/2025\/12\/Untitled-design-2025-12-27T065909.287.png","contentUrl":"https:\/\/collectin.eu\/wp-content\/uploads\/2025\/12\/Untitled-design-2025-12-27T065909.287.png","width":1080,"height":1080},{"@type":"BreadcrumbList","@id":"https:\/\/collectin.eu\/produktas\/lego-76226-zmogaus-voro-figurele\/#breadcrumb","itemListElement":[{"@type":"ListItem","position":1,"name":"Home","item":"https:\/\/collectin.eu\/"},{"@type":"ListItem","position":2,"name":"Parduotuv\u0117","item":"https:\/\/collectin.eu\/parduotuve\/"},{"@type":"ListItem","position":3,"name":"LEGO\u00ae 76226 Spider-Man"}]},{"@type":"WebSite","@id":"https:\/\/collectin.eu\/#website","url":"https:\/\/collectin.eu\/","name":"Collectin.eu","description":"","potentialAction":[{"@type":"SearchAction","target":{"@type":"EntryPoint","urlTemplate":"https:\/\/collectin.eu\/?s={search_term_string}"},"query-input":{"@type":"PropertyValueSpecification","valueRequired":true,"valueName":"search_term_string"}}],"inLanguage":"en-US"}]}},"jetpack_sharing_enabled":true,"_links":{"self":[{"href":"https:\/\/collectin.eu\/en\/wp-json\/wp\/v2\/product\/38728","targetHints":{"allow":["GET"]}}],"collection":[{"href":"https:\/\/collectin.eu\/en\/wp-json\/wp\/v2\/product"}],"about":[{"href":"https:\/\/collectin.eu\/en\/wp-json\/wp\/v2\/types\/product"}],"replies":[{"embeddable":true,"href":"https:\/\/collectin.eu\/en\/wp-json\/wp\/v2\/comments?post=38728"}],"version-history":[{"count":3,"href":"https:\/\/collectin.eu\/en\/wp-json\/wp\/v2\/product\/38728\/revisions"}],"predecessor-version":[{"id":40346,"href":"https:\/\/collectin.eu\/en\/wp-json\/wp\/v2\/product\/38728\/revisions\/40346"}],"wp:featuredmedia":[{"embeddable":true,"href":"https:\/\/collectin.eu\/en\/wp-json\/wp\/v2\/media\/38729"}],"wp:attachment":[{"href":"https:\/\/collectin.eu\/en\/wp-json\/wp\/v2\/media?parent=38728"}],"wp:term":[{"taxonomy":"product_brand","embeddable":true,"href":"https:\/\/collectin.eu\/en\/wp-json\/wp\/v2\/product_brand?post=38728"},{"taxonomy":"product_cat","embeddable":true,"href":"https:\/\/collectin.eu\/en\/wp-json\/wp\/v2\/product_cat?post=38728"},{"taxonomy":"product_tag","embeddable":true,"href":"https:\/\/collectin.eu\/en\/wp-json\/wp\/v2\/product_tag?post=38728"}],"curies":[{"name":"wp","href":"https:\/\/api.w.org\/{rel}","templated":true}]}}