{"id":38734,"date":"2025-12-27T05:07:04","date_gmt":"2025-12-27T05:07:04","guid":{"rendered":"https:\/\/collectin.eu\/?post_type=product&#038;p=38734"},"modified":"2026-04-08T10:25:20","modified_gmt":"2026-04-08T10:25:20","slug":"lego-76155-marvel-amzinieji-arisemo-seselyje","status":"publish","type":"product","link":"https:\/\/collectin.eu\/en\/product\/lego-76155-marvel-amzinieji-arisemo-seselyje\/","title":{"rendered":"LEGO\u00ae 76155 In Arishem\u2019s Shadow"},"content":{"rendered":"<p>Sujunkite visus smagius Marvel Studios filmo Am\u017einieji elementus viename nuostabiame LEGO\u00ae \u017eaidimo rinkinyje. Ari\u0161emo \u0161e\u0161\u0117lyje (76155) suveda 4 Am\u017einuosius, Klast\u016bn\u0105 ir Dangi\u0161k\u0105j\u012f \u012f superheroj\u0173 kov\u0105, kuri be galo patiks vaikams.<\/p>\n<p>LEGO Marvel Am\u017einieji konstruojami \u017eaislai yra unikal\u016bs \u017eaidimo rinkiniai su \u0161auniais persona\u017eais, kurie \u012fkvepia vaik\u0173 vaizduot\u0119 i\u0161radingai \u017eaisti ir perkelia juos \u012f berib\u0119 \u017eaidimo vaidmenimis visat\u0105.<\/p>\n<ul>\n<li>LEGO\u00ae Marvel Am\u017einieji Ari\u0161emo \u0161e\u0161\u0117lyje (76155) \u017eaidimo rinkinys perkelia Marvel film\u0173 veiksm\u0105 \u012f ma\u017e\u0173j\u0173 supeheroj\u0173 rankas, \u0161iems padedant 4 Am\u017einiesiems kautis su Klast\u016bnu.<\/li>\n<li>Su 4 Am\u017ein\u0173j\u0173 superheroj\u0173 minifig\u016br\u0117l\u0117mis \u2013 Ikaris, Sersi i\u0161skirtin\u0117mis Ajak ir Kingo \u2013 Klast\u016bno fig\u016br\u0117le, lanks\u010dia Dangi\u0161kojo fig\u016br\u0117le\u00a0su \u0161vie\u010dian\u010dia kr\u016btine, 2 durklais, 1 kardu, 2 mini \u0161audykl\u0117mis ir a\u0161menimis.<\/li>\n<li>Klast\u016bnui u\u017epuolus 4 pagrindinius Am\u017einuosius, vaikams reik\u0117s panaudoti visas j\u0173 superheroj\u0173 galias. Visagalis Dangi\u0161kasis toks didelis, kad gali paimti \u012f rank\u0105 Am\u017ein\u0105j\u012f, tad galima tik\u0117tis bet ko!<\/li>\n<li>Ie\u0161kote \u0161aunios gimtadienio arba \u0161ventin\u0117s dovanos vaikams nuo 7 met\u0173 am\u017eiaus? \u0160is LEGO\u00ae Marvel \u017eaidimo rinkinys su kolekcin\u0117mis minifig\u016br\u0117l\u0117mis, didel\u0117mis lanks\u010diomis b\u016btyb\u0117mis ir nesibaigian\u010diu veiksmu patiks visiems ma\u017eiesiems superherojams.<\/li>\n<li>\u0160is LEGO\u00ae Marvel Am\u017ein\u0173j\u0173 Ari\u0161emo \u0161e\u0161\u0117lyje rinkinys su Dangi\u0161kojo fig\u016br\u0117le, kuri yra 30 cm auk\u0161\u010dio, \u012ftraukia vaikus \u012f superheroj\u0173 nuotykius ir \u012fsp\u016bdingai papuo\u0161ia vaik\u0173 kambar\u012f.<\/li>\n<li>Pridedamos baterijos \u0161viesos kalad\u0117lei, tad, ma\u017eieji superherojai gali d\u017eiaugtis betarpi\u0161komis pramogomis ir i\u0161radingu \u017eaidimu vaidmenimis, vos atidar\u0119 d\u0117\u017eut\u0119!<\/li>\n<\/ul>","protected":false},"excerpt":{"rendered":"<p>Sujunkite visus smagius Marvel Studios filmo Am\u017einieji elementus viename nuostabiame LEGO\u00ae \u017eaidimo rinkinyje. Ari\u0161emo \u0161e\u0161\u0117lyje (76155) suveda 4 Am\u017einuosius, Klast\u016bn\u0105<\/p>","protected":false},"featured_media":38735,"comment_status":"open","ping_status":"closed","template":"","meta":[],"product_brand":[423],"product_cat":[677,406,491],"product_tag":[],"class_list":{"0":"post-38734","1":"product","2":"type-product","3":"status-publish","4":"has-post-thumbnail","6":"product_brand-lego","7":"product_cat-lego-konstruktoriai","8":"product_cat-lego","9":"product_cat-lego-marvel","11":"first","12":"instock","13":"taxable","14":"shipping-taxable","15":"purchasable","16":"product-type-simple"},"yoast_head":"<!-- This site is optimized with the Yoast SEO plugin v25.9 - https:\/\/yoast.com\/wordpress\/plugins\/seo\/ -->\n<title>LEGO\u00ae 76155 In Arishem\u2019s Shadow - Collectin.eu<\/title>\n<meta name=\"description\" content=\"Vaikai suvienija j\u0117gas su 4 Am\u017einaisiais, kad nugal\u0117t\u0173 Klast\u016bn\u0105 \u0161ik\u0161nosparn\u012f. Am\u017einieji turi \u0161auni\u0173 gali\u0173: Ajak yra vienintel\u0117, kuri gali bendrauti su galingomis ne\u017eemi\u0161komis b\u016btyb\u0117mis\" \/>\n<meta name=\"robots\" content=\"index, follow, max-snippet:-1, max-image-preview:large, max-video-preview:-1\" \/>\n<link rel=\"canonical\" href=\"https:\/\/collectin.eu\/en\/product\/lego-76155-marvel-amzinieji-arisemo-seselyje\/\" \/>\n<meta property=\"og:locale\" content=\"en_US\" \/>\n<meta property=\"og:type\" content=\"article\" \/>\n<meta property=\"og:title\" content=\"LEGO\u00ae 76155 In Arishem\u2019s Shadow - Collectin.eu\" \/>\n<meta property=\"og:description\" content=\"Vaikai suvienija j\u0117gas su 4 Am\u017einaisiais, kad nugal\u0117t\u0173 Klast\u016bn\u0105 \u0161ik\u0161nosparn\u012f. Am\u017einieji turi \u0161auni\u0173 gali\u0173: Ajak yra vienintel\u0117, kuri gali bendrauti su galingomis ne\u017eemi\u0161komis b\u016btyb\u0117mis\" \/>\n<meta property=\"og:url\" content=\"https:\/\/collectin.eu\/en\/product\/lego-76155-marvel-amzinieji-arisemo-seselyje\/\" \/>\n<meta property=\"og:site_name\" content=\"Collectin.eu\" \/>\n<meta property=\"article:modified_time\" content=\"2026-04-08T10:25:20+00:00\" \/>\n<meta property=\"og:image\" content=\"http:\/\/collectin.eu\/wp-content\/uploads\/2025\/12\/Untitled-design-2025-12-27T070334.214.png\" \/>\n\t<meta property=\"og:image:width\" content=\"1080\" \/>\n\t<meta property=\"og:image:height\" content=\"1080\" \/>\n\t<meta property=\"og:image:type\" content=\"image\/png\" \/>\n<meta name=\"twitter:card\" content=\"summary_large_image\" \/>\n<meta name=\"twitter:label1\" content=\"Est. reading time\" \/>\n\t<meta name=\"twitter:data1\" content=\"2 minutes\" \/>\n<script type=\"application\/ld+json\" class=\"yoast-schema-graph\">{\"@context\":\"https:\/\/schema.org\",\"@graph\":[{\"@type\":\"WebPage\",\"@id\":\"https:\/\/collectin.eu\/produktas\/lego-76155-marvel-amzinieji-arisemo-seselyje\/\",\"url\":\"https:\/\/collectin.eu\/produktas\/lego-76155-marvel-amzinieji-arisemo-seselyje\/\",\"name\":\"LEGO\u00ae 76155 In Arishem\u2019s Shadow - Collectin.eu\",\"isPartOf\":{\"@id\":\"https:\/\/collectin.eu\/#website\"},\"primaryImageOfPage\":{\"@id\":\"https:\/\/collectin.eu\/produktas\/lego-76155-marvel-amzinieji-arisemo-seselyje\/#primaryimage\"},\"image\":{\"@id\":\"https:\/\/collectin.eu\/produktas\/lego-76155-marvel-amzinieji-arisemo-seselyje\/#primaryimage\"},\"thumbnailUrl\":\"https:\/\/collectin.eu\/wp-content\/uploads\/2025\/12\/Untitled-design-2025-12-27T070334.214.png\",\"datePublished\":\"2025-12-27T05:07:04+00:00\",\"dateModified\":\"2026-04-08T10:25:20+00:00\",\"description\":\"Vaikai suvienija j\u0117gas su 4 Am\u017einaisiais, kad nugal\u0117t\u0173 Klast\u016bn\u0105 \u0161ik\u0161nosparn\u012f. Am\u017einieji turi \u0161auni\u0173 gali\u0173: Ajak yra vienintel\u0117, kuri gali bendrauti su galingomis ne\u017eemi\u0161komis b\u016btyb\u0117mis\",\"breadcrumb\":{\"@id\":\"https:\/\/collectin.eu\/produktas\/lego-76155-marvel-amzinieji-arisemo-seselyje\/#breadcrumb\"},\"inLanguage\":\"en-US\",\"potentialAction\":[{\"@type\":\"ReadAction\",\"target\":[\"https:\/\/collectin.eu\/produktas\/lego-76155-marvel-amzinieji-arisemo-seselyje\/\"]}]},{\"@type\":\"ImageObject\",\"inLanguage\":\"en-US\",\"@id\":\"https:\/\/collectin.eu\/produktas\/lego-76155-marvel-amzinieji-arisemo-seselyje\/#primaryimage\",\"url\":\"https:\/\/collectin.eu\/wp-content\/uploads\/2025\/12\/Untitled-design-2025-12-27T070334.214.png\",\"contentUrl\":\"https:\/\/collectin.eu\/wp-content\/uploads\/2025\/12\/Untitled-design-2025-12-27T070334.214.png\",\"width\":1080,\"height\":1080},{\"@type\":\"BreadcrumbList\",\"@id\":\"https:\/\/collectin.eu\/produktas\/lego-76155-marvel-amzinieji-arisemo-seselyje\/#breadcrumb\",\"itemListElement\":[{\"@type\":\"ListItem\",\"position\":1,\"name\":\"Home\",\"item\":\"https:\/\/collectin.eu\/\"},{\"@type\":\"ListItem\",\"position\":2,\"name\":\"Parduotuv\u0117\",\"item\":\"https:\/\/collectin.eu\/parduotuve\/\"},{\"@type\":\"ListItem\",\"position\":3,\"name\":\"LEGO\u00ae 76155 In Arishem\u2019s Shadow\"}]},{\"@type\":\"WebSite\",\"@id\":\"https:\/\/collectin.eu\/#website\",\"url\":\"https:\/\/collectin.eu\/\",\"name\":\"Collectin.eu\",\"description\":\"\",\"potentialAction\":[{\"@type\":\"SearchAction\",\"target\":{\"@type\":\"EntryPoint\",\"urlTemplate\":\"https:\/\/collectin.eu\/?s={search_term_string}\"},\"query-input\":{\"@type\":\"PropertyValueSpecification\",\"valueRequired\":true,\"valueName\":\"search_term_string\"}}],\"inLanguage\":\"en-US\"}]}<\/script>\n<!-- \/ Yoast SEO plugin. -->","yoast_head_json":{"title":"LEGO\u00ae 76155 In Arishem\u2019s Shadow - Collectin.eu","description":"Vaikai suvienija j\u0117gas su 4 Am\u017einaisiais, kad nugal\u0117t\u0173 Klast\u016bn\u0105 \u0161ik\u0161nosparn\u012f. Am\u017einieji turi \u0161auni\u0173 gali\u0173: Ajak yra vienintel\u0117, kuri gali bendrauti su galingomis ne\u017eemi\u0161komis b\u016btyb\u0117mis","robots":{"index":"index","follow":"follow","max-snippet":"max-snippet:-1","max-image-preview":"max-image-preview:large","max-video-preview":"max-video-preview:-1"},"canonical":"https:\/\/collectin.eu\/en\/product\/lego-76155-marvel-amzinieji-arisemo-seselyje\/","og_locale":"en_US","og_type":"article","og_title":"LEGO\u00ae 76155 In Arishem\u2019s Shadow - Collectin.eu","og_description":"Vaikai suvienija j\u0117gas su 4 Am\u017einaisiais, kad nugal\u0117t\u0173 Klast\u016bn\u0105 \u0161ik\u0161nosparn\u012f. Am\u017einieji turi \u0161auni\u0173 gali\u0173: Ajak yra vienintel\u0117, kuri gali bendrauti su galingomis ne\u017eemi\u0161komis b\u016btyb\u0117mis","og_url":"https:\/\/collectin.eu\/en\/product\/lego-76155-marvel-amzinieji-arisemo-seselyje\/","og_site_name":"Collectin.eu","article_modified_time":"2026-04-08T10:25:20+00:00","og_image":[{"width":1080,"height":1080,"url":"http:\/\/collectin.eu\/wp-content\/uploads\/2025\/12\/Untitled-design-2025-12-27T070334.214.png","type":"image\/png"}],"twitter_card":"summary_large_image","twitter_misc":{"Est. reading time":"2 minutes"},"schema":{"@context":"https:\/\/schema.org","@graph":[{"@type":"WebPage","@id":"https:\/\/collectin.eu\/produktas\/lego-76155-marvel-amzinieji-arisemo-seselyje\/","url":"https:\/\/collectin.eu\/produktas\/lego-76155-marvel-amzinieji-arisemo-seselyje\/","name":"LEGO\u00ae 76155 In Arishem\u2019s Shadow - Collectin.eu","isPartOf":{"@id":"https:\/\/collectin.eu\/#website"},"primaryImageOfPage":{"@id":"https:\/\/collectin.eu\/produktas\/lego-76155-marvel-amzinieji-arisemo-seselyje\/#primaryimage"},"image":{"@id":"https:\/\/collectin.eu\/produktas\/lego-76155-marvel-amzinieji-arisemo-seselyje\/#primaryimage"},"thumbnailUrl":"https:\/\/collectin.eu\/wp-content\/uploads\/2025\/12\/Untitled-design-2025-12-27T070334.214.png","datePublished":"2025-12-27T05:07:04+00:00","dateModified":"2026-04-08T10:25:20+00:00","description":"Vaikai suvienija j\u0117gas su 4 Am\u017einaisiais, kad nugal\u0117t\u0173 Klast\u016bn\u0105 \u0161ik\u0161nosparn\u012f. Am\u017einieji turi \u0161auni\u0173 gali\u0173: Ajak yra vienintel\u0117, kuri gali bendrauti su galingomis ne\u017eemi\u0161komis b\u016btyb\u0117mis","breadcrumb":{"@id":"https:\/\/collectin.eu\/produktas\/lego-76155-marvel-amzinieji-arisemo-seselyje\/#breadcrumb"},"inLanguage":"en-US","potentialAction":[{"@type":"ReadAction","target":["https:\/\/collectin.eu\/produktas\/lego-76155-marvel-amzinieji-arisemo-seselyje\/"]}]},{"@type":"ImageObject","inLanguage":"en-US","@id":"https:\/\/collectin.eu\/produktas\/lego-76155-marvel-amzinieji-arisemo-seselyje\/#primaryimage","url":"https:\/\/collectin.eu\/wp-content\/uploads\/2025\/12\/Untitled-design-2025-12-27T070334.214.png","contentUrl":"https:\/\/collectin.eu\/wp-content\/uploads\/2025\/12\/Untitled-design-2025-12-27T070334.214.png","width":1080,"height":1080},{"@type":"BreadcrumbList","@id":"https:\/\/collectin.eu\/produktas\/lego-76155-marvel-amzinieji-arisemo-seselyje\/#breadcrumb","itemListElement":[{"@type":"ListItem","position":1,"name":"Home","item":"https:\/\/collectin.eu\/"},{"@type":"ListItem","position":2,"name":"Parduotuv\u0117","item":"https:\/\/collectin.eu\/parduotuve\/"},{"@type":"ListItem","position":3,"name":"LEGO\u00ae 76155 In Arishem\u2019s Shadow"}]},{"@type":"WebSite","@id":"https:\/\/collectin.eu\/#website","url":"https:\/\/collectin.eu\/","name":"Collectin.eu","description":"","potentialAction":[{"@type":"SearchAction","target":{"@type":"EntryPoint","urlTemplate":"https:\/\/collectin.eu\/?s={search_term_string}"},"query-input":{"@type":"PropertyValueSpecification","valueRequired":true,"valueName":"search_term_string"}}],"inLanguage":"en-US"}]}},"jetpack_sharing_enabled":true,"_links":{"self":[{"href":"https:\/\/collectin.eu\/en\/wp-json\/wp\/v2\/product\/38734","targetHints":{"allow":["GET"]}}],"collection":[{"href":"https:\/\/collectin.eu\/en\/wp-json\/wp\/v2\/product"}],"about":[{"href":"https:\/\/collectin.eu\/en\/wp-json\/wp\/v2\/types\/product"}],"replies":[{"embeddable":true,"href":"https:\/\/collectin.eu\/en\/wp-json\/wp\/v2\/comments?post=38734"}],"version-history":[{"count":3,"href":"https:\/\/collectin.eu\/en\/wp-json\/wp\/v2\/product\/38734\/revisions"}],"predecessor-version":[{"id":40344,"href":"https:\/\/collectin.eu\/en\/wp-json\/wp\/v2\/product\/38734\/revisions\/40344"}],"wp:featuredmedia":[{"embeddable":true,"href":"https:\/\/collectin.eu\/en\/wp-json\/wp\/v2\/media\/38735"}],"wp:attachment":[{"href":"https:\/\/collectin.eu\/en\/wp-json\/wp\/v2\/media?parent=38734"}],"wp:term":[{"taxonomy":"product_brand","embeddable":true,"href":"https:\/\/collectin.eu\/en\/wp-json\/wp\/v2\/product_brand?post=38734"},{"taxonomy":"product_cat","embeddable":true,"href":"https:\/\/collectin.eu\/en\/wp-json\/wp\/v2\/product_cat?post=38734"},{"taxonomy":"product_tag","embeddable":true,"href":"https:\/\/collectin.eu\/en\/wp-json\/wp\/v2\/product_tag?post=38734"}],"curies":[{"name":"wp","href":"https:\/\/api.w.org\/{rel}","templated":true}]}}