{"id":38740,"date":"2025-12-27T05:12:22","date_gmt":"2025-12-27T05:12:22","guid":{"rendered":"https:\/\/collectin.eu\/?post_type=product&#038;p=38740"},"modified":"2026-04-08T10:25:20","modified_gmt":"2026-04-08T10:25:20","slug":"lego-76204-juodosios-panteros-sarvai-robotas","status":"publish","type":"product","link":"https:\/\/collectin.eu\/en\/product\/lego-76204-juodosios-panteros-sarvai-robotas\/","title":{"rendered":"LEGO\u00ae 76204 Black Panther Mech Armor"},"content":{"rendered":"<p>Suteikite vaikams prog\u0105 atkurti \u201eMarvel\u201c nuotykius. Juodosios panteros minifig\u016br\u0117l\u0119 \u012fsodinus \u012f Juodosios panteros roboto kabin\u0105, jo mil\u017eini\u0161kos judan\u010dios rankos, kojos ir gniu\u017edantys nagai garantuoja nesibaigian\u010dius superheroj\u0173 nuotykius kovojant su prie\u0161ais bei kitais robotais ir atkuriant m\u0117gstamiausias \u201eMarvel\u201c film\u0173 scenas. O dienos veiksmui nurimus, Juodosios panteros robotas gal\u0117s papuo\u0161ti vaiko kambar\u012f.<\/p>\n<ul>\n<li>Mechaninis karys. \u201eLEGO\u00ae Marvel\u201c rinkinys \u201eJuodosios panteros \u0161arvai-robotas\u201c (76204) yra smagi dovana bet kuriam ma\u017eajam superherojui<\/li>\n<li>Legendinis superherojus. Rinkinyje yra Juodosios panteros minifig\u016br\u0117l\u0117 ir konstruojamas Juodosios panteros robotas su lanks\u010diomis rankomis, kojomis ir atsiki\u0161usiais nagais<\/li>\n<li>Nesibaigianti k\u016bryba \u017eaid\u017eiant. Vaikai gali \u012fsodinti Juodosios panteros minifig\u016br\u0117l\u0119 \u012f atidarom\u0105 roboto kabin\u0105 ir su judan\u010diu robotu leistis \u012f nesibaigian\u010dius m\u016b\u0161ius bei superheroj\u0173 nuotykius<\/li>\n<li>Dovana \u201eMarvel\u201c gerb\u0117jams. \u0160is universalus robotas yra puiki gimtadienio, \u0161ventin\u0117 ar netik\u0117ta dovana vaikams nuo 7\u00a0met\u0173 am\u017eiaus<\/li>\n<\/ul>","protected":false},"excerpt":{"rendered":"<p>Suteikite vaikams prog\u0105 atkurti \u201eMarvel\u201c nuotykius. Juodosios panteros minifig\u016br\u0117l\u0119 \u012fsodinus \u012f Juodosios panteros roboto kabin\u0105, jo mil\u017eini\u0161kos judan\u010dios rankos, kojos<\/p>","protected":false},"featured_media":38741,"comment_status":"open","ping_status":"closed","template":"","meta":[],"product_brand":[423],"product_cat":[677,406,491],"product_tag":[],"class_list":{"0":"post-38740","1":"product","2":"type-product","3":"status-publish","4":"has-post-thumbnail","6":"product_brand-lego","7":"product_cat-lego-konstruktoriai","8":"product_cat-lego","9":"product_cat-lego-marvel","11":"first","12":"instock","13":"taxable","14":"shipping-taxable","15":"purchasable","16":"product-type-simple"},"yoast_head":"<!-- This site is optimized with the Yoast SEO plugin v25.9 - https:\/\/yoast.com\/wordpress\/plugins\/seo\/ -->\n<title>LEGO\u00ae 76204 Black Panther Mech Armor - Collectin.eu<\/title>\n<meta name=\"description\" content=\"\u201eLEGO\u00ae Marvel\u201c Juodosios panteros \u0161arvai-robotas (76204) yra mil\u017eini\u0161ko dyd\u017eio dovana Juodosios panteros gerb\u0117jams nuo 7\u00a0met\u0173 am\u017eiaus!\" \/>\n<meta name=\"robots\" content=\"index, follow, max-snippet:-1, max-image-preview:large, max-video-preview:-1\" \/>\n<link rel=\"canonical\" href=\"https:\/\/collectin.eu\/en\/product\/lego-76204-juodosios-panteros-sarvai-robotas\/\" \/>\n<meta property=\"og:locale\" content=\"en_US\" \/>\n<meta property=\"og:type\" content=\"article\" \/>\n<meta property=\"og:title\" content=\"LEGO\u00ae 76204 Black Panther Mech Armor - Collectin.eu\" \/>\n<meta property=\"og:description\" content=\"\u201eLEGO\u00ae Marvel\u201c Juodosios panteros \u0161arvai-robotas (76204) yra mil\u017eini\u0161ko dyd\u017eio dovana Juodosios panteros gerb\u0117jams nuo 7\u00a0met\u0173 am\u017eiaus!\" \/>\n<meta property=\"og:url\" content=\"https:\/\/collectin.eu\/en\/product\/lego-76204-juodosios-panteros-sarvai-robotas\/\" \/>\n<meta property=\"og:site_name\" content=\"Collectin.eu\" \/>\n<meta property=\"article:modified_time\" content=\"2026-04-08T10:25:20+00:00\" \/>\n<meta property=\"og:image\" content=\"http:\/\/collectin.eu\/wp-content\/uploads\/2025\/12\/Untitled-design-2025-12-27T070853.374.png\" \/>\n\t<meta property=\"og:image:width\" content=\"1080\" \/>\n\t<meta property=\"og:image:height\" content=\"1080\" \/>\n\t<meta property=\"og:image:type\" content=\"image\/png\" \/>\n<meta name=\"twitter:card\" content=\"summary_large_image\" \/>\n<meta name=\"twitter:label1\" content=\"Est. reading time\" \/>\n\t<meta name=\"twitter:data1\" content=\"1 minute\" \/>\n<script type=\"application\/ld+json\" class=\"yoast-schema-graph\">{\"@context\":\"https:\/\/schema.org\",\"@graph\":[{\"@type\":\"WebPage\",\"@id\":\"https:\/\/collectin.eu\/produktas\/lego-76204-juodosios-panteros-sarvai-robotas\/\",\"url\":\"https:\/\/collectin.eu\/produktas\/lego-76204-juodosios-panteros-sarvai-robotas\/\",\"name\":\"LEGO\u00ae 76204 Black Panther Mech Armor - Collectin.eu\",\"isPartOf\":{\"@id\":\"https:\/\/collectin.eu\/#website\"},\"primaryImageOfPage\":{\"@id\":\"https:\/\/collectin.eu\/produktas\/lego-76204-juodosios-panteros-sarvai-robotas\/#primaryimage\"},\"image\":{\"@id\":\"https:\/\/collectin.eu\/produktas\/lego-76204-juodosios-panteros-sarvai-robotas\/#primaryimage\"},\"thumbnailUrl\":\"https:\/\/collectin.eu\/wp-content\/uploads\/2025\/12\/Untitled-design-2025-12-27T070853.374.png\",\"datePublished\":\"2025-12-27T05:12:22+00:00\",\"dateModified\":\"2026-04-08T10:25:20+00:00\",\"description\":\"\u201eLEGO\u00ae Marvel\u201c Juodosios panteros \u0161arvai-robotas (76204) yra mil\u017eini\u0161ko dyd\u017eio dovana Juodosios panteros gerb\u0117jams nuo 7\u00a0met\u0173 am\u017eiaus!\",\"breadcrumb\":{\"@id\":\"https:\/\/collectin.eu\/produktas\/lego-76204-juodosios-panteros-sarvai-robotas\/#breadcrumb\"},\"inLanguage\":\"en-US\",\"potentialAction\":[{\"@type\":\"ReadAction\",\"target\":[\"https:\/\/collectin.eu\/produktas\/lego-76204-juodosios-panteros-sarvai-robotas\/\"]}]},{\"@type\":\"ImageObject\",\"inLanguage\":\"en-US\",\"@id\":\"https:\/\/collectin.eu\/produktas\/lego-76204-juodosios-panteros-sarvai-robotas\/#primaryimage\",\"url\":\"https:\/\/collectin.eu\/wp-content\/uploads\/2025\/12\/Untitled-design-2025-12-27T070853.374.png\",\"contentUrl\":\"https:\/\/collectin.eu\/wp-content\/uploads\/2025\/12\/Untitled-design-2025-12-27T070853.374.png\",\"width\":1080,\"height\":1080},{\"@type\":\"BreadcrumbList\",\"@id\":\"https:\/\/collectin.eu\/produktas\/lego-76204-juodosios-panteros-sarvai-robotas\/#breadcrumb\",\"itemListElement\":[{\"@type\":\"ListItem\",\"position\":1,\"name\":\"Home\",\"item\":\"https:\/\/collectin.eu\/\"},{\"@type\":\"ListItem\",\"position\":2,\"name\":\"Parduotuv\u0117\",\"item\":\"https:\/\/collectin.eu\/parduotuve\/\"},{\"@type\":\"ListItem\",\"position\":3,\"name\":\"LEGO\u00ae 76204 Black Panther Mech Armor\"}]},{\"@type\":\"WebSite\",\"@id\":\"https:\/\/collectin.eu\/#website\",\"url\":\"https:\/\/collectin.eu\/\",\"name\":\"Collectin.eu\",\"description\":\"\",\"potentialAction\":[{\"@type\":\"SearchAction\",\"target\":{\"@type\":\"EntryPoint\",\"urlTemplate\":\"https:\/\/collectin.eu\/?s={search_term_string}\"},\"query-input\":{\"@type\":\"PropertyValueSpecification\",\"valueRequired\":true,\"valueName\":\"search_term_string\"}}],\"inLanguage\":\"en-US\"}]}<\/script>\n<!-- \/ Yoast SEO plugin. -->","yoast_head_json":{"title":"LEGO\u00ae 76204 Black Panther Mech Armor - Collectin.eu","description":"\u201eLEGO\u00ae Marvel\u201c Juodosios panteros \u0161arvai-robotas (76204) yra mil\u017eini\u0161ko dyd\u017eio dovana Juodosios panteros gerb\u0117jams nuo 7\u00a0met\u0173 am\u017eiaus!","robots":{"index":"index","follow":"follow","max-snippet":"max-snippet:-1","max-image-preview":"max-image-preview:large","max-video-preview":"max-video-preview:-1"},"canonical":"https:\/\/collectin.eu\/en\/product\/lego-76204-juodosios-panteros-sarvai-robotas\/","og_locale":"en_US","og_type":"article","og_title":"LEGO\u00ae 76204 Black Panther Mech Armor - Collectin.eu","og_description":"\u201eLEGO\u00ae Marvel\u201c Juodosios panteros \u0161arvai-robotas (76204) yra mil\u017eini\u0161ko dyd\u017eio dovana Juodosios panteros gerb\u0117jams nuo 7\u00a0met\u0173 am\u017eiaus!","og_url":"https:\/\/collectin.eu\/en\/product\/lego-76204-juodosios-panteros-sarvai-robotas\/","og_site_name":"Collectin.eu","article_modified_time":"2026-04-08T10:25:20+00:00","og_image":[{"width":1080,"height":1080,"url":"http:\/\/collectin.eu\/wp-content\/uploads\/2025\/12\/Untitled-design-2025-12-27T070853.374.png","type":"image\/png"}],"twitter_card":"summary_large_image","twitter_misc":{"Est. reading time":"1 minute"},"schema":{"@context":"https:\/\/schema.org","@graph":[{"@type":"WebPage","@id":"https:\/\/collectin.eu\/produktas\/lego-76204-juodosios-panteros-sarvai-robotas\/","url":"https:\/\/collectin.eu\/produktas\/lego-76204-juodosios-panteros-sarvai-robotas\/","name":"LEGO\u00ae 76204 Black Panther Mech Armor - Collectin.eu","isPartOf":{"@id":"https:\/\/collectin.eu\/#website"},"primaryImageOfPage":{"@id":"https:\/\/collectin.eu\/produktas\/lego-76204-juodosios-panteros-sarvai-robotas\/#primaryimage"},"image":{"@id":"https:\/\/collectin.eu\/produktas\/lego-76204-juodosios-panteros-sarvai-robotas\/#primaryimage"},"thumbnailUrl":"https:\/\/collectin.eu\/wp-content\/uploads\/2025\/12\/Untitled-design-2025-12-27T070853.374.png","datePublished":"2025-12-27T05:12:22+00:00","dateModified":"2026-04-08T10:25:20+00:00","description":"\u201eLEGO\u00ae Marvel\u201c Juodosios panteros \u0161arvai-robotas (76204) yra mil\u017eini\u0161ko dyd\u017eio dovana Juodosios panteros gerb\u0117jams nuo 7\u00a0met\u0173 am\u017eiaus!","breadcrumb":{"@id":"https:\/\/collectin.eu\/produktas\/lego-76204-juodosios-panteros-sarvai-robotas\/#breadcrumb"},"inLanguage":"en-US","potentialAction":[{"@type":"ReadAction","target":["https:\/\/collectin.eu\/produktas\/lego-76204-juodosios-panteros-sarvai-robotas\/"]}]},{"@type":"ImageObject","inLanguage":"en-US","@id":"https:\/\/collectin.eu\/produktas\/lego-76204-juodosios-panteros-sarvai-robotas\/#primaryimage","url":"https:\/\/collectin.eu\/wp-content\/uploads\/2025\/12\/Untitled-design-2025-12-27T070853.374.png","contentUrl":"https:\/\/collectin.eu\/wp-content\/uploads\/2025\/12\/Untitled-design-2025-12-27T070853.374.png","width":1080,"height":1080},{"@type":"BreadcrumbList","@id":"https:\/\/collectin.eu\/produktas\/lego-76204-juodosios-panteros-sarvai-robotas\/#breadcrumb","itemListElement":[{"@type":"ListItem","position":1,"name":"Home","item":"https:\/\/collectin.eu\/"},{"@type":"ListItem","position":2,"name":"Parduotuv\u0117","item":"https:\/\/collectin.eu\/parduotuve\/"},{"@type":"ListItem","position":3,"name":"LEGO\u00ae 76204 Black Panther Mech Armor"}]},{"@type":"WebSite","@id":"https:\/\/collectin.eu\/#website","url":"https:\/\/collectin.eu\/","name":"Collectin.eu","description":"","potentialAction":[{"@type":"SearchAction","target":{"@type":"EntryPoint","urlTemplate":"https:\/\/collectin.eu\/?s={search_term_string}"},"query-input":{"@type":"PropertyValueSpecification","valueRequired":true,"valueName":"search_term_string"}}],"inLanguage":"en-US"}]}},"jetpack_sharing_enabled":true,"_links":{"self":[{"href":"https:\/\/collectin.eu\/en\/wp-json\/wp\/v2\/product\/38740","targetHints":{"allow":["GET"]}}],"collection":[{"href":"https:\/\/collectin.eu\/en\/wp-json\/wp\/v2\/product"}],"about":[{"href":"https:\/\/collectin.eu\/en\/wp-json\/wp\/v2\/types\/product"}],"replies":[{"embeddable":true,"href":"https:\/\/collectin.eu\/en\/wp-json\/wp\/v2\/comments?post=38740"}],"version-history":[{"count":2,"href":"https:\/\/collectin.eu\/en\/wp-json\/wp\/v2\/product\/38740\/revisions"}],"predecessor-version":[{"id":40342,"href":"https:\/\/collectin.eu\/en\/wp-json\/wp\/v2\/product\/38740\/revisions\/40342"}],"wp:featuredmedia":[{"embeddable":true,"href":"https:\/\/collectin.eu\/en\/wp-json\/wp\/v2\/media\/38741"}],"wp:attachment":[{"href":"https:\/\/collectin.eu\/en\/wp-json\/wp\/v2\/media?parent=38740"}],"wp:term":[{"taxonomy":"product_brand","embeddable":true,"href":"https:\/\/collectin.eu\/en\/wp-json\/wp\/v2\/product_brand?post=38740"},{"taxonomy":"product_cat","embeddable":true,"href":"https:\/\/collectin.eu\/en\/wp-json\/wp\/v2\/product_cat?post=38740"},{"taxonomy":"product_tag","embeddable":true,"href":"https:\/\/collectin.eu\/en\/wp-json\/wp\/v2\/product_tag?post=38740"}],"curies":[{"name":"wp","href":"https:\/\/api.w.org\/{rel}","templated":true}]}}