{"id":38746,"date":"2025-12-27T05:17:20","date_gmt":"2025-12-27T05:17:20","guid":{"rendered":"https:\/\/collectin.eu\/?post_type=product&#038;p=38746"},"modified":"2026-04-08T10:24:56","modified_gmt":"2026-04-08T10:24:56","slug":"lego-76145-amzinuju-puolimas-is-padangiu","status":"publish","type":"product","link":"https:\/\/collectin.eu\/en\/product\/lego-76145-amzinuju-puolimas-is-padangiu\/","title":{"rendered":"LEGO\u00ae 76145 Eternals\u2019 Aerial Assault"},"content":{"rendered":"<p>LEGO Marvel Am\u017einieji konstruojami \u017eaislai yra unikal\u016bs \u017eaidimo rinkiniai su \u0161auniais persona\u017eais, kurie \u012fkvepia vaik\u0173 vaizduot\u0119 i\u0161radingai \u017eaisti ir perkelia juos \u012f berib\u0119 \u017eaidimo vaidmenimis visat\u0105.<\/p>\n<ul>\n<li>\u012eduokite ma\u017eiesiems superherojams \u012f rankas veiksmo kupinus nuotykius i\u0161 Marvel Studios filmo Am\u017einieji su nuostabiu LEGO\u00ae Marvel Am\u017ein\u0173j\u0173 puolimas i\u0161 padangi\u0173 (76145) \u017eaidimo rinkiniu.<\/li>\n<li>Su 2 LEGO\u00ae Marvel Am\u017ein\u0173j\u0173 minifig\u016br\u0117l\u0117mis \u2013 Ikaris ir F\u0117ja \u2013 piktojo Klast\u016bno fig\u016br\u0117le su judan\u010diais sparnais, 2 sai kardais, 1 nindzi\u0173 kardu ir 2 lazeriniais ginklais &#8211; viskas paruo\u0161ta nesibaigian\u010diam veiksmui!<\/li>\n<li>Sparnuotajam Klast\u016bnui u\u017epuolus 2 pagrindinius Am\u017einuosius, vaikams prireiks vis\u0173 j\u0173 superheroj\u0173 gali\u0173. \u0160iame klasikiniame m\u016b\u0161yje tarp g\u0117rio ir blogio i\u0161radingas \u017eaidimas vaidmenimis niekad nesibaigia.<\/li>\n<li>Ie\u0161kote unikalaus superheroj\u0173 konstruojamo \u017eaislo vaikams? \u0160is LEGO\u00ae Marvel Am\u017ein\u0173j\u0173 rinkinys su \u0161auniomis minifig\u016br\u0117l\u0117mis, sparnuota Klast\u016bno fig\u016br\u0117le ir superheroj\u0173 nuotykiais taps nuostabia dovana vaikams nuo 7 met\u0173 am\u017eiaus.<\/li>\n<\/ul>","protected":false},"excerpt":{"rendered":"<p>LEGO Marvel Am\u017einieji konstruojami \u017eaislai yra unikal\u016bs \u017eaidimo rinkiniai su \u0161auniais persona\u017eais, kurie \u012fkvepia vaik\u0173 vaizduot\u0119 i\u0161radingai \u017eaisti ir perkelia<\/p>","protected":false},"featured_media":38747,"comment_status":"open","ping_status":"closed","template":"","meta":[],"product_brand":[423],"product_cat":[677,406,491],"product_tag":[],"class_list":{"0":"post-38746","1":"product","2":"type-product","3":"status-publish","4":"has-post-thumbnail","6":"product_brand-lego","7":"product_cat-lego-konstruktoriai","8":"product_cat-lego","9":"product_cat-lego-marvel","11":"first","12":"instock","13":"taxable","14":"shipping-taxable","15":"purchasable","16":"product-type-simple"},"yoast_head":"<!-- This site is optimized with the Yoast SEO plugin v25.9 - https:\/\/yoast.com\/wordpress\/plugins\/seo\/ -->\n<title>LEGO\u00ae 76145 Eternals\u2019 Aerial Assault - Collectin.eu<\/title>\n<meta name=\"robots\" content=\"index, follow, max-snippet:-1, max-image-preview:large, max-video-preview:-1\" \/>\n<link rel=\"canonical\" href=\"https:\/\/collectin.eu\/en\/product\/lego-76145-amzinuju-puolimas-is-padangiu\/\" \/>\n<meta property=\"og:locale\" content=\"en_US\" \/>\n<meta property=\"og:type\" content=\"article\" \/>\n<meta property=\"og:title\" content=\"LEGO\u00ae 76145 Eternals\u2019 Aerial Assault - Collectin.eu\" \/>\n<meta property=\"og:description\" content=\"LEGO Marvel Am\u017einieji konstruojami \u017eaislai yra unikal\u016bs \u017eaidimo rinkiniai su \u0161auniais persona\u017eais, kurie \u012fkvepia vaik\u0173 vaizduot\u0119 i\u0161radingai \u017eaisti ir perkelia\" \/>\n<meta property=\"og:url\" content=\"https:\/\/collectin.eu\/en\/product\/lego-76145-amzinuju-puolimas-is-padangiu\/\" \/>\n<meta property=\"og:site_name\" content=\"Collectin.eu\" \/>\n<meta property=\"article:modified_time\" content=\"2026-04-08T10:24:56+00:00\" \/>\n<meta property=\"og:image\" content=\"http:\/\/collectin.eu\/wp-content\/uploads\/2025\/12\/Untitled-design-2025-12-27T071433.520.png\" \/>\n\t<meta property=\"og:image:width\" content=\"1080\" \/>\n\t<meta property=\"og:image:height\" content=\"1080\" \/>\n\t<meta property=\"og:image:type\" content=\"image\/png\" \/>\n<meta name=\"twitter:card\" content=\"summary_large_image\" \/>\n<meta name=\"twitter:label1\" content=\"Est. reading time\" \/>\n\t<meta name=\"twitter:data1\" content=\"1 minute\" \/>\n<script type=\"application\/ld+json\" class=\"yoast-schema-graph\">{\"@context\":\"https:\/\/schema.org\",\"@graph\":[{\"@type\":\"WebPage\",\"@id\":\"https:\/\/collectin.eu\/produktas\/lego-76145-amzinuju-puolimas-is-padangiu\/\",\"url\":\"https:\/\/collectin.eu\/produktas\/lego-76145-amzinuju-puolimas-is-padangiu\/\",\"name\":\"LEGO\u00ae 76145 Eternals\u2019 Aerial Assault - Collectin.eu\",\"isPartOf\":{\"@id\":\"https:\/\/collectin.eu\/#website\"},\"primaryImageOfPage\":{\"@id\":\"https:\/\/collectin.eu\/produktas\/lego-76145-amzinuju-puolimas-is-padangiu\/#primaryimage\"},\"image\":{\"@id\":\"https:\/\/collectin.eu\/produktas\/lego-76145-amzinuju-puolimas-is-padangiu\/#primaryimage\"},\"thumbnailUrl\":\"https:\/\/collectin.eu\/wp-content\/uploads\/2025\/12\/Untitled-design-2025-12-27T071433.520.png\",\"datePublished\":\"2025-12-27T05:17:20+00:00\",\"dateModified\":\"2026-04-08T10:24:56+00:00\",\"breadcrumb\":{\"@id\":\"https:\/\/collectin.eu\/produktas\/lego-76145-amzinuju-puolimas-is-padangiu\/#breadcrumb\"},\"inLanguage\":\"en-US\",\"potentialAction\":[{\"@type\":\"ReadAction\",\"target\":[\"https:\/\/collectin.eu\/produktas\/lego-76145-amzinuju-puolimas-is-padangiu\/\"]}]},{\"@type\":\"ImageObject\",\"inLanguage\":\"en-US\",\"@id\":\"https:\/\/collectin.eu\/produktas\/lego-76145-amzinuju-puolimas-is-padangiu\/#primaryimage\",\"url\":\"https:\/\/collectin.eu\/wp-content\/uploads\/2025\/12\/Untitled-design-2025-12-27T071433.520.png\",\"contentUrl\":\"https:\/\/collectin.eu\/wp-content\/uploads\/2025\/12\/Untitled-design-2025-12-27T071433.520.png\",\"width\":1080,\"height\":1080},{\"@type\":\"BreadcrumbList\",\"@id\":\"https:\/\/collectin.eu\/produktas\/lego-76145-amzinuju-puolimas-is-padangiu\/#breadcrumb\",\"itemListElement\":[{\"@type\":\"ListItem\",\"position\":1,\"name\":\"Home\",\"item\":\"https:\/\/collectin.eu\/\"},{\"@type\":\"ListItem\",\"position\":2,\"name\":\"Parduotuv\u0117\",\"item\":\"https:\/\/collectin.eu\/parduotuve\/\"},{\"@type\":\"ListItem\",\"position\":3,\"name\":\"LEGO\u00ae 76145 Eternals\u2019 Aerial Assault\"}]},{\"@type\":\"WebSite\",\"@id\":\"https:\/\/collectin.eu\/#website\",\"url\":\"https:\/\/collectin.eu\/\",\"name\":\"Collectin.eu\",\"description\":\"\",\"potentialAction\":[{\"@type\":\"SearchAction\",\"target\":{\"@type\":\"EntryPoint\",\"urlTemplate\":\"https:\/\/collectin.eu\/?s={search_term_string}\"},\"query-input\":{\"@type\":\"PropertyValueSpecification\",\"valueRequired\":true,\"valueName\":\"search_term_string\"}}],\"inLanguage\":\"en-US\"}]}<\/script>\n<!-- \/ Yoast SEO plugin. -->","yoast_head_json":{"title":"LEGO\u00ae 76145 Eternals\u2019 Aerial Assault - Collectin.eu","robots":{"index":"index","follow":"follow","max-snippet":"max-snippet:-1","max-image-preview":"max-image-preview:large","max-video-preview":"max-video-preview:-1"},"canonical":"https:\/\/collectin.eu\/en\/product\/lego-76145-amzinuju-puolimas-is-padangiu\/","og_locale":"en_US","og_type":"article","og_title":"LEGO\u00ae 76145 Eternals\u2019 Aerial Assault - Collectin.eu","og_description":"LEGO Marvel Am\u017einieji konstruojami \u017eaislai yra unikal\u016bs \u017eaidimo rinkiniai su \u0161auniais persona\u017eais, kurie \u012fkvepia vaik\u0173 vaizduot\u0119 i\u0161radingai \u017eaisti ir perkelia","og_url":"https:\/\/collectin.eu\/en\/product\/lego-76145-amzinuju-puolimas-is-padangiu\/","og_site_name":"Collectin.eu","article_modified_time":"2026-04-08T10:24:56+00:00","og_image":[{"width":1080,"height":1080,"url":"http:\/\/collectin.eu\/wp-content\/uploads\/2025\/12\/Untitled-design-2025-12-27T071433.520.png","type":"image\/png"}],"twitter_card":"summary_large_image","twitter_misc":{"Est. reading time":"1 minute"},"schema":{"@context":"https:\/\/schema.org","@graph":[{"@type":"WebPage","@id":"https:\/\/collectin.eu\/produktas\/lego-76145-amzinuju-puolimas-is-padangiu\/","url":"https:\/\/collectin.eu\/produktas\/lego-76145-amzinuju-puolimas-is-padangiu\/","name":"LEGO\u00ae 76145 Eternals\u2019 Aerial Assault - Collectin.eu","isPartOf":{"@id":"https:\/\/collectin.eu\/#website"},"primaryImageOfPage":{"@id":"https:\/\/collectin.eu\/produktas\/lego-76145-amzinuju-puolimas-is-padangiu\/#primaryimage"},"image":{"@id":"https:\/\/collectin.eu\/produktas\/lego-76145-amzinuju-puolimas-is-padangiu\/#primaryimage"},"thumbnailUrl":"https:\/\/collectin.eu\/wp-content\/uploads\/2025\/12\/Untitled-design-2025-12-27T071433.520.png","datePublished":"2025-12-27T05:17:20+00:00","dateModified":"2026-04-08T10:24:56+00:00","breadcrumb":{"@id":"https:\/\/collectin.eu\/produktas\/lego-76145-amzinuju-puolimas-is-padangiu\/#breadcrumb"},"inLanguage":"en-US","potentialAction":[{"@type":"ReadAction","target":["https:\/\/collectin.eu\/produktas\/lego-76145-amzinuju-puolimas-is-padangiu\/"]}]},{"@type":"ImageObject","inLanguage":"en-US","@id":"https:\/\/collectin.eu\/produktas\/lego-76145-amzinuju-puolimas-is-padangiu\/#primaryimage","url":"https:\/\/collectin.eu\/wp-content\/uploads\/2025\/12\/Untitled-design-2025-12-27T071433.520.png","contentUrl":"https:\/\/collectin.eu\/wp-content\/uploads\/2025\/12\/Untitled-design-2025-12-27T071433.520.png","width":1080,"height":1080},{"@type":"BreadcrumbList","@id":"https:\/\/collectin.eu\/produktas\/lego-76145-amzinuju-puolimas-is-padangiu\/#breadcrumb","itemListElement":[{"@type":"ListItem","position":1,"name":"Home","item":"https:\/\/collectin.eu\/"},{"@type":"ListItem","position":2,"name":"Parduotuv\u0117","item":"https:\/\/collectin.eu\/parduotuve\/"},{"@type":"ListItem","position":3,"name":"LEGO\u00ae 76145 Eternals\u2019 Aerial Assault"}]},{"@type":"WebSite","@id":"https:\/\/collectin.eu\/#website","url":"https:\/\/collectin.eu\/","name":"Collectin.eu","description":"","potentialAction":[{"@type":"SearchAction","target":{"@type":"EntryPoint","urlTemplate":"https:\/\/collectin.eu\/?s={search_term_string}"},"query-input":{"@type":"PropertyValueSpecification","valueRequired":true,"valueName":"search_term_string"}}],"inLanguage":"en-US"}]}},"jetpack_sharing_enabled":true,"_links":{"self":[{"href":"https:\/\/collectin.eu\/en\/wp-json\/wp\/v2\/product\/38746","targetHints":{"allow":["GET"]}}],"collection":[{"href":"https:\/\/collectin.eu\/en\/wp-json\/wp\/v2\/product"}],"about":[{"href":"https:\/\/collectin.eu\/en\/wp-json\/wp\/v2\/types\/product"}],"replies":[{"embeddable":true,"href":"https:\/\/collectin.eu\/en\/wp-json\/wp\/v2\/comments?post=38746"}],"version-history":[{"count":3,"href":"https:\/\/collectin.eu\/en\/wp-json\/wp\/v2\/product\/38746\/revisions"}],"predecessor-version":[{"id":40341,"href":"https:\/\/collectin.eu\/en\/wp-json\/wp\/v2\/product\/38746\/revisions\/40341"}],"wp:featuredmedia":[{"embeddable":true,"href":"https:\/\/collectin.eu\/en\/wp-json\/wp\/v2\/media\/38747"}],"wp:attachment":[{"href":"https:\/\/collectin.eu\/en\/wp-json\/wp\/v2\/media?parent=38746"}],"wp:term":[{"taxonomy":"product_brand","embeddable":true,"href":"https:\/\/collectin.eu\/en\/wp-json\/wp\/v2\/product_brand?post=38746"},{"taxonomy":"product_cat","embeddable":true,"href":"https:\/\/collectin.eu\/en\/wp-json\/wp\/v2\/product_cat?post=38746"},{"taxonomy":"product_tag","embeddable":true,"href":"https:\/\/collectin.eu\/en\/wp-json\/wp\/v2\/product_tag?post=38746"}],"curies":[{"name":"wp","href":"https:\/\/api.w.org\/{rel}","templated":true}]}}