{"id":38772,"date":"2025-12-29T07:40:58","date_gmt":"2025-12-29T07:40:58","guid":{"rendered":"https:\/\/collectin.eu\/?post_type=product&#038;p=38772"},"modified":"2026-04-08T10:24:56","modified_gmt":"2026-04-08T10:24:56","slug":"lego-75945-expecto-patronum","status":"publish","type":"product","link":"https:\/\/collectin.eu\/en\/product\/lego-75945-expecto-patronum\/","title":{"rendered":"LEGO\u00ae 75945 Expecto Patronum"},"content":{"rendered":"<p>Perkelkite 7 m. ir vyresnius Hario Poterio gerb\u0117jus \u012f magi\u0161k\u0105 burtinink\u0173, psich\u0173 ir mitini\u0173 b\u016btybi\u0173 pasaul\u012f su \u0161iuo \u201eLEGO\u00ae Harry Potter\u201c 75945 konstravimo rinkiniu \u201eExpecto Patronum\u201c. Vaikams patiks Did\u017eiojo e\u017eero u\u017edraustojo mi\u0161ko scenos detal\u0117s, paleisti \u201eExpecto Patronum\u201c burt\u0105 \u012f 2 psich\u0173 minifig\u016br\u0117l\u0117s, i\u0161kviesti Hario gyn\u0117j\u0105 \u2013 elnio fig\u016br\u0117l\u0119 i\u0161 naujos 2019 m. bir\u017eelio kolekcijos \u2013 ir nuvyti psichus nuo Hario krik\u0161tat\u0117vio Sirijaus Bleko. \u0160iame Hario Poterio tematikos LEGO rinkinyje esan\u010dios 4 minifig\u016br\u0117l\u0117s ir neribotos magijos galimyb\u0117s sukurs magi\u0161k\u0105 k\u016brybi\u0161ko \u017eaidimo pasaul\u012f.<\/p>\n<ul>\n<li>Rinkinyje yra 4 \u201eLEGO\u00ae Harry Potter\u2122\u201c minifig\u016br\u0117l\u0117s: nauji Haris Poteris bei Sirijus Blekas i\u0161 2019 m. bir\u017eelio kolekcijos ir 2 psichai.<\/li>\n<li>\u0160\u012f Hario Poterio tematikos LEGO\u00ae rinkin\u012f sudaro mi\u0161ko scena su nedideliu e\u017eero pakrant\u0117s modeliu ir 2 sukonstruojamais med\u017eiais, kuriuose yra burt\u0173 paleidimo funkcija, taip pat nauja, pusiau permatoma tviskan\u010dio elnio fig\u016br\u0117l\u0117 su vieta minifig\u016br\u0117lei ant nugaros i\u0161 2019 m. bir\u017eelio kolekcijos.<\/li>\n<li>Rinkinyje taip pat yra Hario burt\u0173 lazdel\u0117, kuria galima paleisti \u201eExpecto Patronum\u201c burt\u0105, kaip matyta filme \u201eHaris poteris ir Azkabano kalinys\u201c.<\/li>\n<\/ul>","protected":false},"excerpt":{"rendered":"<p>Perkelkite 7 m. ir vyresnius Hario Poterio gerb\u0117jus \u012f magi\u0161k\u0105 burtinink\u0173, psich\u0173 ir mitini\u0173 b\u016btybi\u0173 pasaul\u012f su \u0161iuo \u201eLEGO\u00ae Harry<\/p>","protected":false},"featured_media":38773,"comment_status":"open","ping_status":"closed","template":"","meta":[],"product_brand":[423],"product_cat":[677,406,438],"product_tag":[],"class_list":{"0":"post-38772","1":"product","2":"type-product","3":"status-publish","4":"has-post-thumbnail","6":"product_brand-lego","7":"product_cat-lego-konstruktoriai","8":"product_cat-lego","9":"product_cat-lego-harry-potter","11":"first","12":"instock","13":"taxable","14":"shipping-taxable","15":"purchasable","16":"product-type-simple"},"yoast_head":"<!-- This site is optimized with the Yoast SEO plugin v25.9 - https:\/\/yoast.com\/wordpress\/plugins\/seo\/ -->\n<title>LEGO\u00ae 75945 Expecto Patronum - Collectin.eu<\/title>\n<meta name=\"description\" content=\"Perkelkite 7 m. ir vyresnius Hario Poterio gerb\u0117jus \u012f magi\u0161k\u0105 burtinink\u0173, psich\u0173 ir mitini\u0173 b\u016btybi\u0173 pasaul\u012f su \u0161iuo \u201eLEGO\u00ae Harry Potter\u201c 75945 konstravimo rinkiniu \u201eExpecto Patronum\u201c\" \/>\n<meta name=\"robots\" content=\"index, follow, max-snippet:-1, max-image-preview:large, max-video-preview:-1\" \/>\n<link rel=\"canonical\" href=\"https:\/\/collectin.eu\/en\/product\/lego-75945-expecto-patronum\/\" \/>\n<meta property=\"og:locale\" content=\"en_US\" \/>\n<meta property=\"og:type\" content=\"article\" \/>\n<meta property=\"og:title\" content=\"LEGO\u00ae 75945 Expecto Patronum - Collectin.eu\" \/>\n<meta property=\"og:description\" content=\"Perkelkite 7 m. ir vyresnius Hario Poterio gerb\u0117jus \u012f magi\u0161k\u0105 burtinink\u0173, psich\u0173 ir mitini\u0173 b\u016btybi\u0173 pasaul\u012f su \u0161iuo \u201eLEGO\u00ae Harry Potter\u201c 75945 konstravimo rinkiniu \u201eExpecto Patronum\u201c\" \/>\n<meta property=\"og:url\" content=\"https:\/\/collectin.eu\/en\/product\/lego-75945-expecto-patronum\/\" \/>\n<meta property=\"og:site_name\" content=\"Collectin.eu\" \/>\n<meta property=\"article:modified_time\" content=\"2026-04-08T10:24:56+00:00\" \/>\n<meta property=\"og:image\" content=\"http:\/\/collectin.eu\/wp-content\/uploads\/2025\/12\/Untitled-design-2025-12-29T093502.066.png\" \/>\n\t<meta property=\"og:image:width\" content=\"1080\" \/>\n\t<meta property=\"og:image:height\" content=\"1080\" \/>\n\t<meta property=\"og:image:type\" content=\"image\/png\" \/>\n<meta name=\"twitter:card\" content=\"summary_large_image\" \/>\n<meta name=\"twitter:label1\" content=\"Est. reading time\" \/>\n\t<meta name=\"twitter:data1\" content=\"2 minutes\" \/>\n<script type=\"application\/ld+json\" class=\"yoast-schema-graph\">{\"@context\":\"https:\/\/schema.org\",\"@graph\":[{\"@type\":\"WebPage\",\"@id\":\"https:\/\/collectin.eu\/produktas\/lego-75945-expecto-patronum\/\",\"url\":\"https:\/\/collectin.eu\/produktas\/lego-75945-expecto-patronum\/\",\"name\":\"LEGO\u00ae 75945 Expecto Patronum - Collectin.eu\",\"isPartOf\":{\"@id\":\"https:\/\/collectin.eu\/#website\"},\"primaryImageOfPage\":{\"@id\":\"https:\/\/collectin.eu\/produktas\/lego-75945-expecto-patronum\/#primaryimage\"},\"image\":{\"@id\":\"https:\/\/collectin.eu\/produktas\/lego-75945-expecto-patronum\/#primaryimage\"},\"thumbnailUrl\":\"https:\/\/collectin.eu\/wp-content\/uploads\/2025\/12\/Untitled-design-2025-12-29T093502.066.png\",\"datePublished\":\"2025-12-29T07:40:58+00:00\",\"dateModified\":\"2026-04-08T10:24:56+00:00\",\"description\":\"Perkelkite 7 m. ir vyresnius Hario Poterio gerb\u0117jus \u012f magi\u0161k\u0105 burtinink\u0173, psich\u0173 ir mitini\u0173 b\u016btybi\u0173 pasaul\u012f su \u0161iuo \u201eLEGO\u00ae Harry Potter\u201c 75945 konstravimo rinkiniu \u201eExpecto Patronum\u201c\",\"breadcrumb\":{\"@id\":\"https:\/\/collectin.eu\/produktas\/lego-75945-expecto-patronum\/#breadcrumb\"},\"inLanguage\":\"en-US\",\"potentialAction\":[{\"@type\":\"ReadAction\",\"target\":[\"https:\/\/collectin.eu\/produktas\/lego-75945-expecto-patronum\/\"]}]},{\"@type\":\"ImageObject\",\"inLanguage\":\"en-US\",\"@id\":\"https:\/\/collectin.eu\/produktas\/lego-75945-expecto-patronum\/#primaryimage\",\"url\":\"https:\/\/collectin.eu\/wp-content\/uploads\/2025\/12\/Untitled-design-2025-12-29T093502.066.png\",\"contentUrl\":\"https:\/\/collectin.eu\/wp-content\/uploads\/2025\/12\/Untitled-design-2025-12-29T093502.066.png\",\"width\":1080,\"height\":1080},{\"@type\":\"BreadcrumbList\",\"@id\":\"https:\/\/collectin.eu\/produktas\/lego-75945-expecto-patronum\/#breadcrumb\",\"itemListElement\":[{\"@type\":\"ListItem\",\"position\":1,\"name\":\"Home\",\"item\":\"https:\/\/collectin.eu\/\"},{\"@type\":\"ListItem\",\"position\":2,\"name\":\"Parduotuv\u0117\",\"item\":\"https:\/\/collectin.eu\/parduotuve\/\"},{\"@type\":\"ListItem\",\"position\":3,\"name\":\"LEGO\u00ae 75945 Expecto Patronum\"}]},{\"@type\":\"WebSite\",\"@id\":\"https:\/\/collectin.eu\/#website\",\"url\":\"https:\/\/collectin.eu\/\",\"name\":\"Collectin.eu\",\"description\":\"\",\"potentialAction\":[{\"@type\":\"SearchAction\",\"target\":{\"@type\":\"EntryPoint\",\"urlTemplate\":\"https:\/\/collectin.eu\/?s={search_term_string}\"},\"query-input\":{\"@type\":\"PropertyValueSpecification\",\"valueRequired\":true,\"valueName\":\"search_term_string\"}}],\"inLanguage\":\"en-US\"}]}<\/script>\n<!-- \/ Yoast SEO plugin. -->","yoast_head_json":{"title":"LEGO\u00ae 75945 Expecto Patronum - Collectin.eu","description":"Perkelkite 7 m. ir vyresnius Hario Poterio gerb\u0117jus \u012f magi\u0161k\u0105 burtinink\u0173, psich\u0173 ir mitini\u0173 b\u016btybi\u0173 pasaul\u012f su \u0161iuo \u201eLEGO\u00ae Harry Potter\u201c 75945 konstravimo rinkiniu \u201eExpecto Patronum\u201c","robots":{"index":"index","follow":"follow","max-snippet":"max-snippet:-1","max-image-preview":"max-image-preview:large","max-video-preview":"max-video-preview:-1"},"canonical":"https:\/\/collectin.eu\/en\/product\/lego-75945-expecto-patronum\/","og_locale":"en_US","og_type":"article","og_title":"LEGO\u00ae 75945 Expecto Patronum - Collectin.eu","og_description":"Perkelkite 7 m. ir vyresnius Hario Poterio gerb\u0117jus \u012f magi\u0161k\u0105 burtinink\u0173, psich\u0173 ir mitini\u0173 b\u016btybi\u0173 pasaul\u012f su \u0161iuo \u201eLEGO\u00ae Harry Potter\u201c 75945 konstravimo rinkiniu \u201eExpecto Patronum\u201c","og_url":"https:\/\/collectin.eu\/en\/product\/lego-75945-expecto-patronum\/","og_site_name":"Collectin.eu","article_modified_time":"2026-04-08T10:24:56+00:00","og_image":[{"width":1080,"height":1080,"url":"http:\/\/collectin.eu\/wp-content\/uploads\/2025\/12\/Untitled-design-2025-12-29T093502.066.png","type":"image\/png"}],"twitter_card":"summary_large_image","twitter_misc":{"Est. reading time":"2 minutes"},"schema":{"@context":"https:\/\/schema.org","@graph":[{"@type":"WebPage","@id":"https:\/\/collectin.eu\/produktas\/lego-75945-expecto-patronum\/","url":"https:\/\/collectin.eu\/produktas\/lego-75945-expecto-patronum\/","name":"LEGO\u00ae 75945 Expecto Patronum - Collectin.eu","isPartOf":{"@id":"https:\/\/collectin.eu\/#website"},"primaryImageOfPage":{"@id":"https:\/\/collectin.eu\/produktas\/lego-75945-expecto-patronum\/#primaryimage"},"image":{"@id":"https:\/\/collectin.eu\/produktas\/lego-75945-expecto-patronum\/#primaryimage"},"thumbnailUrl":"https:\/\/collectin.eu\/wp-content\/uploads\/2025\/12\/Untitled-design-2025-12-29T093502.066.png","datePublished":"2025-12-29T07:40:58+00:00","dateModified":"2026-04-08T10:24:56+00:00","description":"Perkelkite 7 m. ir vyresnius Hario Poterio gerb\u0117jus \u012f magi\u0161k\u0105 burtinink\u0173, psich\u0173 ir mitini\u0173 b\u016btybi\u0173 pasaul\u012f su \u0161iuo \u201eLEGO\u00ae Harry Potter\u201c 75945 konstravimo rinkiniu \u201eExpecto Patronum\u201c","breadcrumb":{"@id":"https:\/\/collectin.eu\/produktas\/lego-75945-expecto-patronum\/#breadcrumb"},"inLanguage":"en-US","potentialAction":[{"@type":"ReadAction","target":["https:\/\/collectin.eu\/produktas\/lego-75945-expecto-patronum\/"]}]},{"@type":"ImageObject","inLanguage":"en-US","@id":"https:\/\/collectin.eu\/produktas\/lego-75945-expecto-patronum\/#primaryimage","url":"https:\/\/collectin.eu\/wp-content\/uploads\/2025\/12\/Untitled-design-2025-12-29T093502.066.png","contentUrl":"https:\/\/collectin.eu\/wp-content\/uploads\/2025\/12\/Untitled-design-2025-12-29T093502.066.png","width":1080,"height":1080},{"@type":"BreadcrumbList","@id":"https:\/\/collectin.eu\/produktas\/lego-75945-expecto-patronum\/#breadcrumb","itemListElement":[{"@type":"ListItem","position":1,"name":"Home","item":"https:\/\/collectin.eu\/"},{"@type":"ListItem","position":2,"name":"Parduotuv\u0117","item":"https:\/\/collectin.eu\/parduotuve\/"},{"@type":"ListItem","position":3,"name":"LEGO\u00ae 75945 Expecto Patronum"}]},{"@type":"WebSite","@id":"https:\/\/collectin.eu\/#website","url":"https:\/\/collectin.eu\/","name":"Collectin.eu","description":"","potentialAction":[{"@type":"SearchAction","target":{"@type":"EntryPoint","urlTemplate":"https:\/\/collectin.eu\/?s={search_term_string}"},"query-input":{"@type":"PropertyValueSpecification","valueRequired":true,"valueName":"search_term_string"}}],"inLanguage":"en-US"}]}},"jetpack_sharing_enabled":true,"_links":{"self":[{"href":"https:\/\/collectin.eu\/en\/wp-json\/wp\/v2\/product\/38772","targetHints":{"allow":["GET"]}}],"collection":[{"href":"https:\/\/collectin.eu\/en\/wp-json\/wp\/v2\/product"}],"about":[{"href":"https:\/\/collectin.eu\/en\/wp-json\/wp\/v2\/types\/product"}],"replies":[{"embeddable":true,"href":"https:\/\/collectin.eu\/en\/wp-json\/wp\/v2\/comments?post=38772"}],"version-history":[{"count":2,"href":"https:\/\/collectin.eu\/en\/wp-json\/wp\/v2\/product\/38772\/revisions"}],"predecessor-version":[{"id":40339,"href":"https:\/\/collectin.eu\/en\/wp-json\/wp\/v2\/product\/38772\/revisions\/40339"}],"wp:featuredmedia":[{"embeddable":true,"href":"https:\/\/collectin.eu\/en\/wp-json\/wp\/v2\/media\/38773"}],"wp:attachment":[{"href":"https:\/\/collectin.eu\/en\/wp-json\/wp\/v2\/media?parent=38772"}],"wp:term":[{"taxonomy":"product_brand","embeddable":true,"href":"https:\/\/collectin.eu\/en\/wp-json\/wp\/v2\/product_brand?post=38772"},{"taxonomy":"product_cat","embeddable":true,"href":"https:\/\/collectin.eu\/en\/wp-json\/wp\/v2\/product_cat?post=38772"},{"taxonomy":"product_tag","embeddable":true,"href":"https:\/\/collectin.eu\/en\/wp-json\/wp\/v2\/product_tag?post=38772"}],"curies":[{"name":"wp","href":"https:\/\/api.w.org\/{rel}","templated":true}]}}