{"id":38778,"date":"2025-12-29T07:47:12","date_gmt":"2025-12-29T07:47:12","guid":{"rendered":"https:\/\/collectin.eu\/?post_type=product&#038;p=38778"},"modified":"2026-04-08T10:24:56","modified_gmt":"2026-04-08T10:24:56","slug":"lego-40521-mazi-disney-vaiduokliu-rumai","status":"publish","type":"product","link":"https:\/\/collectin.eu\/en\/product\/lego-40521-mazi-disney-vaiduokliu-rumai\/","title":{"rendered":"LEGO\u00ae 40521 Mini Disney The Haunted Mansion"},"content":{"rendered":"<p>\u0160iame miniati\u016briniame \u017eaidimo ir eksponavimo modelyje pasivaik\u0161\u010diojimo po \u201eDisney\u201c vaiduokli\u0173 r\u016bmus gerb\u0117jams patiks visos itin bauginan\u010dios detal\u0117s. Dalis interjero matoma i\u0161 galo, \u012fskaitant valgom\u0105j\u012f, sietyn\u0105 ir galerij\u0105. Rinkinyje yra i\u0161skirtin\u0117 Butlerio minifig\u016br\u0117l\u0117, kuri\u0105 galima prid\u0117ti prie ekrano. Gerb\u0117jai atpa\u017eins \u201eHitchhiking\u201c vaiduokli\u0173, ponios Leotos ir kap\u0173 pri\u017ei\u016br\u0117tojo paveikslus. \u0160is konstravimo rinkinys bus puiki dovana miniati\u016br\u0173 kolekcininkams ir \u012fvairaus am\u017eiaus \u201eDisney\u201c gerb\u0117jams.<\/p>\n<ul>\n<li>Kolekcinis konstravimo rinkinys \u2013 tai miniati\u016brinis \u201eDisney\u201c atrakciono vaiduokli\u0173 r\u016bm\u0173 modelis su i\u0161skirtine Butlerio minifig\u016br\u0117le.<\/li>\n<li>Dovanokite \u2013 puiki dovana LEGO\u00ae gerb\u0117jams, miniati\u016br\u0173 kolekcininkams ir \u201eDisney\u201c gerb\u0117jams nuo 8 met\u0173.<\/li>\n<li>Eksponatas \u2013 \u0161is 14 cm auk\u0161\u010dio, 12 cm plo\u010dio ir 12 cm gylio 680 dali\u0173 modelis turi daug detali\u0173, \u012fskaitant sietyn\u0105 ir galerijos paveikslus-lipdukus.<\/li>\n<\/ul>","protected":false},"excerpt":{"rendered":"<p>\u0160iame miniati\u016briniame \u017eaidimo ir eksponavimo modelyje pasivaik\u0161\u010diojimo po \u201eDisney\u201c vaiduokli\u0173 r\u016bmus gerb\u0117jams patiks visos itin bauginan\u010dios detal\u0117s. Dalis interjero matoma<\/p>","protected":false},"featured_media":38779,"comment_status":"open","ping_status":"closed","template":"","meta":[],"product_brand":[423],"product_cat":[677,406,494],"product_tag":[],"class_list":{"0":"post-38778","1":"product","2":"type-product","3":"status-publish","4":"has-post-thumbnail","6":"product_brand-lego","7":"product_cat-lego-konstruktoriai","8":"product_cat-lego","9":"product_cat-lego-disney","11":"first","12":"instock","13":"taxable","14":"shipping-taxable","15":"purchasable","16":"product-type-simple"},"yoast_head":"<!-- This site is optimized with the Yoast SEO plugin v25.9 - https:\/\/yoast.com\/wordpress\/plugins\/seo\/ -->\n<title>LEGO\u00ae 40521 Mini Disney The Haunted Mansion - Collectin.eu<\/title>\n<meta name=\"description\" content=\"\u0160iame miniati\u016briniame \u017eaidimo ir eksponavimo modelyje pasivaik\u0161\u010diojimo po \u201eDisney\u201c vaiduokli\u0173 r\u016bmus gerb\u0117jams patiks visos itin bauginan\u010dios detal\u0117s.\" \/>\n<meta name=\"robots\" content=\"index, follow, max-snippet:-1, max-image-preview:large, max-video-preview:-1\" \/>\n<link rel=\"canonical\" href=\"https:\/\/collectin.eu\/en\/product\/lego-40521-mazi-disney-vaiduokliu-rumai\/\" \/>\n<meta property=\"og:locale\" content=\"en_US\" \/>\n<meta property=\"og:type\" content=\"article\" \/>\n<meta property=\"og:title\" content=\"LEGO\u00ae 40521 Mini Disney The Haunted Mansion - Collectin.eu\" \/>\n<meta property=\"og:description\" content=\"\u0160iame miniati\u016briniame \u017eaidimo ir eksponavimo modelyje pasivaik\u0161\u010diojimo po \u201eDisney\u201c vaiduokli\u0173 r\u016bmus gerb\u0117jams patiks visos itin bauginan\u010dios detal\u0117s.\" \/>\n<meta property=\"og:url\" content=\"https:\/\/collectin.eu\/en\/product\/lego-40521-mazi-disney-vaiduokliu-rumai\/\" \/>\n<meta property=\"og:site_name\" content=\"Collectin.eu\" \/>\n<meta property=\"article:modified_time\" content=\"2026-04-08T10:24:56+00:00\" \/>\n<meta property=\"og:image\" content=\"http:\/\/collectin.eu\/wp-content\/uploads\/2025\/12\/Untitled-design-2025-12-29T094439.866.png\" \/>\n\t<meta property=\"og:image:width\" content=\"1080\" \/>\n\t<meta property=\"og:image:height\" content=\"1080\" \/>\n\t<meta property=\"og:image:type\" content=\"image\/png\" \/>\n<meta name=\"twitter:card\" content=\"summary_large_image\" \/>\n<meta name=\"twitter:label1\" content=\"Est. reading time\" \/>\n\t<meta name=\"twitter:data1\" content=\"1 minute\" \/>\n<script type=\"application\/ld+json\" class=\"yoast-schema-graph\">{\"@context\":\"https:\/\/schema.org\",\"@graph\":[{\"@type\":\"WebPage\",\"@id\":\"https:\/\/collectin.eu\/produktas\/lego-40521-mazi-disney-vaiduokliu-rumai\/\",\"url\":\"https:\/\/collectin.eu\/produktas\/lego-40521-mazi-disney-vaiduokliu-rumai\/\",\"name\":\"LEGO\u00ae 40521 Mini Disney The Haunted Mansion - Collectin.eu\",\"isPartOf\":{\"@id\":\"https:\/\/collectin.eu\/#website\"},\"primaryImageOfPage\":{\"@id\":\"https:\/\/collectin.eu\/produktas\/lego-40521-mazi-disney-vaiduokliu-rumai\/#primaryimage\"},\"image\":{\"@id\":\"https:\/\/collectin.eu\/produktas\/lego-40521-mazi-disney-vaiduokliu-rumai\/#primaryimage\"},\"thumbnailUrl\":\"https:\/\/collectin.eu\/wp-content\/uploads\/2025\/12\/Untitled-design-2025-12-29T094439.866.png\",\"datePublished\":\"2025-12-29T07:47:12+00:00\",\"dateModified\":\"2026-04-08T10:24:56+00:00\",\"description\":\"\u0160iame miniati\u016briniame \u017eaidimo ir eksponavimo modelyje pasivaik\u0161\u010diojimo po \u201eDisney\u201c vaiduokli\u0173 r\u016bmus gerb\u0117jams patiks visos itin bauginan\u010dios detal\u0117s.\",\"breadcrumb\":{\"@id\":\"https:\/\/collectin.eu\/produktas\/lego-40521-mazi-disney-vaiduokliu-rumai\/#breadcrumb\"},\"inLanguage\":\"en-US\",\"potentialAction\":[{\"@type\":\"ReadAction\",\"target\":[\"https:\/\/collectin.eu\/produktas\/lego-40521-mazi-disney-vaiduokliu-rumai\/\"]}]},{\"@type\":\"ImageObject\",\"inLanguage\":\"en-US\",\"@id\":\"https:\/\/collectin.eu\/produktas\/lego-40521-mazi-disney-vaiduokliu-rumai\/#primaryimage\",\"url\":\"https:\/\/collectin.eu\/wp-content\/uploads\/2025\/12\/Untitled-design-2025-12-29T094439.866.png\",\"contentUrl\":\"https:\/\/collectin.eu\/wp-content\/uploads\/2025\/12\/Untitled-design-2025-12-29T094439.866.png\",\"width\":1080,\"height\":1080},{\"@type\":\"BreadcrumbList\",\"@id\":\"https:\/\/collectin.eu\/produktas\/lego-40521-mazi-disney-vaiduokliu-rumai\/#breadcrumb\",\"itemListElement\":[{\"@type\":\"ListItem\",\"position\":1,\"name\":\"Home\",\"item\":\"https:\/\/collectin.eu\/\"},{\"@type\":\"ListItem\",\"position\":2,\"name\":\"Parduotuv\u0117\",\"item\":\"https:\/\/collectin.eu\/parduotuve\/\"},{\"@type\":\"ListItem\",\"position\":3,\"name\":\"LEGO\u00ae 40521 Mini Disney The Haunted Mansion\"}]},{\"@type\":\"WebSite\",\"@id\":\"https:\/\/collectin.eu\/#website\",\"url\":\"https:\/\/collectin.eu\/\",\"name\":\"Collectin.eu\",\"description\":\"\",\"potentialAction\":[{\"@type\":\"SearchAction\",\"target\":{\"@type\":\"EntryPoint\",\"urlTemplate\":\"https:\/\/collectin.eu\/?s={search_term_string}\"},\"query-input\":{\"@type\":\"PropertyValueSpecification\",\"valueRequired\":true,\"valueName\":\"search_term_string\"}}],\"inLanguage\":\"en-US\"}]}<\/script>\n<!-- \/ Yoast SEO plugin. -->","yoast_head_json":{"title":"LEGO\u00ae 40521 Mini Disney The Haunted Mansion - Collectin.eu","description":"\u0160iame miniati\u016briniame \u017eaidimo ir eksponavimo modelyje pasivaik\u0161\u010diojimo po \u201eDisney\u201c vaiduokli\u0173 r\u016bmus gerb\u0117jams patiks visos itin bauginan\u010dios detal\u0117s.","robots":{"index":"index","follow":"follow","max-snippet":"max-snippet:-1","max-image-preview":"max-image-preview:large","max-video-preview":"max-video-preview:-1"},"canonical":"https:\/\/collectin.eu\/en\/product\/lego-40521-mazi-disney-vaiduokliu-rumai\/","og_locale":"en_US","og_type":"article","og_title":"LEGO\u00ae 40521 Mini Disney The Haunted Mansion - Collectin.eu","og_description":"\u0160iame miniati\u016briniame \u017eaidimo ir eksponavimo modelyje pasivaik\u0161\u010diojimo po \u201eDisney\u201c vaiduokli\u0173 r\u016bmus gerb\u0117jams patiks visos itin bauginan\u010dios detal\u0117s.","og_url":"https:\/\/collectin.eu\/en\/product\/lego-40521-mazi-disney-vaiduokliu-rumai\/","og_site_name":"Collectin.eu","article_modified_time":"2026-04-08T10:24:56+00:00","og_image":[{"width":1080,"height":1080,"url":"http:\/\/collectin.eu\/wp-content\/uploads\/2025\/12\/Untitled-design-2025-12-29T094439.866.png","type":"image\/png"}],"twitter_card":"summary_large_image","twitter_misc":{"Est. reading time":"1 minute"},"schema":{"@context":"https:\/\/schema.org","@graph":[{"@type":"WebPage","@id":"https:\/\/collectin.eu\/produktas\/lego-40521-mazi-disney-vaiduokliu-rumai\/","url":"https:\/\/collectin.eu\/produktas\/lego-40521-mazi-disney-vaiduokliu-rumai\/","name":"LEGO\u00ae 40521 Mini Disney The Haunted Mansion - Collectin.eu","isPartOf":{"@id":"https:\/\/collectin.eu\/#website"},"primaryImageOfPage":{"@id":"https:\/\/collectin.eu\/produktas\/lego-40521-mazi-disney-vaiduokliu-rumai\/#primaryimage"},"image":{"@id":"https:\/\/collectin.eu\/produktas\/lego-40521-mazi-disney-vaiduokliu-rumai\/#primaryimage"},"thumbnailUrl":"https:\/\/collectin.eu\/wp-content\/uploads\/2025\/12\/Untitled-design-2025-12-29T094439.866.png","datePublished":"2025-12-29T07:47:12+00:00","dateModified":"2026-04-08T10:24:56+00:00","description":"\u0160iame miniati\u016briniame \u017eaidimo ir eksponavimo modelyje pasivaik\u0161\u010diojimo po \u201eDisney\u201c vaiduokli\u0173 r\u016bmus gerb\u0117jams patiks visos itin bauginan\u010dios detal\u0117s.","breadcrumb":{"@id":"https:\/\/collectin.eu\/produktas\/lego-40521-mazi-disney-vaiduokliu-rumai\/#breadcrumb"},"inLanguage":"en-US","potentialAction":[{"@type":"ReadAction","target":["https:\/\/collectin.eu\/produktas\/lego-40521-mazi-disney-vaiduokliu-rumai\/"]}]},{"@type":"ImageObject","inLanguage":"en-US","@id":"https:\/\/collectin.eu\/produktas\/lego-40521-mazi-disney-vaiduokliu-rumai\/#primaryimage","url":"https:\/\/collectin.eu\/wp-content\/uploads\/2025\/12\/Untitled-design-2025-12-29T094439.866.png","contentUrl":"https:\/\/collectin.eu\/wp-content\/uploads\/2025\/12\/Untitled-design-2025-12-29T094439.866.png","width":1080,"height":1080},{"@type":"BreadcrumbList","@id":"https:\/\/collectin.eu\/produktas\/lego-40521-mazi-disney-vaiduokliu-rumai\/#breadcrumb","itemListElement":[{"@type":"ListItem","position":1,"name":"Home","item":"https:\/\/collectin.eu\/"},{"@type":"ListItem","position":2,"name":"Parduotuv\u0117","item":"https:\/\/collectin.eu\/parduotuve\/"},{"@type":"ListItem","position":3,"name":"LEGO\u00ae 40521 Mini Disney The Haunted Mansion"}]},{"@type":"WebSite","@id":"https:\/\/collectin.eu\/#website","url":"https:\/\/collectin.eu\/","name":"Collectin.eu","description":"","potentialAction":[{"@type":"SearchAction","target":{"@type":"EntryPoint","urlTemplate":"https:\/\/collectin.eu\/?s={search_term_string}"},"query-input":{"@type":"PropertyValueSpecification","valueRequired":true,"valueName":"search_term_string"}}],"inLanguage":"en-US"}]}},"jetpack_sharing_enabled":true,"_links":{"self":[{"href":"https:\/\/collectin.eu\/en\/wp-json\/wp\/v2\/product\/38778","targetHints":{"allow":["GET"]}}],"collection":[{"href":"https:\/\/collectin.eu\/en\/wp-json\/wp\/v2\/product"}],"about":[{"href":"https:\/\/collectin.eu\/en\/wp-json\/wp\/v2\/types\/product"}],"replies":[{"embeddable":true,"href":"https:\/\/collectin.eu\/en\/wp-json\/wp\/v2\/comments?post=38778"}],"version-history":[{"count":3,"href":"https:\/\/collectin.eu\/en\/wp-json\/wp\/v2\/product\/38778\/revisions"}],"predecessor-version":[{"id":40338,"href":"https:\/\/collectin.eu\/en\/wp-json\/wp\/v2\/product\/38778\/revisions\/40338"}],"wp:featuredmedia":[{"embeddable":true,"href":"https:\/\/collectin.eu\/en\/wp-json\/wp\/v2\/media\/38779"}],"wp:attachment":[{"href":"https:\/\/collectin.eu\/en\/wp-json\/wp\/v2\/media?parent=38778"}],"wp:term":[{"taxonomy":"product_brand","embeddable":true,"href":"https:\/\/collectin.eu\/en\/wp-json\/wp\/v2\/product_brand?post=38778"},{"taxonomy":"product_cat","embeddable":true,"href":"https:\/\/collectin.eu\/en\/wp-json\/wp\/v2\/product_cat?post=38778"},{"taxonomy":"product_tag","embeddable":true,"href":"https:\/\/collectin.eu\/en\/wp-json\/wp\/v2\/product_tag?post=38778"}],"curies":[{"name":"wp","href":"https:\/\/api.w.org\/{rel}","templated":true}]}}