{"id":38784,"date":"2025-12-29T07:54:09","date_gmt":"2025-12-29T07:54:09","guid":{"rendered":"https:\/\/collectin.eu\/?post_type=product&#038;p=38784"},"modified":"2026-04-08T10:24:56","modified_gmt":"2026-04-08T10:24:56","slug":"lego-76213-karaliaus-namoro-sosto-mene","status":"publish","type":"product","link":"https:\/\/collectin.eu\/en\/product\/lego-76213-karaliaus-namoro-sosto-mene\/","title":{"rendered":"LEGO\u00ae 76213 King Namor&#8217;s Throne Room"},"content":{"rendered":"<p>Jaun\u0173j\u0173 superheroj\u0173 nuo 7 met\u0173 am\u017eiaus LEGO\u00ae Marvel Karaliaus Namoro sosto men\u0117s (76213) rinkinyje laukia i\u0161radingi povandeniniai nuotykiai.<\/p>\n<p>Povandeniniai nuotykiai Juodosios panteros gerb\u0117jams<br \/>\nAptaki ir stilinga povandeninio laivo Skirmisher kopija i\u0161 \u201eMarvel Studios\u201c filmo \u201eBlack Panther: Wakanda Forever\u201c turi smaig\u0173 \u0161audykles, kurias vaikai gali i\u0161\u0161auti kaudamiesi su blogiuku Attuma. Povandeniniam laivui atplaukus, jie atras Karaliaus Namoro \u0161ventykl\u0105 ir j\u016br\u017eol\u0117mis puo\u0161t\u0105 Karaliaus sosto men\u0119. Misijai pasibaigus, vaikai sugr\u012f\u0161 \u012f povandenin\u012f laiv\u0105 ir i\u0161siruo\u0161 \u012f daugyb\u0119 nauj\u0173 nuotyki\u0173. Rinkin\u012f sudaro 3 minifig\u016br\u0117l\u0117s \u2013 \u0160uri, Attuma ir Karalius Namoras \u2013 bei j\u0173 \u0161aun\u016bs ginklai ir priedai.<\/p>\n<ul>\n<li>Juodosios panteros povandeninis laivas. LEGO\u00ae Marvel Karaliaus Namoro sosto men\u0117 (76213) perkelia Juodosios panteros gerb\u0117j\u0173 vaizduot\u0119 \u012f povandenin\u012f laiv\u0105.<\/li>\n<li>\u201eMarvel\u201c persona\u017eai. \u012eskaitant \u0160uri, Attuma ir Karaliaus Namoro minifig\u016br\u0117les. Konstruojamas povandeninis laivas ir sosto men\u0117 taip pat turi j\u016br\u017eoli\u0173 ir \u017euv\u0173 pried\u0173.<\/li>\n<li>Daugyb\u0117 \u017eaidimo b\u016bd\u0173. \u0160is 2 dali\u0173 rinkinys atveria \u012fvairi\u0173 \u017eaidimo galimybi\u0173, vaikams tyrin\u0117jant nesibaigian\u010dius nuotykius \u0161ventykloje ir povandeniniame laive.<\/li>\n<li>Dovana \u201eMarvel\u201c gerb\u0117jams. Gimtadienio arba \u0161ventin\u0117 dovana ma\u017eiesiems superherojams nuo 7\u00a0met\u0173 am\u017eiaus.<\/li>\n<li>Ne\u0161iojamas \u017eaidimas. \u0160is povandeninis laivas yra 4 cm auk\u0161\u010dio, 13 cm ilgio ir 4 cm plo\u010dio, tad vaikams lengva pasiimti \u017eaidim\u0105 su savimi.<\/li>\n<\/ul>","protected":false},"excerpt":{"rendered":"<p>Jaun\u0173j\u0173 superheroj\u0173 nuo 7 met\u0173 am\u017eiaus LEGO\u00ae Marvel Karaliaus Namoro sosto men\u0117s (76213) rinkinyje laukia i\u0161radingi povandeniniai nuotykiai. Povandeniniai nuotykiai<\/p>","protected":false},"featured_media":38786,"comment_status":"open","ping_status":"closed","template":"","meta":[],"product_brand":[423],"product_cat":[677,406,491],"product_tag":[],"class_list":{"0":"post-38784","1":"product","2":"type-product","3":"status-publish","4":"has-post-thumbnail","6":"product_brand-lego","7":"product_cat-lego-konstruktoriai","8":"product_cat-lego","9":"product_cat-lego-marvel","11":"first","12":"instock","13":"taxable","14":"shipping-taxable","15":"purchasable","16":"product-type-simple"},"yoast_head":"<!-- This site is optimized with the Yoast SEO plugin v25.9 - https:\/\/yoast.com\/wordpress\/plugins\/seo\/ -->\n<title>LEGO\u00ae 76213 King Namor&#039;s Throne Room - Collectin.eu<\/title>\n<meta name=\"description\" content=\"Jaun\u0173j\u0173 superheroj\u0173 nuo 7 met\u0173 am\u017eiaus LEGO\u00ae Marvel Karaliaus Namoro sosto men\u0117s (76213) rinkinyje laukia i\u0161radingi povandeniniai nuotykiai.\" \/>\n<meta name=\"robots\" content=\"index, follow, max-snippet:-1, max-image-preview:large, max-video-preview:-1\" \/>\n<link rel=\"canonical\" href=\"https:\/\/collectin.eu\/en\/product\/lego-76213-karaliaus-namoro-sosto-mene\/\" \/>\n<meta property=\"og:locale\" content=\"en_US\" \/>\n<meta property=\"og:type\" content=\"article\" \/>\n<meta property=\"og:title\" content=\"LEGO\u00ae 76213 King Namor&#039;s Throne Room - Collectin.eu\" \/>\n<meta property=\"og:description\" content=\"Jaun\u0173j\u0173 superheroj\u0173 nuo 7 met\u0173 am\u017eiaus LEGO\u00ae Marvel Karaliaus Namoro sosto men\u0117s (76213) rinkinyje laukia i\u0161radingi povandeniniai nuotykiai.\" \/>\n<meta property=\"og:url\" content=\"https:\/\/collectin.eu\/en\/product\/lego-76213-karaliaus-namoro-sosto-mene\/\" \/>\n<meta property=\"og:site_name\" content=\"Collectin.eu\" \/>\n<meta property=\"article:modified_time\" content=\"2026-04-08T10:24:56+00:00\" \/>\n<meta property=\"og:image\" content=\"http:\/\/collectin.eu\/wp-content\/uploads\/2025\/12\/Untitled-design-2025-12-29T095034.370.png\" \/>\n\t<meta property=\"og:image:width\" content=\"1080\" \/>\n\t<meta property=\"og:image:height\" content=\"1080\" \/>\n\t<meta property=\"og:image:type\" content=\"image\/png\" \/>\n<meta name=\"twitter:card\" content=\"summary_large_image\" \/>\n<meta name=\"twitter:label1\" content=\"Est. reading time\" \/>\n\t<meta name=\"twitter:data1\" content=\"2 minutes\" \/>\n<script type=\"application\/ld+json\" class=\"yoast-schema-graph\">{\"@context\":\"https:\/\/schema.org\",\"@graph\":[{\"@type\":\"WebPage\",\"@id\":\"https:\/\/collectin.eu\/produktas\/lego-76213-karaliaus-namoro-sosto-mene\/\",\"url\":\"https:\/\/collectin.eu\/produktas\/lego-76213-karaliaus-namoro-sosto-mene\/\",\"name\":\"LEGO\u00ae 76213 King Namor's Throne Room - Collectin.eu\",\"isPartOf\":{\"@id\":\"https:\/\/collectin.eu\/#website\"},\"primaryImageOfPage\":{\"@id\":\"https:\/\/collectin.eu\/produktas\/lego-76213-karaliaus-namoro-sosto-mene\/#primaryimage\"},\"image\":{\"@id\":\"https:\/\/collectin.eu\/produktas\/lego-76213-karaliaus-namoro-sosto-mene\/#primaryimage\"},\"thumbnailUrl\":\"https:\/\/collectin.eu\/wp-content\/uploads\/2025\/12\/Untitled-design-2025-12-29T095034.370.png\",\"datePublished\":\"2025-12-29T07:54:09+00:00\",\"dateModified\":\"2026-04-08T10:24:56+00:00\",\"description\":\"Jaun\u0173j\u0173 superheroj\u0173 nuo 7 met\u0173 am\u017eiaus LEGO\u00ae Marvel Karaliaus Namoro sosto men\u0117s (76213) rinkinyje laukia i\u0161radingi povandeniniai nuotykiai.\",\"breadcrumb\":{\"@id\":\"https:\/\/collectin.eu\/produktas\/lego-76213-karaliaus-namoro-sosto-mene\/#breadcrumb\"},\"inLanguage\":\"en-US\",\"potentialAction\":[{\"@type\":\"ReadAction\",\"target\":[\"https:\/\/collectin.eu\/produktas\/lego-76213-karaliaus-namoro-sosto-mene\/\"]}]},{\"@type\":\"ImageObject\",\"inLanguage\":\"en-US\",\"@id\":\"https:\/\/collectin.eu\/produktas\/lego-76213-karaliaus-namoro-sosto-mene\/#primaryimage\",\"url\":\"https:\/\/collectin.eu\/wp-content\/uploads\/2025\/12\/Untitled-design-2025-12-29T095034.370.png\",\"contentUrl\":\"https:\/\/collectin.eu\/wp-content\/uploads\/2025\/12\/Untitled-design-2025-12-29T095034.370.png\",\"width\":1080,\"height\":1080},{\"@type\":\"BreadcrumbList\",\"@id\":\"https:\/\/collectin.eu\/produktas\/lego-76213-karaliaus-namoro-sosto-mene\/#breadcrumb\",\"itemListElement\":[{\"@type\":\"ListItem\",\"position\":1,\"name\":\"Home\",\"item\":\"https:\/\/collectin.eu\/\"},{\"@type\":\"ListItem\",\"position\":2,\"name\":\"Parduotuv\u0117\",\"item\":\"https:\/\/collectin.eu\/parduotuve\/\"},{\"@type\":\"ListItem\",\"position\":3,\"name\":\"LEGO\u00ae 76213 King Namor&#8217;s Throne Room\"}]},{\"@type\":\"WebSite\",\"@id\":\"https:\/\/collectin.eu\/#website\",\"url\":\"https:\/\/collectin.eu\/\",\"name\":\"Collectin.eu\",\"description\":\"\",\"potentialAction\":[{\"@type\":\"SearchAction\",\"target\":{\"@type\":\"EntryPoint\",\"urlTemplate\":\"https:\/\/collectin.eu\/?s={search_term_string}\"},\"query-input\":{\"@type\":\"PropertyValueSpecification\",\"valueRequired\":true,\"valueName\":\"search_term_string\"}}],\"inLanguage\":\"en-US\"}]}<\/script>\n<!-- \/ Yoast SEO plugin. -->","yoast_head_json":{"title":"LEGO\u00ae 76213 King Namor's Throne Room - Collectin.eu","description":"Jaun\u0173j\u0173 superheroj\u0173 nuo 7 met\u0173 am\u017eiaus LEGO\u00ae Marvel Karaliaus Namoro sosto men\u0117s (76213) rinkinyje laukia i\u0161radingi povandeniniai nuotykiai.","robots":{"index":"index","follow":"follow","max-snippet":"max-snippet:-1","max-image-preview":"max-image-preview:large","max-video-preview":"max-video-preview:-1"},"canonical":"https:\/\/collectin.eu\/en\/product\/lego-76213-karaliaus-namoro-sosto-mene\/","og_locale":"en_US","og_type":"article","og_title":"LEGO\u00ae 76213 King Namor's Throne Room - Collectin.eu","og_description":"Jaun\u0173j\u0173 superheroj\u0173 nuo 7 met\u0173 am\u017eiaus LEGO\u00ae Marvel Karaliaus Namoro sosto men\u0117s (76213) rinkinyje laukia i\u0161radingi povandeniniai nuotykiai.","og_url":"https:\/\/collectin.eu\/en\/product\/lego-76213-karaliaus-namoro-sosto-mene\/","og_site_name":"Collectin.eu","article_modified_time":"2026-04-08T10:24:56+00:00","og_image":[{"width":1080,"height":1080,"url":"http:\/\/collectin.eu\/wp-content\/uploads\/2025\/12\/Untitled-design-2025-12-29T095034.370.png","type":"image\/png"}],"twitter_card":"summary_large_image","twitter_misc":{"Est. reading time":"2 minutes"},"schema":{"@context":"https:\/\/schema.org","@graph":[{"@type":"WebPage","@id":"https:\/\/collectin.eu\/produktas\/lego-76213-karaliaus-namoro-sosto-mene\/","url":"https:\/\/collectin.eu\/produktas\/lego-76213-karaliaus-namoro-sosto-mene\/","name":"LEGO\u00ae 76213 King Namor's Throne Room - Collectin.eu","isPartOf":{"@id":"https:\/\/collectin.eu\/#website"},"primaryImageOfPage":{"@id":"https:\/\/collectin.eu\/produktas\/lego-76213-karaliaus-namoro-sosto-mene\/#primaryimage"},"image":{"@id":"https:\/\/collectin.eu\/produktas\/lego-76213-karaliaus-namoro-sosto-mene\/#primaryimage"},"thumbnailUrl":"https:\/\/collectin.eu\/wp-content\/uploads\/2025\/12\/Untitled-design-2025-12-29T095034.370.png","datePublished":"2025-12-29T07:54:09+00:00","dateModified":"2026-04-08T10:24:56+00:00","description":"Jaun\u0173j\u0173 superheroj\u0173 nuo 7 met\u0173 am\u017eiaus LEGO\u00ae Marvel Karaliaus Namoro sosto men\u0117s (76213) rinkinyje laukia i\u0161radingi povandeniniai nuotykiai.","breadcrumb":{"@id":"https:\/\/collectin.eu\/produktas\/lego-76213-karaliaus-namoro-sosto-mene\/#breadcrumb"},"inLanguage":"en-US","potentialAction":[{"@type":"ReadAction","target":["https:\/\/collectin.eu\/produktas\/lego-76213-karaliaus-namoro-sosto-mene\/"]}]},{"@type":"ImageObject","inLanguage":"en-US","@id":"https:\/\/collectin.eu\/produktas\/lego-76213-karaliaus-namoro-sosto-mene\/#primaryimage","url":"https:\/\/collectin.eu\/wp-content\/uploads\/2025\/12\/Untitled-design-2025-12-29T095034.370.png","contentUrl":"https:\/\/collectin.eu\/wp-content\/uploads\/2025\/12\/Untitled-design-2025-12-29T095034.370.png","width":1080,"height":1080},{"@type":"BreadcrumbList","@id":"https:\/\/collectin.eu\/produktas\/lego-76213-karaliaus-namoro-sosto-mene\/#breadcrumb","itemListElement":[{"@type":"ListItem","position":1,"name":"Home","item":"https:\/\/collectin.eu\/"},{"@type":"ListItem","position":2,"name":"Parduotuv\u0117","item":"https:\/\/collectin.eu\/parduotuve\/"},{"@type":"ListItem","position":3,"name":"LEGO\u00ae 76213 King Namor&#8217;s Throne Room"}]},{"@type":"WebSite","@id":"https:\/\/collectin.eu\/#website","url":"https:\/\/collectin.eu\/","name":"Collectin.eu","description":"","potentialAction":[{"@type":"SearchAction","target":{"@type":"EntryPoint","urlTemplate":"https:\/\/collectin.eu\/?s={search_term_string}"},"query-input":{"@type":"PropertyValueSpecification","valueRequired":true,"valueName":"search_term_string"}}],"inLanguage":"en-US"}]}},"jetpack_sharing_enabled":true,"_links":{"self":[{"href":"https:\/\/collectin.eu\/en\/wp-json\/wp\/v2\/product\/38784","targetHints":{"allow":["GET"]}}],"collection":[{"href":"https:\/\/collectin.eu\/en\/wp-json\/wp\/v2\/product"}],"about":[{"href":"https:\/\/collectin.eu\/en\/wp-json\/wp\/v2\/types\/product"}],"replies":[{"embeddable":true,"href":"https:\/\/collectin.eu\/en\/wp-json\/wp\/v2\/comments?post=38784"}],"version-history":[{"count":2,"href":"https:\/\/collectin.eu\/en\/wp-json\/wp\/v2\/product\/38784\/revisions"}],"predecessor-version":[{"id":40336,"href":"https:\/\/collectin.eu\/en\/wp-json\/wp\/v2\/product\/38784\/revisions\/40336"}],"wp:featuredmedia":[{"embeddable":true,"href":"https:\/\/collectin.eu\/en\/wp-json\/wp\/v2\/media\/38786"}],"wp:attachment":[{"href":"https:\/\/collectin.eu\/en\/wp-json\/wp\/v2\/media?parent=38784"}],"wp:term":[{"taxonomy":"product_brand","embeddable":true,"href":"https:\/\/collectin.eu\/en\/wp-json\/wp\/v2\/product_brand?post=38784"},{"taxonomy":"product_cat","embeddable":true,"href":"https:\/\/collectin.eu\/en\/wp-json\/wp\/v2\/product_cat?post=38784"},{"taxonomy":"product_tag","embeddable":true,"href":"https:\/\/collectin.eu\/en\/wp-json\/wp\/v2\/product_tag?post=38784"}],"curies":[{"name":"wp","href":"https:\/\/api.w.org\/{rel}","templated":true}]}}