{"id":38791,"date":"2025-12-29T08:17:17","date_gmt":"2025-12-29T08:17:17","guid":{"rendered":"https:\/\/collectin.eu\/?post_type=product&#038;p=38791"},"modified":"2026-04-08T10:24:55","modified_gmt":"2026-04-08T10:24:55","slug":"lego-76237-sventove-ii-galutinis-musis","status":"publish","type":"product","link":"https:\/\/collectin.eu\/en\/product\/lego-76237-sventove-ii-galutinis-musis\/","title":{"rendered":"LEGO\u00ae 76237 Sanctuary II: Endgame Battle"},"content":{"rendered":"<p>4 sparn\u0173 erdv\u0117laivis \u0160ventov\u0117 II su gr\u0117smingu 6 smaig\u0173 \u0161audykli\u0173 arsenalu perkelia \u201eMarvel\u201c film\u0173 veiksm\u0105 vaikams \u012f rankas. Atidarius erdvi\u0105 kabin\u0105 pasirodo piloto s\u0117dyn\u0117 ir prietais\u0173 skydelis, kuriuo galingasis Thanos valdo erdv\u0117laiv\u012f. Po juo esan\u010diame krovini\u0173 skyriuje laukia Begalyb\u0117s pir\u0161tin\u0117. Rinkin\u012f sudaro 3 minifig\u016br\u0117l\u0117s: Gele\u017einis \u017emogus su m\u0117lynais galios sm\u016bgiais ir \u0161audykle; Kapiton\u0117 Marvel su ugniniais galios sm\u016bgiais ir skydu bei Thanos su auksiniu \u0161almu ir dvia\u0161meniu kardu. Tvirti \u0161oniniai tur\u0117klai padeda vaikams lengvai paimti didel\u012f erdv\u0117laiv\u012f, atkuriant scenas i\u0161 \u201eMarvel Studios\u201c filmo \u201eKer\u0161ytojai. \u017daidimo pabaiga\u201c ir leistis \u012f savus i\u0161radingus nuotykius.<\/p>\n<ul>\n<li>LEGO\u00ae Marvel \u0160ventov\u0117 II: galutinis m\u016b\u0161is (76237) yra geid\u017eiamas erdv\u0117laivis i\u0161 \u201eMarvel\u201c film\u0173, kupinas tikrovi\u0161k\u0173 detali\u0173, kurios \u012fkvepia i\u0161radingam \u017eaidimui ir taps \u012fsp\u016bdinga puo\u0161mena.<\/li>\n<li>Su 3 minifig\u016br\u0117l\u0117mis: Gele\u017einiu \u017emogumi su galios sm\u016bgiais ir \u0161audykle, Kapitone Marvel su ugniniais galios sm\u016bgiais ir skydu bei Thanos su auksiniu \u0161almu ir dvia\u0161meniu kardu.<\/li>\n<li>Konstruojamas erdv\u0117laivis turi atidarom\u0105 kabin\u0105, atidarom\u0105 krovini\u0173 skyri\u0173 ir 6 smaig\u0173 \u0161audykles. Vaikai suvienija j\u0117gas su 2 superherojais kovai prie\u0161 Thanos, kad neleist\u0173 jam pasinaudoti galios pir\u0161tine.<\/li>\n<li>\u0160is \u012fsp\u016bdingas \u017eaidimo ir eksponavimo \u017eaislas taps puikia gimtadienio, \u0161ventine arba i\u0161skirtine dovana vaikams nuo 7 met\u0173 am\u017eiaus.<\/li>\n<\/ul>","protected":false},"excerpt":{"rendered":"<p>4 sparn\u0173 erdv\u0117laivis \u0160ventov\u0117 II su gr\u0117smingu 6 smaig\u0173 \u0161audykli\u0173 arsenalu perkelia \u201eMarvel\u201c film\u0173 veiksm\u0105 vaikams \u012f rankas. Atidarius erdvi\u0105<\/p>","protected":false},"featured_media":38792,"comment_status":"open","ping_status":"closed","template":"","meta":[],"product_brand":[423],"product_cat":[677,406,491],"product_tag":[],"class_list":{"0":"post-38791","1":"product","2":"type-product","3":"status-publish","4":"has-post-thumbnail","6":"product_brand-lego","7":"product_cat-lego-konstruktoriai","8":"product_cat-lego","9":"product_cat-lego-marvel","11":"first","12":"instock","13":"taxable","14":"shipping-taxable","15":"purchasable","16":"product-type-simple"},"yoast_head":"<!-- This site is optimized with the Yoast SEO plugin v25.9 - https:\/\/yoast.com\/wordpress\/plugins\/seo\/ -->\n<title>LEGO\u00ae 76237 Sanctuary II: Endgame Battle - Collectin.eu<\/title>\n<meta name=\"description\" content=\"\u012ek\u016bnykite vaik\u0173 aistr\u0105 \u201eMarvel Cinematic Universe\u201c, kad j\u0105 gal\u0117t\u0173 i\u0161vysti ir g\u0117r\u0117t\u0173si draugai. LEGO\u00ae Marvel \u0160ventov\u0117 II: galutinis m\u016b\u0161is (76237)\" \/>\n<meta name=\"robots\" content=\"index, follow, max-snippet:-1, max-image-preview:large, max-video-preview:-1\" \/>\n<link rel=\"canonical\" href=\"https:\/\/collectin.eu\/en\/product\/lego-76237-sventove-ii-galutinis-musis\/\" \/>\n<meta property=\"og:locale\" content=\"en_US\" \/>\n<meta property=\"og:type\" content=\"article\" \/>\n<meta property=\"og:title\" content=\"LEGO\u00ae 76237 Sanctuary II: Endgame Battle - Collectin.eu\" \/>\n<meta property=\"og:description\" content=\"\u012ek\u016bnykite vaik\u0173 aistr\u0105 \u201eMarvel Cinematic Universe\u201c, kad j\u0105 gal\u0117t\u0173 i\u0161vysti ir g\u0117r\u0117t\u0173si draugai. LEGO\u00ae Marvel \u0160ventov\u0117 II: galutinis m\u016b\u0161is (76237)\" \/>\n<meta property=\"og:url\" content=\"https:\/\/collectin.eu\/en\/product\/lego-76237-sventove-ii-galutinis-musis\/\" \/>\n<meta property=\"og:site_name\" content=\"Collectin.eu\" \/>\n<meta property=\"article:modified_time\" content=\"2026-04-08T10:24:55+00:00\" \/>\n<meta property=\"og:image\" content=\"http:\/\/collectin.eu\/wp-content\/uploads\/2025\/12\/Untitled-design-2025-12-29T101135.479.png\" \/>\n\t<meta property=\"og:image:width\" content=\"1080\" \/>\n\t<meta property=\"og:image:height\" content=\"1080\" \/>\n\t<meta property=\"og:image:type\" content=\"image\/png\" \/>\n<meta name=\"twitter:card\" content=\"summary_large_image\" \/>\n<meta name=\"twitter:label1\" content=\"Est. reading time\" \/>\n\t<meta name=\"twitter:data1\" content=\"2 minutes\" \/>\n<script type=\"application\/ld+json\" class=\"yoast-schema-graph\">{\"@context\":\"https:\/\/schema.org\",\"@graph\":[{\"@type\":\"WebPage\",\"@id\":\"https:\/\/collectin.eu\/produktas\/lego-76237-sventove-ii-galutinis-musis\/\",\"url\":\"https:\/\/collectin.eu\/produktas\/lego-76237-sventove-ii-galutinis-musis\/\",\"name\":\"LEGO\u00ae 76237 Sanctuary II: Endgame Battle - Collectin.eu\",\"isPartOf\":{\"@id\":\"https:\/\/collectin.eu\/#website\"},\"primaryImageOfPage\":{\"@id\":\"https:\/\/collectin.eu\/produktas\/lego-76237-sventove-ii-galutinis-musis\/#primaryimage\"},\"image\":{\"@id\":\"https:\/\/collectin.eu\/produktas\/lego-76237-sventove-ii-galutinis-musis\/#primaryimage\"},\"thumbnailUrl\":\"https:\/\/collectin.eu\/wp-content\/uploads\/2025\/12\/Untitled-design-2025-12-29T101135.479.png\",\"datePublished\":\"2025-12-29T08:17:17+00:00\",\"dateModified\":\"2026-04-08T10:24:55+00:00\",\"description\":\"\u012ek\u016bnykite vaik\u0173 aistr\u0105 \u201eMarvel Cinematic Universe\u201c, kad j\u0105 gal\u0117t\u0173 i\u0161vysti ir g\u0117r\u0117t\u0173si draugai. LEGO\u00ae Marvel \u0160ventov\u0117 II: galutinis m\u016b\u0161is (76237)\",\"breadcrumb\":{\"@id\":\"https:\/\/collectin.eu\/produktas\/lego-76237-sventove-ii-galutinis-musis\/#breadcrumb\"},\"inLanguage\":\"en-US\",\"potentialAction\":[{\"@type\":\"ReadAction\",\"target\":[\"https:\/\/collectin.eu\/produktas\/lego-76237-sventove-ii-galutinis-musis\/\"]}]},{\"@type\":\"ImageObject\",\"inLanguage\":\"en-US\",\"@id\":\"https:\/\/collectin.eu\/produktas\/lego-76237-sventove-ii-galutinis-musis\/#primaryimage\",\"url\":\"https:\/\/collectin.eu\/wp-content\/uploads\/2025\/12\/Untitled-design-2025-12-29T101135.479.png\",\"contentUrl\":\"https:\/\/collectin.eu\/wp-content\/uploads\/2025\/12\/Untitled-design-2025-12-29T101135.479.png\",\"width\":1080,\"height\":1080},{\"@type\":\"BreadcrumbList\",\"@id\":\"https:\/\/collectin.eu\/produktas\/lego-76237-sventove-ii-galutinis-musis\/#breadcrumb\",\"itemListElement\":[{\"@type\":\"ListItem\",\"position\":1,\"name\":\"Home\",\"item\":\"https:\/\/collectin.eu\/\"},{\"@type\":\"ListItem\",\"position\":2,\"name\":\"Parduotuv\u0117\",\"item\":\"https:\/\/collectin.eu\/parduotuve\/\"},{\"@type\":\"ListItem\",\"position\":3,\"name\":\"LEGO\u00ae 76237 Sanctuary II: Endgame Battle\"}]},{\"@type\":\"WebSite\",\"@id\":\"https:\/\/collectin.eu\/#website\",\"url\":\"https:\/\/collectin.eu\/\",\"name\":\"Collectin.eu\",\"description\":\"\",\"potentialAction\":[{\"@type\":\"SearchAction\",\"target\":{\"@type\":\"EntryPoint\",\"urlTemplate\":\"https:\/\/collectin.eu\/?s={search_term_string}\"},\"query-input\":{\"@type\":\"PropertyValueSpecification\",\"valueRequired\":true,\"valueName\":\"search_term_string\"}}],\"inLanguage\":\"en-US\"}]}<\/script>\n<!-- \/ Yoast SEO plugin. -->","yoast_head_json":{"title":"LEGO\u00ae 76237 Sanctuary II: Endgame Battle - Collectin.eu","description":"\u012ek\u016bnykite vaik\u0173 aistr\u0105 \u201eMarvel Cinematic Universe\u201c, kad j\u0105 gal\u0117t\u0173 i\u0161vysti ir g\u0117r\u0117t\u0173si draugai. LEGO\u00ae Marvel \u0160ventov\u0117 II: galutinis m\u016b\u0161is (76237)","robots":{"index":"index","follow":"follow","max-snippet":"max-snippet:-1","max-image-preview":"max-image-preview:large","max-video-preview":"max-video-preview:-1"},"canonical":"https:\/\/collectin.eu\/en\/product\/lego-76237-sventove-ii-galutinis-musis\/","og_locale":"en_US","og_type":"article","og_title":"LEGO\u00ae 76237 Sanctuary II: Endgame Battle - Collectin.eu","og_description":"\u012ek\u016bnykite vaik\u0173 aistr\u0105 \u201eMarvel Cinematic Universe\u201c, kad j\u0105 gal\u0117t\u0173 i\u0161vysti ir g\u0117r\u0117t\u0173si draugai. LEGO\u00ae Marvel \u0160ventov\u0117 II: galutinis m\u016b\u0161is (76237)","og_url":"https:\/\/collectin.eu\/en\/product\/lego-76237-sventove-ii-galutinis-musis\/","og_site_name":"Collectin.eu","article_modified_time":"2026-04-08T10:24:55+00:00","og_image":[{"width":1080,"height":1080,"url":"http:\/\/collectin.eu\/wp-content\/uploads\/2025\/12\/Untitled-design-2025-12-29T101135.479.png","type":"image\/png"}],"twitter_card":"summary_large_image","twitter_misc":{"Est. reading time":"2 minutes"},"schema":{"@context":"https:\/\/schema.org","@graph":[{"@type":"WebPage","@id":"https:\/\/collectin.eu\/produktas\/lego-76237-sventove-ii-galutinis-musis\/","url":"https:\/\/collectin.eu\/produktas\/lego-76237-sventove-ii-galutinis-musis\/","name":"LEGO\u00ae 76237 Sanctuary II: Endgame Battle - Collectin.eu","isPartOf":{"@id":"https:\/\/collectin.eu\/#website"},"primaryImageOfPage":{"@id":"https:\/\/collectin.eu\/produktas\/lego-76237-sventove-ii-galutinis-musis\/#primaryimage"},"image":{"@id":"https:\/\/collectin.eu\/produktas\/lego-76237-sventove-ii-galutinis-musis\/#primaryimage"},"thumbnailUrl":"https:\/\/collectin.eu\/wp-content\/uploads\/2025\/12\/Untitled-design-2025-12-29T101135.479.png","datePublished":"2025-12-29T08:17:17+00:00","dateModified":"2026-04-08T10:24:55+00:00","description":"\u012ek\u016bnykite vaik\u0173 aistr\u0105 \u201eMarvel Cinematic Universe\u201c, kad j\u0105 gal\u0117t\u0173 i\u0161vysti ir g\u0117r\u0117t\u0173si draugai. LEGO\u00ae Marvel \u0160ventov\u0117 II: galutinis m\u016b\u0161is (76237)","breadcrumb":{"@id":"https:\/\/collectin.eu\/produktas\/lego-76237-sventove-ii-galutinis-musis\/#breadcrumb"},"inLanguage":"en-US","potentialAction":[{"@type":"ReadAction","target":["https:\/\/collectin.eu\/produktas\/lego-76237-sventove-ii-galutinis-musis\/"]}]},{"@type":"ImageObject","inLanguage":"en-US","@id":"https:\/\/collectin.eu\/produktas\/lego-76237-sventove-ii-galutinis-musis\/#primaryimage","url":"https:\/\/collectin.eu\/wp-content\/uploads\/2025\/12\/Untitled-design-2025-12-29T101135.479.png","contentUrl":"https:\/\/collectin.eu\/wp-content\/uploads\/2025\/12\/Untitled-design-2025-12-29T101135.479.png","width":1080,"height":1080},{"@type":"BreadcrumbList","@id":"https:\/\/collectin.eu\/produktas\/lego-76237-sventove-ii-galutinis-musis\/#breadcrumb","itemListElement":[{"@type":"ListItem","position":1,"name":"Home","item":"https:\/\/collectin.eu\/"},{"@type":"ListItem","position":2,"name":"Parduotuv\u0117","item":"https:\/\/collectin.eu\/parduotuve\/"},{"@type":"ListItem","position":3,"name":"LEGO\u00ae 76237 Sanctuary II: Endgame Battle"}]},{"@type":"WebSite","@id":"https:\/\/collectin.eu\/#website","url":"https:\/\/collectin.eu\/","name":"Collectin.eu","description":"","potentialAction":[{"@type":"SearchAction","target":{"@type":"EntryPoint","urlTemplate":"https:\/\/collectin.eu\/?s={search_term_string}"},"query-input":{"@type":"PropertyValueSpecification","valueRequired":true,"valueName":"search_term_string"}}],"inLanguage":"en-US"}]}},"jetpack_sharing_enabled":true,"_links":{"self":[{"href":"https:\/\/collectin.eu\/en\/wp-json\/wp\/v2\/product\/38791","targetHints":{"allow":["GET"]}}],"collection":[{"href":"https:\/\/collectin.eu\/en\/wp-json\/wp\/v2\/product"}],"about":[{"href":"https:\/\/collectin.eu\/en\/wp-json\/wp\/v2\/types\/product"}],"replies":[{"embeddable":true,"href":"https:\/\/collectin.eu\/en\/wp-json\/wp\/v2\/comments?post=38791"}],"version-history":[{"count":3,"href":"https:\/\/collectin.eu\/en\/wp-json\/wp\/v2\/product\/38791\/revisions"}],"predecessor-version":[{"id":40335,"href":"https:\/\/collectin.eu\/en\/wp-json\/wp\/v2\/product\/38791\/revisions\/40335"}],"wp:featuredmedia":[{"embeddable":true,"href":"https:\/\/collectin.eu\/en\/wp-json\/wp\/v2\/media\/38792"}],"wp:attachment":[{"href":"https:\/\/collectin.eu\/en\/wp-json\/wp\/v2\/media?parent=38791"}],"wp:term":[{"taxonomy":"product_brand","embeddable":true,"href":"https:\/\/collectin.eu\/en\/wp-json\/wp\/v2\/product_brand?post=38791"},{"taxonomy":"product_cat","embeddable":true,"href":"https:\/\/collectin.eu\/en\/wp-json\/wp\/v2\/product_cat?post=38791"},{"taxonomy":"product_tag","embeddable":true,"href":"https:\/\/collectin.eu\/en\/wp-json\/wp\/v2\/product_tag?post=38791"}],"curies":[{"name":"wp","href":"https:\/\/api.w.org\/{rel}","templated":true}]}}