{"id":38796,"date":"2025-12-29T08:26:10","date_gmt":"2025-12-29T08:26:10","guid":{"rendered":"https:\/\/collectin.eu\/?post_type=product&#038;p=38796"},"modified":"2026-04-08T10:24:55","modified_gmt":"2026-04-08T10:24:55","slug":"lego-76282-rocket-ir-mazylis-groot","status":"publish","type":"product","link":"https:\/\/collectin.eu\/en\/product\/lego-76282-rocket-ir-mazylis-groot\/","title":{"rendered":"LEGO\u00ae 76282 Rocket &#038; Baby Groot"},"content":{"rendered":"<p>Lankstus konstruojamas modelis atspindi mai\u0161ting\u0105 herojaus b\u016bd\u0105 ir jo aistr\u0105 ginklams. Visi jo s\u0105nariai yra paslank\u016bs, kad b\u016bt\u0173 kuo daugiau \u017eaidimo ir eksponavimo galimybi\u0173. Persona\u017eas laiko spyruoklin\u0119 \u0161audykl\u0119 ir blaster\u012f. Ant jo peties s\u0117di mielas kompanionas ma\u017eylis Gr\u016btas. Jei ie\u0161kote naujovi\u0161k\u0173 konstruojam\u0173 \u017eaisl\u0173 ma\u017eiesiems superherojams, LEGO \u201eMarvel\u201c rinkinys \u201eRocket ir ma\u017eylis Groot\u201c \u2013 tobulas pasirinkimas vaikams, norintiems i\u0161reik\u0161ti savo aistr\u0105 superherojams. Nor\u0117dami dar daugiau skaitmenini\u0173 pramog\u0173, konstruotojai gali priartinti, pasukti trima\u010dius modelius bei sekti pa\u017eang\u0105 smagioje ir patogioje program\u0117l\u0117je \u201eLEGO Builder\u201c.<\/p>\n<ul>\n<li>Roketo veiksmo fig\u016br\u0117l\u0117 vaikams. Suteikite \u201eMarvel\u201c veiksmui dar daugiau smagumo su LEGO\u00ae \u201eMarvel\u201c konstruojamu \u017eaislu \u201eRocket ir ma\u017eylis Groot\u201c, skirtu berniukams ir mergait\u0117ms nuo 10 met\u0173<\/li>\n<li>2 \u201eMarvel\u201c persona\u017eai. Konstruojamas \u017eaislas yra su 2galaktikos serg\u0117tojais: Roketu, laikan\u010diu spyruoklin\u0119 \u0161audykl\u0119 bei blaster\u012f, ir ma\u017eylio Gr\u016bto fig\u016br\u0117le, tvirtinama prie Roketo peties<\/li>\n<li>Lanksti veiksmo fig\u016br\u0117l\u0117. \u017daisdami vaidmenimis misijas su galaktikos serg\u0117tojais ir leisdamiesi \u012f savo pa\u010di\u0173 sumanyt us nuotykius vaikai gali greitai pritaikyti lankst\u0173 konstruojam\u0105 ir eksponuojam\u0105 Roketo model\u012f<\/li>\n<\/ul>","protected":false},"excerpt":{"rendered":"<p>Lankstus konstruojamas modelis atspindi mai\u0161ting\u0105 herojaus b\u016bd\u0105 ir jo aistr\u0105 ginklams. Visi jo s\u0105nariai yra paslank\u016bs, kad b\u016bt\u0173 kuo daugiau<\/p>","protected":false},"featured_media":38797,"comment_status":"open","ping_status":"closed","template":"","meta":[],"product_brand":[423],"product_cat":[677,406,491],"product_tag":[],"class_list":{"0":"post-38796","1":"product","2":"type-product","3":"status-publish","4":"has-post-thumbnail","6":"product_brand-lego","7":"product_cat-lego-konstruktoriai","8":"product_cat-lego","9":"product_cat-lego-marvel","11":"first","12":"instock","13":"taxable","14":"shipping-taxable","15":"purchasable","16":"product-type-simple"},"yoast_head":"<!-- This site is optimized with the Yoast SEO plugin v25.9 - https:\/\/yoast.com\/wordpress\/plugins\/seo\/ -->\n<title>LEGO\u00ae 76282 Rocket &amp; Baby Groot - Collectin.eu<\/title>\n<meta name=\"description\" content=\"Suteikite \u201eMarvel\u201c filmo veiksmui pagrei\u010dio su LEGO\u00ae \u201eMarvel\u201c rinkiniu \u201eRocket ir ma\u017eylis Groot\u201c (76282).\" \/>\n<meta name=\"robots\" content=\"index, follow, max-snippet:-1, max-image-preview:large, max-video-preview:-1\" \/>\n<link rel=\"canonical\" href=\"https:\/\/collectin.eu\/en\/product\/lego-76282-rocket-ir-mazylis-groot\/\" \/>\n<meta property=\"og:locale\" content=\"en_US\" \/>\n<meta property=\"og:type\" content=\"article\" \/>\n<meta property=\"og:title\" content=\"LEGO\u00ae 76282 Rocket &amp; Baby Groot - Collectin.eu\" \/>\n<meta property=\"og:description\" content=\"Suteikite \u201eMarvel\u201c filmo veiksmui pagrei\u010dio su LEGO\u00ae \u201eMarvel\u201c rinkiniu \u201eRocket ir ma\u017eylis Groot\u201c (76282).\" \/>\n<meta property=\"og:url\" content=\"https:\/\/collectin.eu\/en\/product\/lego-76282-rocket-ir-mazylis-groot\/\" \/>\n<meta property=\"og:site_name\" content=\"Collectin.eu\" \/>\n<meta property=\"article:modified_time\" content=\"2026-04-08T10:24:55+00:00\" \/>\n<meta property=\"og:image\" content=\"http:\/\/collectin.eu\/wp-content\/uploads\/2025\/12\/Untitled-design-2025-12-29T102156.577.png\" \/>\n\t<meta property=\"og:image:width\" content=\"1080\" \/>\n\t<meta property=\"og:image:height\" content=\"1080\" \/>\n\t<meta property=\"og:image:type\" content=\"image\/png\" \/>\n<meta name=\"twitter:card\" content=\"summary_large_image\" \/>\n<meta name=\"twitter:label1\" content=\"Est. reading time\" \/>\n\t<meta name=\"twitter:data1\" content=\"2 minutes\" \/>\n<script type=\"application\/ld+json\" class=\"yoast-schema-graph\">{\"@context\":\"https:\/\/schema.org\",\"@graph\":[{\"@type\":\"WebPage\",\"@id\":\"https:\/\/collectin.eu\/produktas\/lego-76282-rocket-ir-mazylis-groot\/\",\"url\":\"https:\/\/collectin.eu\/produktas\/lego-76282-rocket-ir-mazylis-groot\/\",\"name\":\"LEGO\u00ae 76282 Rocket & Baby Groot - Collectin.eu\",\"isPartOf\":{\"@id\":\"https:\/\/collectin.eu\/#website\"},\"primaryImageOfPage\":{\"@id\":\"https:\/\/collectin.eu\/produktas\/lego-76282-rocket-ir-mazylis-groot\/#primaryimage\"},\"image\":{\"@id\":\"https:\/\/collectin.eu\/produktas\/lego-76282-rocket-ir-mazylis-groot\/#primaryimage\"},\"thumbnailUrl\":\"https:\/\/collectin.eu\/wp-content\/uploads\/2025\/12\/Untitled-design-2025-12-29T102156.577.png\",\"datePublished\":\"2025-12-29T08:26:10+00:00\",\"dateModified\":\"2026-04-08T10:24:55+00:00\",\"description\":\"Suteikite \u201eMarvel\u201c filmo veiksmui pagrei\u010dio su LEGO\u00ae \u201eMarvel\u201c rinkiniu \u201eRocket ir ma\u017eylis Groot\u201c (76282).\",\"breadcrumb\":{\"@id\":\"https:\/\/collectin.eu\/produktas\/lego-76282-rocket-ir-mazylis-groot\/#breadcrumb\"},\"inLanguage\":\"en-US\",\"potentialAction\":[{\"@type\":\"ReadAction\",\"target\":[\"https:\/\/collectin.eu\/produktas\/lego-76282-rocket-ir-mazylis-groot\/\"]}]},{\"@type\":\"ImageObject\",\"inLanguage\":\"en-US\",\"@id\":\"https:\/\/collectin.eu\/produktas\/lego-76282-rocket-ir-mazylis-groot\/#primaryimage\",\"url\":\"https:\/\/collectin.eu\/wp-content\/uploads\/2025\/12\/Untitled-design-2025-12-29T102156.577.png\",\"contentUrl\":\"https:\/\/collectin.eu\/wp-content\/uploads\/2025\/12\/Untitled-design-2025-12-29T102156.577.png\",\"width\":1080,\"height\":1080},{\"@type\":\"BreadcrumbList\",\"@id\":\"https:\/\/collectin.eu\/produktas\/lego-76282-rocket-ir-mazylis-groot\/#breadcrumb\",\"itemListElement\":[{\"@type\":\"ListItem\",\"position\":1,\"name\":\"Home\",\"item\":\"https:\/\/collectin.eu\/\"},{\"@type\":\"ListItem\",\"position\":2,\"name\":\"Parduotuv\u0117\",\"item\":\"https:\/\/collectin.eu\/parduotuve\/\"},{\"@type\":\"ListItem\",\"position\":3,\"name\":\"LEGO\u00ae 76282 Rocket &#038; Baby Groot\"}]},{\"@type\":\"WebSite\",\"@id\":\"https:\/\/collectin.eu\/#website\",\"url\":\"https:\/\/collectin.eu\/\",\"name\":\"Collectin.eu\",\"description\":\"\",\"potentialAction\":[{\"@type\":\"SearchAction\",\"target\":{\"@type\":\"EntryPoint\",\"urlTemplate\":\"https:\/\/collectin.eu\/?s={search_term_string}\"},\"query-input\":{\"@type\":\"PropertyValueSpecification\",\"valueRequired\":true,\"valueName\":\"search_term_string\"}}],\"inLanguage\":\"en-US\"}]}<\/script>\n<!-- \/ Yoast SEO plugin. -->","yoast_head_json":{"title":"LEGO\u00ae 76282 Rocket & Baby Groot - Collectin.eu","description":"Suteikite \u201eMarvel\u201c filmo veiksmui pagrei\u010dio su LEGO\u00ae \u201eMarvel\u201c rinkiniu \u201eRocket ir ma\u017eylis Groot\u201c (76282).","robots":{"index":"index","follow":"follow","max-snippet":"max-snippet:-1","max-image-preview":"max-image-preview:large","max-video-preview":"max-video-preview:-1"},"canonical":"https:\/\/collectin.eu\/en\/product\/lego-76282-rocket-ir-mazylis-groot\/","og_locale":"en_US","og_type":"article","og_title":"LEGO\u00ae 76282 Rocket & Baby Groot - Collectin.eu","og_description":"Suteikite \u201eMarvel\u201c filmo veiksmui pagrei\u010dio su LEGO\u00ae \u201eMarvel\u201c rinkiniu \u201eRocket ir ma\u017eylis Groot\u201c (76282).","og_url":"https:\/\/collectin.eu\/en\/product\/lego-76282-rocket-ir-mazylis-groot\/","og_site_name":"Collectin.eu","article_modified_time":"2026-04-08T10:24:55+00:00","og_image":[{"width":1080,"height":1080,"url":"http:\/\/collectin.eu\/wp-content\/uploads\/2025\/12\/Untitled-design-2025-12-29T102156.577.png","type":"image\/png"}],"twitter_card":"summary_large_image","twitter_misc":{"Est. reading time":"2 minutes"},"schema":{"@context":"https:\/\/schema.org","@graph":[{"@type":"WebPage","@id":"https:\/\/collectin.eu\/produktas\/lego-76282-rocket-ir-mazylis-groot\/","url":"https:\/\/collectin.eu\/produktas\/lego-76282-rocket-ir-mazylis-groot\/","name":"LEGO\u00ae 76282 Rocket & Baby Groot - Collectin.eu","isPartOf":{"@id":"https:\/\/collectin.eu\/#website"},"primaryImageOfPage":{"@id":"https:\/\/collectin.eu\/produktas\/lego-76282-rocket-ir-mazylis-groot\/#primaryimage"},"image":{"@id":"https:\/\/collectin.eu\/produktas\/lego-76282-rocket-ir-mazylis-groot\/#primaryimage"},"thumbnailUrl":"https:\/\/collectin.eu\/wp-content\/uploads\/2025\/12\/Untitled-design-2025-12-29T102156.577.png","datePublished":"2025-12-29T08:26:10+00:00","dateModified":"2026-04-08T10:24:55+00:00","description":"Suteikite \u201eMarvel\u201c filmo veiksmui pagrei\u010dio su LEGO\u00ae \u201eMarvel\u201c rinkiniu \u201eRocket ir ma\u017eylis Groot\u201c (76282).","breadcrumb":{"@id":"https:\/\/collectin.eu\/produktas\/lego-76282-rocket-ir-mazylis-groot\/#breadcrumb"},"inLanguage":"en-US","potentialAction":[{"@type":"ReadAction","target":["https:\/\/collectin.eu\/produktas\/lego-76282-rocket-ir-mazylis-groot\/"]}]},{"@type":"ImageObject","inLanguage":"en-US","@id":"https:\/\/collectin.eu\/produktas\/lego-76282-rocket-ir-mazylis-groot\/#primaryimage","url":"https:\/\/collectin.eu\/wp-content\/uploads\/2025\/12\/Untitled-design-2025-12-29T102156.577.png","contentUrl":"https:\/\/collectin.eu\/wp-content\/uploads\/2025\/12\/Untitled-design-2025-12-29T102156.577.png","width":1080,"height":1080},{"@type":"BreadcrumbList","@id":"https:\/\/collectin.eu\/produktas\/lego-76282-rocket-ir-mazylis-groot\/#breadcrumb","itemListElement":[{"@type":"ListItem","position":1,"name":"Home","item":"https:\/\/collectin.eu\/"},{"@type":"ListItem","position":2,"name":"Parduotuv\u0117","item":"https:\/\/collectin.eu\/parduotuve\/"},{"@type":"ListItem","position":3,"name":"LEGO\u00ae 76282 Rocket &#038; Baby Groot"}]},{"@type":"WebSite","@id":"https:\/\/collectin.eu\/#website","url":"https:\/\/collectin.eu\/","name":"Collectin.eu","description":"","potentialAction":[{"@type":"SearchAction","target":{"@type":"EntryPoint","urlTemplate":"https:\/\/collectin.eu\/?s={search_term_string}"},"query-input":{"@type":"PropertyValueSpecification","valueRequired":true,"valueName":"search_term_string"}}],"inLanguage":"en-US"}]}},"jetpack_sharing_enabled":true,"_links":{"self":[{"href":"https:\/\/collectin.eu\/en\/wp-json\/wp\/v2\/product\/38796","targetHints":{"allow":["GET"]}}],"collection":[{"href":"https:\/\/collectin.eu\/en\/wp-json\/wp\/v2\/product"}],"about":[{"href":"https:\/\/collectin.eu\/en\/wp-json\/wp\/v2\/types\/product"}],"replies":[{"embeddable":true,"href":"https:\/\/collectin.eu\/en\/wp-json\/wp\/v2\/comments?post=38796"}],"version-history":[{"count":3,"href":"https:\/\/collectin.eu\/en\/wp-json\/wp\/v2\/product\/38796\/revisions"}],"predecessor-version":[{"id":40333,"href":"https:\/\/collectin.eu\/en\/wp-json\/wp\/v2\/product\/38796\/revisions\/40333"}],"wp:featuredmedia":[{"embeddable":true,"href":"https:\/\/collectin.eu\/en\/wp-json\/wp\/v2\/media\/38797"}],"wp:attachment":[{"href":"https:\/\/collectin.eu\/en\/wp-json\/wp\/v2\/media?parent=38796"}],"wp:term":[{"taxonomy":"product_brand","embeddable":true,"href":"https:\/\/collectin.eu\/en\/wp-json\/wp\/v2\/product_brand?post=38796"},{"taxonomy":"product_cat","embeddable":true,"href":"https:\/\/collectin.eu\/en\/wp-json\/wp\/v2\/product_cat?post=38796"},{"taxonomy":"product_tag","embeddable":true,"href":"https:\/\/collectin.eu\/en\/wp-json\/wp\/v2\/product_tag?post=38796"}],"curies":[{"name":"wp","href":"https:\/\/api.w.org\/{rel}","templated":true}]}}